{"id":883,"date":"2023-02-15T14:31:00","date_gmt":"2023-02-15T14:31:00","guid":{"rendered":"https:\/\/grad.eba.ufmg.br\/teatro\/?page_id=883"},"modified":"2025-06-04T00:23:38","modified_gmt":"2025-06-04T00:23:38","slug":"corpo-tecnico","status":"publish","type":"page","link":"https:\/\/grad.eba.ufmg.br\/teatro\/?page_id=883","title":{"rendered":"Corpo T\u00e9cnico"},"content":{"rendered":"\n<p class=\"has-medium-font-size\"><strong><em>Daniel Ducato <\/em><\/strong><\/p>\n\n\n\n<figure class=\"wp-block-image size-large is-resized\"><img fetchpriority=\"high\" decoding=\"async\" width=\"950\" height=\"950\" src=\"https:\/\/grad.eba.ufmg.br\/teatro\/wp-content\/uploads\/2024\/09\/ducato-950x950.png\" alt=\"\" class=\"wp-image-1878\" style=\"width:253px;height:auto\" srcset=\"https:\/\/grad.eba.ufmg.br\/teatro\/wp-content\/uploads\/2024\/09\/ducato-950x950.png 950w, https:\/\/grad.eba.ufmg.br\/teatro\/wp-content\/uploads\/2024\/09\/ducato-300x300.png 300w, https:\/\/grad.eba.ufmg.br\/teatro\/wp-content\/uploads\/2024\/09\/ducato-150x150.png 150w, https:\/\/grad.eba.ufmg.br\/teatro\/wp-content\/uploads\/2024\/09\/ducato-768x768.png 768w, https:\/\/grad.eba.ufmg.br\/teatro\/wp-content\/uploads\/2024\/09\/ducato-1536x1536.png 1536w, https:\/\/grad.eba.ufmg.br\/teatro\/wp-content\/uploads\/2024\/09\/ducato-2000x1999.png 2000w, https:\/\/grad.eba.ufmg.br\/teatro\/wp-content\/uploads\/2024\/09\/ducato.png 2009w\" sizes=\"(max-width: 950px) 100vw, 950px\" \/><\/figure>\n\n\n\n<p>Artista Visual e C\u00eanico. Desenvolve pesquisas relacionadas aos espa\u00e7os de uso n\u00e3o convencional (Ocupa\u00e7\u00e3o C\u00eanica e Coabita\u00e7\u00e3o Teatral), \u00e0 Cenografia e \u00e0 Escultura. Tamb\u00e9m atua nos campos da Dire\u00e7\u00e3o de Arte em audiovisuais e Teatro, Caracteriza\u00e7\u00e3o C\u00eanica, Figurinos, M\u00e1scaras, Maquiagem e a cria\u00e7\u00e3o e execu\u00e7\u00e3o de bonecos para espet\u00e1culos teatrais e outras m\u00eddias. Fundador do N\u00facleo Art\u00edstico Galateia e s\u00f3cio da Babel Artes e Idiomas. Na UFMG atua enquanto T\u00e9cnico de Laborat\u00f3rio na realiza\u00e7\u00e3o Pl\u00e1stica e T\u00e9cnica da Cena junto aos laborat\u00f3rios: LIC &#8211; Laborat\u00f3rio de Ilumina\u00e7\u00e3o e Cenografia; LAPA &#8211; Laborat\u00f3rio de Pesquisa em Atua\u00e7\u00e3o; e do LECA &#8211; Laborat\u00f3rio de Experimenta\u00e7\u00e3o em Artes C\u00eanicas. <\/p>\n\n\n\n<p><em><strong>\u00c1rea de atua\u00e7\u00e3o no curso de Teatro:<\/strong><\/em> Cenografia e Ilumina\u00e7\u00e3o C\u00eanica. <strong><em>Canais de acesso<\/em><\/strong>: <a href=\"https:\/\/linktr.ee\/danielducato\">https:\/\/linktr.ee\/danielducato<\/a>. <strong>Lattes<\/strong>: <a href=\"http:\/\/lattes.cnpq.br\/5315526817545083\" target=\"_blank\" rel=\"noreferrer noopener\">http:\/\/lattes.cnpq.br\/5315526817545083<\/a><\/p>\n\n\n\n<p class=\"has-medium-font-size\"><strong><em>Ismael Soares<\/em><\/strong><\/p>\n\n\n\n<figure class=\"wp-block-image size-large is-resized\"><img decoding=\"async\" width=\"950\" height=\"952\" src=\"https:\/\/grad.eba.ufmg.br\/teatro\/wp-content\/uploads\/2025\/06\/97b2d1d0-5c27-4206-bde9-29ddfa50db43-950x952.jpeg\" alt=\"\" class=\"wp-image-2002\" style=\"width:258px;height:auto\" srcset=\"https:\/\/grad.eba.ufmg.br\/teatro\/wp-content\/uploads\/2025\/06\/97b2d1d0-5c27-4206-bde9-29ddfa50db43-950x952.jpeg 950w, https:\/\/grad.eba.ufmg.br\/teatro\/wp-content\/uploads\/2025\/06\/97b2d1d0-5c27-4206-bde9-29ddfa50db43-299x300.jpeg 299w, https:\/\/grad.eba.ufmg.br\/teatro\/wp-content\/uploads\/2025\/06\/97b2d1d0-5c27-4206-bde9-29ddfa50db43-150x150.jpeg 150w, https:\/\/grad.eba.ufmg.br\/teatro\/wp-content\/uploads\/2025\/06\/97b2d1d0-5c27-4206-bde9-29ddfa50db43-768x769.jpeg 768w, https:\/\/grad.eba.ufmg.br\/teatro\/wp-content\/uploads\/2025\/06\/97b2d1d0-5c27-4206-bde9-29ddfa50db43-1533x1536.jpeg 1533w, https:\/\/grad.eba.ufmg.br\/teatro\/wp-content\/uploads\/2025\/06\/97b2d1d0-5c27-4206-bde9-29ddfa50db43.jpeg 1597w\" sizes=\"(max-width: 950px) 100vw, 950px\" \/><\/figure>\n\n\n\n<p><strong>Ismael Soares<\/strong> \u00e9 artista da cena com \u00eanfase em ilumina\u00e7\u00e3o c\u00eanica e atua\u00e7\u00e3o. Desenvolve pesquisas relacionadas ao teatro f\u00edsico, \u00e0 cria\u00e7\u00e3o luminot\u00e9cnica e \u00e0 forma\u00e7\u00e3o de atores. Iniciou sua trajet\u00f3ria art\u00edstica na inf\u00e2ncia, com experi\u00eancias em dan\u00e7a e teatro, tendo aprofundado sua forma\u00e7\u00e3o no programa Valores de Minas (2011\u20132013) e no curso profissionalizante do Teatro Universit\u00e1rio da UFMG (2014\u20132016), onde atuou em diversas montagens e fundou o grupo Vertente: Corpo-es\u2019passo, com o qual pesquisou teatro f\u00edsico, dramaturgia e dire\u00e7\u00e3o. Desde 2017, atua como T\u00e9cnico de Laborat\u00f3rio em Ilumina\u00e7\u00e3o e Cenotecnia na UFMG, colaborando em in\u00fameros processos criativos da gradua\u00e7\u00e3o em Teatro e do Teatro Universit\u00e1rio, com destaque para a cria\u00e7\u00e3o de luz e o acompanhamento t\u00e9cnico e art\u00edstico de montagens e oficinas.<\/p>\n\n\n\n<p><em><strong>\u00c1rea de atua\u00e7\u00e3o no curso de Teatro:<\/strong><\/em>  Ilumina\u00e7\u00e3o C\u00eanica. <\/p>\n\n\n\n<p class=\"has-medium-font-size\"><strong><em>Eliezer Sampaio (Lili)<\/em><\/strong><\/p>\n\n\n\n<figure class=\"wp-block-image size-large is-resized\"><img decoding=\"async\" width=\"950\" height=\"633\" src=\"https:\/\/grad.eba.ufmg.br\/teatro\/wp-content\/uploads\/2025\/06\/9972c35e-11f8-4ab0-ac35-5796015f941e-950x633.jpeg\" alt=\"\" class=\"wp-image-2004\" style=\"width:309px;height:auto\" srcset=\"https:\/\/grad.eba.ufmg.br\/teatro\/wp-content\/uploads\/2025\/06\/9972c35e-11f8-4ab0-ac35-5796015f941e-950x633.jpeg 950w, https:\/\/grad.eba.ufmg.br\/teatro\/wp-content\/uploads\/2025\/06\/9972c35e-11f8-4ab0-ac35-5796015f941e-450x300.jpeg 450w, https:\/\/grad.eba.ufmg.br\/teatro\/wp-content\/uploads\/2025\/06\/9972c35e-11f8-4ab0-ac35-5796015f941e-768x512.jpeg 768w, https:\/\/grad.eba.ufmg.br\/teatro\/wp-content\/uploads\/2025\/06\/9972c35e-11f8-4ab0-ac35-5796015f941e-1536x1024.jpeg 1536w, https:\/\/grad.eba.ufmg.br\/teatro\/wp-content\/uploads\/2025\/06\/9972c35e-11f8-4ab0-ac35-5796015f941e-2048x1365.jpeg 2048w, https:\/\/grad.eba.ufmg.br\/teatro\/wp-content\/uploads\/2025\/06\/9972c35e-11f8-4ab0-ac35-5796015f941e-2000x1333.jpeg 2000w\" sizes=\"(max-width: 950px) 100vw, 950px\" \/><\/figure>\n\n\n\n<p><strong>Eliezer Sampaio-Lili<\/strong> \u00e9 artista da cena que transita pelas po\u00e9ticas negrodiasp\u00f3ricas, com \u00eanfase na ilumina\u00e7\u00e3o como gesto de evid\u00eancia das negruras. Ator formado pelo CEFART e licenciando em Teatro na UFMG, integra o Grupo de Pesquisa Negruras e dedica-se \u00e0 investiga\u00e7\u00e3o e cria\u00e7\u00e3o em luz c\u00eanica. Atuou e colaborou na assist\u00eancia de dire\u00e7\u00e3o do espet\u00e1culo <em>O Som do Mundo Desmoronando<\/em> e tem passagens pela Cia. Negra de Teatro e pela Cia. Iya de Teatro, onde dirigiu o espet\u00e1culo <em>Jardim de Passarinhos<\/em>. Assina ilumina\u00e7\u00f5es de obras como <em>Carmina Burana<\/em>, <em>Baile<\/em>, <em>Fragmentos de uma Medeia Negra<\/em> e <em>Le\u00e3o Ros\u00e1rio<\/em>. Tamb\u00e9m atua como ministrante de pr\u00e1ticas de luz, al\u00e9m de colaborar na produ\u00e7\u00e3o e curadoria de festivais, como o FIT-BH, em uma trajet\u00f3ria que entrela\u00e7a arte, educa\u00e7\u00e3o e ancestralidade.<\/p>\n\n\n\n<p><em><strong>\u00c1rea de atua\u00e7\u00e3o no curso de Teatro:<\/strong><\/em>  Ilumina\u00e7\u00e3o C\u00eanica. <\/p>\n\n\n\n<p class=\"has-medium-font-size\"><strong><em>Ros\u00e2ngela F\u00e9lix &#8211; <\/em><\/strong><em>Assistente Administrativo<\/em><\/p>\n\n\n\n<figure class=\"wp-block-image size-large is-resized\"><img loading=\"lazy\" decoding=\"async\" width=\"576\" height=\"1024\" src=\"https:\/\/grad.eba.ufmg.br\/teatro\/wp-content\/uploads\/2023\/05\/WhatsApp-Image-2023-05-15-at-10.34.24-576x1024.jpeg\" alt=\"\" class=\"wp-image-1520\" style=\"width:167px;height:297px\" srcset=\"https:\/\/grad.eba.ufmg.br\/teatro\/wp-content\/uploads\/2023\/05\/WhatsApp-Image-2023-05-15-at-10.34.24-576x1024.jpeg 576w, https:\/\/grad.eba.ufmg.br\/teatro\/wp-content\/uploads\/2023\/05\/WhatsApp-Image-2023-05-15-at-10.34.24-169x300.jpeg 169w, https:\/\/grad.eba.ufmg.br\/teatro\/wp-content\/uploads\/2023\/05\/WhatsApp-Image-2023-05-15-at-10.34.24.jpeg 720w\" sizes=\"(max-width: 576px) 100vw, 576px\" \/><\/figure>\n","protected":false},"excerpt":{"rendered":"<p>Daniel Ducato Artista Visual e C\u00eanico. Desenvolve pesquisas relacionadas aos espa\u00e7os de uso n\u00e3o convencional (Ocupa\u00e7\u00e3o C\u00eanica e Coabita\u00e7\u00e3o Teatral), \u00e0 Cenografia e \u00e0 Escultura. Tamb\u00e9m atua nos campos da Dire\u00e7\u00e3o de Arte em audiovisuais e Teatro, Caracteriza\u00e7\u00e3o C\u00eanica, Figurinos, M\u00e1scaras, Maquiagem e a cria\u00e7\u00e3o e execu\u00e7\u00e3o de bonecos para espet\u00e1culos teatrais e outras m\u00eddias. &hellip; <\/p>\n<p class=\"link-more\"><a href=\"https:\/\/grad.eba.ufmg.br\/teatro\/?page_id=883\" class=\"more-link\">Leia mais<span class=\"screen-reader-text\"> &#8220;Corpo T\u00e9cnico&#8221;<\/span><\/a><\/p>\n","protected":false},"author":9,"featured_media":0,"parent":0,"menu_order":0,"comment_status":"closed","ping_status":"closed","template":"","meta":{"_themeisle_gutenberg_block_has_review":false,"footnotes":""},"class_list":["post-883","page","type-page","status-publish","hentry"],"_links":{"self":[{"href":"https:\/\/grad.eba.ufmg.br\/teatro\/index.php?rest_route=\/wp\/v2\/pages\/883","targetHints":{"allow":["GET"]}}],"collection":[{"href":"https:\/\/grad.eba.ufmg.br\/teatro\/index.php?rest_route=\/wp\/v2\/pages"}],"about":[{"href":"https:\/\/grad.eba.ufmg.br\/teatro\/index.php?rest_route=\/wp\/v2\/types\/page"}],"author":[{"embeddable":true,"href":"https:\/\/grad.eba.ufmg.br\/teatro\/index.php?rest_route=\/wp\/v2\/users\/9"}],"replies":[{"embeddable":true,"href":"https:\/\/grad.eba.ufmg.br\/teatro\/index.php?rest_route=%2Fwp%2Fv2%2Fcomments&post=883"}],"version-history":[{"count":45,"href":"https:\/\/grad.eba.ufmg.br\/teatro\/index.php?rest_route=\/wp\/v2\/pages\/883\/revisions"}],"predecessor-version":[{"id":2006,"href":"https:\/\/grad.eba.ufmg.br\/teatro\/index.php?rest_route=\/wp\/v2\/pages\/883\/revisions\/2006"}],"wp:attachment":[{"href":"https:\/\/grad.eba.ufmg.br\/teatro\/index.php?rest_route=%2Fwp%2Fv2%2Fmedia&parent=883"}],"curies":[{"name":"wp","href":"https:\/\/api.w.org\/{rel}","templated":true}]}}