{"id":881,"date":"2023-02-15T14:31:00","date_gmt":"2023-02-15T14:31:00","guid":{"rendered":"https:\/\/grad.eba.ufmg.br\/teatro\/?page_id=881"},"modified":"2026-03-25T20:39:56","modified_gmt":"2026-03-25T20:39:56","slug":"disciplinas-2023-1","status":"publish","type":"page","link":"https:\/\/grad.eba.ufmg.br\/teatro\/?page_id=881","title":{"rendered":"COMPONENTES CURRICULARES 2026\/1"},"content":{"rendered":"\t\t<div data-elementor-type=\"wp-page\" data-elementor-id=\"881\" class=\"elementor elementor-881\">\n\t\t\t\t\t\t<section class=\"elementor-section elementor-top-section elementor-element elementor-element-7c142c0f elementor-section-boxed elementor-section-height-default elementor-section-height-default\" data-id=\"7c142c0f\" data-element_type=\"section\">\n\t\t\t\t\t\t<div class=\"elementor-container elementor-column-gap-default\">\n\t\t\t\t\t<div class=\"elementor-column elementor-col-100 elementor-top-column elementor-element elementor-element-3cd425af\" data-id=\"3cd425af\" data-element_type=\"column\">\n\t\t\t<div class=\"elementor-widget-wrap elementor-element-populated\">\n\t\t\t\t\t\t<div class=\"elementor-element elementor-element-179a93c0 elementor-widget elementor-widget-text-editor\" data-id=\"179a93c0\" data-element_type=\"widget\" data-widget_type=\"text-editor.default\">\n\t\t\t\t<div class=\"elementor-widget-container\">\n\t\t\t\t\t\t\t\t\t<p><b>MAPA DE COMPONENTES CURRICULARES 2026.1<\/b>: <a href=\"https:\/\/docs.google.com\/document\/d\/1hWj5_U_QdprmWmBqxDot1Dktsfh9KPeU\/edit\">Clique aqui<\/a><\/p>\n<p>\u00a0<\/p>\n<p><!-- \/wp:paragraph --><!-- wp:file {\"id\":1247,\"href\":\"https:\/\/grad.eba.ufmg.br\/teatro\/wp-content\/uploads\/2023\/03\/Horario-Teatro-2023-1_Com-ementas-1.pdf\",\"showDownloadButton\":false,\"displayPreview\":false} --><\/p>\n<p><!-- \/wp:file --><!-- wp:paragraph --><\/p>\n<p>O calend\u00e1rio acad\u00eamico de matr\u00edcula para o primeiro semestre de 2024 est\u00e1 dispon\u00edvel no documento abaixo.<\/p>\n<p><!-- \/wp:paragraph --><!-- wp:file {\"id\":1250,\"href\":\"https:\/\/grad.eba.ufmg.br\/teatro\/wp-content\/uploads\/2023\/03\/Calendario-academico.pdf\",\"showDownloadButton\":false,\"displayPreview\":false} --><\/p>\n<h4><a href=\"https:\/\/www.ufmg.br\/a-universidade\/calendario-escolar\/\" target=\"_blank\" rel=\"noopener\">CALEND\u00c1RIO ACAD\u00caMICO 2026<\/a><\/h4>\n<p><!-- \/wp:file --><\/p>\t\t\t\t\t\t\t\t<\/div>\n\t\t\t\t<\/div>\n\t\t\t\t\t<\/div>\n\t\t<\/div>\n\t\t\t\t\t<\/div>\n\t\t<\/section>\n\t\t\t\t<\/div>\n\t\t","protected":false},"excerpt":{"rendered":"<p>MAPA DE COMPONENTES CURRICULARES 2026.1: Clique aqui \u00a0 O calend\u00e1rio acad\u00eamico de matr\u00edcula para o primeiro semestre de 2024 est\u00e1 dispon\u00edvel no documento abaixo. CALEND\u00c1RIO ACAD\u00caMICO 2026<\/p>\n","protected":false},"author":9,"featured_media":0,"parent":0,"menu_order":0,"comment_status":"closed","ping_status":"closed","template":"","meta":{"_themeisle_gutenberg_block_has_review":false,"footnotes":""},"class_list":["post-881","page","type-page","status-publish","hentry"],"_links":{"self":[{"href":"https:\/\/grad.eba.ufmg.br\/teatro\/index.php?rest_route=\/wp\/v2\/pages\/881","targetHints":{"allow":["GET"]}}],"collection":[{"href":"https:\/\/grad.eba.ufmg.br\/teatro\/index.php?rest_route=\/wp\/v2\/pages"}],"about":[{"href":"https:\/\/grad.eba.ufmg.br\/teatro\/index.php?rest_route=\/wp\/v2\/types\/page"}],"author":[{"embeddable":true,"href":"https:\/\/grad.eba.ufmg.br\/teatro\/index.php?rest_route=\/wp\/v2\/users\/9"}],"replies":[{"embeddable":true,"href":"https:\/\/grad.eba.ufmg.br\/teatro\/index.php?rest_route=%2Fwp%2Fv2%2Fcomments&post=881"}],"version-history":[{"count":77,"href":"https:\/\/grad.eba.ufmg.br\/teatro\/index.php?rest_route=\/wp\/v2\/pages\/881\/revisions"}],"predecessor-version":[{"id":2051,"href":"https:\/\/grad.eba.ufmg.br\/teatro\/index.php?rest_route=\/wp\/v2\/pages\/881\/revisions\/2051"}],"wp:attachment":[{"href":"https:\/\/grad.eba.ufmg.br\/teatro\/index.php?rest_route=%2Fwp%2Fv2%2Fmedia&parent=881"}],"curies":[{"name":"wp","href":"https:\/\/api.w.org\/{rel}","templated":true}]}}