{"id":877,"date":"2023-02-15T14:31:00","date_gmt":"2023-02-15T14:31:00","guid":{"rendered":"https:\/\/grad.eba.ufmg.br\/teatro\/?page_id=877"},"modified":"2023-05-15T16:08:12","modified_gmt":"2023-05-15T16:08:12","slug":"vida-discente","status":"publish","type":"page","link":"https:\/\/grad.eba.ufmg.br\/teatro\/?page_id=877","title":{"rendered":"VIDA ACAD\u00caMICA"},"content":{"rendered":"\n<p>O percurso curricular no curso de Teatro da EBA\/UFMG \u00e9 muito variado e aberto. Isso quer dizer que, ao ingressar no curso, estudantes poder\u00e3o trilhar diferentes caminhos. Voc\u00eas podem escolher, por exemplo, formar-se em licenciatura ou bacharelado, mas podem optar por incluir uma carga de disciplinas de outro curso, conferindo ao diploma da voc\u00eas um Forma\u00e7\u00e3o Complementar Aberta, de outra gradua\u00e7\u00e3o.<\/p>\n\n\n\n<p>Al\u00e9m disso, voc\u00eas poder\u00e3o se engajar em projetos de pesquisa, de ensino, de extens\u00e3o, coordenados por docentes da institui\u00e7\u00e3o e que aprofundar\u00e3o o contato com o campo de trabalho.<\/p>\n\n\n\n<p>Essa grande liberdade de trajet\u00f3ria acad\u00eamica exige uma postura&nbsp;<strong>aut\u00f4noma<\/strong>&nbsp;por parte de estudantes. H\u00e1 uma s\u00e9rie de procedimentos e processos (burocr\u00e1ticos) que voc\u00eas ter\u00e3o que realizar a cada semestre, desde a comprova\u00e7\u00e3o de atividades extras, at\u00e9 a matr\u00edcula em disciplinas de outros cursos, ou mesmo pedidos de trancamento. Todos esses procedimentos possuem datas espec\u00edficas para serem realizados, bem como normas de como proceder.<\/p>\n\n\n\n<p>Para ajudar voc\u00eas nessa montoeira de processos e procedimentos, o Colegiado do Curso possui uma p\u00e1gina no Moodle, a qual estudantes ativos t\u00eam acesso. L\u00e1 voc\u00eas encontrar\u00e3o informa\u00e7\u00f5es sobre os seguintes temas:<\/p>\n\n\n\n<ul class=\"wp-block-list\">\n<li><em>Geral<\/em> &#8211; Quadro de Hor\u00e1rios; Calend\u00e1rio Acad\u00eamico; Manual do Estudante.<\/li>\n<\/ul>\n\n\n\n<p><\/p>\n\n\n\n<ul class=\"wp-block-list\">\n<li><em>Documenta\u00e7\u00e3o referente ao curso<\/em> &#8211; Diagrama, Resolu\u00e7\u00e3o e Projeto Pedag\u00f3gico do curso.<\/li>\n<\/ul>\n\n\n\n<p><\/p>\n\n\n\n<ul class=\"wp-block-list\">\n<li><em>Continuidade de estudos<\/em> &#8211; Modalidade de preenchimento de vagas remanescentes que permite a obten\u00e7\u00e3o de outro grau acad\u00eamico (Bacharelado ou Licenciatura) ou outra habilita\u00e7\u00e3o no mesmo curso, ou obten\u00e7\u00e3o de grau em outro curso. <strong>Via<\/strong> <strong>SIGA<\/strong>. <strong>Verificar data no calend\u00e1rio acad\u00eamico.<\/strong><\/li>\n<\/ul>\n\n\n\n<p><\/p>\n\n\n\n<ul class=\"wp-block-list\">\n<li><em>Comprova\u00e7\u00e3o de conhecimentos<\/em> &#8211; Exame que visa a comprovar se o\/a estudante possui o conhecimento devido para dispensar o curso de uma disciplina. <strong>Via<\/strong> <strong>SIGA<\/strong>. <strong>Verificar data no calend\u00e1rio acad\u00eamico.<\/strong><\/li>\n<\/ul>\n\n\n\n<p><\/p>\n\n\n\n<ul class=\"wp-block-list\">\n<li><em>Mudan\u00e7a de percurso (modalidade ou habilita\u00e7\u00e3o)<\/em> &#8211; Processo para troca do Bacharelado para a Licenciatura ou vice-versa, ou para os percursos curriculares do Bacharelado. <strong>Via<\/strong> <strong>Moodle<\/strong>. <strong>Verificar data no calend\u00e1rio acad\u00eamico.<\/strong><\/li>\n<\/ul>\n\n\n\n<p><\/p>\n\n\n\n<ul class=\"wp-block-list\">\n<li><em>Aproveitamento de estudos<\/em> &#8211; \u00c9 feito quando h\u00e1 equival\u00eancia de programas (conte\u00fado e carga hor\u00e1ria) entre as mat\u00e9rias). <strong>Via<\/strong> <strong>Moodle<\/strong>. <strong>Verificar data no calend\u00e1rio acad\u00eamico.<\/strong><\/li>\n<\/ul>\n\n\n\n<p><\/p>\n\n\n\n<ul class=\"wp-block-list\">\n<li><em>Plano de estudos<\/em> &#8211; \u00c9 um sistema online que visa apoiar o planejamento e o acompanhamento da trajet\u00f3ria acad\u00eamica do(a) estudante na UFMG. <strong>Via<\/strong> <strong>SIGA<\/strong>. <strong>Verificar data no calend\u00e1rio acad\u00eamico.<\/strong><\/li>\n<\/ul>\n\n\n\n<p><\/p>\n\n\n\n<ul class=\"wp-block-list\">\n<li><em>Cola\u00e7\u00e3o de grau<\/em> &#8211; Ato acad\u00eamico p\u00fablico e solene realizado ap\u00f3s o encerramento do per\u00edodo letivo. <strong>Via e-mail \u00e0 Se\u00e7\u00e3o de Ensino da Escola de Belas Artes:&nbsp;sensino@eba.ufmg.br<\/strong> . <strong>Verificar data no calend\u00e1rio acad\u00eamico.<\/strong><\/li>\n<\/ul>\n\n\n\n<p><\/p>\n\n\n\n<ul class=\"wp-block-list\">\n<li><em>Trancamento parcial <\/em>&#8211; Procedimento que permite ao estudante &#8220;remover&#8221; uma ou mais disciplinas de sua matr\u00edcula. <strong>Via<\/strong> <strong>SIGA<\/strong>. <strong>Verificar data no calend\u00e1rio acad\u00eamico.<\/strong><\/li>\n<\/ul>\n\n\n\n<p><\/p>\n\n\n\n<ul class=\"wp-block-list\">\n<li><em>Atividades Acad\u00eamicas Cient\u00edfico-Culturais (AACCs)<\/em> &#8211; Atividades extras que os estudantes podem realizar para integralizar cr\u00e9ditos do curso. <strong>Via<\/strong> <strong>Moodle<\/strong>. <strong>Verificar data no calend\u00e1rio acad\u00eamico.<\/strong><\/li>\n<\/ul>\n\n\n\n<p><\/p>\n\n\n\n<ul class=\"wp-block-list\">\n<li><em>Informa\u00e7\u00f5es aos caloures<\/em> &#8211; Conte\u00fado vari\u00e1vel. <\/li>\n<\/ul>\n\n\n\n<p><\/p>\n\n\n\n<ul class=\"wp-block-list\">\n<li><em>Forma\u00e7\u00e3o Complementar<\/em> &#8211; Conjunto de atividades que possibilitam ao aluno a aquisi\u00e7\u00e3o de conhecimentos formativos que complementem a sua forma\u00e7\u00e3o<strong>.<\/strong> <strong>Via<\/strong> <strong>Moodle<\/strong>. <strong>Verificar data no calend\u00e1rio acad\u00eamico<\/strong>, <strong>referente \u00e0 mudan\u00e7a de percurso<\/strong>.<\/li>\n<\/ul>\n\n\n\n<p><\/p>\n\n\n\n<ul class=\"wp-block-list\">\n<li><em>Trancamento total<\/em> &#8211; &nbsp;Suspens\u00e3o da matr\u00edcula em todas as disciplinas por um semestre, por requerimento do aluno, com ou sem justificativa. <strong>Via<\/strong> <strong>SIGA<\/strong>. <strong>Verificar data no calend\u00e1rio acad\u00eamico.<\/strong><\/li>\n<\/ul>\n\n\n\n<p><\/p>\n\n\n\n<ul class=\"wp-block-list\">\n<li><em>Normas gerais de Gradua\u00e7\u00e3o<\/em> &#8211; Regulamentam e fornecem diretrizes, na Universidade, para quest\u00f5es relacionadas ao regime did\u00e1tico-cient\u00edfico dos cursos de gradua\u00e7\u00e3o.<\/li>\n<\/ul>\n\n\n\n<p><\/p>\n\n\n\n<p class=\"has-text-align-center\"><strong>Para mais informa\u00e7\u00f5es acesse o <a href=\"https:\/\/sistemas.ufmg.br\/idp\/login.jsp\" data-type=\"URL\" data-id=\"https:\/\/sistemas.ufmg.br\/idp\/login.jsp\" target=\"_blank\" rel=\"noreferrer noopener\">moodle<\/a><\/strong> <strong>da universidade.<\/strong><\/p>\n\n\n\n<p>Encontr\u00e3o, tamb\u00e9m, importantes documentos e normas. Lembrem, tudo na UFMG possui algum regimento, projeto ou normativa que o regulamenta. \u00c9 tamb\u00e9m, fun\u00e7\u00e3o de estudantes, buscar nos canais on-line ou \u00f3rg\u00e3os competentes informa\u00e7\u00f5es, instru\u00e7\u00f5es, embasamento t\u00e9cnico para o desenvolvimento do cotidiano acad\u00eamico de voc\u00eas!<\/p>\n\n\n\n<p>Contem com a equipe do Colegiado nessas tarefas!<\/p>\n\n\n\n<div class=\"wp-block-group has-global-padding is-layout-constrained wp-block-group-is-layout-constrained\">\n<p><em><strong>Coordenadora:<\/strong><\/em> Heloisa Marina <\/p>\n\n\n\n<p><em><strong>Subcoordenador:<\/strong> <\/em>Maurilio Andrade Rocha<\/p>\n\n\n\n<p><em><strong>Secret\u00e1ria:<\/strong><\/em> Ros\u00e2ngela Sales F\u00e9lix Bissiate<\/p>\n\n\n\n<p><em><strong>Estagi\u00e1ria:<\/strong><\/em> Lara Luiza de Oliveira<\/p>\n<\/div>\n","protected":false},"excerpt":{"rendered":"<p>O percurso curricular no curso de Teatro da EBA\/UFMG \u00e9 muito variado e aberto. Isso quer dizer que, ao ingressar no curso, estudantes poder\u00e3o trilhar diferentes caminhos. Voc\u00eas podem escolher, por exemplo, formar-se em licenciatura ou bacharelado, mas podem optar por incluir uma carga de disciplinas de outro curso, conferindo ao diploma da voc\u00eas um &hellip; <\/p>\n<p class=\"link-more\"><a href=\"https:\/\/grad.eba.ufmg.br\/teatro\/?page_id=877\" class=\"more-link\">Leia mais<span class=\"screen-reader-text\"> &#8220;VIDA ACAD\u00caMICA&#8221;<\/span><\/a><\/p>\n","protected":false},"author":9,"featured_media":0,"parent":0,"menu_order":0,"comment_status":"closed","ping_status":"closed","template":"","meta":{"_themeisle_gutenberg_block_has_review":false,"footnotes":""},"class_list":["post-877","page","type-page","status-publish","hentry"],"_links":{"self":[{"href":"https:\/\/grad.eba.ufmg.br\/teatro\/index.php?rest_route=\/wp\/v2\/pages\/877","targetHints":{"allow":["GET"]}}],"collection":[{"href":"https:\/\/grad.eba.ufmg.br\/teatro\/index.php?rest_route=\/wp\/v2\/pages"}],"about":[{"href":"https:\/\/grad.eba.ufmg.br\/teatro\/index.php?rest_route=\/wp\/v2\/types\/page"}],"author":[{"embeddable":true,"href":"https:\/\/grad.eba.ufmg.br\/teatro\/index.php?rest_route=\/wp\/v2\/users\/9"}],"replies":[{"embeddable":true,"href":"https:\/\/grad.eba.ufmg.br\/teatro\/index.php?rest_route=%2Fwp%2Fv2%2Fcomments&post=877"}],"version-history":[{"count":19,"href":"https:\/\/grad.eba.ufmg.br\/teatro\/index.php?rest_route=\/wp\/v2\/pages\/877\/revisions"}],"predecessor-version":[{"id":1567,"href":"https:\/\/grad.eba.ufmg.br\/teatro\/index.php?rest_route=\/wp\/v2\/pages\/877\/revisions\/1567"}],"wp:attachment":[{"href":"https:\/\/grad.eba.ufmg.br\/teatro\/index.php?rest_route=%2Fwp%2Fv2%2Fmedia&parent=877"}],"curies":[{"name":"wp","href":"https:\/\/api.w.org\/{rel}","templated":true}]}}