{"id":646,"date":"2018-05-18T19:48:05","date_gmt":"2018-05-18T19:48:05","guid":{"rendered":"https:\/\/grad.eba.ufmg.br\/teatro\/?page_id=646"},"modified":"2026-03-25T20:42:45","modified_gmt":"2026-03-25T20:42:45","slug":"formacao-livre-2","status":"publish","type":"page","link":"https:\/\/grad.eba.ufmg.br\/teatro\/?page_id=646","title":{"rendered":"Forma\u00e7\u00e3o Livre \/ Forma\u00e7\u00e3o complementar"},"content":{"rendered":"<p>A pessoa profissional em forma\u00e7\u00e3o nos Cursos de Gradua\u00e7\u00e3o em Teatro da EBA\/UFMG pode transitar por v\u00e1rias \u00e1reas de conhecimento, seja por meio dos componentes curriculares optativos, seja em projetos conjuntos de pesquisa e\/ou de extens\u00e3o, gra\u00e7as ao sistema integrado de funcionamento das unidades de ensino da UFMG e \u00e0 op\u00e7\u00e3o pela Flexibiliza\u00e7\u00e3o Curricular como pol\u00edtica pedag\u00f3gica nesta IES.<\/p>\n<p>Essa possibilidade garante \u00e0 pessoa profissional em forma\u00e7\u00e3o a compreens\u00e3o da rede de contatos e de fun\u00e7\u00f5es que caracterizam a sociedade contempor\u00e2nea, apoiando-o na estrutura\u00e7\u00e3o do seu m\u00e9todo pessoal de trabalho e nas escolhas das suas diretrizes pessoais de forma\u00e7\u00e3o. \u00c9 tamb\u00e9m neste contexto que se estimula a <em>inter\/transdisciplinaridade <\/em>contemplando a possibilidade da <strong>Forma\u00e7\u00e3o Livre e da Forma\u00e7\u00e3o Complementar<\/strong> \u00e0 escolha do\/da estudante. No entanto, o Colegiado sugere que o\/a estudante desenvolva essa Forma\u00e7\u00e3o Complementar em cursos como: Letras, M\u00fasica, Hist\u00f3ria, Filosofia, Arquitetura, Artes Visuais a partir de sua \u00e1rea de interesse. O percurso da Forma\u00e7\u00e3o Complementar ser\u00e1 definido a partir da demanda do\/da estudante e posteriormente acordado entre os Colegiados dos cursos, conforme a normatiza\u00e7\u00e3o da UFMG.<\/p>\n","protected":false},"excerpt":{"rendered":"<p>A pessoa profissional em forma\u00e7\u00e3o nos Cursos de Gradua\u00e7\u00e3o em Teatro da EBA\/UFMG pode transitar por v\u00e1rias \u00e1reas de conhecimento, seja por meio dos componentes curriculares optativos, seja em projetos conjuntos de pesquisa e\/ou de extens\u00e3o, gra\u00e7as ao sistema integrado de funcionamento das unidades de ensino da UFMG e \u00e0 op\u00e7\u00e3o pela Flexibiliza\u00e7\u00e3o Curricular como &hellip; <\/p>\n<p class=\"link-more\"><a href=\"https:\/\/grad.eba.ufmg.br\/teatro\/?page_id=646\" class=\"more-link\">Leia mais<span class=\"screen-reader-text\"> &#8220;Forma\u00e7\u00e3o Livre \/ Forma\u00e7\u00e3o complementar&#8221;<\/span><\/a><\/p>\n","protected":false},"author":6,"featured_media":0,"parent":0,"menu_order":0,"comment_status":"open","ping_status":"open","template":"","meta":{"_themeisle_gutenberg_block_has_review":false,"footnotes":""},"class_list":["post-646","page","type-page","status-publish","hentry"],"_links":{"self":[{"href":"https:\/\/grad.eba.ufmg.br\/teatro\/index.php?rest_route=\/wp\/v2\/pages\/646","targetHints":{"allow":["GET"]}}],"collection":[{"href":"https:\/\/grad.eba.ufmg.br\/teatro\/index.php?rest_route=\/wp\/v2\/pages"}],"about":[{"href":"https:\/\/grad.eba.ufmg.br\/teatro\/index.php?rest_route=\/wp\/v2\/types\/page"}],"author":[{"embeddable":true,"href":"https:\/\/grad.eba.ufmg.br\/teatro\/index.php?rest_route=\/wp\/v2\/users\/6"}],"replies":[{"embeddable":true,"href":"https:\/\/grad.eba.ufmg.br\/teatro\/index.php?rest_route=%2Fwp%2Fv2%2Fcomments&post=646"}],"version-history":[{"count":5,"href":"https:\/\/grad.eba.ufmg.br\/teatro\/index.php?rest_route=\/wp\/v2\/pages\/646\/revisions"}],"predecessor-version":[{"id":2052,"href":"https:\/\/grad.eba.ufmg.br\/teatro\/index.php?rest_route=\/wp\/v2\/pages\/646\/revisions\/2052"}],"wp:attachment":[{"href":"https:\/\/grad.eba.ufmg.br\/teatro\/index.php?rest_route=%2Fwp%2Fv2%2Fmedia&parent=646"}],"curies":[{"name":"wp","href":"https:\/\/api.w.org\/{rel}","templated":true}]}}