{"id":616,"date":"2018-05-18T19:41:38","date_gmt":"2018-05-18T19:41:38","guid":{"rendered":"https:\/\/grad.eba.ufmg.br\/teatro\/?page_id=616"},"modified":"2026-03-25T20:43:50","modified_gmt":"2026-03-25T20:43:50","slug":"mobilidade","status":"publish","type":"page","link":"https:\/\/grad.eba.ufmg.br\/teatro\/?page_id=616","title":{"rendered":"Mobilidade"},"content":{"rendered":"<h3><strong>PROGRAMA DE MOBILIDADE ACAD\u00caMICA- ANDIFES<\/strong><\/h3>\n<p>Poder\u00e3o participar do Programa de Mobilidade Acad\u00eamica estudantes regularmente matriculados\/as em cursos de gradua\u00e7\u00e3o de Institui\u00e7\u00f5es Federais de Ensino Superior brasileiras, que tenham integralizado todas as disciplinas previstas para o primeiro ano ou 1\u00ba e 2\u00ba semestres letivos do curso, na Institui\u00e7\u00e3o de origem (remetente), e possuam, no m\u00e1ximo, uma (01) reprova\u00e7\u00e3o por per\u00edodo letivo (ano ou semestre).<\/p>\n<h3><strong>QUAIS S\u00c3O OS PROCEDIMENTOS PARA ESTUDANTES DA UFMG E QUAL A DOCUMENTA\u00c7\u00c3O ?<\/strong><\/h3>\n<p>Os\/as estudantes da UFMG interessados\/as em participar do Programa de Mobilidade Acad\u00eamica dever\u00e3o consultar a coordena\u00e7\u00e3o do Colegiado de Gradua\u00e7\u00e3o do seu curso para elaborar o plano de estudos. A coordena\u00e7\u00e3o do curso dever\u00e1 analisar a(s) (o)(s) ementas\/programas do(s) componente(s) curricular(es) a ser(em) cursado(s) pelo\/a estudante na Institui\u00e7\u00e3o receptora, de modo a subsidiar a posterior e obrigat\u00f3ria concess\u00e3o de equival\u00eancia, em caso de aprova\u00e7\u00e3o do\/da estudante.<\/p>\n<p>Ap\u00f3s an\u00e1lise e poss\u00edvel deferimento o colegiado de curso dever\u00e1 encaminhar a documenta\u00e7\u00e3o do aluno ao Setor de Est\u00e1gios e Mobilidade Acad\u00eamica da UFMG, nos prazos estabelecidos no calend\u00e1rio da PROGRAD, a seguinte documenta\u00e7\u00e3o:<\/p>\n<p>a) Of\u00edcio, emitido pelo Colegiado de Curso\/UFMG, encaminhando o processo de mobilidade acad\u00eamica do\/da estudante;<\/p>\n<p>b) Requerimento de participa\u00e7\u00e3o;<\/p>\n<p>c) Hist\u00f3rico Escolar original atualizado, carimbado e assinado pelo Coordenador do Colegiado de Curso;<\/p>\n<p>d) C\u00f3pia do RG, CPF e comprovante de resid\u00eancia;<\/p>\n<p>e) Ementa (s) e programa (s) da (s) disciplina (s) pleiteada (s).<\/p>\n<p>O processo ser\u00e1 encaminhado \u00e0 IFES de escolha do aluno para an\u00e1lise de viabilidade da mobilidade.<\/p>\n<p><strong>Ressaltamos que \u00e9 de INTEIRA responsabilidade do\/da estudante a confer\u00eancia dos documentos exigidos pelas IFES de destinos, bem como os prazos estabelecidos pelas Universidades. Outras informa\u00e7\u00f5es pelos telefones: 31 3409 4438 \/ 4565 ou diretamente no setor de atendimento ao p\u00fablico da Diretoria de Mobilidade Acad\u00eamica da PROGRAD no seguinte endere\u00e7o: PROGRAD\/Setor de Est\u00e1gios e Mobilidade Acad\u00eamica.<\/strong><\/p>\n<p>Mais informa\u00e7\u00f5es:<\/p>\n<p><a href=\"https:\/\/www2.ufmg.br\/prograd\/prograd\/Pro-Reitoria-de-Graduacao\/Estudante\/Programa-de-Mobilidade-Academica\"> https:\/\/www2.ufmg.br\/prograd\/prograd\/Pro-Reitoria-de-Graduacao\/Estudante\/Programa-de-Mobilidade-Academica<\/a><\/p>\n","protected":false},"excerpt":{"rendered":"<p>PROGRAMA DE MOBILIDADE ACAD\u00caMICA- ANDIFES Poder\u00e3o participar do Programa de Mobilidade Acad\u00eamica estudantes regularmente matriculados\/as em cursos de gradua\u00e7\u00e3o de Institui\u00e7\u00f5es Federais de Ensino Superior brasileiras, que tenham integralizado todas as disciplinas previstas para o primeiro ano ou 1\u00ba e 2\u00ba semestres letivos do curso, na Institui\u00e7\u00e3o de origem (remetente), e possuam, no m\u00e1ximo, uma &hellip; <\/p>\n<p class=\"link-more\"><a href=\"https:\/\/grad.eba.ufmg.br\/teatro\/?page_id=616\" class=\"more-link\">Leia mais<span class=\"screen-reader-text\"> &#8220;Mobilidade&#8221;<\/span><\/a><\/p>\n","protected":false},"author":6,"featured_media":0,"parent":0,"menu_order":0,"comment_status":"open","ping_status":"open","template":"","meta":{"_themeisle_gutenberg_block_has_review":false,"footnotes":""},"class_list":["post-616","page","type-page","status-publish","hentry"],"_links":{"self":[{"href":"https:\/\/grad.eba.ufmg.br\/teatro\/index.php?rest_route=\/wp\/v2\/pages\/616","targetHints":{"allow":["GET"]}}],"collection":[{"href":"https:\/\/grad.eba.ufmg.br\/teatro\/index.php?rest_route=\/wp\/v2\/pages"}],"about":[{"href":"https:\/\/grad.eba.ufmg.br\/teatro\/index.php?rest_route=\/wp\/v2\/types\/page"}],"author":[{"embeddable":true,"href":"https:\/\/grad.eba.ufmg.br\/teatro\/index.php?rest_route=\/wp\/v2\/users\/6"}],"replies":[{"embeddable":true,"href":"https:\/\/grad.eba.ufmg.br\/teatro\/index.php?rest_route=%2Fwp%2Fv2%2Fcomments&post=616"}],"version-history":[{"count":9,"href":"https:\/\/grad.eba.ufmg.br\/teatro\/index.php?rest_route=\/wp\/v2\/pages\/616\/revisions"}],"predecessor-version":[{"id":2053,"href":"https:\/\/grad.eba.ufmg.br\/teatro\/index.php?rest_route=\/wp\/v2\/pages\/616\/revisions\/2053"}],"wp:attachment":[{"href":"https:\/\/grad.eba.ufmg.br\/teatro\/index.php?rest_route=%2Fwp%2Fv2%2Fmedia&parent=616"}],"curies":[{"name":"wp","href":"https:\/\/api.w.org\/{rel}","templated":true}]}}