{"id":600,"date":"2018-05-18T19:38:59","date_gmt":"2018-05-18T19:38:59","guid":{"rendered":"https:\/\/grad.eba.ufmg.br\/teatro\/?page_id=600"},"modified":"2023-05-16T14:28:26","modified_gmt":"2023-05-16T14:28:26","slug":"teatro-na-escola-de-belas-artes","status":"publish","type":"page","link":"https:\/\/grad.eba.ufmg.br\/teatro\/?page_id=600","title":{"rendered":"TEATRO NA ESCOLA DE BELAS ARTES"},"content":{"rendered":"<h3><b>LINHA HIST\u00d3RICA<\/b><\/h3>\n<p><strong>1990 _<\/strong> A forma\u00e7\u00e3o docente em teatro na cidade de Belo Horizonte ainda n\u00e3o havia tomado lugar na universidade. Havia uma discuss\u00e3o liderada por professores do Teatro Universit\u00e1rio da UFMG (T.U), sobre a cria\u00e7\u00e3o de um curso superior de teatro. Foi entregue um projeto de cria\u00e7\u00e3o para o curso superior do teatro \u00e0 Reitoria da UFMG, elaborado pelos professores do T.U, Ot\u00e1vio Cardoso e Paulo C\u00e9sar Bicalho e pela estudante do curso Maria Beatriz Braga Mendon\u00e7a (Bya Braga), na \u00e9poca tamb\u00e9m graduanda do curso de Terapia Ocupacional. Este projeto n\u00e3o ganhou for\u00e7a nas inst\u00e2ncias deliberativas da universidade, s\u00f3 uma d\u00e9cada mais tarde \u00e9 que elegeram uma comiss\u00e3o interna.<\/p>\n<p><strong>1994 _<\/strong> A Universidade Federal de Uberl\u00e2ndia era a \u00fanica institui\u00e7\u00e3o p\u00fablica que oferecia licenciatura em Educa\u00e7\u00e3o Art\u00edstica com habilita\u00e7\u00e3o em Artes C\u00eanicas no Estado de Minas Gerais, data de sua cria\u00e7\u00e3o.<\/p>\n<p><strong>1996 _<\/strong> A Reitoria criou uma comiss\u00e3o para avaliar a proposta de cria\u00e7\u00e3o do curso de gradua\u00e7\u00e3o em Artes C\u00eanicas composta por professores de \u00e1reas diversificadas dentro da academia, presidida pelo professor Ricardo Fenati, da FAFICH. Foi a partir desta ocasi\u00e3o \u00e9 que as discuss\u00f5es institucionais dentro da UFMG ganharam proje\u00e7\u00f5es.<\/p>\n<p><strong>1998 _<\/strong> Foi designado pela Reitoria a Comiss\u00e3o para concluir o processo de cria\u00e7\u00e3o da Gradua\u00e7\u00e3o em Artes C\u00eanicas, composta pelas professoras L\u00eada Martins e Sara Rojo, da Faculdade de Letras e pelo professor Fernando Mencarelli, do T.U (Teatro Universit\u00e1rio) e com a assessoria da professora Bya Braga, docente no T.U na \u00e9poca.<\/p>\n<p><strong>1999 _<\/strong> Implanta\u00e7\u00e3o do curso, nas modalidades Bacharel e Licenciatura em Artes C\u00eanicas.<\/p>\n<p><strong>2002 _<\/strong> Houve uma primeira avalia\u00e7\u00e3o do Curso na qual os alunos de Licenciatura mencionaram a necessidade de haver um maior n\u00famero de professores efetivos nas disciplinas desta modalidade. Foram apontadas necessidades de estabelecer parcerias para est\u00e1gios, por meio de conv\u00eanios com escolas, apoio aos projetos desenvolvidos pelos alunos e para projetos desenvolvidos fora da escola, que fosse feito o aproveitamento como cr\u00e9dito para os alunos.<\/p>\n<p><strong>2005\/2006 _<\/strong> Essas reinvindica\u00e7\u00f5es foram atendidas por meio de ajuste no curr\u00edculo, seguido de uma reforma curricular, estas foram realizadas por uma comiss\u00e3o envolvendo os docentes Arnaldo Alvarenga, Fernando Mencarelli, Luiz Ot\u00e1vio Carvalho e Rita Gusm\u00e3o. Al\u00e9m das reinvindica\u00e7\u00f5es dos alunos, levou-se em considera\u00e7\u00e3o experi\u00eancias do corpo docente e as exig\u00eancias do Minist\u00e9rio da Educa\u00e7\u00e3o.<\/p>\n<p>Nesta reforma aprovou-se a mudan\u00e7a do nome do curso de gradua\u00e7\u00e3o, que passou a se chamar Curso de Gradua\u00e7\u00e3o em Teatro da Escola de Belas Artes da UFMG.<\/p>\n<p><strong>2009 _<\/strong> O Curso de Gradua\u00e7\u00e3o em Teatro comemora 10 anos de exist\u00eancia.<\/p>\n<p><strong>2018 _<\/strong> O Curso de Gradua\u00e7\u00e3o em Teatro comemora 19 anos de exist\u00eancia.<\/p>\n<p><em>A Resolu\u00e7\u00e3o Complementar 02\/2018 do Conselho Universit\u00e1rio, criou em 13 de Maio de 2018, o Departamento de Artes C\u00eanicas, congregando os docentes de Teatro e de Dan\u00e7a.<\/em><\/p>\n","protected":false},"excerpt":{"rendered":"<p>LINHA HIST\u00d3RICA 1990 _ A forma\u00e7\u00e3o docente em teatro na cidade de Belo Horizonte ainda n\u00e3o havia tomado lugar na universidade. Havia uma discuss\u00e3o liderada por professores do Teatro Universit\u00e1rio da UFMG (T.U), sobre a cria\u00e7\u00e3o de um curso superior de teatro. Foi entregue um projeto de cria\u00e7\u00e3o para o curso superior do teatro \u00e0 &hellip; <\/p>\n<p class=\"link-more\"><a href=\"https:\/\/grad.eba.ufmg.br\/teatro\/?page_id=600\" class=\"more-link\">Leia mais<span class=\"screen-reader-text\"> &#8220;TEATRO NA ESCOLA DE BELAS ARTES&#8221;<\/span><\/a><\/p>\n","protected":false},"author":6,"featured_media":0,"parent":0,"menu_order":0,"comment_status":"open","ping_status":"open","template":"","meta":{"_themeisle_gutenberg_block_has_review":false,"footnotes":""},"class_list":["post-600","page","type-page","status-publish","hentry"],"_links":{"self":[{"href":"https:\/\/grad.eba.ufmg.br\/teatro\/index.php?rest_route=\/wp\/v2\/pages\/600","targetHints":{"allow":["GET"]}}],"collection":[{"href":"https:\/\/grad.eba.ufmg.br\/teatro\/index.php?rest_route=\/wp\/v2\/pages"}],"about":[{"href":"https:\/\/grad.eba.ufmg.br\/teatro\/index.php?rest_route=\/wp\/v2\/types\/page"}],"author":[{"embeddable":true,"href":"https:\/\/grad.eba.ufmg.br\/teatro\/index.php?rest_route=\/wp\/v2\/users\/6"}],"replies":[{"embeddable":true,"href":"https:\/\/grad.eba.ufmg.br\/teatro\/index.php?rest_route=%2Fwp%2Fv2%2Fcomments&post=600"}],"version-history":[{"count":14,"href":"https:\/\/grad.eba.ufmg.br\/teatro\/index.php?rest_route=\/wp\/v2\/pages\/600\/revisions"}],"predecessor-version":[{"id":1601,"href":"https:\/\/grad.eba.ufmg.br\/teatro\/index.php?rest_route=\/wp\/v2\/pages\/600\/revisions\/1601"}],"wp:attachment":[{"href":"https:\/\/grad.eba.ufmg.br\/teatro\/index.php?rest_route=%2Fwp%2Fv2%2Fmedia&parent=600"}],"curies":[{"name":"wp","href":"https:\/\/api.w.org\/{rel}","templated":true}]}}