{"id":38,"date":"2014-08-02T14:40:46","date_gmt":"2014-08-02T14:40:46","guid":{"rendered":"https:\/\/grad.eba.ufmg.br\/teatro\/?page_id=38"},"modified":"2025-01-27T19:47:24","modified_gmt":"2025-01-27T19:47:24","slug":"noticias","status":"publish","type":"page","link":"https:\/\/grad.eba.ufmg.br\/teatro\/?page_id=38","title":{"rendered":"Not\u00edcias"},"content":{"rendered":"\n<p><\/p>\n\n\n\n<h2 class=\"wp-block-heading\"><strong>O ESPET\u00c1CULO \u201cO SOM DO MUNDO DESMORONANDO\u201d, DA GRADUA\u00c7\u00c3O EM TEATRO DA UFMG, CHEGA AO GALP\u00c3O 4 DA FUNARTE.<\/strong><\/h2>\n\n\n\n<figure class=\"wp-block-image size-large\"><img fetchpriority=\"high\" decoding=\"async\" width=\"950\" height=\"633\" src=\"https:\/\/grad.eba.ufmg.br\/teatro\/wp-content\/uploads\/2025\/01\/COLETIVO-URUTAU-1-950x633.jpg\" alt=\"\" class=\"wp-image-1963\" srcset=\"https:\/\/grad.eba.ufmg.br\/teatro\/wp-content\/uploads\/2025\/01\/COLETIVO-URUTAU-1-950x633.jpg 950w, https:\/\/grad.eba.ufmg.br\/teatro\/wp-content\/uploads\/2025\/01\/COLETIVO-URUTAU-1-450x300.jpg 450w, https:\/\/grad.eba.ufmg.br\/teatro\/wp-content\/uploads\/2025\/01\/COLETIVO-URUTAU-1-768x512.jpg 768w, https:\/\/grad.eba.ufmg.br\/teatro\/wp-content\/uploads\/2025\/01\/COLETIVO-URUTAU-1-1536x1024.jpg 1536w, https:\/\/grad.eba.ufmg.br\/teatro\/wp-content\/uploads\/2025\/01\/COLETIVO-URUTAU-1-2048x1365.jpg 2048w, https:\/\/grad.eba.ufmg.br\/teatro\/wp-content\/uploads\/2025\/01\/COLETIVO-URUTAU-1-2000x1333.jpg 2000w\" sizes=\"(max-width: 950px) 100vw, 950px\" \/><\/figure>\n\n\n\n<p>O espet\u00e1culo <em>O Som do Mundo Desmoronando<\/em>, com dramaturgia coletiva, orientada e dirigida pelo Prof. Dr. Altemar Di Monteiro, \u00e9 livremente inspirado nos escritos de Paul B. Preciado e Achille Mbembe, possui 23 atuantes em cena e prop\u00f5e uma experi\u00eancia sensorial intensa, onde corpos em movimento dialogam com o sil\u00eancio e um design sonoro envolvente. A proposta bil\u00edngue (portugu\u00eas\/libras) transcende a acessibilidade, buscando acolher tanto corpos ouvintes quanto surdos, criando uma dramaturgia que se debru\u00e7a sobre o ruir e o reconstruir, o ouvir e o n\u00e3o ouvir. A obra estreia nos palcos de Belo Horizonte, no Galp\u00e3o 4 da Funarte MG, e ficar\u00e1 em cartaz de 5 a 8 de fevereiro (quarta a domingo), sempre \u00e0s 20h30. Em di\u00e1logo com o conceito de <em>disphoria<\/em>, cunhado por Preciado, a pe\u00e7a explora a no\u00e7\u00e3o de inadequa\u00e7\u00e3o para refletir sobre uma dimens\u00e3o existencial que define nosso tempo e reafirmar que corpo e mundo nunca estiveram separados.<\/p>\n\n\n\n<p><strong>SINOPSE:<\/strong><\/p>\n\n\n\n<p>Em um mundo em colapso, onde as certezas caem como monumentos antigos, &#8220;O Som do Mundo Desmoronando&#8221; descortina um tempo de transi\u00e7\u00e3o. Livremente inspirada nos escritos de Paul B. Preciado e Achille Mbembe, a pe\u00e7a entrela\u00e7a narrativas de resist\u00eancia com as marcas de uma destrui\u00e7\u00e3o ecol\u00f3gica e humana que pulsa em nosso tempo. Nos escombros, hist\u00f3rias emergem: baratas, ativistas, cientistas e seres ins\u00f3litos dan\u00e7am, insurgem e fazem algo, enquanto o sil\u00eancio ecoa t\u00e3o alto quanto o som. Mais que uma pe\u00e7a, este \u00e9 um convite para escutar o inaud\u00edvel, enxergar o invis\u00edvel e, mesmo com asas quebradas, imaginar algum voo (im)poss\u00edvel.<\/p>\n\n\n\n<p><strong>QUANTO MAIORES S\u00c3O AS EST\u00c1TUAS, MAIS GENEROSOS OS ESCOMBROS.<\/strong><\/p>\n\n\n\n<p>No palco, narrativas de resist\u00eancia (e sua coopta\u00e7\u00e3o neoliberal) se entrela\u00e7am com reflex\u00f5es sobre a devasta\u00e7\u00e3o ecol\u00f3gica e humana, compondo um mosaico de utopias e descren\u00e7as que ressoam no agora. A cria\u00e7\u00e3o toma como inspira\u00e7\u00e3o o cortejo zapatista realizado nas ruas M\u00e9xico em dezembro de 2012, explorando as perguntas que ele ecoa: o que \u00e9 necess\u00e1rio desmoronar para que outro mundo possa emergir? A pergunta n\u00e3o \u00e9 se as est\u00e1tuas devem ou n\u00e3o cair. A quest\u00e3o \u00e9 decidir o que fazer com os escombros.<\/p>\n\n\n\n<p>A montagem conta com a parceria da BH Em Libras atrav\u00e9s de projeto de pesquisa em orienta\u00e7\u00e3o com o Professor Altemar Di Monteiro. Nas ru\u00ednas de um tempo em transi\u00e7\u00e3o, baratas, p\u00e1ssaros, ativistas, bombeiros, cientistas, fot\u00f3grafos, eletricistas, int\u00e9rpretes, produtoras culturais, atores, atrizes e outros seres ins\u00f3litos constroem territ\u00f3rios de insurg\u00eancia e cria\u00e7\u00e3o. Questionando o imagin\u00e1rio brutalista e inspirades na luta zapatista, &#8220;O Som do Mundo Desmoronando&#8221; \u00e9 mais que um espet\u00e1culo: \u00e9 um manifesto po\u00e9tico. Convoca o p\u00fablico a escutar o caos, perceber os escombros e imaginar novos voos. Entre o desmoronamento e a reconstru\u00e7\u00e3o, esta obra performativa \u00e9 um convite para sonhar: mesmo com asas quebradas.<\/p>\n\n\n\n<p>Segundo o professor Altemar Di Monteiro, diretor da primeira montagem no curso ap\u00f3s sua recente chegada na Gradua\u00e7\u00e3o em Teatro da UFMG, a pe\u00e7a possui uma import\u00e2ncia singular ao reafirmar a rela\u00e7\u00e3o intr\u00ednseca entre po\u00e9tica e pedagogia teatral. \u201cO processo criativo dessa pe\u00e7a ofereceu ao elenco uma imers\u00e3o em diversas camadas do fazer teatral: da cria\u00e7\u00e3o de uma dramaturgia colaborativa ao aprofundamento no trabalho de ator e atriz, passando pela concep\u00e7\u00e3o de visualidades e, principalmente, pelos debates sobre teatro performativo e seguran\u00e7a c\u00eanica. Discutimos, al\u00e9m de teorias do processo criativo em teatro, normas t\u00e9cnicas dos equipamentos e a rela\u00e7\u00e3o com a produ\u00e7\u00e3o cultural de forma integrada\u201d, destaca Di Monteiro. Para o professor, dramaturgo e encenador, \u201cuma gradua\u00e7\u00e3o em teatro forma, acima de tudo, trabalhadores da cultura. Estamos preparando pessoas que poder\u00e3o decidir os rumos das artes e da cultura no pa\u00eds. Para isso, \u00e9 indispens\u00e1vel um processo continuado que articule teoria e pr\u00e1tica, permitindo uma forma\u00e7\u00e3o s\u00f3lida para futuros artistas e professores de teatro\u201d.<\/p>\n\n\n\n<p><strong>SERVI\u00c7O:<\/strong><\/p>\n\n\n\n<p>05 a 08 de fevereiro, 20h30.<\/p>\n\n\n\n<p>Sess\u00e3o extra no dia 08, \u00e0s 16h (com debate ap\u00f3s a cena)<\/p>\n\n\n\n<p>Local: Funarte \u2013 Galp\u00e3o 04 (Rua Janu\u00e1ria, 68 \u2013 Centro | Belo Horizonte\/MG)<\/p>\n\n\n\n<p>Valor: R$ 10,00 \/ R$ 5,00 Ingressos : Sympla (<a href=\"https:\/\/www.sympla.com.br\/evento\/espetaculo-o-som-do-mundo-desmorona%20ndo\/2804748\">https:\/\/www.sympla.com.br\/evento\/espetaculo-o-som-do-mundo-desmorona ndo\/2804748<\/a>) ou bilheteria da Funarte.<\/p>\n\n\n\n<p><strong>Dura\u00e7\u00e3o<\/strong>: 100min<\/p>\n\n\n\n<p><strong>Classifica\u00e7\u00e3o<\/strong>: 12 anos<\/p>\n\n\n\n<p><strong>Entrada Franca<\/strong>: Estudantes da Gradua\u00e7\u00e3o em Teatro, Gradua\u00e7\u00e3o em Dan\u00e7a, Teatro Universit\u00e1rio, Cicalt ou Cefart (limitado a 50 ingressos por sess\u00e3o, at\u00e9 40min antes do espet\u00e1culo).<\/p>\n\n\n\n<p><strong>FICHA T\u00c9CNICA<\/strong><\/p>\n\n\n\n<p><br><strong>Dire\u00e7\u00e3o e Orienta\u00e7\u00e3o de Dramaturgia<\/strong>: Altemar Di Monteiro | <strong>Assist\u00eancia de Dire\u00e7\u00e3o<\/strong>: Eliezer Sampaio Lili | <strong>Texto<\/strong>: Coletivo, livremente inspirado nos escritos de Paul B. Preciado e Achille Mbembe<br><strong>Elenco<\/strong>: Ana Di \u00c2ngelo, Alexandre de Oliveira Santos, Cec\u00edlia Saru\u00ea, De\u00e1vila Marques, Dinalva Andrade, Eliezer Sampaio Lili, Gabrielle Vasques, Kemills Dunda, Larissa Ferreira, Luan Castro, Luisa de Paula, Marcos Andrade, Maria Moreira, Marina Batista, Matyane Andrade, Paloma Mackeldy, Paulo Vitor Aguero, Sereia Dias, Sofia de Paula, Tatiane Evellyn, Tereza Castro, Victor Amaral e Wellyn<\/p>\n\n\n\n<p><strong>Dire\u00e7\u00e3o Musical<\/strong>: Luisa de Paula |<strong>Prepara\u00e7\u00e3o Vocal e Orienta\u00e7\u00e3o Musical<\/strong>: Tat\u00e1 Santana |<strong>Engenharia de Som<\/strong>: Ivo Ivo Ivo | <strong>Mixagem de Som<\/strong>: Wellyn | <strong>Trilha de Est\u00fadio<\/strong>: Pauleiramad Home Studio e Wellyn | <strong>Opera\u00e7\u00e3o de Som<\/strong>: Sereia Dias | <strong>Ilumina\u00e7\u00e3o<\/strong>: Ismael Soares | <strong>Opera\u00e7\u00e3o de Ilumina\u00e7\u00e3o: <\/strong>Ismael Soares | <strong>V\u00eddeos: <\/strong>Gabriel Guimar\u00e3es e Guilherme Victor | <strong>Opera\u00e7\u00e3o de v\u00eddeos: <\/strong>Tereza Castro | <strong>Orienta\u00e7\u00e3o de Figurinos e Adere\u00e7os<\/strong>: S\u00e1vio Rocha e Daniel Ducato | <strong>Prepara\u00e7\u00e3o Corporal<\/strong>: Paloma Mackeldy, Maria Moreira e Eliezer Sampaio Lili | <strong>Orienta\u00e7\u00e3o de Anima\u00e7\u00e3o de Bonecos<\/strong>: Daniel Ducato | <strong>Fotografia<\/strong>: K\u00eamilly Soares, Gabriel Guimar\u00e3es e Guilherme Victor | <strong>Apoio t\u00e9cnico:<\/strong> Ana Cristina Alc\u00e2ntara, Lucy Ribeiro e Ellen Caroline | <strong>Libras<\/strong>: Alexandre de Oliveira Santos, Marcos Andrade e Dinalva Andrade | <strong>Projeto Gr\u00e1fico<\/strong>: Duda Carmona | <strong>Realiza\u00e7\u00e3o<\/strong>: Gradua\u00e7\u00e3o em Teatro \/ Escola de Belas Artes \/ UFMG<\/p>\n\n\n\n<p><a><\/a><strong>Coordenadora de comunica\u00e7\u00e3o<\/strong><\/p>\n\n\n\n<p>Larissa Ferreira <a href=\"mailto:osomdomundodesmoronando@gmail.com\">osomdomundodesmoronando@gmail.com<\/a><\/p>\n\n\n\n<p>(31) 98832-7987<\/p>\n\n\n\n<p><strong>Assessoria de imprensa<\/strong><\/p>\n\n\n\n<p>Lucy Ribeiro <a href=\"mailto:contato.alucyribeiro@gmail.com\">contato.alucyribeiro@gmail.com<\/a><\/p>\n\n\n\n<p>(31) 99268-6722<\/p>\n\n\n\n<figure class=\"wp-block-table\"><table><tbody><tr><td><\/td><\/tr><\/tbody><\/table><\/figure>\n","protected":false},"excerpt":{"rendered":"<p>O ESPET\u00c1CULO \u201cO SOM DO MUNDO DESMORONANDO\u201d, DA GRADUA\u00c7\u00c3O EM TEATRO DA UFMG, CHEGA AO GALP\u00c3O 4 DA FUNARTE. O espet\u00e1culo O Som do Mundo Desmoronando, com dramaturgia coletiva, orientada e dirigida pelo Prof. Dr. Altemar Di Monteiro, \u00e9 livremente inspirado nos escritos de Paul B. Preciado e Achille Mbembe, possui 23 atuantes em cena &hellip; <\/p>\n<p class=\"link-more\"><a href=\"https:\/\/grad.eba.ufmg.br\/teatro\/?page_id=38\" class=\"more-link\">Leia mais<span class=\"screen-reader-text\"> &#8220;Not\u00edcias&#8221;<\/span><\/a><\/p>\n","protected":false},"author":1,"featured_media":0,"parent":0,"menu_order":0,"comment_status":"open","ping_status":"open","template":"page-blog.php","meta":{"_themeisle_gutenberg_block_has_review":false,"footnotes":""},"class_list":["post-38","page","type-page","status-publish","hentry"],"_links":{"self":[{"href":"https:\/\/grad.eba.ufmg.br\/teatro\/index.php?rest_route=\/wp\/v2\/pages\/38","targetHints":{"allow":["GET"]}}],"collection":[{"href":"https:\/\/grad.eba.ufmg.br\/teatro\/index.php?rest_route=\/wp\/v2\/pages"}],"about":[{"href":"https:\/\/grad.eba.ufmg.br\/teatro\/index.php?rest_route=\/wp\/v2\/types\/page"}],"author":[{"embeddable":true,"href":"https:\/\/grad.eba.ufmg.br\/teatro\/index.php?rest_route=\/wp\/v2\/users\/1"}],"replies":[{"embeddable":true,"href":"https:\/\/grad.eba.ufmg.br\/teatro\/index.php?rest_route=%2Fwp%2Fv2%2Fcomments&post=38"}],"version-history":[{"count":8,"href":"https:\/\/grad.eba.ufmg.br\/teatro\/index.php?rest_route=\/wp\/v2\/pages\/38\/revisions"}],"predecessor-version":[{"id":1965,"href":"https:\/\/grad.eba.ufmg.br\/teatro\/index.php?rest_route=\/wp\/v2\/pages\/38\/revisions\/1965"}],"wp:attachment":[{"href":"https:\/\/grad.eba.ufmg.br\/teatro\/index.php?rest_route=%2Fwp%2Fv2%2Fmedia&parent=38"}],"curies":[{"name":"wp","href":"https:\/\/api.w.org\/{rel}","templated":true}]}}