{"id":20,"date":"2014-08-02T14:23:53","date_gmt":"2014-08-02T14:23:53","guid":{"rendered":"https:\/\/grad.eba.ufmg.br\/teatro\/?page_id=20"},"modified":"2026-03-25T19:37:48","modified_gmt":"2026-03-25T19:37:48","slug":"ementas","status":"publish","type":"page","link":"https:\/\/grad.eba.ufmg.br\/teatro\/?page_id=20","title":{"rendered":"BACHARELADO EM TEATRO"},"content":{"rendered":"\n<p>O Bacharelado em Teatro da UFMG oferece uma forma\u00e7\u00e3o ampla que articula dimens\u00f5es \u00e9ticas, art\u00edsticas, te\u00f3ricas, t\u00e9cnicas e culturais no campo das artes da cena. O curso busca preparar profissionais para atuar em diferentes \u00e1reas do fazer teatral, como interpreta\u00e7\u00e3o, dire\u00e7\u00e3o, dramaturgia, cria\u00e7\u00e3o c\u00eanica, produ\u00e7\u00e3o, cr\u00edtica e pesquisa.<\/p>\n\n\n\n<p>A forma\u00e7\u00e3o integra teoria e pr\u00e1tica de modo cont\u00ednuo, por meio de componentes curriculares, laborat\u00f3rios de cria\u00e7\u00e3o, est\u00e1gios e a\u00e7\u00f5es de extens\u00e3o, compreendidos como partes insepar\u00e1veis do processo formativo. Ao longo do curso, as pessoas estudantes desenvolvem experi\u00eancias de experimenta\u00e7\u00e3o art\u00edstica e reflex\u00e3o cr\u00edtica, ampliando sua capacidade de an\u00e1lise sobre linguagens, pr\u00e1ticas e processos do teatro em di\u00e1logo com outras artes da cena.<\/p>\n\n\n\n<p>O Bacharelado tamb\u00e9m promove a compreens\u00e3o hist\u00f3rica, est\u00e9tica e cr\u00edtica do teatro, estimulando a constru\u00e7\u00e3o de pensamento pr\u00f3prio e a elabora\u00e7\u00e3o conceitual a partir das experi\u00eancias de cria\u00e7\u00e3o. A investiga\u00e7\u00e3o art\u00edstica e acad\u00eamica \u00e9 incentivada como eixo central da forma\u00e7\u00e3o, favorecendo o desenvolvimento de metodologias de trabalho e a experimenta\u00e7\u00e3o de diferentes linguagens. O curso busca tamb\u00e9m articular uma inser\u00e7\u00e3o cr\u00edtica na ind\u00fastria cultural, contribuindo para a forma\u00e7\u00e3o de profissionais da cultura capazes de pensar, desenvolver e gerir projetos em artes, com foco no teatro, no Brasil, em di\u00e1logo com diferentes contextos de produ\u00e7\u00e3o e circula\u00e7\u00e3o. Assim, a busca \u00e9 formar profissionais capazes de atuar em diversos contextos socioculturais, contribuindo para a produ\u00e7\u00e3o, difus\u00e3o e media\u00e7\u00e3o do teatro em rela\u00e7\u00e3o a diferentes p\u00fablicos e territ\u00f3rios. <\/p>\n\n\n\n<p>Ao final da forma\u00e7\u00e3o, espera-se que as pessoas egressas tenham autonomia intelectual, art\u00edstica e profissional, com capacidade de desenvolver pesquisas, criar projetos e manter uma atua\u00e7\u00e3o cr\u00edtica e atualizada no campo das artes da cena.<\/p>\n\n\n\n<p><\/p>\n\n\n\n<p><\/p>\n","protected":false},"excerpt":{"rendered":"<p>O Bacharelado em Teatro da UFMG oferece uma forma\u00e7\u00e3o ampla que articula dimens\u00f5es \u00e9ticas, art\u00edsticas, te\u00f3ricas, t\u00e9cnicas e culturais no campo das artes da cena. O curso busca preparar profissionais para atuar em diferentes \u00e1reas do fazer teatral, como interpreta\u00e7\u00e3o, dire\u00e7\u00e3o, dramaturgia, cria\u00e7\u00e3o c\u00eanica, produ\u00e7\u00e3o, cr\u00edtica e pesquisa. A forma\u00e7\u00e3o integra teoria e pr\u00e1tica de &hellip; <\/p>\n<p class=\"link-more\"><a href=\"https:\/\/grad.eba.ufmg.br\/teatro\/?page_id=20\" class=\"more-link\">Leia mais<span class=\"screen-reader-text\"> &#8220;BACHARELADO EM TEATRO&#8221;<\/span><\/a><\/p>\n","protected":false},"author":1,"featured_media":0,"parent":12,"menu_order":1,"comment_status":"open","ping_status":"open","template":"","meta":{"_themeisle_gutenberg_block_has_review":false,"footnotes":""},"class_list":["post-20","page","type-page","status-publish","hentry"],"_links":{"self":[{"href":"https:\/\/grad.eba.ufmg.br\/teatro\/index.php?rest_route=\/wp\/v2\/pages\/20","targetHints":{"allow":["GET"]}}],"collection":[{"href":"https:\/\/grad.eba.ufmg.br\/teatro\/index.php?rest_route=\/wp\/v2\/pages"}],"about":[{"href":"https:\/\/grad.eba.ufmg.br\/teatro\/index.php?rest_route=\/wp\/v2\/types\/page"}],"author":[{"embeddable":true,"href":"https:\/\/grad.eba.ufmg.br\/teatro\/index.php?rest_route=\/wp\/v2\/users\/1"}],"replies":[{"embeddable":true,"href":"https:\/\/grad.eba.ufmg.br\/teatro\/index.php?rest_route=%2Fwp%2Fv2%2Fcomments&post=20"}],"version-history":[{"count":11,"href":"https:\/\/grad.eba.ufmg.br\/teatro\/index.php?rest_route=\/wp\/v2\/pages\/20\/revisions"}],"predecessor-version":[{"id":2032,"href":"https:\/\/grad.eba.ufmg.br\/teatro\/index.php?rest_route=\/wp\/v2\/pages\/20\/revisions\/2032"}],"up":[{"embeddable":true,"href":"https:\/\/grad.eba.ufmg.br\/teatro\/index.php?rest_route=\/wp\/v2\/pages\/12"}],"wp:attachment":[{"href":"https:\/\/grad.eba.ufmg.br\/teatro\/index.php?rest_route=%2Fwp%2Fv2%2Fmedia&parent=20"}],"curies":[{"name":"wp","href":"https:\/\/api.w.org\/{rel}","templated":true}]}}