{"id":1888,"date":"2024-10-21T22:07:32","date_gmt":"2024-10-21T22:07:32","guid":{"rendered":"https:\/\/grad.eba.ufmg.br\/teatro\/?page_id=1888"},"modified":"2024-10-21T22:08:51","modified_gmt":"2024-10-21T22:08:51","slug":"comunicacao","status":"publish","type":"page","link":"https:\/\/grad.eba.ufmg.br\/teatro\/?page_id=1888","title":{"rendered":"COMUNICA\u00c7\u00c3O"},"content":{"rendered":"\n<p><strong>Manual de instru\u00e7\u00f5es de uso dos Modelos do Canva &#8211; Teatro UFMG<\/strong><\/p>\n\n\n\n<p>Ol\u00e1! Seja bem-vinde!<\/p>\n\n\n\n<p>Esperamos que este manual possa lhe orientar no uso das novas ferramentas de comunica\u00e7\u00e3o da Gradua\u00e7\u00e3o em Teatro.<\/p>\n\n\n\n<p>A equipe de comunica\u00e7\u00e3o do curso, formada pelos bolsistas Jean Gorziza e Ruddney Everton, e coordenada pelo Prof Alt, criou uma nova identidade visual para ser utilizada nas redes sociais. Este manual busca lhe orientar acerca do uso das ferramentas e dos modelos do Canva.<\/p>\n\n\n\n<p>Para organiza\u00e7\u00e3o desta comunica\u00e7\u00e3o, foram criadas cinco categorias:<\/p>\n\n\n\n<p>1 &#8211; A\u00e7\u00f5es Formativas (<em>eventos e atividades relacionados \u00e0 propostas pedag\u00f3gicas<\/em>);<\/p>\n\n\n\n<p>2 &#8211; Componentes Curriculares (<em>eventos e atividades resultantes de componentes da grade curricular<\/em>);<\/p>\n\n\n\n<p>3 &#8211; Espet\u00e1culos (<em>cenas, experimentos, a\u00e7\u00f5es espetaculares e outras performatividades da cena<\/em>);<\/p>\n\n\n\n<p>4 &#8211; &nbsp;Mostra de TCC\u2019s (<em>resultantes de Trabalhos de Conclus\u00e3o de Curso<\/em>)<\/p>\n\n\n\n<p>5 &#8211; Universidade (<em>a\u00e7\u00f5es vinculadas \u00e0 pesquisa, ensino e extens\u00e3o<\/em>).<\/p>\n\n\n\n<p>Para cada uma destas categorias, foi criada uma identidade visual com cores e selos espec\u00edficos para comunicar as atividades. Estes selos, bem como os logotipos, podem ser encontrados neste&nbsp;<a href=\"https:\/\/www.google.com\/url?q=https:\/\/www.google.com\/url?q%3Dhttps:\/\/drive.google.com\/drive\/folders\/1QsPIXcXFehtUWKw5lY6uQ1IwTKTUgHBV?usp%253Dsharing%26amp;sa%3DD%26amp;source%3Deditors%26amp;ust%3D1729552111838834%26amp;usg%3DAOvVaw24QREUmSy9eJN6zT7vF1IX&amp;sa=D&amp;source=docs&amp;ust=1729552111848519&amp;usg=AOvVaw2tpwHekWVdf_6cvLOY7iIE\">link do drive<\/a><strong>.<\/strong><\/p>\n\n\n\n<p>Os modelos de posts, espec\u00edficos a cada categoria, est\u00e3o disponibilizados em links edit\u00e1veis para que discentes e docentes possam adaptar \u00e0s demandas de identidade visual de cada evento ou atividade, criando posts colaborativos com o instagram&nbsp;<a href=\"https:\/\/www.google.com\/url?q=https:\/\/www.google.com\/url?q%3Dhttps:\/\/www.instagram.com\/teatroufmg\/%26amp;sa%3DD%26amp;source%3Deditors%26amp;ust%3D1729552111839142%26amp;usg%3DAOvVaw1qpPKXxevDo_NnuOXZWIwl&amp;sa=D&amp;source=docs&amp;ust=1729552111848813&amp;usg=AOvVaw06anWjZ0hCDBBZSeixkPBJ\">@teatroufmg.<\/a><\/p>\n\n\n\n<p><strong>A\u00c7\u00c3O 1 &#8211; ENTRAR NO CANVA<\/strong><\/p>\n\n\n\n<p>Entre nos links de Canva, conforme a atividade que pretende divulgar<\/p>\n\n\n\n<p><strong><a href=\"https:\/\/www.google.com\/url?q=https:\/\/www.google.com\/url?q%3Dhttps:\/\/www.canva.com\/design\/DAGL_7DsXfw\/17R0BngHv7HTorlGAeCt1Q\/edit?utm_content%253DDAGL_7DsXfw%2526utm_campaign%253Ddesignshare%2526utm_medium%253Dlink2%2526utm_source%253Dsharebutton%26amp;sa%3DD%26amp;source%3Deditors%26amp;ust%3D1729552111839489%26amp;usg%3DAOvVaw35JPpUYH5dzCedPuoBuAXf&amp;sa=D&amp;source=docs&amp;ust=1729552111849126&amp;usg=AOvVaw1VJbTQM5EQCJgY8XlQZDdC\">POST A\u00c7\u00d5ES FORMATIVAS<\/a><\/strong><\/p>\n\n\n\n<p><strong><a href=\"https:\/\/www.google.com\/url?q=https:\/\/www.google.com\/url?q%3Dhttps:\/\/www.canva.com\/design\/DAGL_4ELKfE\/2Kyz5W63WOQE5TWkBN-eVg\/edit?utm_content%253DDAGL_4ELKfE%2526utm_campaign%253Ddesignshare%2526utm_medium%253Dlink2%2526utm_source%253Dsharebutton%26amp;sa%3DD%26amp;source%3Deditors%26amp;ust%3D1729552111839661%26amp;usg%3DAOvVaw1Zadfkwd83qz_6Os9BvGb4&amp;sa=D&amp;source=docs&amp;ust=1729552111849290&amp;usg=AOvVaw1LnuxXMVFEeIQttJrZTi6B\">POST COMPONENTES CURRICULARES<\/a><\/strong><\/p>\n\n\n\n<p><strong><a href=\"https:\/\/www.google.com\/url?q=https:\/\/www.google.com\/url?q%3Dhttps:\/\/www.canva.com\/design\/DAGL_y_NrD8\/ZfxRhAJs7X1xwyqPpNb0Yg\/edit?utm_content%253DDAGL_y_NrD8%2526utm_campaign%253Ddesignshare%2526utm_medium%253Dlink2%2526utm_source%253Dsharebutton%26amp;sa%3DD%26amp;source%3Deditors%26amp;ust%3D1729552111839816%26amp;usg%3DAOvVaw1CgjH0y2nQbJSle3orHCvF&amp;sa=D&amp;source=docs&amp;ust=1729552111849424&amp;usg=AOvVaw1ChlmThs4sPwRUiCAbtotE\">POST ESPET\u00c1CULOS<\/a><\/strong><\/p>\n\n\n\n<p><strong><a href=\"https:\/\/www.google.com\/url?q=https:\/\/www.google.com\/url?q%3Dhttps:\/\/www.canva.com\/design\/DAGLn9Ty-0E\/b2gP3J5GLQbG6QuQmlr7Dg\/edit?utm_content%253DDAGLn9Ty-0E%2526utm_campaign%253Ddesignshare%2526utm_medium%253Dlink2%2526utm_source%253Dsharebutton%26amp;sa%3DD%26amp;source%3Deditors%26amp;ust%3D1729552111839976%26amp;usg%3DAOvVaw0imdukwZSrbz5WCONSqf9s&amp;sa=D&amp;source=docs&amp;ust=1729552111849564&amp;usg=AOvVaw2rtlYoRcAHrnxlBuBYBCpM\">STORIES MOSTRA DE TCCS<\/a><\/strong><strong>&nbsp;<\/strong><\/p>\n\n\n\n<p><strong><a href=\"https:\/\/www.google.com\/url?q=https:\/\/www.google.com\/url?q%3Dhttps:\/\/www.canva.com\/design\/DAGLnyyJIIM\/5XRdGISkA6njLvAdeGDe0A\/edit?utm_content%253DDAGLnyyJIIM%2526utm_campaign%253Ddesignshare%2526utm_medium%253Dlink2%2526utm_source%253Dsharebutton%26amp;sa%3DD%26amp;source%3Deditors%26amp;ust%3D1729552111840144%26amp;usg%3DAOvVaw0MihiM1thLIpLq-DKG8miK&amp;sa=D&amp;source=docs&amp;ust=1729552111849720&amp;usg=AOvVaw1GUd7uriMdU3tcETbdUa4Q\">POST MOSTRA DE TCCS<\/a><\/strong><\/p>\n\n\n\n<p><strong><a href=\"https:\/\/www.google.com\/url?q=https:\/\/www.google.com\/url?q%3Dhttps:\/\/www.canva.com\/design\/DAGL_9e84oo\/8x5ZCbJ7j5UnkDVjtRdwHw\/edit?utm_content%253DDAGL_9e84oo%2526utm_campaign%253Ddesignshare%2526utm_medium%253Dlink2%2526utm_source%253Dsharebutton%26amp;sa%3DD%26amp;source%3Deditors%26amp;ust%3D1729552111840309%26amp;usg%3DAOvVaw2d-xMYGVhGz6PNBqjpfDBT&amp;sa=D&amp;source=docs&amp;ust=1729552111849897&amp;usg=AOvVaw3dlUKpehsfGNrEPAQ5Swur\">POST UNIVERSIDADE<\/a><\/strong><\/p>\n\n\n\n<p><strong>A\u00c7\u00c3O 2 &#8211; FAZER LOGIN<\/strong><\/p>\n\n\n\n<p>Ap\u00f3s entrar no link, fa\u00e7a login no Canva. Voc\u00ea pode criar uma conta, no canto superior direito, de acesso gratuito.<\/p>\n\n\n\n<p><strong>A\u00c7\u00c3O 3 &#8211; FAZER UMA C\u00d3PIA EDIT\u00c1VEL<\/strong><\/p>\n\n\n\n<p>Ap\u00f3s o login, clique no \u00edcone&nbsp;<strong>\u201carquivo\u201d<\/strong>&nbsp;(no canto superior esquerdo) e selecione&nbsp;<strong>\u201cfazer uma c\u00f3pia\u201d<\/strong>. A partir desta c\u00f3pia, voc\u00ea poder\u00e1 realizar a edi\u00e7\u00e3o dos posts para sua demanda.<\/p>\n\n\n\n<p><strong>A\u00c7\u00c3O 4 &#8211; INSERIR IMAGEM<\/strong><\/p>\n\n\n\n<p>Para inser\u00e7\u00e3o de imagem, fa\u00e7a upload de arquivo e arraste a imagem selecionada para o espa\u00e7o que deseja incluir. H\u00e1 alguns modelos que possuem espa\u00e7o para isso (desenho de nuvem, c\u00e9u e montanhas).<\/p>\n\n\n\n<p><strong>A\u00c7\u00c3O 5 &#8211; INSERIR TEXTOS<\/strong><\/p>\n\n\n\n<p>Para inser\u00e7\u00e3o de texto, edite as informa\u00e7\u00f5es textuais, conforme explicado em cada post.<\/p>\n\n\n\n<p><em>Aten\u00e7\u00e3o: por favor, n\u00e3o mude a tipografia nem as cores propostas.<\/em><\/p>\n\n\n\n<p><strong>A\u00c7\u00c3O 6 &#8211; BAIXAR A IMAGEM<\/strong><\/p>\n\n\n\n<p>Para baixar a imagem criada, clique no canto superior direito, em \u201ccompartilhar\u201d, escolha a op\u00e7\u00e3o \u201cbaixar\u201d e selecione as p\u00e1ginas desejadas. Escolha o formato \u201cpng\u201d.<\/p>\n\n\n\n<p><strong>A\u00c7\u00c3O 7 &#8211; DIVULGAR A IMAGEM CRIADA<\/strong><\/p>\n\n\n\n<p>Por fim, envie a imagem criada para o email&nbsp;<a href=\"mailto:comunica.teatroufmg@gmail.com\">comunica.teatroufmg@gmail.com<\/a><\/p>\n\n\n\n<p><strong>Importante:<\/strong>&nbsp;envie texto para legenda da postagem (at\u00e9 2200 caracteres) e perfil para postagem colaborativa no instagram.<\/p>\n\n\n\n<p><strong>A\u00c7\u00c3O 8 &#8211; SORRIA! VOC\u00ca FOI DIVULGADA!<\/strong><\/p>\n\n\n\n<p>Compartilhe, salve e comente na postagem.<\/p>\n\n\n\n<p>Caso aconte\u00e7a de voc\u00ea n\u00e3o conseguir editar no Canva, e precisar que nossa equipe fa\u00e7a seu design, voc\u00ea pode fazer sua solicita\u00e7\u00e3o, com no m\u00ednimo sete dias de anteced\u00eancia, por meio do link:<\/p>\n\n\n\n<p><a href=\"https:\/\/www.google.com\/url?q=https:\/\/www.google.com\/url?q%3Dhttps:\/\/docs.google.com\/forms\/d\/e\/1FAIpQLSfpeaqD_h_PQQnWjN4PLbYG-KWbuShVOpnPnnQiU63Aknc7CQ\/viewform?pli%253D1%26amp;sa%3DD%26amp;source%3Deditors%26amp;ust%3D1729552111841769%26amp;usg%3DAOvVaw3_dloFrXTHFmlp8UbPyvey&amp;sa=D&amp;source=docs&amp;ust=1729552111851054&amp;usg=AOvVaw2Q8ThDFQQK99VF4sC5nWQv\">FORMUL\u00c1RIO DE SOLICITA\u00c7\u00c3O DE COMUNICA\u00c7\u00c3O<\/a><\/p>\n\n\n\n<p>Abra\u00e7a\u00e7o!<\/p>\n\n\n\n<p><strong>Equipe de Comunica\u00e7\u00e3o<\/strong><\/p>\n\n\n\n<p><strong>Jean, Ruddney e Alt<\/strong><\/p>\n\n\n\n<p><a href=\"mailto:comunica.teatroufmg@gmail.com\">comunica.teatroufmg@gmail.com<\/a><\/p>\n","protected":false},"excerpt":{"rendered":"<p>Manual de instru\u00e7\u00f5es de uso dos Modelos do Canva &#8211; Teatro UFMG Ol\u00e1! Seja bem-vinde! Esperamos que este manual possa lhe orientar no uso das novas ferramentas de comunica\u00e7\u00e3o da Gradua\u00e7\u00e3o em Teatro. A equipe de comunica\u00e7\u00e3o do curso, formada pelos bolsistas Jean Gorziza e Ruddney Everton, e coordenada pelo Prof Alt, criou uma nova &hellip; <\/p>\n<p class=\"link-more\"><a href=\"https:\/\/grad.eba.ufmg.br\/teatro\/?page_id=1888\" class=\"more-link\">Leia mais<span class=\"screen-reader-text\"> &#8220;COMUNICA\u00c7\u00c3O&#8221;<\/span><\/a><\/p>\n","protected":false},"author":9,"featured_media":0,"parent":0,"menu_order":0,"comment_status":"closed","ping_status":"closed","template":"","meta":{"_themeisle_gutenberg_block_has_review":false,"footnotes":""},"class_list":["post-1888","page","type-page","status-publish","hentry"],"_links":{"self":[{"href":"https:\/\/grad.eba.ufmg.br\/teatro\/index.php?rest_route=\/wp\/v2\/pages\/1888","targetHints":{"allow":["GET"]}}],"collection":[{"href":"https:\/\/grad.eba.ufmg.br\/teatro\/index.php?rest_route=\/wp\/v2\/pages"}],"about":[{"href":"https:\/\/grad.eba.ufmg.br\/teatro\/index.php?rest_route=\/wp\/v2\/types\/page"}],"author":[{"embeddable":true,"href":"https:\/\/grad.eba.ufmg.br\/teatro\/index.php?rest_route=\/wp\/v2\/users\/9"}],"replies":[{"embeddable":true,"href":"https:\/\/grad.eba.ufmg.br\/teatro\/index.php?rest_route=%2Fwp%2Fv2%2Fcomments&post=1888"}],"version-history":[{"count":2,"href":"https:\/\/grad.eba.ufmg.br\/teatro\/index.php?rest_route=\/wp\/v2\/pages\/1888\/revisions"}],"predecessor-version":[{"id":1892,"href":"https:\/\/grad.eba.ufmg.br\/teatro\/index.php?rest_route=\/wp\/v2\/pages\/1888\/revisions\/1892"}],"wp:attachment":[{"href":"https:\/\/grad.eba.ufmg.br\/teatro\/index.php?rest_route=%2Fwp%2Fv2%2Fmedia&parent=1888"}],"curies":[{"name":"wp","href":"https:\/\/api.w.org\/{rel}","templated":true}]}}