{"id":17,"date":"2014-08-02T14:22:24","date_gmt":"2014-08-02T14:22:24","guid":{"rendered":"https:\/\/grad.eba.ufmg.br\/teatro\/?page_id=17"},"modified":"2026-03-25T19:48:44","modified_gmt":"2026-03-25T19:48:44","slug":"diagramas","status":"publish","type":"page","link":"https:\/\/grad.eba.ufmg.br\/teatro\/?page_id=17","title":{"rendered":"LICENCIATURA EM TEATRO"},"content":{"rendered":"<p>A Licenciatura em Teatro da UFMG forma docentes-artistas-pesquisadores com s\u00f3lida forma\u00e7\u00e3o \u00e9tica, art\u00edstica, te\u00f3rica, t\u00e9cnica e pedag\u00f3gica, preparados para atuar no ensino de teatro na educa\u00e7\u00e3o b\u00e1sica e em diferentes contextos socioculturais. O curso compreende o teatro como pr\u00e1tica est\u00e9tica, pol\u00edtica e transformadora, em di\u00e1logo com outras linguagens art\u00edsticas e com os desafios contempor\u00e2neos da educa\u00e7\u00e3o.<\/p>\n<p>A forma\u00e7\u00e3o est\u00e1 orientada pela articula\u00e7\u00e3o entre teoria e pr\u00e1tica, desenvolvida por meio de componentes curriculares, pr\u00e1ticas de ensino, est\u00e1gios, pesquisa e a\u00e7\u00f5es de extens\u00e3o. Esse percurso estimula uma atitude investigativa e criativa, capacitando as pessoas estudantes a elaborar metodologias pr\u00f3prias e a atuar de forma cr\u00edtica nos processos de ensino e aprendizagem em artes da cena.<\/p>\n<p>O curso valoriza a integra\u00e7\u00e3o entre diferentes linguagens e saberes, preparando docentes capazes de trabalhar o teatro em suas m\u00faltiplas dimens\u00f5es, incluindo suas interfaces com outras artes. Tamb\u00e9m promove a compreens\u00e3o da escola como parte de uma rede mais ampla, em di\u00e1logo com a sociedade, fortalecendo o compromisso com a educa\u00e7\u00e3o p\u00fablica, democr\u00e1tica, inclusiva e socialmente referenciada.<\/p>\n<p>Ao longo da forma\u00e7\u00e3o, s\u00e3o desenvolvidas compet\u00eancias para an\u00e1lise cr\u00edtica das pr\u00e1ticas pedag\u00f3gicas, elabora\u00e7\u00e3o de propostas de ensino, atua\u00e7\u00e3o em gest\u00e3o educacional e media\u00e7\u00e3o cultural. O curso tamb\u00e9m incentiva a autonomia intelectual e sens\u00edvel, o cont\u00ednuo processo de forma\u00e7\u00e3o e a constru\u00e7\u00e3o de pr\u00e1ticas educativas comprometidas com os direitos humanos, a diversidade cultural e a transforma\u00e7\u00e3o social.<\/p>\n<p>Ao final do curso, espera-se que as pessoas egressas sejam capazes de articular conhecimentos art\u00edsticos e pedag\u00f3gicos de modo consistente, atuando na forma\u00e7\u00e3o de sujeitos cr\u00edticos e criativos, contribuindo para o desenvolvimento art\u00edstico e cultural e para a amplia\u00e7\u00e3o do acesso \u00e0s artes da cena em diferentes contextos educativos e comunit\u00e1rios, com foco principal na educa\u00e7\u00e3o b\u00e1sica.<\/p>\n<h3><\/h3>\n","protected":false},"excerpt":{"rendered":"<p>A Licenciatura em Teatro da UFMG forma docentes-artistas-pesquisadores com s\u00f3lida forma\u00e7\u00e3o \u00e9tica, art\u00edstica, te\u00f3rica, t\u00e9cnica e pedag\u00f3gica, preparados para atuar no ensino de teatro na educa\u00e7\u00e3o b\u00e1sica e em diferentes contextos socioculturais. O curso compreende o teatro como pr\u00e1tica est\u00e9tica, pol\u00edtica e transformadora, em di\u00e1logo com outras linguagens art\u00edsticas e com os desafios contempor\u00e2neos da &hellip; <\/p>\n<p class=\"link-more\"><a href=\"https:\/\/grad.eba.ufmg.br\/teatro\/?page_id=17\" class=\"more-link\">Leia mais<span class=\"screen-reader-text\"> &#8220;LICENCIATURA EM TEATRO&#8221;<\/span><\/a><\/p>\n","protected":false},"author":1,"featured_media":0,"parent":12,"menu_order":0,"comment_status":"open","ping_status":"closed","template":"","meta":{"_themeisle_gutenberg_block_has_review":false,"footnotes":""},"class_list":["post-17","page","type-page","status-publish","hentry"],"_links":{"self":[{"href":"https:\/\/grad.eba.ufmg.br\/teatro\/index.php?rest_route=\/wp\/v2\/pages\/17","targetHints":{"allow":["GET"]}}],"collection":[{"href":"https:\/\/grad.eba.ufmg.br\/teatro\/index.php?rest_route=\/wp\/v2\/pages"}],"about":[{"href":"https:\/\/grad.eba.ufmg.br\/teatro\/index.php?rest_route=\/wp\/v2\/types\/page"}],"author":[{"embeddable":true,"href":"https:\/\/grad.eba.ufmg.br\/teatro\/index.php?rest_route=\/wp\/v2\/users\/1"}],"replies":[{"embeddable":true,"href":"https:\/\/grad.eba.ufmg.br\/teatro\/index.php?rest_route=%2Fwp%2Fv2%2Fcomments&post=17"}],"version-history":[{"count":18,"href":"https:\/\/grad.eba.ufmg.br\/teatro\/index.php?rest_route=\/wp\/v2\/pages\/17\/revisions"}],"predecessor-version":[{"id":2038,"href":"https:\/\/grad.eba.ufmg.br\/teatro\/index.php?rest_route=\/wp\/v2\/pages\/17\/revisions\/2038"}],"up":[{"embeddable":true,"href":"https:\/\/grad.eba.ufmg.br\/teatro\/index.php?rest_route=\/wp\/v2\/pages\/12"}],"wp:attachment":[{"href":"https:\/\/grad.eba.ufmg.br\/teatro\/index.php?rest_route=%2Fwp%2Fv2%2Fmedia&parent=17"}],"curies":[{"name":"wp","href":"https:\/\/api.w.org\/{rel}","templated":true}]}}