{"id":1666,"date":"2023-05-25T12:49:16","date_gmt":"2023-05-25T12:49:16","guid":{"rendered":"https:\/\/grad.eba.ufmg.br\/teatro\/?page_id=1666"},"modified":"2023-05-25T13:19:42","modified_gmt":"2023-05-25T13:19:42","slug":"atividades-academicas-cientifico-culturais-aaccs","status":"publish","type":"page","link":"https:\/\/grad.eba.ufmg.br\/teatro\/?page_id=1666","title":{"rendered":"Atividades Acad\u00eamicas Cient\u00edfico-Culturais (AACCs)"},"content":{"rendered":"\n<p>S\u00e3o atividades acad\u00eamico-cient\u00edfico-culturais:<\/p>\n\n\n\n<ul class=\"wp-block-list\">\n<li>Programas e projetos de Pesquisa, Ensino e Extens\u00e3o da UFMG.<\/li>\n\n\n\n<li>Eventos de natureza art\u00edstica e\/ou cient\u00edfica.<\/li>\n\n\n\n<li>Espet\u00e1culos c\u00eanicos.<\/li>\n\n\n\n<li>Cursos e oficinas \u2013 como ouvinte ou ministrados.<\/li>\n\n\n\n<li>Grupos de estudo e\/ou art\u00edsticos.<\/li>\n\n\n\n<li>Publica\u00e7\u00e3o de artigos na \u00e1rea.<\/li>\n<\/ul>\n\n\n\n<p>A integraliza\u00e7\u00e3o em AACC ser\u00e1 de, no m\u00e1ximo, 14 cr\u00e9ditos, obrigatoriamente aos<br>licenciandos em Teatro e facultada aos bacharelandos em Interpreta\u00e7\u00e3o Teatral, podendo<br>ser requerida 02 vezes para cada tipo diferente de atividade em at\u00e9 2 semestres ou at\u00e9 3<br>vezes, dependendo da natureza e da avalia\u00e7\u00e3o da coordena\u00e7\u00e3o. Os cr\u00e9ditos ser\u00e3o assim<br>distribu\u00eddos:<\/p>\n\n\n\n<ul class=\"wp-block-list\">\n<li>Participa\u00e7\u00e3o em eventos de natureza art\u00edstica e\/ou cient\u00edfica sem apresenta\u00e7\u00e3o de trabalho: 01 cr\u00e9dito \u2013 EBA 017 \u2013 Participa\u00e7\u00e3o em Eventos A;<\/li>\n\n\n\n<li>Participa\u00e7\u00e3o em eventos de natureza art\u00edstica e\/ou cient\u00edfica com apresenta\u00e7\u00e3o de trabalho: 02 cr\u00e9ditos \u2013 EBA 018 \u2013 Participa\u00e7\u00e3o em Eventos B;<\/li>\n\n\n\n<li>Espet\u00e1culos c\u00eanicos como membro efetivo do elenco ou da equipe t\u00e9cnica 02 cr\u00e9ditos, por no m\u00ednimo, 4 apresenta\u00e7\u00f5es do espet\u00e1culo, computados na disciplina EBA 018 Participa\u00e7\u00e3o em Eventos B. Essa integraliza\u00e7\u00e3o \u00e9 v\u00e1lida para atividades fora do curso e para aquelas em que o estudante n\u00e3o esteja regularmente matriculado.<\/li>\n\n\n\n<li>Programas e projetos de Pesquisa, Ensino e Extens\u00e3o da UFMG \u2013 02 cr\u00e9ditos por semestre que ser\u00e3o computados na disciplina EBA 023- Participa\u00e7\u00e3o em Projetos de Ensino, Pesquisa e Extens\u00e3o.<\/li>\n\n\n\n<li>Participa\u00e7\u00e3o em Cursos e Oficinas &#8211; ser\u00e1 destinado 01 cr\u00e9dito para cada 15 horas, at\u00e9 o limite de 04 cr\u00e9ditos que ser\u00e3o computados na disciplina EBA 024 Participa\u00e7\u00e3o em cursos, oficinas na \u00e1rea art\u00edstica a afins.<\/li>\n\n\n\n<li>Grupos de estudo e\/ou art\u00edsticos \u2013 02 cr\u00e9ditos por, no m\u00ednimo, 1 semestre com apresenta\u00e7\u00e3o de comprovante de participa\u00e7\u00e3o &#8211; declara\u00e7\u00e3o ou programa &#8211; que ser\u00e1 computado na disciplina EBA 025 Grupos de Estudos e\/ou Art\u00edsticos.<\/li>\n\n\n\n<li>Publica\u00e7\u00e3o de artigo \u2013 3 cr. Na disciplina EBA 019 \u2013 Participa\u00e7\u00e3o em eventos C.<\/li>\n<\/ul>\n\n\n\n<p><strong><em>V\u00eddeo para aux\u00edlio (preenchimento de formul\u00e1rio):<\/em><\/strong> <a href=\"https:\/\/drive.google.com\/file\/d\/1TzhMwH-H0o23udQZnvyx_yDHE5wqU8fU\/view?usp=sharing\" data-type=\"URL\" data-id=\"https:\/\/drive.google.com\/file\/d\/1TzhMwH-H0o23udQZnvyx_yDHE5wqU8fU\/view?usp=sharing\">https:\/\/drive.google.com\/file\/d\/1TzhMwH-H0o23udQZnvyx_yDHE5wqU8fU\/view?usp=sharing<\/a><\/p>\n","protected":false},"excerpt":{"rendered":"<p>S\u00e3o atividades acad\u00eamico-cient\u00edfico-culturais: A integraliza\u00e7\u00e3o em AACC ser\u00e1 de, no m\u00e1ximo, 14 cr\u00e9ditos, obrigatoriamente aoslicenciandos em Teatro e facultada aos bacharelandos em Interpreta\u00e7\u00e3o Teatral, podendoser requerida 02 vezes para cada tipo diferente de atividade em at\u00e9 2 semestres ou at\u00e9 3vezes, dependendo da natureza e da avalia\u00e7\u00e3o da coordena\u00e7\u00e3o. Os cr\u00e9ditos ser\u00e3o assimdistribu\u00eddos: V\u00eddeo para &hellip; <\/p>\n<p class=\"link-more\"><a href=\"https:\/\/grad.eba.ufmg.br\/teatro\/?page_id=1666\" class=\"more-link\">Leia mais<span class=\"screen-reader-text\"> &#8220;Atividades Acad\u00eamicas Cient\u00edfico-Culturais (AACCs)&#8221;<\/span><\/a><\/p>\n","protected":false},"author":9,"featured_media":0,"parent":0,"menu_order":0,"comment_status":"closed","ping_status":"closed","template":"","meta":{"_themeisle_gutenberg_block_has_review":false,"footnotes":""},"class_list":["post-1666","page","type-page","status-publish","hentry"],"_links":{"self":[{"href":"https:\/\/grad.eba.ufmg.br\/teatro\/index.php?rest_route=\/wp\/v2\/pages\/1666","targetHints":{"allow":["GET"]}}],"collection":[{"href":"https:\/\/grad.eba.ufmg.br\/teatro\/index.php?rest_route=\/wp\/v2\/pages"}],"about":[{"href":"https:\/\/grad.eba.ufmg.br\/teatro\/index.php?rest_route=\/wp\/v2\/types\/page"}],"author":[{"embeddable":true,"href":"https:\/\/grad.eba.ufmg.br\/teatro\/index.php?rest_route=\/wp\/v2\/users\/9"}],"replies":[{"embeddable":true,"href":"https:\/\/grad.eba.ufmg.br\/teatro\/index.php?rest_route=%2Fwp%2Fv2%2Fcomments&post=1666"}],"version-history":[{"count":5,"href":"https:\/\/grad.eba.ufmg.br\/teatro\/index.php?rest_route=\/wp\/v2\/pages\/1666\/revisions"}],"predecessor-version":[{"id":1673,"href":"https:\/\/grad.eba.ufmg.br\/teatro\/index.php?rest_route=\/wp\/v2\/pages\/1666\/revisions\/1673"}],"wp:attachment":[{"href":"https:\/\/grad.eba.ufmg.br\/teatro\/index.php?rest_route=%2Fwp%2Fv2%2Fmedia&parent=1666"}],"curies":[{"name":"wp","href":"https:\/\/api.w.org\/{rel}","templated":true}]}}