{"id":1502,"date":"2023-05-11T14:39:31","date_gmt":"2023-05-11T14:39:31","guid":{"rendered":"https:\/\/grad.eba.ufmg.br\/teatro\/?page_id=1502"},"modified":"2025-02-11T11:58:38","modified_gmt":"2025-02-11T11:58:38","slug":"calendario-academico-resumido","status":"publish","type":"page","link":"https:\/\/grad.eba.ufmg.br\/teatro\/?page_id=1502","title":{"rendered":"Calend\u00e1rio Acad\u00eamico Resumido 2025\/1"},"content":{"rendered":"\t\t<div data-elementor-type=\"wp-page\" data-elementor-id=\"1502\" class=\"elementor elementor-1502\">\n\t\t\t\t\t\t<section class=\"elementor-section elementor-top-section elementor-element elementor-element-19d40154 elementor-section-boxed elementor-section-height-default elementor-section-height-default\" data-id=\"19d40154\" data-element_type=\"section\">\n\t\t\t\t\t\t<div class=\"elementor-container elementor-column-gap-default\">\n\t\t\t\t\t<div class=\"elementor-column elementor-col-100 elementor-top-column elementor-element elementor-element-1f36d2b2\" data-id=\"1f36d2b2\" data-element_type=\"column\">\n\t\t\t<div class=\"elementor-widget-wrap elementor-element-populated\">\n\t\t\t\t\t\t<div class=\"elementor-element elementor-element-4b12d22f elementor-widget elementor-widget-text-editor\" data-id=\"4b12d22f\" data-element_type=\"widget\" data-widget_type=\"text-editor.default\">\n\t\t\t\t<div class=\"elementor-widget-container\">\n\t\t\t\t\t\t\t\t\t<p><\/p>\n<ul class=\"wp-block-list\">\n<li style=\"list-style-type: none;\">\n<ul><\/ul>\n<\/li>\n<\/ul>\n<ul>\n<li style=\"list-style-type: none;\">\n<ul>\n<li><strong>10\/03\/2025<\/strong> &#8211; IN\u00cdCIO DO 1\u00b0 PER\u00cdODO LETIVO DE 2025.<\/li>\n<li><strong>10\/03\/2025 \u00e0 31\/03\/2025 <\/strong>\u2013 Inicio do per\u00edodo de requerimento on-line para comprova\u00e7\u00e3o de conhecimentos em atividades acad\u00eamicas curriculares para o primeiro per\u00edodo letivo de 2025, para os estudantes de gradua\u00e7\u00e3o, nos colegiados de cursos de gradua\u00e7\u00e3o.<\/li>\n<li><strong>31\/03\/2025<\/strong> &#8211; Data-limite para requerimento de aproveitamento de estudos, pelos estudantes de Gradua\u00e7\u00e3o, nos Colegiados de Cursos de Gradua\u00e7\u00e3o.<\/li>\n<li><strong>31\/03\/2025<\/strong> \u2013 T\u00e9rmino do per\u00edodo para requerimento on-line de exame de comprova\u00e7\u00e3o de conhecimentos em atividades acad\u00eamicas curriculares para o 1\u00ba per\u00edodo letivo de 2025, pelos estudantes de Gradua\u00e7\u00e3o, nos Colegiados de Cursos de Gradua\u00e7\u00e3o.<\/li>\n<li><strong>02\/04\/2025 \u00e0 04\/04\/2025 <\/strong>&#8211; Per\u00edodo de inscri\u00e7\u00e3o no processo seletivo para continuidade de estudos visando \u00e0 obten\u00e7\u00e3o de novo diploma ou habilita\u00e7\u00e3o para in\u00edcio no 2\u00ba per\u00edodo letivo de 2024. (Abre e fecha no mesmo dia)<\/li>\n<li><strong>10\/04\/2025<\/strong> \u2013 Data limite para trancamento total sem justificativa.<\/li>\n<li><strong>12\/05\/2025 \u00e0 16\/05\/2025 <\/strong>\u2013 Per\u00edodo para solicita\u00e7\u00e3o de mudan\u00e7a de percurso curricular (modalidade ou habilita\u00e7\u00e3o) para o 2\u00b0 per\u00edodo letivo de 2025, pelos estudantes de Gradua\u00e7\u00e3o, nos Colegiados de Cursos de Gradua\u00e7\u00e3o.<\/li>\n<li><strong>12\/05\/2025 \u00e0 16\/05\/2025 <\/strong>\u2013 Per\u00edodo para inscri\u00e7\u00e3o on-line \u00e0 cola\u00e7\u00e3o de grau dos prov\u00e1veis estudantes de Gradua\u00e7\u00e3o concluintes do 1o per\u00edodo letivo de 2023. (<a href=\"mailto:sensino@eba.ufmg.br\">sensino@eba.ufmg.br<\/a>)<\/li>\n<li><strong>16\/05\/2025 <\/strong>&#8211; Data-limite para requerimento de trancamento parcial de matr\u00edcula, com ou sem justificativa, em atividades acad\u00eamicas curriculares da Gradua\u00e7\u00e3o<strong>.<\/strong><\/li>\n<li><strong>09\/06\/2025 \u00e0 11\/06\/2025<\/strong> \u2013 Per\u00edodo para reformula\u00e7\u00e3o dos Planos de Estudos e inclus\u00e3o de atividades de Forma\u00e7\u00e3o Complementar Aberta (n\u00facleo complementar) para o 2o per\u00edodo letivo de 2023, pelos estudantes de Gradua\u00e7\u00e3o, no Sistema Acad\u00eamico de Gradua\u00e7\u00e3o (SIGA).<\/li>\n<li><strong>12\/07\/2025<\/strong> &#8211; Data-limite para requerimento de trancamento total de matr\u00edcula, com justificativa, conforme determina\u00e7\u00f5es do art. 96 da Resolu\u00e7\u00e3o Complementar do CEPE n\u00ba 01\/2018, no 1\u00ba per\u00edodo letivo de 2025, pelos estudantes de Gradua\u00e7\u00e3o.<\/li>\n<li><strong>12\/07\/2025<\/strong> &#8211; \u00daLTIMO DIA LETIVO DO 1\u00b0 PER\u00cdODO DE 2025.<\/li>\n<\/ul>\n<\/li>\n<\/ul>\n<p><\/p>\n<p><\/p>\n<ul>\n<li style=\"list-style-type: none;\">\u00a0<\/li>\n<\/ul>\n<p><\/p>\n<p><\/p>\n<p><\/p>\n<p>O calend\u00e1rio acad\u00eamico de matr\u00edcula para o segundo semestre de 2024 est\u00e1 dispon\u00edvel no documento abaixo.<\/p>\n<p><\/p>\n<p><\/p>\n<div><a href=\"https:\/\/grad.eba.ufmg.br\/teatro\/wp-content\/uploads\/2025\/02\/Calendario-Academico-2025.pdf\"><strong>CALEND\u00c1RIO ACAD\u00caMICO 2025<\/strong><\/a><\/div>\n<p><\/p>\t\t\t\t\t\t\t\t<\/div>\n\t\t\t\t<\/div>\n\t\t\t\t\t<\/div>\n\t\t<\/div>\n\t\t\t\t\t<\/div>\n\t\t<\/section>\n\t\t\t\t<\/div>\n\t\t","protected":false},"excerpt":{"rendered":"<p>O calend\u00e1rio acad\u00eamico de matr\u00edcula para o segundo semestre de 2024 est\u00e1 dispon\u00edvel no documento abaixo.<\/p>\n","protected":false},"author":9,"featured_media":0,"parent":0,"menu_order":0,"comment_status":"closed","ping_status":"closed","template":"","meta":{"_themeisle_gutenberg_block_has_review":false,"footnotes":""},"class_list":["post-1502","page","type-page","status-publish","hentry"],"_links":{"self":[{"href":"https:\/\/grad.eba.ufmg.br\/teatro\/index.php?rest_route=\/wp\/v2\/pages\/1502","targetHints":{"allow":["GET"]}}],"collection":[{"href":"https:\/\/grad.eba.ufmg.br\/teatro\/index.php?rest_route=\/wp\/v2\/pages"}],"about":[{"href":"https:\/\/grad.eba.ufmg.br\/teatro\/index.php?rest_route=\/wp\/v2\/types\/page"}],"author":[{"embeddable":true,"href":"https:\/\/grad.eba.ufmg.br\/teatro\/index.php?rest_route=\/wp\/v2\/users\/9"}],"replies":[{"embeddable":true,"href":"https:\/\/grad.eba.ufmg.br\/teatro\/index.php?rest_route=%2Fwp%2Fv2%2Fcomments&post=1502"}],"version-history":[{"count":25,"href":"https:\/\/grad.eba.ufmg.br\/teatro\/index.php?rest_route=\/wp\/v2\/pages\/1502\/revisions"}],"predecessor-version":[{"id":1976,"href":"https:\/\/grad.eba.ufmg.br\/teatro\/index.php?rest_route=\/wp\/v2\/pages\/1502\/revisions\/1976"}],"wp:attachment":[{"href":"https:\/\/grad.eba.ufmg.br\/teatro\/index.php?rest_route=%2Fwp%2Fv2%2Fmedia&parent=1502"}],"curies":[{"name":"wp","href":"https:\/\/api.w.org\/{rel}","templated":true}]}}