{"id":761,"date":"2023-01-26T16:18:49","date_gmt":"2023-01-26T19:18:49","guid":{"rendered":"https:\/\/grad.eba.ufmg.br\/designdemoda\/?page_id=761"},"modified":"2024-10-17T17:13:46","modified_gmt":"2024-10-17T20:13:46","slug":"percursos-curriculares","status":"publish","type":"page","link":"https:\/\/grad.eba.ufmg.br\/designdemoda\/index.php\/curso\/percursos-curriculares\/","title":{"rendered":"Percursos Curriculares"},"content":{"rendered":"\t\t<div data-elementor-type=\"wp-page\" data-elementor-id=\"761\" class=\"elementor elementor-761\">\n\t\t\t\t\t\t<section class=\"elementor-section elementor-top-section elementor-element elementor-element-c73da09 elementor-section-boxed elementor-section-height-default elementor-section-height-default\" data-id=\"c73da09\" data-element_type=\"section\" data-e-type=\"section\">\n\t\t\t\t\t\t<div class=\"elementor-container elementor-column-gap-default\">\n\t\t\t\t\t<div class=\"elementor-column elementor-col-100 elementor-top-column elementor-element elementor-element-4a767b0\" data-id=\"4a767b0\" data-element_type=\"column\" data-e-type=\"column\">\n\t\t\t<div class=\"elementor-widget-wrap elementor-element-populated\">\n\t\t\t\t\t\t<div class=\"elementor-element elementor-element-bc6a9de elementor-widget elementor-widget-heading\" data-id=\"bc6a9de\" data-element_type=\"widget\" data-e-type=\"widget\" data-widget_type=\"heading.default\">\n\t\t\t\t<div class=\"elementor-widget-container\">\n\t\t\t\t\t<h2 class=\"elementor-heading-title elementor-size-default\">Mudan\u00e7a de Percurso Curricular<\/h2>\t\t\t\t<\/div>\n\t\t\t\t<\/div>\n\t\t\t\t\t<\/div>\n\t\t<\/div>\n\t\t\t\t\t<\/div>\n\t\t<\/section>\n\t\t\t\t<section class=\"elementor-section elementor-top-section elementor-element elementor-element-11304a1 elementor-section-boxed elementor-section-height-default elementor-section-height-default\" data-id=\"11304a1\" data-element_type=\"section\" data-e-type=\"section\">\n\t\t\t\t\t\t<div class=\"elementor-container elementor-column-gap-default\">\n\t\t\t\t\t<div class=\"elementor-column elementor-col-100 elementor-top-column elementor-element elementor-element-d43b7ca\" data-id=\"d43b7ca\" data-element_type=\"column\" data-e-type=\"column\">\n\t\t\t<div class=\"elementor-widget-wrap elementor-element-populated\">\n\t\t\t\t\t\t<div class=\"elementor-element elementor-element-39aa550 elementor-widget elementor-widget-spacer\" data-id=\"39aa550\" data-element_type=\"widget\" data-e-type=\"widget\" data-widget_type=\"spacer.default\">\n\t\t\t\t<div class=\"elementor-widget-container\">\n\t\t\t\t\t\t\t<div class=\"elementor-spacer\">\n\t\t\t<div class=\"elementor-spacer-inner\"><\/div>\n\t\t<\/div>\n\t\t\t\t\t\t<\/div>\n\t\t\t\t<\/div>\n\t\t\t\t\t<\/div>\n\t\t<\/div>\n\t\t\t\t\t<\/div>\n\t\t<\/section>\n\t\t\t\t<section class=\"elementor-section elementor-top-section elementor-element elementor-element-f03d524 elementor-section-boxed elementor-section-height-default elementor-section-height-default\" data-id=\"f03d524\" data-element_type=\"section\" data-e-type=\"section\">\n\t\t\t\t\t\t<div class=\"elementor-container elementor-column-gap-default\">\n\t\t\t\t\t<div class=\"elementor-column elementor-col-100 elementor-top-column elementor-element elementor-element-10392e0\" data-id=\"10392e0\" data-element_type=\"column\" data-e-type=\"column\">\n\t\t\t<div class=\"elementor-widget-wrap elementor-element-populated\">\n\t\t\t\t\t\t<div class=\"elementor-element elementor-element-72f7d69 elementor-widget elementor-widget-text-editor\" data-id=\"72f7d69\" data-element_type=\"widget\" data-e-type=\"widget\" data-widget_type=\"text-editor.default\">\n\t\t\t\t<div class=\"elementor-widget-container\">\n\t\t\t\t\t\t\t\t\t<p><span class=\"\">O curso de Design de Moda oferece dois percursos acad\u00eamicos: Forma\u00e7\u00e3o Livre (FL) e Forma\u00e7\u00e3o Complementar Aberta (FCA).<\/span><\/p><p><strong><span class=\"\">Forma\u00e7\u00e3o Livre<\/span><\/strong><\/p><p><span class=\"\">S\u00e3o disciplinas que n\u00e3o est\u00e3o no grupo de disciplinas obrigat\u00f3rias nem de optativas do curso. Estas disciplinas pertencem a outros cursos da UFMG (anteriormente eram denominadas \u201cdisciplinas eletivas\u201d).\u00a0<\/span><span class=\"\">S\u00e3o disciplinas oferecidas em outros cursos e\/ou unidades acad\u00eamicas que podem ser escolhidas pelo aluno, de acordo com a oferta e disponibilidade de vagas.<\/span><\/p><p><span class=\"\">Ao ingressar no curso o estudante \u00e9 automaticamente vinculado ao percurso FL, em tal percurso o aluno deve cursar no m\u00ednimo 45h em disciplinas de outro(s) curso(s) da UFMG.\u00a0<br \/><\/span><\/p><p><strong><span class=\"\">Forma\u00e7\u00e3o Complementar Aberta<\/span><\/strong><\/p><p><span class=\"\">A Forma\u00e7\u00e3o Complementar Aberta permite ao estudante ampliar a sua forma\u00e7\u00e3o em qualquer campo do conhecimento, com base estritamente em seu interesse individual.\u00a0<\/span>O(a) aluno(a) pode escolher, para tanto, disciplinas de qualquer curso de gradua\u00e7\u00e3o da UFMG, ou seja,\u00a0disciplinas que n\u00e3o est\u00e3o no grupo de disciplinas obrigat\u00f3rias nem de optativas do seu curso.<\/p><p><span class=\"\">\u00c9 importante que ao decidir cursar FCA o estudante se informe bem sobre como ir\u00e1 montar seu percurso, pois as disciplinas s\u00e3o escolhidas por ele pr\u00f3prio.\u00a0<\/span>Ao optar pelo percurso de FCA, o estudante deve cumprir, no m\u00ednimo, 360h em disciplinas do(s) curso(s) de sua FCA.\u00a0<\/p>\t\t\t\t\t\t\t\t<\/div>\n\t\t\t\t<\/div>\n\t\t\t\t\t<\/div>\n\t\t<\/div>\n\t\t\t\t\t<\/div>\n\t\t<\/section>\n\t\t\t\t<section class=\"elementor-section elementor-top-section elementor-element elementor-element-56e0bb5 elementor-section-boxed elementor-section-height-default elementor-section-height-default\" data-id=\"56e0bb5\" data-element_type=\"section\" data-e-type=\"section\">\n\t\t\t\t\t\t<div class=\"elementor-container elementor-column-gap-default\">\n\t\t\t\t\t<div class=\"elementor-column elementor-col-100 elementor-top-column elementor-element elementor-element-dcebdd0\" data-id=\"dcebdd0\" data-element_type=\"column\" data-e-type=\"column\">\n\t\t\t<div class=\"elementor-widget-wrap elementor-element-populated\">\n\t\t\t\t\t\t<div class=\"elementor-element elementor-element-bacc648 elementor-widget elementor-widget-elementskit-tablepress\" data-id=\"bacc648\" data-element_type=\"widget\" data-e-type=\"widget\" data-widget_type=\"elementskit-tablepress.default\">\n\t\t\t\t<div class=\"elementor-widget-container\">\n\t\t\t\t\t<div class=\"elemenetskit-tablepress ekit-wid-con\" id=\"ekit_tablepress_bacc648\">\n<table id=\"tablepress-8\" class=\"tablepress tablepress-id-8\">\n<thead>\n<tr class=\"row-1\">\n\t<td class=\"column-1\"><\/td><th class=\"column-2\">Obrigat\u00f3rias<\/th><th class=\"column-3\">Optativas<\/th><th class=\"column-4\">FL<\/th><th class=\"column-5\">FCA<\/th><th class=\"column-6\">Total<\/th>\n<\/tr>\n<\/thead>\n<tbody class=\"row-striping row-hover\">\n<tr class=\"row-2\">\n\t<td class=\"column-1\">FL<\/td><td class=\"column-2\">1545h<\/td><td class=\"column-3\">810h<\/td><td class=\"column-4\">45h<\/td><td class=\"column-5\">0h<\/td><td class=\"column-6\">2400<\/td>\n<\/tr>\n<tr class=\"row-3\">\n\t<td class=\"column-1\">FCA<\/td><td class=\"column-2\">1545h<\/td><td class=\"column-3\">300h\/450h<\/td><td class=\"column-4\">45h\/120h**<\/td><td class=\"column-5\">360h\/435h**<\/td><td class=\"column-6\">2400<\/td>\n<\/tr>\n<\/tbody>\n<\/table>\n<!-- #tablepress-8 from cache --><\/div>\t\t\t\t<\/div>\n\t\t\t\t<\/div>\n\t\t\t\t\t<\/div>\n\t\t<\/div>\n\t\t\t\t\t<\/div>\n\t\t<\/section>\n\t\t\t\t<section class=\"elementor-section elementor-top-section elementor-element elementor-element-a15a20c elementor-section-boxed elementor-section-height-default elementor-section-height-default\" data-id=\"a15a20c\" data-element_type=\"section\" data-e-type=\"section\">\n\t\t\t\t\t\t<div class=\"elementor-container elementor-column-gap-default\">\n\t\t\t\t\t<div class=\"elementor-column elementor-col-100 elementor-top-column elementor-element elementor-element-f5d069d\" data-id=\"f5d069d\" data-element_type=\"column\" data-e-type=\"column\">\n\t\t\t<div class=\"elementor-widget-wrap elementor-element-populated\">\n\t\t\t\t\t\t<div class=\"elementor-element elementor-element-207170a elementor-widget elementor-widget-text-editor\" data-id=\"207170a\" data-element_type=\"widget\" data-e-type=\"widget\" data-widget_type=\"text-editor.default\">\n\t\t\t\t<div class=\"elementor-widget-container\">\n\t\t\t\t\t\t\t\t\t<p><span class=\"\">** FCA est\u00e1 configurado com m\u00ednimos e m\u00e1ximos de carga hor\u00e1ria. Desta forma, o aluno que solicita cursar FCA tamb\u00e9m deve estar ciente que\u00a0<strong>al\u00e9m de cursar o m\u00ednimo de 360h em outro(s) curso(s) da UFMG, espec\u00edficos de sua FCA, dever\u00e1 cursar tamb\u00e9m FL de forma que, impreterivelmente, resulte no m\u00ednimo de 480h em FL + FCA<\/strong>. Alguns exemplos poss\u00edveis:<\/span><\/p><p><span class=\"\">120h FL + 360h FCA = 480h<\/span><\/p><p id=\"yui_3_17_2_1_1729193897619_174\"><span class=\"\">60h FL + 420h FCA = 480h<\/span><\/p>\t\t\t\t\t\t\t\t<\/div>\n\t\t\t\t<\/div>\n\t\t\t\t\t<\/div>\n\t\t<\/div>\n\t\t\t\t\t<\/div>\n\t\t<\/section>\n\t\t\t\t<section class=\"elementor-section elementor-top-section elementor-element elementor-element-f1cb606 elementor-section-boxed elementor-section-height-default elementor-section-height-default\" data-id=\"f1cb606\" data-element_type=\"section\" data-e-type=\"section\">\n\t\t\t\t\t\t<div class=\"elementor-container elementor-column-gap-default\">\n\t\t\t\t\t<div class=\"elementor-column elementor-col-100 elementor-top-column elementor-element elementor-element-5a2a3ca\" data-id=\"5a2a3ca\" data-element_type=\"column\" data-e-type=\"column\">\n\t\t\t<div class=\"elementor-widget-wrap elementor-element-populated\">\n\t\t\t\t\t\t<div class=\"elementor-element elementor-element-dac1c38 elementor-widget elementor-widget-text-editor\" data-id=\"dac1c38\" data-element_type=\"widget\" data-e-type=\"widget\" data-widget_type=\"text-editor.default\">\n\t\t\t\t<div class=\"elementor-widget-container\">\n\t\t\t\t\t\t\t\t\t<p><strong><span class=\"\">Quando requerer a Forma\u00e7\u00e3o Complementar Aberta?<\/span><\/strong><\/p><p><span class=\"\">A Forma\u00e7\u00e3o Complementar Aberta deve ser requerida pelo estudante nos prazos estipulados no calend\u00e1rio acad\u00eamico da UFMG (mudan\u00e7a de percurso\/op\u00e7\u00e3o por modalidade), ocorrendo uma vez a cada semestre.<\/span><\/p><p><span class=\"\"><strong>Quero fazer FCA, o que preciso fazer?<\/strong><\/span><\/p><p><span class=\"\">Ao escolher a FCA pense em:<\/span><\/p><ul id=\"yui_3_17_2_1_1729193897619_176\"><li id=\"yui_3_17_2_1_1729193897619_175\"><span class=\"\">\u00e1reas que considere estrat\u00e9gicas de atua\u00e7\u00e3o junto com o\u00a0campo de Design de Moda;<\/span><\/li><li><span class=\"\">cursos que voc\u00ea tem interesse e curiosidade para aprender mais;<\/span><\/li><\/ul><p><span class=\"\">Uma vez definido o curso, consulte o\u00a0Projeto Pedag\u00f3gico ou a matriz curricular dele\u00a0e veja quais disciplinas voc\u00ea tem interesse. Se poss\u00edvel, entre em contato com a coordena\u00e7\u00e3o desse curso para ter mais informa\u00e7\u00f5es. Alguns cursos n\u00e3o liberam vagas de disciplinas obrigat\u00f3rias para alunos de FCA, ent\u00e3o\u00a0consulte a coordena\u00e7\u00e3o desse curso para saber quais disciplinas est\u00e3o dispon\u00edveis para FCA. Ao selecionar as disciplinas, \u00e9 imprescind\u00edvel que observe se a disciplina tem pr\u00e9-requisito.\u00a0\u00a0<\/span><\/p><p><span class=\"\">A altera\u00e7\u00e3o do percurso de integraliza\u00e7\u00e3o inicial (FL) para FCA depende de manifesta\u00e7\u00e3o escrita do aluno, em formul\u00e1rio pr\u00f3prio, a ser protocolizado junto \u00e0 Secretaria do Colegiado de Gradua\u00e7\u00e3o e est\u00e1 condicionada \u00e0 aprova\u00e7\u00e3o do Colegiado de Design de Moda, bem como, ao(s) colegiado(s) em que deseja cursar as disciplinas de FCA.<\/span><\/p><p><span class=\"\">Uma vez aprovada pelos colegiados envolvidos, \u00e9 fundamental que o discente indique tamb\u00e9m no plano de estudos (no SIGA) as disciplinas do(s) outro(s) curso(s) que deseja cursar ao longo da sua gradua\u00e7\u00e3o.<\/span><\/p><p><span class=\"\">Com essa indica\u00e7\u00e3o das disciplinas no seu Plano de Estudos, ter\u00e1 prioridade para conseguir a matr\u00edcula nessas disciplinas, durante a\u00a0<u>3\u00aa fase de matr\u00edcula\u00a0<\/u><u>online<\/u>.<\/span><\/p>\t\t\t\t\t\t\t\t<\/div>\n\t\t\t\t<\/div>\n\t\t\t\t\t<\/div>\n\t\t<\/div>\n\t\t\t\t\t<\/div>\n\t\t<\/section>\n\t\t\t\t<section class=\"elementor-section elementor-top-section elementor-element elementor-element-15c59a0 elementor-section-boxed elementor-section-height-default elementor-section-height-default\" data-id=\"15c59a0\" data-element_type=\"section\" data-e-type=\"section\">\n\t\t\t\t\t\t<div class=\"elementor-container elementor-column-gap-default\">\n\t\t\t\t\t<div class=\"elementor-column elementor-col-100 elementor-top-column elementor-element elementor-element-8d462de\" data-id=\"8d462de\" data-element_type=\"column\" data-e-type=\"column\">\n\t\t\t<div class=\"elementor-widget-wrap elementor-element-populated\">\n\t\t\t\t\t\t<div class=\"elementor-element elementor-element-58efae6 elementor-widget elementor-widget-heading\" data-id=\"58efae6\" data-element_type=\"widget\" data-e-type=\"widget\" data-widget_type=\"heading.default\">\n\t\t\t\t<div class=\"elementor-widget-container\">\n\t\t\t\t\t<h2 class=\"elementor-heading-title elementor-size-large\">Passo a passo para mudan\u00e7a de percurso<\/h2>\t\t\t\t<\/div>\n\t\t\t\t<\/div>\n\t\t\t\t<div class=\"elementor-element elementor-element-bb85aaa elementor-widget elementor-widget-text-editor\" data-id=\"bb85aaa\" data-element_type=\"widget\" data-e-type=\"widget\" data-widget_type=\"text-editor.default\">\n\t\t\t\t<div class=\"elementor-widget-container\">\n\t\t\t\t\t\t\t\t\t<p><span class=\"\">1) Atentar-se \u00e0 data prevista no calend\u00e1rio acad\u00eamico da UFMG para o envio do requerimento;<\/span><\/p><p><span class=\"\">2) Elaborar plano de estudos (selecionar disciplinas que totalizem o m\u00ednimo de 360h);<\/span><\/p><p><span class=\"\">3) Preencher formul\u00e1rio espec\u00edfico de mudan\u00e7a de percurso e enviar via email: designdemoda@eba.ufmg.br;<\/span><\/p><p><span class=\"\">4) Aguardar a resposta dos\u00a0Colegiados\u00a0envolvidos.<\/span><\/p>\t\t\t\t\t\t\t\t<\/div>\n\t\t\t\t<\/div>\n\t\t\t\t\t<\/div>\n\t\t<\/div>\n\t\t\t\t\t<\/div>\n\t\t<\/section>\n\t\t\t\t<section class=\"elementor-section elementor-top-section elementor-element elementor-element-e37b48f elementor-section-boxed elementor-section-height-default elementor-section-height-default\" data-id=\"e37b48f\" data-element_type=\"section\" data-e-type=\"section\">\n\t\t\t\t\t\t<div class=\"elementor-container elementor-column-gap-default\">\n\t\t\t\t\t<div class=\"elementor-column elementor-col-100 elementor-top-column elementor-element elementor-element-1ba6be7\" data-id=\"1ba6be7\" data-element_type=\"column\" data-e-type=\"column\">\n\t\t\t<div class=\"elementor-widget-wrap elementor-element-populated\">\n\t\t\t\t\t\t<div class=\"elementor-element elementor-element-334e30f elementor-widget elementor-widget-spacer\" data-id=\"334e30f\" data-element_type=\"widget\" data-e-type=\"widget\" data-widget_type=\"spacer.default\">\n\t\t\t\t<div class=\"elementor-widget-container\">\n\t\t\t\t\t\t\t<div class=\"elementor-spacer\">\n\t\t\t<div class=\"elementor-spacer-inner\"><\/div>\n\t\t<\/div>\n\t\t\t\t\t\t<\/div>\n\t\t\t\t<\/div>\n\t\t\t\t\t<\/div>\n\t\t<\/div>\n\t\t\t\t\t<\/div>\n\t\t<\/section>\n\t\t\t\t<section class=\"elementor-section elementor-top-section elementor-element elementor-element-737721d elementor-section-boxed elementor-section-height-default elementor-section-height-default\" data-id=\"737721d\" data-element_type=\"section\" data-e-type=\"section\">\n\t\t\t\t\t\t<div class=\"elementor-container elementor-column-gap-default\">\n\t\t\t\t\t<div class=\"elementor-column elementor-col-100 elementor-top-column elementor-element elementor-element-85cf93c\" data-id=\"85cf93c\" data-element_type=\"column\" data-e-type=\"column\">\n\t\t\t<div class=\"elementor-widget-wrap elementor-element-populated\">\n\t\t\t\t\t\t<div class=\"elementor-element elementor-element-06d009a elementor-widget-divider--view-line elementor-widget elementor-widget-divider\" data-id=\"06d009a\" data-element_type=\"widget\" data-e-type=\"widget\" data-widget_type=\"divider.default\">\n\t\t\t\t<div class=\"elementor-widget-container\">\n\t\t\t\t\t\t\t<div class=\"elementor-divider\">\n\t\t\t<span class=\"elementor-divider-separator\">\n\t\t\t\t\t\t<\/span>\n\t\t<\/div>\n\t\t\t\t\t\t<\/div>\n\t\t\t\t<\/div>\n\t\t\t\t\t<\/div>\n\t\t<\/div>\n\t\t\t\t\t<\/div>\n\t\t<\/section>\n\t\t\t\t<section class=\"elementor-section elementor-top-section elementor-element elementor-element-afb399d elementor-section-boxed elementor-section-height-default elementor-section-height-default\" data-id=\"afb399d\" data-element_type=\"section\" data-e-type=\"section\">\n\t\t\t\t\t\t<div class=\"elementor-container elementor-column-gap-default\">\n\t\t\t\t\t<div class=\"elementor-column elementor-col-100 elementor-top-column elementor-element elementor-element-8654682\" data-id=\"8654682\" data-element_type=\"column\" data-e-type=\"column\">\n\t\t\t<div class=\"elementor-widget-wrap elementor-element-populated\">\n\t\t\t\t\t\t<div class=\"elementor-element elementor-element-726753b elementor-align-center elementor-widget elementor-widget-elementskit-button\" data-id=\"726753b\" data-element_type=\"widget\" data-e-type=\"widget\" data-widget_type=\"elementskit-button.default\">\n\t\t\t\t<div class=\"elementor-widget-container\">\n\t\t\t\t\t<div class=\"ekit-wid-con\" >\t\t<div class=\"ekit-btn-wraper\">\n\t\t\t\t\t\t\t<a href=\"https:\/\/drive.google.com\/drive\/folders\/12ZXdWy6GDUFWtQdKvrRWr7Nu1NudswKQ?usp=drive_link\" target=\"_blank\" class=\"elementskit-btn  whitespace--normal\" id=\"\">\n\t\t\t\t\tFormul\u00e1rios e documentos para Mudan\u00e7a de Percurso  <i class=\"fas fa-external-link-alt\"><\/i>\t\t\t\t<\/a>\n\t\t\t\t\t<\/div>\n        <\/div>\t\t\t\t<\/div>\n\t\t\t\t<\/div>\n\t\t\t\t\t<\/div>\n\t\t<\/div>\n\t\t\t\t\t<\/div>\n\t\t<\/section>\n\t\t\t\t<\/div>\n\t\t","protected":false},"excerpt":{"rendered":"<p>Mudan\u00e7a de Percurso Curricular O curso de Design de Moda oferece dois percursos acad\u00eamicos: Forma\u00e7\u00e3o Livre (FL) e Forma\u00e7\u00e3o Complementar Aberta (FCA). Forma\u00e7\u00e3o Livre S\u00e3o disciplinas que n\u00e3o est\u00e3o no [&hellip;]<\/p>\n","protected":false},"author":1,"featured_media":0,"parent":151,"menu_order":3,"comment_status":"closed","ping_status":"closed","template":"","meta":{"ngg_post_thumbnail":0,"footnotes":""},"class_list":["post-761","page","type-page","status-publish","hentry","rishi-post","no-post-thumbnail"],"rishi__cb_customizer_meta":"","_links":{"self":[{"href":"https:\/\/grad.eba.ufmg.br\/designdemoda\/index.php\/wp-json\/wp\/v2\/pages\/761","targetHints":{"allow":["GET"]}}],"collection":[{"href":"https:\/\/grad.eba.ufmg.br\/designdemoda\/index.php\/wp-json\/wp\/v2\/pages"}],"about":[{"href":"https:\/\/grad.eba.ufmg.br\/designdemoda\/index.php\/wp-json\/wp\/v2\/types\/page"}],"author":[{"embeddable":true,"href":"https:\/\/grad.eba.ufmg.br\/designdemoda\/index.php\/wp-json\/wp\/v2\/users\/1"}],"replies":[{"embeddable":true,"href":"https:\/\/grad.eba.ufmg.br\/designdemoda\/index.php\/wp-json\/wp\/v2\/comments?post=761"}],"version-history":[{"count":49,"href":"https:\/\/grad.eba.ufmg.br\/designdemoda\/index.php\/wp-json\/wp\/v2\/pages\/761\/revisions"}],"predecessor-version":[{"id":2604,"href":"https:\/\/grad.eba.ufmg.br\/designdemoda\/index.php\/wp-json\/wp\/v2\/pages\/761\/revisions\/2604"}],"up":[{"embeddable":true,"href":"https:\/\/grad.eba.ufmg.br\/designdemoda\/index.php\/wp-json\/wp\/v2\/pages\/151"}],"wp:attachment":[{"href":"https:\/\/grad.eba.ufmg.br\/designdemoda\/index.php\/wp-json\/wp\/v2\/media?parent=761"}],"curies":[{"name":"wp","href":"https:\/\/api.w.org\/{rel}","templated":true}]}}