{"id":658,"date":"2023-01-23T17:04:57","date_gmt":"2023-01-23T20:04:57","guid":{"rendered":"https:\/\/grad.eba.ufmg.br\/designdemoda\/?page_id=658"},"modified":"2024-10-18T16:40:49","modified_gmt":"2024-10-18T19:40:49","slug":"tcc","status":"publish","type":"page","link":"https:\/\/grad.eba.ufmg.br\/designdemoda\/index.php\/tcc\/","title":{"rendered":"TCC"},"content":{"rendered":"\t\t<div data-elementor-type=\"wp-page\" data-elementor-id=\"658\" class=\"elementor elementor-658\">\n\t\t\t\t\t\t<section class=\"elementor-section elementor-top-section elementor-element elementor-element-1822f95 elementor-section-boxed elementor-section-height-default elementor-section-height-default\" data-id=\"1822f95\" data-element_type=\"section\" data-e-type=\"section\">\n\t\t\t\t\t\t<div class=\"elementor-container elementor-column-gap-default\">\n\t\t\t\t\t<div class=\"elementor-column elementor-col-100 elementor-top-column elementor-element elementor-element-9ded848\" data-id=\"9ded848\" data-element_type=\"column\" data-e-type=\"column\">\n\t\t\t<div class=\"elementor-widget-wrap elementor-element-populated\">\n\t\t\t\t\t\t<div class=\"elementor-element elementor-element-1fe8bd8 elementor-widget elementor-widget-heading\" data-id=\"1fe8bd8\" data-element_type=\"widget\" data-e-type=\"widget\" data-widget_type=\"heading.default\">\n\t\t\t\t<div class=\"elementor-widget-container\">\n\t\t\t\t\t<h2 class=\"elementor-heading-title elementor-size-default\">TCC <\/h2>\t\t\t\t<\/div>\n\t\t\t\t<\/div>\n\t\t\t\t\t<\/div>\n\t\t<\/div>\n\t\t\t\t\t<\/div>\n\t\t<\/section>\n\t\t\t\t<section class=\"elementor-section elementor-top-section elementor-element elementor-element-0455bf0 elementor-section-boxed elementor-section-height-default elementor-section-height-default\" data-id=\"0455bf0\" data-element_type=\"section\" data-e-type=\"section\">\n\t\t\t\t\t\t<div class=\"elementor-container elementor-column-gap-default\">\n\t\t\t\t\t<div class=\"elementor-column elementor-col-100 elementor-top-column elementor-element elementor-element-ee4f786\" data-id=\"ee4f786\" data-element_type=\"column\" data-e-type=\"column\">\n\t\t\t<div class=\"elementor-widget-wrap elementor-element-populated\">\n\t\t\t\t\t\t<div class=\"elementor-element elementor-element-a12ea23 elementor-widget elementor-widget-spacer\" data-id=\"a12ea23\" data-element_type=\"widget\" data-e-type=\"widget\" data-widget_type=\"spacer.default\">\n\t\t\t\t<div class=\"elementor-widget-container\">\n\t\t\t\t\t\t\t<div class=\"elementor-spacer\">\n\t\t\t<div class=\"elementor-spacer-inner\"><\/div>\n\t\t<\/div>\n\t\t\t\t\t\t<\/div>\n\t\t\t\t<\/div>\n\t\t\t\t\t<\/div>\n\t\t<\/div>\n\t\t\t\t\t<\/div>\n\t\t<\/section>\n\t\t\t\t<section class=\"elementor-section elementor-top-section elementor-element elementor-element-d9aaf93 elementor-section-boxed elementor-section-height-default elementor-section-height-default\" data-id=\"d9aaf93\" data-element_type=\"section\" data-e-type=\"section\">\n\t\t\t\t\t\t<div class=\"elementor-container elementor-column-gap-default\">\n\t\t\t\t\t<div class=\"elementor-column elementor-col-100 elementor-top-column elementor-element elementor-element-41a11eb\" data-id=\"41a11eb\" data-element_type=\"column\" data-e-type=\"column\">\n\t\t\t<div class=\"elementor-widget-wrap elementor-element-populated\">\n\t\t\t\t\t\t<div class=\"elementor-element elementor-element-95f3cd4 elementor-widget elementor-widget-text-editor\" data-id=\"95f3cd4\" data-element_type=\"widget\" data-e-type=\"widget\" data-widget_type=\"text-editor.default\">\n\t\t\t\t<div class=\"elementor-widget-container\">\n\t\t\t\t\t\t\t\t\t<p dir=\"ltr\" style=\"text-align: left;\">O TCC \u00e9 uma atividade curricular com dura\u00e7\u00e3o de dois (02) semestres letivos que \u00e9 desenvolvida\u00a0consecutivamente nas seguintes disciplinas: DES045 Ateli\u00ea de Cria\u00e7\u00e3o: Desenvolvimento, no\u00a0s\u00e9timo per\u00edodo; e DES047 TCC em Design de Moda, no oitavo per\u00edodo. A carga hor\u00e1ria\u00a0estabelecida para as disciplinas que integram o TCC totaliza 240 horas-aula, cursadas integralmente\u00a0no pen\u00faltimo e \u00faltimo semestres do curso, e que envolvem as atividades de pesquisa, elabora\u00e7\u00e3o,\u00a0desenvolvimento e conclus\u00e3o do TCC.<\/p><p dir=\"ltr\" style=\"text-align: left;\">A elabora\u00e7\u00e3o e a defesa de Trabalho de Conclus\u00e3o de Curso em Design de Moda se d\u00e1 sob forma\u00a0de Monografia, ou Cole\u00e7\u00e3o (vestu\u00e1rio e\/ou acess\u00f3rios) ou Projeto Experimental em Design (t\u00eaxtil,\u00a0vestu\u00e1rio e\/ou acess\u00f3rios).<\/p><p dir=\"ltr\" style=\"text-align: left;\">Documentos necess\u00e1rios (dispon\u00edveis no link abaixo): ata da defesa, formul\u00e1rio de marca\u00e7\u00e3o e termo de autoriza\u00e7\u00e3o &#8211; biblioteca<\/p>\t\t\t\t\t\t\t\t<\/div>\n\t\t\t\t<\/div>\n\t\t\t\t\t<\/div>\n\t\t<\/div>\n\t\t\t\t\t<\/div>\n\t\t<\/section>\n\t\t\t\t<section class=\"elementor-section elementor-top-section elementor-element elementor-element-8a7f866 elementor-section-boxed elementor-section-height-default elementor-section-height-default\" data-id=\"8a7f866\" data-element_type=\"section\" data-e-type=\"section\">\n\t\t\t\t\t\t<div class=\"elementor-container elementor-column-gap-default\">\n\t\t\t\t\t<div class=\"elementor-column elementor-col-100 elementor-top-column elementor-element elementor-element-c7526fc\" data-id=\"c7526fc\" data-element_type=\"column\" data-e-type=\"column\">\n\t\t\t<div class=\"elementor-widget-wrap elementor-element-populated\">\n\t\t\t\t\t\t<div class=\"elementor-element elementor-element-f75c386 elementor-align-center elementor-widget elementor-widget-elementskit-button\" data-id=\"f75c386\" data-element_type=\"widget\" data-e-type=\"widget\" data-widget_type=\"elementskit-button.default\">\n\t\t\t\t<div class=\"elementor-widget-container\">\n\t\t\t\t\t<div class=\"ekit-wid-con\" >\t\t<div class=\"ekit-btn-wraper\">\n\t\t\t\t\t\t\t<a href=\"https:\/\/drive.google.com\/drive\/folders\/1QvFExSddVf5hqMuOyco-FPp1joRYcCnw?usp=drive_link\" class=\"elementskit-btn  whitespace--normal\" id=\"\">\n\t\t\t\t\tModelos de documentos e resolu\u00e7\u00e3o  <i class=\"fas fa-external-link-alt\"><\/i>\t\t\t\t<\/a>\n\t\t\t\t\t<\/div>\n        <\/div>\t\t\t\t<\/div>\n\t\t\t\t<\/div>\n\t\t\t\t\t<\/div>\n\t\t<\/div>\n\t\t\t\t\t<\/div>\n\t\t<\/section>\n\t\t\t\t<\/div>\n\t\t","protected":false},"excerpt":{"rendered":"<p>TCC O TCC \u00e9 uma atividade curricular com dura\u00e7\u00e3o de dois (02) semestres letivos que \u00e9 desenvolvida\u00a0consecutivamente nas seguintes disciplinas: DES045 Ateli\u00ea de Cria\u00e7\u00e3o: Desenvolvimento, no\u00a0s\u00e9timo per\u00edodo; e DES047 TCC [&hellip;]<\/p>\n","protected":false},"author":1,"featured_media":0,"parent":0,"menu_order":0,"comment_status":"closed","ping_status":"closed","template":"","meta":{"ngg_post_thumbnail":0,"footnotes":""},"class_list":["post-658","page","type-page","status-publish","hentry","rishi-post","no-post-thumbnail"],"rishi__cb_customizer_meta":"","_links":{"self":[{"href":"https:\/\/grad.eba.ufmg.br\/designdemoda\/index.php\/wp-json\/wp\/v2\/pages\/658","targetHints":{"allow":["GET"]}}],"collection":[{"href":"https:\/\/grad.eba.ufmg.br\/designdemoda\/index.php\/wp-json\/wp\/v2\/pages"}],"about":[{"href":"https:\/\/grad.eba.ufmg.br\/designdemoda\/index.php\/wp-json\/wp\/v2\/types\/page"}],"author":[{"embeddable":true,"href":"https:\/\/grad.eba.ufmg.br\/designdemoda\/index.php\/wp-json\/wp\/v2\/users\/1"}],"replies":[{"embeddable":true,"href":"https:\/\/grad.eba.ufmg.br\/designdemoda\/index.php\/wp-json\/wp\/v2\/comments?post=658"}],"version-history":[{"count":25,"href":"https:\/\/grad.eba.ufmg.br\/designdemoda\/index.php\/wp-json\/wp\/v2\/pages\/658\/revisions"}],"predecessor-version":[{"id":2646,"href":"https:\/\/grad.eba.ufmg.br\/designdemoda\/index.php\/wp-json\/wp\/v2\/pages\/658\/revisions\/2646"}],"wp:attachment":[{"href":"https:\/\/grad.eba.ufmg.br\/designdemoda\/index.php\/wp-json\/wp\/v2\/media?parent=658"}],"curies":[{"name":"wp","href":"https:\/\/api.w.org\/{rel}","templated":true}]}}