{"id":656,"date":"2023-01-23T17:04:39","date_gmt":"2023-01-23T20:04:39","guid":{"rendered":"https:\/\/grad.eba.ufmg.br\/designdemoda\/?page_id=656"},"modified":"2024-10-18T18:51:41","modified_gmt":"2024-10-18T21:51:41","slug":"manuais-do-siga","status":"publish","type":"page","link":"https:\/\/grad.eba.ufmg.br\/designdemoda\/index.php\/manuais-do-siga\/","title":{"rendered":"Manuais do SIGA"},"content":{"rendered":"\t\t<div data-elementor-type=\"wp-page\" data-elementor-id=\"656\" class=\"elementor elementor-656\">\n\t\t\t\t\t\t<section class=\"elementor-section elementor-top-section elementor-element elementor-element-60bf4a0 elementor-section-boxed elementor-section-height-default elementor-section-height-default\" data-id=\"60bf4a0\" data-element_type=\"section\" data-e-type=\"section\">\n\t\t\t\t\t\t<div class=\"elementor-container elementor-column-gap-default\">\n\t\t\t\t\t<div class=\"elementor-column elementor-col-100 elementor-top-column elementor-element elementor-element-2007773\" data-id=\"2007773\" data-element_type=\"column\" data-e-type=\"column\">\n\t\t\t<div class=\"elementor-widget-wrap elementor-element-populated\">\n\t\t\t\t\t\t<div class=\"elementor-element elementor-element-c9db34a elementor-widget elementor-widget-heading\" data-id=\"c9db34a\" data-element_type=\"widget\" data-e-type=\"widget\" data-widget_type=\"heading.default\">\n\t\t\t\t<div class=\"elementor-widget-container\">\n\t\t\t\t\t<h2 class=\"elementor-heading-title elementor-size-default\">Manuais do SIGA<\/h2>\t\t\t\t<\/div>\n\t\t\t\t<\/div>\n\t\t\t\t\t<\/div>\n\t\t<\/div>\n\t\t\t\t\t<\/div>\n\t\t<\/section>\n\t\t\t\t<section class=\"elementor-section elementor-top-section elementor-element elementor-element-6f1c5f8 elementor-section-boxed elementor-section-height-default elementor-section-height-default\" data-id=\"6f1c5f8\" data-element_type=\"section\" data-e-type=\"section\">\n\t\t\t\t\t\t<div class=\"elementor-container elementor-column-gap-default\">\n\t\t\t\t\t<div class=\"elementor-column elementor-col-100 elementor-top-column elementor-element elementor-element-00779fc\" data-id=\"00779fc\" data-element_type=\"column\" data-e-type=\"column\">\n\t\t\t<div class=\"elementor-widget-wrap elementor-element-populated\">\n\t\t\t\t\t\t<div class=\"elementor-element elementor-element-cac409a elementor-widget elementor-widget-spacer\" data-id=\"cac409a\" data-element_type=\"widget\" data-e-type=\"widget\" data-widget_type=\"spacer.default\">\n\t\t\t\t<div class=\"elementor-widget-container\">\n\t\t\t\t\t\t\t<div class=\"elementor-spacer\">\n\t\t\t<div class=\"elementor-spacer-inner\"><\/div>\n\t\t<\/div>\n\t\t\t\t\t\t<\/div>\n\t\t\t\t<\/div>\n\t\t\t\t\t<\/div>\n\t\t<\/div>\n\t\t\t\t\t<\/div>\n\t\t<\/section>\n\t\t\t\t<section class=\"elementor-section elementor-top-section elementor-element elementor-element-1295415 elementor-section-boxed elementor-section-height-default elementor-section-height-default\" data-id=\"1295415\" data-element_type=\"section\" data-e-type=\"section\">\n\t\t\t\t\t\t<div class=\"elementor-container elementor-column-gap-default\">\n\t\t\t\t\t<div class=\"elementor-column elementor-col-100 elementor-top-column elementor-element elementor-element-cacec10\" data-id=\"cacec10\" data-element_type=\"column\" data-e-type=\"column\">\n\t\t\t<div class=\"elementor-widget-wrap elementor-element-populated\">\n\t\t\t\t\t\t<div class=\"elementor-element elementor-element-afdc406 elementor-align-center elementor-widget elementor-widget-elementskit-button\" data-id=\"afdc406\" data-element_type=\"widget\" data-e-type=\"widget\" data-widget_type=\"elementskit-button.default\">\n\t\t\t\t<div class=\"elementor-widget-container\">\n\t\t\t\t\t<div class=\"ekit-wid-con\" >\t\t<div class=\"ekit-btn-wraper\">\n\t\t\t\t\t\t\t<a href=\"https:\/\/grad.eba.ufmg.br\/designdemoda\/wp-content\/uploads\/2023\/01\/Manual-Aplicativo-SIGA.pdf\" target=\"_blank\" class=\"elementskit-btn  whitespace--normal\" id=\"\">\n\t\t\t\t\tManual Aplicativo SIGA<i class=\"fas fa-file-pdf\"><\/i>\t\t\t\t<\/a>\n\t\t\t\t\t<\/div>\n        <\/div>\t\t\t\t<\/div>\n\t\t\t\t<\/div>\n\t\t\t\t\t<\/div>\n\t\t<\/div>\n\t\t\t\t\t<\/div>\n\t\t<\/section>\n\t\t\t\t<section class=\"elementor-section elementor-top-section elementor-element elementor-element-afd759a elementor-section-boxed elementor-section-height-default elementor-section-height-default\" data-id=\"afd759a\" data-element_type=\"section\" data-e-type=\"section\">\n\t\t\t\t\t\t<div class=\"elementor-container elementor-column-gap-default\">\n\t\t\t\t\t<div class=\"elementor-column elementor-col-100 elementor-top-column elementor-element elementor-element-b8482d4\" data-id=\"b8482d4\" data-element_type=\"column\" data-e-type=\"column\">\n\t\t\t<div class=\"elementor-widget-wrap elementor-element-populated\">\n\t\t\t\t\t\t<div class=\"elementor-element elementor-element-ddf663e elementor-align-center elementor-widget elementor-widget-elementskit-button\" data-id=\"ddf663e\" data-element_type=\"widget\" data-e-type=\"widget\" data-widget_type=\"elementskit-button.default\">\n\t\t\t\t<div class=\"elementor-widget-container\">\n\t\t\t\t\t<div class=\"ekit-wid-con\" >\t\t<div class=\"ekit-btn-wraper\">\n\t\t\t\t\t\t\t<a href=\"https:\/\/grad.eba.ufmg.br\/designdemoda\/wp-content\/uploads\/2023\/01\/Manual-Plano-de-Estudos-Estudantes.pdf\" target=\"_blank\" class=\"elementskit-btn  whitespace--normal\" id=\"\">\n\t\t\t\t\tManual Plano de Estudos<i class=\"fas fa-file-pdf\"><\/i>\t\t\t\t<\/a>\n\t\t\t\t\t<\/div>\n        <\/div>\t\t\t\t<\/div>\n\t\t\t\t<\/div>\n\t\t\t\t\t<\/div>\n\t\t<\/div>\n\t\t\t\t\t<\/div>\n\t\t<\/section>\n\t\t\t\t<section class=\"elementor-section elementor-top-section elementor-element elementor-element-9af9a12 elementor-section-boxed elementor-section-height-default elementor-section-height-default\" data-id=\"9af9a12\" data-element_type=\"section\" data-e-type=\"section\">\n\t\t\t\t\t\t<div class=\"elementor-container elementor-column-gap-default\">\n\t\t\t\t\t<div class=\"elementor-column elementor-col-100 elementor-top-column elementor-element elementor-element-25a66e1\" data-id=\"25a66e1\" data-element_type=\"column\" data-e-type=\"column\">\n\t\t\t<div class=\"elementor-widget-wrap elementor-element-populated\">\n\t\t\t\t\t\t<div class=\"elementor-element elementor-element-ca97a9a elementor-align-center elementor-widget elementor-widget-elementskit-button\" data-id=\"ca97a9a\" data-element_type=\"widget\" data-e-type=\"widget\" data-widget_type=\"elementskit-button.default\">\n\t\t\t\t<div class=\"elementor-widget-container\">\n\t\t\t\t\t<div class=\"ekit-wid-con\" >\t\t<div class=\"ekit-btn-wraper\">\n\t\t\t\t\t\t\t<a href=\"https:\/\/grad.eba.ufmg.br\/designdemoda\/wp-content\/uploads\/2023\/01\/manual-atestado-de-matricula.pdf\" target=\"_blank\" class=\"elementskit-btn  whitespace--normal\" id=\"\">\n\t\t\t\t\tAtestado de matr\u00edcula<i class=\"fas fa-file-pdf\"><\/i>\t\t\t\t<\/a>\n\t\t\t\t\t<\/div>\n        <\/div>\t\t\t\t<\/div>\n\t\t\t\t<\/div>\n\t\t\t\t\t<\/div>\n\t\t<\/div>\n\t\t\t\t\t<\/div>\n\t\t<\/section>\n\t\t\t\t<section class=\"elementor-section elementor-top-section elementor-element elementor-element-2fe7191 elementor-section-boxed elementor-section-height-default elementor-section-height-default\" data-id=\"2fe7191\" data-element_type=\"section\" data-e-type=\"section\">\n\t\t\t\t\t\t<div class=\"elementor-container elementor-column-gap-default\">\n\t\t\t\t\t<div class=\"elementor-column elementor-col-100 elementor-top-column elementor-element elementor-element-c148094\" data-id=\"c148094\" data-element_type=\"column\" data-e-type=\"column\">\n\t\t\t<div class=\"elementor-widget-wrap elementor-element-populated\">\n\t\t\t\t\t\t<div class=\"elementor-element elementor-element-eb1a52a elementor-align-center elementor-widget elementor-widget-elementskit-button\" data-id=\"eb1a52a\" data-element_type=\"widget\" data-e-type=\"widget\" data-widget_type=\"elementskit-button.default\">\n\t\t\t\t<div class=\"elementor-widget-container\">\n\t\t\t\t\t<div class=\"ekit-wid-con\" >\t\t<div class=\"ekit-btn-wraper\">\n\t\t\t\t\t\t\t<a href=\"https:\/\/grad.eba.ufmg.br\/designdemoda\/wp-content\/uploads\/2023\/02\/roteiro_continuidade-de-estudos_estudante-3-1.pdf\" target=\"_blank\" class=\"elementskit-btn  whitespace--normal\" id=\"\">\n\t\t\t\t\tContinuidade de Estudos<i class=\"fas fa-file-pdf\"><\/i>\t\t\t\t<\/a>\n\t\t\t\t\t<\/div>\n        <\/div>\t\t\t\t<\/div>\n\t\t\t\t<\/div>\n\t\t\t\t\t<\/div>\n\t\t<\/div>\n\t\t\t\t\t<\/div>\n\t\t<\/section>\n\t\t\t\t<section class=\"elementor-section elementor-top-section elementor-element elementor-element-980c9c5 elementor-section-boxed elementor-section-height-default elementor-section-height-default\" data-id=\"980c9c5\" data-element_type=\"section\" data-e-type=\"section\">\n\t\t\t\t\t\t<div class=\"elementor-container elementor-column-gap-default\">\n\t\t\t\t\t<div class=\"elementor-column elementor-col-100 elementor-top-column elementor-element elementor-element-20c1a5f\" data-id=\"20c1a5f\" data-element_type=\"column\" data-e-type=\"column\">\n\t\t\t<div class=\"elementor-widget-wrap elementor-element-populated\">\n\t\t\t\t\t\t<div class=\"elementor-element elementor-element-ad34262 elementor-align-center elementor-widget elementor-widget-elementskit-button\" data-id=\"ad34262\" data-element_type=\"widget\" data-e-type=\"widget\" data-widget_type=\"elementskit-button.default\">\n\t\t\t\t<div class=\"elementor-widget-container\">\n\t\t\t\t\t<div class=\"ekit-wid-con\" >\t\t<div class=\"ekit-btn-wraper\">\n\t\t\t\t\t\t\t<a href=\"https:\/\/grad.eba.ufmg.br\/designdemoda\/wp-content\/uploads\/2023\/02\/MANUAL_SIGA_-_MODULO_DESISTENCIA_FORMAL.pdf\" target=\"_blank\" class=\"elementskit-btn  whitespace--normal\" id=\"\">\n\t\t\t\t\tDesist\u00eancia Formal<i class=\"fas fa-file-pdf\"><\/i>\t\t\t\t<\/a>\n\t\t\t\t\t<\/div>\n        <\/div>\t\t\t\t<\/div>\n\t\t\t\t<\/div>\n\t\t\t\t\t<\/div>\n\t\t<\/div>\n\t\t\t\t\t<\/div>\n\t\t<\/section>\n\t\t\t\t<section class=\"elementor-section elementor-top-section elementor-element elementor-element-c10fcd4 elementor-section-boxed elementor-section-height-default elementor-section-height-default\" data-id=\"c10fcd4\" data-element_type=\"section\" data-e-type=\"section\">\n\t\t\t\t\t\t<div class=\"elementor-container elementor-column-gap-default\">\n\t\t\t\t\t<div class=\"elementor-column elementor-col-100 elementor-top-column elementor-element elementor-element-1d3b566\" data-id=\"1d3b566\" data-element_type=\"column\" data-e-type=\"column\">\n\t\t\t<div class=\"elementor-widget-wrap elementor-element-populated\">\n\t\t\t\t\t\t<div class=\"elementor-element elementor-element-3c0d4c0 elementor-align-center elementor-widget elementor-widget-elementskit-button\" data-id=\"3c0d4c0\" data-element_type=\"widget\" data-e-type=\"widget\" data-widget_type=\"elementskit-button.default\">\n\t\t\t\t<div class=\"elementor-widget-container\">\n\t\t\t\t\t<div class=\"ekit-wid-con\" >\t\t<div class=\"ekit-btn-wraper\">\n\t\t\t\t\t\t\t<a href=\"https:\/\/grad.eba.ufmg.br\/designdemoda\/wp-content\/uploads\/2023\/01\/Extrato-de-integralizacao.pdf\" target=\"_blank\" class=\"elementskit-btn  whitespace--normal\" id=\"\">\n\t\t\t\t\tExtrato de integraliza\u00e7\u00e3o<i class=\"fas fa-file-pdf\"><\/i>\t\t\t\t<\/a>\n\t\t\t\t\t<\/div>\n        <\/div>\t\t\t\t<\/div>\n\t\t\t\t<\/div>\n\t\t\t\t\t<\/div>\n\t\t<\/div>\n\t\t\t\t\t<\/div>\n\t\t<\/section>\n\t\t\t\t<section class=\"elementor-section elementor-top-section elementor-element elementor-element-2cc8ea4 elementor-section-boxed elementor-section-height-default elementor-section-height-default\" data-id=\"2cc8ea4\" data-element_type=\"section\" data-e-type=\"section\">\n\t\t\t\t\t\t<div class=\"elementor-container elementor-column-gap-default\">\n\t\t\t\t\t<div class=\"elementor-column elementor-col-100 elementor-top-column elementor-element elementor-element-928193f\" data-id=\"928193f\" data-element_type=\"column\" data-e-type=\"column\">\n\t\t\t<div class=\"elementor-widget-wrap elementor-element-populated\">\n\t\t\t\t\t\t<div class=\"elementor-element elementor-element-8f28a37 elementor-align-center elementor-widget elementor-widget-elementskit-button\" data-id=\"8f28a37\" data-element_type=\"widget\" data-e-type=\"widget\" data-widget_type=\"elementskit-button.default\">\n\t\t\t\t<div class=\"elementor-widget-container\">\n\t\t\t\t\t<div class=\"ekit-wid-con\" >\t\t<div class=\"ekit-btn-wraper\">\n\t\t\t\t\t\t\t<a href=\"https:\/\/grad.eba.ufmg.br\/designdemoda\/wp-content\/uploads\/2023\/02\/OFFICE365-CriacaoConta.Ver1_.1-2.pdf\" target=\"_blank\" class=\"elementskit-btn  whitespace--normal\" id=\"\">\n\t\t\t\t\tMicrosoft Office 365<i class=\"fas fa-file-pdf\"><\/i>\t\t\t\t<\/a>\n\t\t\t\t\t<\/div>\n        <\/div>\t\t\t\t<\/div>\n\t\t\t\t<\/div>\n\t\t\t\t\t<\/div>\n\t\t<\/div>\n\t\t\t\t\t<\/div>\n\t\t<\/section>\n\t\t\t\t<section class=\"elementor-section elementor-top-section elementor-element elementor-element-2338f92 elementor-section-boxed elementor-section-height-default elementor-section-height-default\" data-id=\"2338f92\" data-element_type=\"section\" data-e-type=\"section\">\n\t\t\t\t\t\t<div class=\"elementor-container elementor-column-gap-default\">\n\t\t\t\t\t<div class=\"elementor-column elementor-col-100 elementor-top-column elementor-element elementor-element-ca3e606\" data-id=\"ca3e606\" data-element_type=\"column\" data-e-type=\"column\">\n\t\t\t<div class=\"elementor-widget-wrap elementor-element-populated\">\n\t\t\t\t\t\t<div class=\"elementor-element elementor-element-d03289c elementor-align-center elementor-widget elementor-widget-elementskit-button\" data-id=\"d03289c\" data-element_type=\"widget\" data-e-type=\"widget\" data-widget_type=\"elementskit-button.default\">\n\t\t\t\t<div class=\"elementor-widget-container\">\n\t\t\t\t\t<div class=\"ekit-wid-con\" >\t\t<div class=\"ekit-btn-wraper\">\n\t\t\t\t\t\t\t<a href=\"https:\/\/grad.eba.ufmg.br\/designdemoda\/wp-content\/uploads\/2023\/02\/Roteiro-para-requerimento-de-reopcao-de-curso.pdf\" target=\"_blank\" class=\"elementskit-btn  whitespace--normal\" id=\"\">\n\t\t\t\t\tReop\u00e7\u00e3o de Curso<i class=\"fas fa-file-pdf\"><\/i>\t\t\t\t<\/a>\n\t\t\t\t\t<\/div>\n        <\/div>\t\t\t\t<\/div>\n\t\t\t\t<\/div>\n\t\t\t\t\t<\/div>\n\t\t<\/div>\n\t\t\t\t\t<\/div>\n\t\t<\/section>\n\t\t\t\t<section class=\"elementor-section elementor-top-section elementor-element elementor-element-064391b elementor-section-boxed elementor-section-height-default elementor-section-height-default\" data-id=\"064391b\" data-element_type=\"section\" data-e-type=\"section\">\n\t\t\t\t\t\t<div class=\"elementor-container elementor-column-gap-default\">\n\t\t\t\t\t<div class=\"elementor-column elementor-col-100 elementor-top-column elementor-element elementor-element-e7040ba\" data-id=\"e7040ba\" data-element_type=\"column\" data-e-type=\"column\">\n\t\t\t<div class=\"elementor-widget-wrap elementor-element-populated\">\n\t\t\t\t\t\t<div class=\"elementor-element elementor-element-124bc82 elementor-align-center elementor-widget elementor-widget-elementskit-button\" data-id=\"124bc82\" data-element_type=\"widget\" data-e-type=\"widget\" data-widget_type=\"elementskit-button.default\">\n\t\t\t\t<div class=\"elementor-widget-container\">\n\t\t\t\t\t<div class=\"ekit-wid-con\" >\t\t<div class=\"ekit-btn-wraper\">\n\t\t\t\t\t\t\t<a href=\"https:\/\/grad.eba.ufmg.br\/designdemoda\/wp-content\/uploads\/2023\/02\/emissaohistoricoqrcode_versao-final-1-1.pdf\" target=\"_blank\" class=\"elementskit-btn  whitespace--normal\" id=\"\">\n\t\t\t\t\tEmiss\u00e3o de Hist\u00f3rico Escolar com Autenticidade<i class=\"fas fa-file-pdf\"><\/i>\t\t\t\t<\/a>\n\t\t\t\t\t<\/div>\n        <\/div>\t\t\t\t<\/div>\n\t\t\t\t<\/div>\n\t\t\t\t<div class=\"elementor-element elementor-element-ab99528 elementor-widget elementor-widget-text-editor\" data-id=\"ab99528\" data-element_type=\"widget\" data-e-type=\"widget\" data-widget_type=\"text-editor.default\">\n\t\t\t\t<div class=\"elementor-widget-container\">\n\t\t\t\t\t\t\t\t\t<p><strong>ATEN\u00c7\u00c3O<\/strong><\/p><p>Somente os estudantes que atendam <strong>as diretrizes abaixo<\/strong> poder\u00e3o emitir o <strong>Hist\u00f3rico Escolar com autenticidade<\/strong>:<\/p><p><strong>1)<\/strong> Estudante de gradua\u00e7\u00e3o com registro ativo;<\/p><p><strong>2)<\/strong> Estudante com registro inativo por conclus\u00e3o de curso ou desligamento, que ingressaram na UFMG a partir de 2000.<\/p><p>Ademais, o estudante deve observar as seguintes quest\u00f5es:<\/p><p><strong>a)<\/strong> Ap\u00f3s a emiss\u00e3o do Hist\u00f3rico Escolar com o Qrcode, para realizar nova emiss\u00e3o, deve-se aguardar um per\u00edodo m\u00ednimo de 12 horas;<\/p><p><strong>b)<\/strong> O n\u00famero m\u00e1ximo de emiss\u00f5es, por semestre letivo, desse tipo de documento, \u00e9 de 3 (tr\u00eas);<\/p><p><strong>c)<\/strong> Caso seja observada qualquer inconsist\u00eancia nos dados do Hist\u00f3rico Escolar, o estudante deve comunicar a Se\u00e7\u00e3o de Ensino.<\/p>\t\t\t\t\t\t\t\t<\/div>\n\t\t\t\t<\/div>\n\t\t\t\t\t<\/div>\n\t\t<\/div>\n\t\t\t\t\t<\/div>\n\t\t<\/section>\n\t\t\t\t<\/div>\n\t\t","protected":false},"excerpt":{"rendered":"<p>Manuais do SIGA Manual Aplicativo SIGA Manual Plano de Estudos Atestado de matr\u00edcula Continuidade de Estudos Desist\u00eancia Formal Extrato de integraliza\u00e7\u00e3o Microsoft Office 365 Reop\u00e7\u00e3o de Curso Emiss\u00e3o de Hist\u00f3rico [&hellip;]<\/p>\n","protected":false},"author":1,"featured_media":0,"parent":0,"menu_order":0,"comment_status":"closed","ping_status":"closed","template":"","meta":{"ngg_post_thumbnail":0,"footnotes":""},"class_list":["post-656","page","type-page","status-publish","hentry","rishi-post","no-post-thumbnail"],"rishi__cb_customizer_meta":"","_links":{"self":[{"href":"https:\/\/grad.eba.ufmg.br\/designdemoda\/index.php\/wp-json\/wp\/v2\/pages\/656","targetHints":{"allow":["GET"]}}],"collection":[{"href":"https:\/\/grad.eba.ufmg.br\/designdemoda\/index.php\/wp-json\/wp\/v2\/pages"}],"about":[{"href":"https:\/\/grad.eba.ufmg.br\/designdemoda\/index.php\/wp-json\/wp\/v2\/types\/page"}],"author":[{"embeddable":true,"href":"https:\/\/grad.eba.ufmg.br\/designdemoda\/index.php\/wp-json\/wp\/v2\/users\/1"}],"replies":[{"embeddable":true,"href":"https:\/\/grad.eba.ufmg.br\/designdemoda\/index.php\/wp-json\/wp\/v2\/comments?post=656"}],"version-history":[{"count":40,"href":"https:\/\/grad.eba.ufmg.br\/designdemoda\/index.php\/wp-json\/wp\/v2\/pages\/656\/revisions"}],"predecessor-version":[{"id":2742,"href":"https:\/\/grad.eba.ufmg.br\/designdemoda\/index.php\/wp-json\/wp\/v2\/pages\/656\/revisions\/2742"}],"wp:attachment":[{"href":"https:\/\/grad.eba.ufmg.br\/designdemoda\/index.php\/wp-json\/wp\/v2\/media?parent=656"}],"curies":[{"name":"wp","href":"https:\/\/api.w.org\/{rel}","templated":true}]}}