{"id":2715,"date":"2024-10-18T18:16:47","date_gmt":"2024-10-18T21:16:47","guid":{"rendered":"https:\/\/grad.eba.ufmg.br\/designdemoda\/?page_id=2715"},"modified":"2024-10-18T18:18:50","modified_gmt":"2024-10-18T21:18:50","slug":"regime-academico-especial-para-permanencia-raep","status":"publish","type":"page","link":"https:\/\/grad.eba.ufmg.br\/designdemoda\/index.php\/regime-academico-especial-para-permanencia-raep\/","title":{"rendered":"Regime Acad\u00eamico Especial para Perman\u00eancia- RAEP"},"content":{"rendered":"\t\t<div data-elementor-type=\"wp-page\" data-elementor-id=\"2715\" class=\"elementor elementor-2715\">\n\t\t\t\t\t\t<section class=\"elementor-section elementor-top-section elementor-element elementor-element-a00ff89 elementor-section-boxed elementor-section-height-default elementor-section-height-default\" data-id=\"a00ff89\" data-element_type=\"section\" data-e-type=\"section\">\n\t\t\t\t\t\t<div class=\"elementor-container elementor-column-gap-default\">\n\t\t\t\t\t<div class=\"elementor-column elementor-col-100 elementor-top-column elementor-element elementor-element-fe9554e\" data-id=\"fe9554e\" data-element_type=\"column\" data-e-type=\"column\">\n\t\t\t<div class=\"elementor-widget-wrap elementor-element-populated\">\n\t\t\t\t\t\t<div class=\"elementor-element elementor-element-d231a1c elementor-widget elementor-widget-heading\" data-id=\"d231a1c\" data-element_type=\"widget\" data-e-type=\"widget\" data-widget_type=\"heading.default\">\n\t\t\t\t<div class=\"elementor-widget-container\">\n\t\t\t\t\t<h2 class=\"elementor-heading-title elementor-size-default\">Regime Acad\u00eamico Especial para Perman\u00eancia- RAEP<\/h2>\t\t\t\t<\/div>\n\t\t\t\t<\/div>\n\t\t\t\t\t<\/div>\n\t\t<\/div>\n\t\t\t\t\t<\/div>\n\t\t<\/section>\n\t\t\t\t<section class=\"elementor-section elementor-top-section elementor-element elementor-element-856620c elementor-section-boxed elementor-section-height-default elementor-section-height-default\" data-id=\"856620c\" data-element_type=\"section\" data-e-type=\"section\">\n\t\t\t\t\t\t<div class=\"elementor-container elementor-column-gap-default\">\n\t\t\t\t\t<div class=\"elementor-column elementor-col-100 elementor-top-column elementor-element elementor-element-b9ba8bd\" data-id=\"b9ba8bd\" data-element_type=\"column\" data-e-type=\"column\">\n\t\t\t<div class=\"elementor-widget-wrap elementor-element-populated\">\n\t\t\t\t\t\t<div class=\"elementor-element elementor-element-3f1e99e elementor-widget elementor-widget-spacer\" data-id=\"3f1e99e\" data-element_type=\"widget\" data-e-type=\"widget\" data-widget_type=\"spacer.default\">\n\t\t\t\t<div class=\"elementor-widget-container\">\n\t\t\t\t\t\t\t<div class=\"elementor-spacer\">\n\t\t\t<div class=\"elementor-spacer-inner\"><\/div>\n\t\t<\/div>\n\t\t\t\t\t\t<\/div>\n\t\t\t\t<\/div>\n\t\t\t\t\t<\/div>\n\t\t<\/div>\n\t\t\t\t\t<\/div>\n\t\t<\/section>\n\t\t\t\t<section class=\"elementor-section elementor-top-section elementor-element elementor-element-c1f8560 elementor-section-boxed elementor-section-height-default elementor-section-height-default\" data-id=\"c1f8560\" data-element_type=\"section\" data-e-type=\"section\">\n\t\t\t\t\t\t<div class=\"elementor-container elementor-column-gap-default\">\n\t\t\t\t\t<div class=\"elementor-column elementor-col-100 elementor-top-column elementor-element elementor-element-b318069\" data-id=\"b318069\" data-element_type=\"column\" data-e-type=\"column\">\n\t\t\t<div class=\"elementor-widget-wrap elementor-element-populated\">\n\t\t\t\t\t\t<div class=\"elementor-element elementor-element-57b2f76 elementor-widget elementor-widget-text-editor\" data-id=\"57b2f76\" data-element_type=\"widget\" data-e-type=\"widget\" data-widget_type=\"text-editor.default\">\n\t\t\t\t<div class=\"elementor-widget-container\">\n\t\t\t\t\t\t\t\t\t<div><div>O Regime Acad\u00eamico Especial &#8211; RAEP tem por objetivo favorecer o prosseguimento dos estudos e a perman\u00eancia\u00a0qualificada nas trajet\u00f3rias de forma\u00e7\u00e3o de estudantes de gradua\u00e7\u00e3o em uma ou mais das seguintes\u00a0situa\u00e7\u00f5es, permanentes ou transit\u00f3rias:<\/div><div>\u00a0<\/div><div>a) doen\u00e7a cr\u00f4nica ou prolongada;<\/div><div>b) defici\u00eancias;<\/div><div>c) sofrimento mental;<\/div><div>d) gesta\u00e7\u00e3o;<\/div><div>e) guarda e companhia de filhos com menos de 4 (quatro) anos;<\/div><div>f) responsabilidade legal por cuidados a pessoas doentes ou com defici\u00eancias; ou<\/div><div>g) outras situa\u00e7\u00f5es an\u00e1logas consideradas pertinentes.<\/div><\/div><div>O RAEP \u00e9 implementado por meio da flexibiliza\u00e7\u00e3o de algumas regras do regime acad\u00eamico e da\u00a0adapta\u00e7\u00e3o de estrat\u00e9gias pedag\u00f3gicas, de acordo com as possibilidades operacionais e pedag\u00f3gicas da\u00a0Universidade.\u00a0<\/div><div>\u00a0<\/div><div>Para concess\u00e3o do RAEP, pelo Colegiado de refer\u00eancia, al\u00e9m da exig\u00eancia do estudante\u00a0requerente se encontrar em uma ou mais das sete condi\u00e7\u00f5es previstas, \u00e9 necess\u00e1rio que tal condi\u00e7\u00e3o\u00a0comprometa, significativamente, a sua capacidade de dar prosseguimento aos seus estudos no ritmo\u00a0padr\u00e3o previsto na proposta formativa do curso de v\u00ednculo e manter a sua perman\u00eancia qualificada na\u00a0Universidade.\u00a0 Ou seja, o fato de um estudante se encontrar em uma ou mais das situa\u00e7\u00f5es previstas n\u00e3o \u00e9\u00a0condi\u00e7\u00e3o suficiente para concess\u00e3o do RAEP.<\/div><p>\u00a0<\/p><h3 dir=\"ltr\"><strong>O estudante interessado em requerer o RAEP dever\u00e1:<\/strong><\/h3><p dir=\"ltr\">1)\u00a0preencher o\u00a0<em>Formul\u00e1rio para solicita\u00e7\u00e3o pelo estudante de Regime Acad\u00eamico Especial para Perman\u00eancia.<\/em><\/p><p dir=\"ltr\">2) preparar a documenta\u00e7\u00e3o comprobat\u00f3ria, prevista no artigo 2\u00b0 da Resolu\u00e7\u00e3o CEPE 01\/2023.<\/p><p dir=\"ltr\">3) enviar os documentos citados nos itens 1 e 2 para o e-mail do colegiado: designdemoda@eba.ufmg.br\u00a0<\/p><p dir=\"ltr\">4) acompanhar o andamento do processo, especialmente, as dilig\u00eancias baixadas para adequada an\u00e1lise do requerimento e delibera\u00e7\u00e3o do Colegiado.\u00a0<\/p>\t\t\t\t\t\t\t\t<\/div>\n\t\t\t\t<\/div>\n\t\t\t\t\t<\/div>\n\t\t<\/div>\n\t\t\t\t\t<\/div>\n\t\t<\/section>\n\t\t\t\t<section class=\"elementor-section elementor-top-section elementor-element elementor-element-1d9d29b elementor-section-boxed elementor-section-height-default elementor-section-height-default\" data-id=\"1d9d29b\" data-element_type=\"section\" data-e-type=\"section\">\n\t\t\t\t\t\t<div class=\"elementor-container elementor-column-gap-default\">\n\t\t\t\t\t<div class=\"elementor-column elementor-col-100 elementor-top-column elementor-element elementor-element-68b2aa4\" data-id=\"68b2aa4\" data-element_type=\"column\" data-e-type=\"column\">\n\t\t\t<div class=\"elementor-widget-wrap elementor-element-populated\">\n\t\t\t\t\t\t<div class=\"elementor-element elementor-element-0f73029 elementor-align-center elementor-widget elementor-widget-elementskit-button\" data-id=\"0f73029\" data-element_type=\"widget\" data-e-type=\"widget\" data-widget_type=\"elementskit-button.default\">\n\t\t\t\t<div class=\"elementor-widget-container\">\n\t\t\t\t\t<div class=\"ekit-wid-con\" >\t\t<div class=\"ekit-btn-wraper\">\n\t\t\t\t\t\t\t<a href=\"https:\/\/drive.google.com\/drive\/folders\/1R3WV3AguEowqN1DIXhJSlcv6gWvw3ipu\" class=\"elementskit-btn  whitespace--normal\" id=\"\">\n\t\t\t\t\t Manual, formul\u00e1rios e outros documentos - RAEP  <i class=\"fas fa-external-link-alt\"><\/i>\t\t\t\t<\/a>\n\t\t\t\t\t<\/div>\n        <\/div>\t\t\t\t<\/div>\n\t\t\t\t<\/div>\n\t\t\t\t\t<\/div>\n\t\t<\/div>\n\t\t\t\t\t<\/div>\n\t\t<\/section>\n\t\t\t\t<\/div>\n\t\t","protected":false},"excerpt":{"rendered":"<p>Regime Acad\u00eamico Especial para Perman\u00eancia- RAEP O Regime Acad\u00eamico Especial &#8211; RAEP tem por objetivo favorecer o prosseguimento dos estudos e a perman\u00eancia\u00a0qualificada nas trajet\u00f3rias de forma\u00e7\u00e3o de estudantes de [&hellip;]<\/p>\n","protected":false},"author":1,"featured_media":0,"parent":0,"menu_order":0,"comment_status":"closed","ping_status":"closed","template":"","meta":{"ngg_post_thumbnail":0,"footnotes":""},"class_list":["post-2715","page","type-page","status-publish","hentry","rishi-post","no-post-thumbnail"],"rishi__cb_customizer_meta":"","_links":{"self":[{"href":"https:\/\/grad.eba.ufmg.br\/designdemoda\/index.php\/wp-json\/wp\/v2\/pages\/2715","targetHints":{"allow":["GET"]}}],"collection":[{"href":"https:\/\/grad.eba.ufmg.br\/designdemoda\/index.php\/wp-json\/wp\/v2\/pages"}],"about":[{"href":"https:\/\/grad.eba.ufmg.br\/designdemoda\/index.php\/wp-json\/wp\/v2\/types\/page"}],"author":[{"embeddable":true,"href":"https:\/\/grad.eba.ufmg.br\/designdemoda\/index.php\/wp-json\/wp\/v2\/users\/1"}],"replies":[{"embeddable":true,"href":"https:\/\/grad.eba.ufmg.br\/designdemoda\/index.php\/wp-json\/wp\/v2\/comments?post=2715"}],"version-history":[{"count":4,"href":"https:\/\/grad.eba.ufmg.br\/designdemoda\/index.php\/wp-json\/wp\/v2\/pages\/2715\/revisions"}],"predecessor-version":[{"id":2720,"href":"https:\/\/grad.eba.ufmg.br\/designdemoda\/index.php\/wp-json\/wp\/v2\/pages\/2715\/revisions\/2720"}],"wp:attachment":[{"href":"https:\/\/grad.eba.ufmg.br\/designdemoda\/index.php\/wp-json\/wp\/v2\/media?parent=2715"}],"curies":[{"name":"wp","href":"https:\/\/api.w.org\/{rel}","templated":true}]}}