{"id":2701,"date":"2024-10-18T18:03:31","date_gmt":"2024-10-18T21:03:31","guid":{"rendered":"https:\/\/grad.eba.ufmg.br\/designdemoda\/?page_id=2701"},"modified":"2024-10-18T18:30:34","modified_gmt":"2024-10-18T21:30:34","slug":"revisao-de-desligamento","status":"publish","type":"page","link":"https:\/\/grad.eba.ufmg.br\/designdemoda\/index.php\/revisao-de-desligamento\/","title":{"rendered":"Revis\u00e3o de Desligamento"},"content":{"rendered":"\t\t<div data-elementor-type=\"wp-page\" data-elementor-id=\"2701\" class=\"elementor elementor-2701\">\n\t\t\t\t\t\t<section class=\"elementor-section elementor-top-section elementor-element elementor-element-221b9b0 elementor-section-boxed elementor-section-height-default elementor-section-height-default\" data-id=\"221b9b0\" data-element_type=\"section\" data-e-type=\"section\">\n\t\t\t\t\t\t<div class=\"elementor-container elementor-column-gap-default\">\n\t\t\t\t\t<div class=\"elementor-column elementor-col-100 elementor-top-column elementor-element elementor-element-c1831c0\" data-id=\"c1831c0\" data-element_type=\"column\" data-e-type=\"column\">\n\t\t\t<div class=\"elementor-widget-wrap elementor-element-populated\">\n\t\t\t\t\t\t<div class=\"elementor-element elementor-element-d429542 elementor-widget elementor-widget-heading\" data-id=\"d429542\" data-element_type=\"widget\" data-e-type=\"widget\" data-widget_type=\"heading.default\">\n\t\t\t\t<div class=\"elementor-widget-container\">\n\t\t\t\t\t<h2 class=\"elementor-heading-title elementor-size-default\">Revis\u00e3o de Desligamento<\/h2>\t\t\t\t<\/div>\n\t\t\t\t<\/div>\n\t\t\t\t\t<\/div>\n\t\t<\/div>\n\t\t\t\t\t<\/div>\n\t\t<\/section>\n\t\t\t\t<section class=\"elementor-section elementor-top-section elementor-element elementor-element-eb05c3c elementor-section-boxed elementor-section-height-default elementor-section-height-default\" data-id=\"eb05c3c\" data-element_type=\"section\" data-e-type=\"section\">\n\t\t\t\t\t\t<div class=\"elementor-container elementor-column-gap-default\">\n\t\t\t\t\t<div class=\"elementor-column elementor-col-100 elementor-top-column elementor-element elementor-element-7548089\" data-id=\"7548089\" data-element_type=\"column\" data-e-type=\"column\">\n\t\t\t<div class=\"elementor-widget-wrap elementor-element-populated\">\n\t\t\t\t\t\t<div class=\"elementor-element elementor-element-9b3a9ac elementor-widget elementor-widget-spacer\" data-id=\"9b3a9ac\" data-element_type=\"widget\" data-e-type=\"widget\" data-widget_type=\"spacer.default\">\n\t\t\t\t<div class=\"elementor-widget-container\">\n\t\t\t\t\t\t\t<div class=\"elementor-spacer\">\n\t\t\t<div class=\"elementor-spacer-inner\"><\/div>\n\t\t<\/div>\n\t\t\t\t\t\t<\/div>\n\t\t\t\t<\/div>\n\t\t\t\t\t<\/div>\n\t\t<\/div>\n\t\t\t\t\t<\/div>\n\t\t<\/section>\n\t\t\t\t<section class=\"elementor-section elementor-top-section elementor-element elementor-element-9f93390 elementor-section-boxed elementor-section-height-default elementor-section-height-default\" data-id=\"9f93390\" data-element_type=\"section\" data-e-type=\"section\">\n\t\t\t\t\t\t<div class=\"elementor-container elementor-column-gap-default\">\n\t\t\t\t\t<div class=\"elementor-column elementor-col-100 elementor-top-column elementor-element elementor-element-622594c\" data-id=\"622594c\" data-element_type=\"column\" data-e-type=\"column\">\n\t\t\t<div class=\"elementor-widget-wrap elementor-element-populated\">\n\t\t\t\t\t\t<div class=\"elementor-element elementor-element-842587c elementor-widget elementor-widget-text-editor\" data-id=\"842587c\" data-element_type=\"widget\" data-e-type=\"widget\" data-widget_type=\"text-editor.default\">\n\t\t\t\t<div class=\"elementor-widget-container\">\n\t\t\t\t\t\t\t\t\t<p dir=\"ltr\"><span class=\"\"><strong>Requerimento de revis\u00e3o de desligamento<\/strong><\/span><\/p>\n<p dir=\"ltr\">Preencher o formul\u00e1rio, acrescentar a documenta\u00e7\u00e3o comprobat\u00f3rio e enviar atrav\u00e9s do SIGA, at\u00e9 10 (dez) dias da data do desligamento.<\/p>\n<p>Art. 87. Nos termos do Regimento Geral, ser\u00e1 desligado, com a extin\u00e7\u00e3o de seu v\u00ednculo com a UFMG, o estudante que:<\/p>\n<p>I &#8211; ultrapassar 30% (trinta por cento) do tempo m\u00e1ximo de integraliza\u00e7\u00e3o a ele atribu\u00eddo sem concluir 20% (vinte por cento) do total de cr\u00e9ditos necess\u00e1rios para a integraliza\u00e7\u00e3o do percurso curricular a que estiver vinculado;<\/p>\n<p>II &#8211; ultrapassar 50% (cinquenta por cento) do tempo m\u00e1ximo de integraliza\u00e7\u00e3o a ele atribu\u00eddo sem concluir 40% (quarenta por cento) do total de cr\u00e9ditos necess\u00e1rios para a integraliza\u00e7\u00e3o do percurso curricular a que estiver vinculado;<\/p>\n<p>III &#8211; ultrapassar o tempo m\u00e1ximo de integraliza\u00e7\u00e3o a ele atribu\u00eddo;<\/p>\n<p>IV &#8211; atingir 3 (tr\u00eas) per\u00edodos letivos, consecutivos ou n\u00e3o, com Nota Semestral Global (NSG) menor que 50 (cinquenta), calculada nos termos do art. 100;<\/p>\n<p>V &#8211; n\u00e3o efetivar matr\u00edcula no prazo definido para matr\u00edcula regular em um per\u00edodo letivo para o qual n\u00e3o tenha obtido trancamento total de matr\u00edcula; ou<\/p>\n<p>VI &#8211; for infrequente em atividades acad\u00eamicas curriculares que correspondam a mais de 50% (cinquenta por cento) dos cr\u00e9ditos em que estiver matriculado em um per\u00edodo letivo.<\/p><p><br><\/p>\n<p>Art. 88. Em situa\u00e7\u00f5es excepcionais, o tempo m\u00e1ximo de integraliza\u00e7\u00e3o atribu\u00eddo ao estudante poder\u00e1 ser acrescido de at\u00e9 2 (dois) per\u00edodos letivos, mediante a apresenta\u00e7\u00e3o de justificativa aceita pelo Colegiado do Curso.<\/p><p><br><\/p>\n<p>Art. 89. O Departamento de Registro e Controle Acad\u00eamico far\u00e1 a apura\u00e7\u00e3o da situa\u00e7\u00e3o de desligamento, nos termos do art. 87, e providenciar\u00e1 a comunica\u00e7\u00e3o do resultado ao estudante.<\/p>\n<p>\u00a7 1\u00ba O estudante ter\u00e1 10 (dez) dias corridos, contados da data do recebimento da comunica\u00e7\u00e3o de seu desligamento, nos termos do Regimento Geral, para solicitar revis\u00e3o dessa decis\u00e3o junto ao Colegiado, mediante a apresenta\u00e7\u00e3o de justificativa fundamentada e devidamente comprovada.<\/p>\n<p>\u00a7 2\u00ba A situa\u00e7\u00e3o de desligamento que for comunicada a estudante ap\u00f3s o in\u00edcio de per\u00edodo letivo em que esteja cursando regularmente atividades acad\u00eamicas curriculares ser\u00e1 efetivada somente ap\u00f3s o encerramento do referido per\u00edodo.<\/p><p><br><\/p>\n<p>Art. 90. O estudante desligado da Universidade, nos termos do art. 87, ter\u00e1 atendido pedido de revis\u00e3o do desligamento desde que:<\/p>\n<p>I &#8211; o pedido de revis\u00e3o do desligamento seja apresentado no prazo de 10 (dez) dias corridos ap\u00f3s o recebimento da comunica\u00e7\u00e3o do desligamento;&nbsp;<\/p>\n<p>II &#8211; o cumprimento de todos os requisitos para a obten\u00e7\u00e3o do grau em vers\u00e3o curricular vigente seja poss\u00edvel no tempo m\u00e1ximo de integraliza\u00e7\u00e3o atribu\u00eddo ao estudante;<\/p>\n<p>III &#8211; o pedido de revis\u00e3o do desligamento seja aprovado pelo Colegiado; e<\/p>\n<p>IV &#8211; n\u00e3o tenha sido anteriormente contemplado com outra revis\u00e3o de desligamento nem com extens\u00e3o do tempo m\u00e1ximo de integraliza\u00e7\u00e3o.<\/p>\n<p>Par\u00e1grafo \u00fanico. O pedido de revis\u00e3o do desligamento que n\u00e3o atender \u00e0s condi\u00e7\u00f5es elencadas nos incisos I, II ou IV do caput ser\u00e1 julgado pela C\u00e2mara de Gradua\u00e7\u00e3o, ouvido o Colegiado.<\/p><p><br><\/p>\n<p>Art. 91. O estudante desligado da Universidade, nos termos do art. 87, poder\u00e1 ter atendido pedido de reinclus\u00e3o administrativa no curso interrompido se apresent\u00e1-lo:<\/p>\n<p>I &#8211; at\u00e9 2 (dois) anos ap\u00f3s o desligamento, tendo cumprido todos os requisitos para a obten\u00e7\u00e3o do grau na vers\u00e3o curricular mais recente, por meio do dispositivo da matr\u00edcula isolada na UFMG; ou<\/p>\n<p>II &#8211; at\u00e9 um ano e meio ap\u00f3s o desligamento, sendo os \u00fanicos requisitos pendentes para a obten\u00e7\u00e3o do grau as atividades de est\u00e1gio ou de trabalho de conclus\u00e3o de curso na vers\u00e3o curricular mais recente.&nbsp;<\/p>\n<p>\u00a7 1\u00ba A reinclus\u00e3o dever\u00e1 ser aprovada pelo Colegiado do Curso.<\/p>\n<p>\u00a7 2\u00ba Para ter seu pedido atendido, o estudante n\u00e3o poder\u00e1 ter sido anteriormente contemplado com reinclus\u00e3o administrativa nem com extens\u00e3o do tempo m\u00e1ximo de integraliza\u00e7\u00e3o.<\/p><p><br><\/p>\n<h3 data-region-content=\"forum-post-core-subject\" data-reply-subject=\"Re: PLANO DE ESTUDOS PARA REVIS\u00c3O DE DESLIGAMENTO\"><span class=\"\">PLANO DE ESTUDOS PARA REVIS\u00c3O DE DESLIGAMENTO<\/span><\/h3>\n<p>Ao preencher o plano de estudo colocar toda a carga hor\u00e1ria que falta para integralizar o curso, com as disciplinas obrigat\u00f3rias, optativas, de forma\u00e7\u00e3o livre e AACCs, quando for o caso, acrescentar no Siga&nbsp;at\u00e9 10 (dez) dias da data do desligamento.<\/p>\t\t\t\t\t\t\t\t<\/div>\n\t\t\t\t<\/div>\n\t\t\t\t\t<\/div>\n\t\t<\/div>\n\t\t\t\t\t<\/div>\n\t\t<\/section>\n\t\t\t\t<section class=\"elementor-section elementor-top-section elementor-element elementor-element-5173a8f elementor-section-boxed elementor-section-height-default elementor-section-height-default\" data-id=\"5173a8f\" data-element_type=\"section\" data-e-type=\"section\">\n\t\t\t\t\t\t<div class=\"elementor-container elementor-column-gap-default\">\n\t\t\t\t\t<div class=\"elementor-column elementor-col-100 elementor-top-column elementor-element elementor-element-6f5ac57\" data-id=\"6f5ac57\" data-element_type=\"column\" data-e-type=\"column\">\n\t\t\t<div class=\"elementor-widget-wrap elementor-element-populated\">\n\t\t\t\t\t\t<div class=\"elementor-element elementor-element-87b718f elementor-align-center elementor-widget elementor-widget-elementskit-button\" data-id=\"87b718f\" data-element_type=\"widget\" data-e-type=\"widget\" data-widget_type=\"elementskit-button.default\">\n\t\t\t\t<div class=\"elementor-widget-container\">\n\t\t\t\t\t<div class=\"ekit-wid-con\" >\t\t<div class=\"ekit-btn-wraper\">\n\t\t\t\t\t\t\t<a href=\"https:\/\/drive.google.com\/drive\/folders\/18rLGwoejwwiNgkcXAhvcQcm5hGCkF916\" class=\"elementskit-btn  whitespace--normal\" id=\"\">\n\t\t\t\t\tFormul\u00e1rios, roteiro e documentos para Revis\u00e3o de Desligamento  <i class=\"fas fa-external-link-alt\"><\/i>\t\t\t\t<\/a>\n\t\t\t\t\t<\/div>\n        <\/div>\t\t\t\t<\/div>\n\t\t\t\t<\/div>\n\t\t\t\t\t<\/div>\n\t\t<\/div>\n\t\t\t\t\t<\/div>\n\t\t<\/section>\n\t\t\t\t<\/div>\n\t\t","protected":false},"excerpt":{"rendered":"<p>Revis\u00e3o de Desligamento Requerimento de revis\u00e3o de desligamento Preencher o formul\u00e1rio, acrescentar a documenta\u00e7\u00e3o comprobat\u00f3rio e enviar atrav\u00e9s do SIGA, at\u00e9 10 (dez) dias da data do desligamento. Art. 87. [&hellip;]<\/p>\n","protected":false},"author":1,"featured_media":0,"parent":0,"menu_order":0,"comment_status":"closed","ping_status":"closed","template":"","meta":{"ngg_post_thumbnail":0,"footnotes":""},"class_list":["post-2701","page","type-page","status-publish","hentry","rishi-post","no-post-thumbnail"],"rishi__cb_customizer_meta":"","_links":{"self":[{"href":"https:\/\/grad.eba.ufmg.br\/designdemoda\/index.php\/wp-json\/wp\/v2\/pages\/2701","targetHints":{"allow":["GET"]}}],"collection":[{"href":"https:\/\/grad.eba.ufmg.br\/designdemoda\/index.php\/wp-json\/wp\/v2\/pages"}],"about":[{"href":"https:\/\/grad.eba.ufmg.br\/designdemoda\/index.php\/wp-json\/wp\/v2\/types\/page"}],"author":[{"embeddable":true,"href":"https:\/\/grad.eba.ufmg.br\/designdemoda\/index.php\/wp-json\/wp\/v2\/users\/1"}],"replies":[{"embeddable":true,"href":"https:\/\/grad.eba.ufmg.br\/designdemoda\/index.php\/wp-json\/wp\/v2\/comments?post=2701"}],"version-history":[{"count":7,"href":"https:\/\/grad.eba.ufmg.br\/designdemoda\/index.php\/wp-json\/wp\/v2\/pages\/2701\/revisions"}],"predecessor-version":[{"id":2730,"href":"https:\/\/grad.eba.ufmg.br\/designdemoda\/index.php\/wp-json\/wp\/v2\/pages\/2701\/revisions\/2730"}],"wp:attachment":[{"href":"https:\/\/grad.eba.ufmg.br\/designdemoda\/index.php\/wp-json\/wp\/v2\/media?parent=2701"}],"curies":[{"name":"wp","href":"https:\/\/api.w.org\/{rel}","templated":true}]}}