{"id":2687,"date":"2024-10-18T17:57:40","date_gmt":"2024-10-18T20:57:40","guid":{"rendered":"https:\/\/grad.eba.ufmg.br\/designdemoda\/?page_id=2687"},"modified":"2024-10-18T18:20:41","modified_gmt":"2024-10-18T21:20:41","slug":"mobilidade-academica","status":"publish","type":"page","link":"https:\/\/grad.eba.ufmg.br\/designdemoda\/index.php\/mobilidade-academica\/","title":{"rendered":"Mobilidade Acad\u00eamica"},"content":{"rendered":"\t\t<div data-elementor-type=\"wp-page\" data-elementor-id=\"2687\" class=\"elementor elementor-2687\">\n\t\t\t\t\t\t<section class=\"elementor-section elementor-top-section elementor-element elementor-element-0e42c15 elementor-section-boxed elementor-section-height-default elementor-section-height-default\" data-id=\"0e42c15\" data-element_type=\"section\" data-e-type=\"section\">\n\t\t\t\t\t\t<div class=\"elementor-container elementor-column-gap-default\">\n\t\t\t\t\t<div class=\"elementor-column elementor-col-100 elementor-top-column elementor-element elementor-element-8ab50ca\" data-id=\"8ab50ca\" data-element_type=\"column\" data-e-type=\"column\">\n\t\t\t<div class=\"elementor-widget-wrap elementor-element-populated\">\n\t\t\t\t\t\t<div class=\"elementor-element elementor-element-1ff8eea elementor-widget elementor-widget-heading\" data-id=\"1ff8eea\" data-element_type=\"widget\" data-e-type=\"widget\" data-widget_type=\"heading.default\">\n\t\t\t\t<div class=\"elementor-widget-container\">\n\t\t\t\t\t<h2 class=\"elementor-heading-title elementor-size-default\">Mobilidade Acad\u00eamica<\/h2>\t\t\t\t<\/div>\n\t\t\t\t<\/div>\n\t\t\t\t\t<\/div>\n\t\t<\/div>\n\t\t\t\t\t<\/div>\n\t\t<\/section>\n\t\t\t\t<section class=\"elementor-section elementor-top-section elementor-element elementor-element-9d9b03a elementor-section-boxed elementor-section-height-default elementor-section-height-default\" data-id=\"9d9b03a\" data-element_type=\"section\" data-e-type=\"section\">\n\t\t\t\t\t\t<div class=\"elementor-container elementor-column-gap-default\">\n\t\t\t\t\t<div class=\"elementor-column elementor-col-100 elementor-top-column elementor-element elementor-element-3d04ef7\" data-id=\"3d04ef7\" data-element_type=\"column\" data-e-type=\"column\">\n\t\t\t<div class=\"elementor-widget-wrap elementor-element-populated\">\n\t\t\t\t\t\t<div class=\"elementor-element elementor-element-e0e74b1 elementor-widget elementor-widget-spacer\" data-id=\"e0e74b1\" data-element_type=\"widget\" data-e-type=\"widget\" data-widget_type=\"spacer.default\">\n\t\t\t\t<div class=\"elementor-widget-container\">\n\t\t\t\t\t\t\t<div class=\"elementor-spacer\">\n\t\t\t<div class=\"elementor-spacer-inner\"><\/div>\n\t\t<\/div>\n\t\t\t\t\t\t<\/div>\n\t\t\t\t<\/div>\n\t\t\t\t\t<\/div>\n\t\t<\/div>\n\t\t\t\t\t<\/div>\n\t\t<\/section>\n\t\t\t\t<section class=\"elementor-section elementor-top-section elementor-element elementor-element-5eb5b1d elementor-section-boxed elementor-section-height-default elementor-section-height-default\" data-id=\"5eb5b1d\" data-element_type=\"section\" data-e-type=\"section\">\n\t\t\t\t\t\t<div class=\"elementor-container elementor-column-gap-default\">\n\t\t\t\t\t<div class=\"elementor-column elementor-col-100 elementor-top-column elementor-element elementor-element-72528d9\" data-id=\"72528d9\" data-element_type=\"column\" data-e-type=\"column\">\n\t\t\t<div class=\"elementor-widget-wrap elementor-element-populated\">\n\t\t\t\t\t\t<div class=\"elementor-element elementor-element-1de22d1 elementor-widget elementor-widget-text-editor\" data-id=\"1de22d1\" data-element_type=\"widget\" data-e-type=\"widget\" data-widget_type=\"text-editor.default\">\n\t\t\t\t<div class=\"elementor-widget-container\">\n\t\t\t\t\t\t\t\t\t<p><b><span class=\"\">O que \u00e9 Mobilidade Estudantil ANDIFES?<\/span><\/b><\/p><p>Mobilidade Estudantil \u00e9 uma oportunidade que a Universidade Federal de Minas Gerais oferece aos estudantes de gradua\u00e7\u00e3o de realiza\u00e7\u00e3o de estudos em outras Institui\u00e7\u00f5es Federais de Ensino Superior \u2013 IFES do Pa\u00eds. Da mesma forma, possibilita que estudantes de outras IFES desenvolvam atividades de ensino na UFMG.<\/p><p>A Resolu\u00e7\u00e3o CG002\/004\/2004 de 13 de maio de 2004 que estabelece as normas para Conv\u00eanio\/Programa ANDIFES de Mobilidade Estudantil na UFMG.\u00a0\u00a0<\/p><p><b><span class=\"\">Quais documentos necess\u00e1rios para requerer a Mobilidade Estudantil?<\/span><\/b><\/p><p>Para requerer a Mobilidade Estudantil o estudante deve apresentar ao Colegiado do Curso de Design de Moda at\u00e9 o segundo m\u00eas de cada semestre letivo os seguintes documentos:<\/p><ul><li>Requerimento;<\/li><li>Hist\u00f3rico Escolar;<\/li><li>Ementas e Programas das disciplinas que pretende cursar;<\/li><li>Fotoc\u00f3pias do documento de identidade com foto e CPF;<\/li><li>Comprovante de endere\u00e7o.<\/li><\/ul><p><b><span class=\"\">Quais os crit\u00e9rios utilizados pelo Curso de Gradua\u00e7\u00e3o em Design de Moda para conceder a Mobilidade Estudantil ANDIFES aos Seus estudantes?<\/span><\/b><\/p><p>O estudante para ter direito ao Programa ANDIFES de Mobilidade, dever\u00e1 apresentar m\u00e9dia de Rendimento Semestral Global igual ou superior a 3,0 e ter integralizado os cr\u00e9ditos de todas as atividades acad\u00eamicas curriculares previstas para o primeiro e segundo semestres letivos do curso e ter o seu Plano de Estudos aprovado pela Coordena\u00e7\u00e3o Did\u00e1tica do Curso.<\/p>\t\t\t\t\t\t\t\t<\/div>\n\t\t\t\t<\/div>\n\t\t\t\t\t<\/div>\n\t\t<\/div>\n\t\t\t\t\t<\/div>\n\t\t<\/section>\n\t\t\t\t<section class=\"elementor-section elementor-top-section elementor-element elementor-element-afda752 elementor-section-boxed elementor-section-height-default elementor-section-height-default\" data-id=\"afda752\" data-element_type=\"section\" data-e-type=\"section\">\n\t\t\t\t\t\t<div class=\"elementor-container elementor-column-gap-default\">\n\t\t\t\t\t<div class=\"elementor-column elementor-col-100 elementor-top-column elementor-element elementor-element-1da3035\" data-id=\"1da3035\" data-element_type=\"column\" data-e-type=\"column\">\n\t\t\t<div class=\"elementor-widget-wrap elementor-element-populated\">\n\t\t\t\t\t\t<div class=\"elementor-element elementor-element-8403082 elementor-align-center elementor-widget elementor-widget-elementskit-button\" data-id=\"8403082\" data-element_type=\"widget\" data-e-type=\"widget\" data-widget_type=\"elementskit-button.default\">\n\t\t\t\t<div class=\"elementor-widget-container\">\n\t\t\t\t\t<div class=\"ekit-wid-con\" >\t\t<div class=\"ekit-btn-wraper\">\n\t\t\t\t\t\t\t<a href=\"https:\/\/drive.google.com\/drive\/folders\/1Hw_xp3xFbz-pjXR79Wk68M9JkW4n9l7z\" class=\"elementskit-btn  whitespace--normal\" id=\"\">\n\t\t\t\t\t Formul\u00e1rio e documentos para Mobilidade Acad\u00eamica  <i class=\"fas fa-external-link-alt\"><\/i>\t\t\t\t<\/a>\n\t\t\t\t\t<\/div>\n        <\/div>\t\t\t\t<\/div>\n\t\t\t\t<\/div>\n\t\t\t\t\t<\/div>\n\t\t<\/div>\n\t\t\t\t\t<\/div>\n\t\t<\/section>\n\t\t\t\t<\/div>\n\t\t","protected":false},"excerpt":{"rendered":"<p>Mobilidade Acad\u00eamica O que \u00e9 Mobilidade Estudantil ANDIFES? Mobilidade Estudantil \u00e9 uma oportunidade que a Universidade Federal de Minas Gerais oferece aos estudantes de gradua\u00e7\u00e3o de realiza\u00e7\u00e3o de estudos em [&hellip;]<\/p>\n","protected":false},"author":1,"featured_media":0,"parent":0,"menu_order":0,"comment_status":"closed","ping_status":"closed","template":"","meta":{"ngg_post_thumbnail":0,"footnotes":""},"class_list":["post-2687","page","type-page","status-publish","hentry","rishi-post","no-post-thumbnail"],"rishi__cb_customizer_meta":"","_links":{"self":[{"href":"https:\/\/grad.eba.ufmg.br\/designdemoda\/index.php\/wp-json\/wp\/v2\/pages\/2687","targetHints":{"allow":["GET"]}}],"collection":[{"href":"https:\/\/grad.eba.ufmg.br\/designdemoda\/index.php\/wp-json\/wp\/v2\/pages"}],"about":[{"href":"https:\/\/grad.eba.ufmg.br\/designdemoda\/index.php\/wp-json\/wp\/v2\/types\/page"}],"author":[{"embeddable":true,"href":"https:\/\/grad.eba.ufmg.br\/designdemoda\/index.php\/wp-json\/wp\/v2\/users\/1"}],"replies":[{"embeddable":true,"href":"https:\/\/grad.eba.ufmg.br\/designdemoda\/index.php\/wp-json\/wp\/v2\/comments?post=2687"}],"version-history":[{"count":7,"href":"https:\/\/grad.eba.ufmg.br\/designdemoda\/index.php\/wp-json\/wp\/v2\/pages\/2687\/revisions"}],"predecessor-version":[{"id":2723,"href":"https:\/\/grad.eba.ufmg.br\/designdemoda\/index.php\/wp-json\/wp\/v2\/pages\/2687\/revisions\/2723"}],"wp:attachment":[{"href":"https:\/\/grad.eba.ufmg.br\/designdemoda\/index.php\/wp-json\/wp\/v2\/media?parent=2687"}],"curies":[{"name":"wp","href":"https:\/\/api.w.org\/{rel}","templated":true}]}}