{"id":151,"date":"2023-01-12T16:20:33","date_gmt":"2023-01-12T19:20:33","guid":{"rendered":"https:\/\/grad.eba.ufmg.br\/designdemoda\/?page_id=151"},"modified":"2025-12-19T18:08:39","modified_gmt":"2025-12-19T21:08:39","slug":"curso","status":"publish","type":"page","link":"https:\/\/grad.eba.ufmg.br\/designdemoda\/index.php\/curso\/","title":{"rendered":"Sobre o curso"},"content":{"rendered":"\t\t<div data-elementor-type=\"wp-page\" data-elementor-id=\"151\" class=\"elementor elementor-151\">\n\t\t\t\t\t\t<section class=\"elementor-section elementor-top-section elementor-element elementor-element-d12719e elementor-section-boxed elementor-section-height-default elementor-section-height-default\" data-id=\"d12719e\" data-element_type=\"section\" data-e-type=\"section\">\n\t\t\t\t\t\t<div class=\"elementor-container elementor-column-gap-default\">\n\t\t\t\t\t<div class=\"elementor-column elementor-col-100 elementor-top-column elementor-element elementor-element-a7171d8\" data-id=\"a7171d8\" data-element_type=\"column\" data-e-type=\"column\">\n\t\t\t<div class=\"elementor-widget-wrap elementor-element-populated\">\n\t\t\t\t\t\t<div class=\"elementor-element elementor-element-03c3114 elementor-widget elementor-widget-heading\" data-id=\"03c3114\" data-element_type=\"widget\" data-e-type=\"widget\" data-widget_type=\"heading.default\">\n\t\t\t\t<div class=\"elementor-widget-container\">\n\t\t\t\t\t<h2 class=\"elementor-heading-title elementor-size-default\">Bacharelado em Design de Moda<\/h2>\t\t\t\t<\/div>\n\t\t\t\t<\/div>\n\t\t\t\t\t<\/div>\n\t\t<\/div>\n\t\t\t\t\t<\/div>\n\t\t<\/section>\n\t\t\t\t<section class=\"elementor-section elementor-top-section elementor-element elementor-element-f034d2c elementor-section-boxed elementor-section-height-default elementor-section-height-default\" data-id=\"f034d2c\" data-element_type=\"section\" data-e-type=\"section\">\n\t\t\t\t\t\t<div class=\"elementor-container elementor-column-gap-default\">\n\t\t\t\t\t<div class=\"elementor-column elementor-col-100 elementor-top-column elementor-element elementor-element-efcf601\" data-id=\"efcf601\" data-element_type=\"column\" data-e-type=\"column\">\n\t\t\t<div class=\"elementor-widget-wrap elementor-element-populated\">\n\t\t\t\t\t\t<div class=\"elementor-element elementor-element-0a70981 elementor-widget elementor-widget-spacer\" data-id=\"0a70981\" data-element_type=\"widget\" data-e-type=\"widget\" data-widget_type=\"spacer.default\">\n\t\t\t\t<div class=\"elementor-widget-container\">\n\t\t\t\t\t\t\t<div class=\"elementor-spacer\">\n\t\t\t<div class=\"elementor-spacer-inner\"><\/div>\n\t\t<\/div>\n\t\t\t\t\t\t<\/div>\n\t\t\t\t<\/div>\n\t\t\t\t\t<\/div>\n\t\t<\/div>\n\t\t\t\t\t<\/div>\n\t\t<\/section>\n\t\t\t\t<section class=\"elementor-section elementor-top-section elementor-element elementor-element-13e91b2 elementor-section-boxed elementor-section-height-default elementor-section-height-default\" data-id=\"13e91b2\" data-element_type=\"section\" data-e-type=\"section\">\n\t\t\t\t\t\t<div class=\"elementor-container elementor-column-gap-default\">\n\t\t\t\t\t<div class=\"elementor-column elementor-col-50 elementor-top-column elementor-element elementor-element-36942e2\" data-id=\"36942e2\" data-element_type=\"column\" data-e-type=\"column\">\n\t\t\t<div class=\"elementor-widget-wrap elementor-element-populated\">\n\t\t\t\t\t\t<div class=\"elementor-element elementor-element-47fdfdd elementor-widget elementor-widget-heading\" data-id=\"47fdfdd\" data-element_type=\"widget\" data-e-type=\"widget\" data-widget_type=\"heading.default\">\n\t\t\t\t<div class=\"elementor-widget-container\">\n\t\t\t\t\t<h1 class=\"elementor-heading-title elementor-size-medium\">Sobre o Curso<\/h1>\t\t\t\t<\/div>\n\t\t\t\t<\/div>\n\t\t\t\t\t<\/div>\n\t\t<\/div>\n\t\t\t\t<div class=\"elementor-column elementor-col-50 elementor-top-column elementor-element elementor-element-fb93278\" data-id=\"fb93278\" data-element_type=\"column\" data-e-type=\"column\">\n\t\t\t<div class=\"elementor-widget-wrap elementor-element-populated\">\n\t\t\t\t\t\t<div class=\"elementor-element elementor-element-77a1872 elementor-widget__width-initial elementor-widget elementor-widget-text-editor\" data-id=\"77a1872\" data-element_type=\"widget\" data-e-type=\"widget\" data-widget_type=\"text-editor.default\">\n\t\t\t\t<div class=\"elementor-widget-container\">\n\t\t\t\t\t\t\t\t\t<p>O Curso de Bacharelado em Design de Moda da EBA-UFMG \u00e9 um curso noturno, com dura\u00e7\u00e3o padr\u00e3o de 8 semestres e ingresso atrav\u00e9s do Vestibular de Habilidades. As \u00e1reas de atua\u00e7\u00e3o podem ser resumidas em: gest\u00e3o de produtos e gerenciamento de confec\u00e7\u00e3o, design t\u00eaxtil e consultoria de moda. Assim, o Curso existe h\u00e1 12 anos e conta com o ingresso anual de 45 alunos(as), contabilizando 540 ingressos at\u00e9 o momento. \u00a0<\/p><p>Em rela\u00e7\u00e3o \u00e0 avalia\u00e7\u00e3o do Minist\u00e9rio da Educa\u00e7\u00e3o (MEC), o Curso de Bacharelado em Design de Moda da UFMG recebeu no ano de 2025 a nota m\u00e1xima entre os cursos de Gradua\u00e7\u00e3o: <a href=\"https:\/\/emec.mec.gov.br\/emec\/consulta-cadastro\/detalhamento\/d96957f455f6405d14c6542552b0f6eb\/NTc1\/9f1aa921d96ca1df24a34474cc171f61\/MTUw\">Nota 5,<\/a> (Conceito de Curso \u00e9 a nota dada ao curso de acordo com uma avalia\u00e7\u00e3o realizada por uma comiss\u00e3o de avaliadores do INEP\/MEC). Ou seja, o Curso concede valor de qualidade satisfat\u00f3ria de ensino.<\/p><p>Localiza\u00e7\u00e3o: Campus Pampulha, Avenida Presidente Ant\u00f4nio Carlos n\u00b0 6627, Pampulha, Belo Horizonte, Brasil<\/p>\t\t\t\t\t\t\t\t<\/div>\n\t\t\t\t<\/div>\n\t\t\t\t\t<\/div>\n\t\t<\/div>\n\t\t\t\t\t<\/div>\n\t\t<\/section>\n\t\t\t\t<section class=\"elementor-section elementor-top-section elementor-element elementor-element-3c375b8 elementor-section-boxed elementor-section-height-default elementor-section-height-default\" data-id=\"3c375b8\" data-element_type=\"section\" data-e-type=\"section\">\n\t\t\t\t\t\t<div class=\"elementor-container elementor-column-gap-default\">\n\t\t\t\t\t<div class=\"elementor-column elementor-col-100 elementor-top-column elementor-element elementor-element-b9d79c1\" data-id=\"b9d79c1\" data-element_type=\"column\" data-e-type=\"column\">\n\t\t\t<div class=\"elementor-widget-wrap elementor-element-populated\">\n\t\t\t\t\t\t<div class=\"elementor-element elementor-element-5b2b19c elementor-widget-divider--view-line elementor-widget elementor-widget-divider\" data-id=\"5b2b19c\" data-element_type=\"widget\" data-e-type=\"widget\" data-widget_type=\"divider.default\">\n\t\t\t\t<div class=\"elementor-widget-container\">\n\t\t\t\t\t\t\t<div class=\"elementor-divider\">\n\t\t\t<span class=\"elementor-divider-separator\">\n\t\t\t\t\t\t<\/span>\n\t\t<\/div>\n\t\t\t\t\t\t<\/div>\n\t\t\t\t<\/div>\n\t\t\t\t\t<\/div>\n\t\t<\/div>\n\t\t\t\t\t<\/div>\n\t\t<\/section>\n\t\t\t\t<section class=\"elementor-section elementor-top-section elementor-element elementor-element-9aba890 elementor-section-boxed elementor-section-height-default elementor-section-height-default\" data-id=\"9aba890\" data-element_type=\"section\" data-e-type=\"section\">\n\t\t\t\t\t\t<div class=\"elementor-container elementor-column-gap-default\">\n\t\t\t\t\t<div class=\"elementor-column elementor-col-50 elementor-top-column elementor-element elementor-element-0b3c76f\" data-id=\"0b3c76f\" data-element_type=\"column\" data-e-type=\"column\">\n\t\t\t<div class=\"elementor-widget-wrap elementor-element-populated\">\n\t\t\t\t\t\t<div class=\"elementor-element elementor-element-b160120 elementor-widget elementor-widget-heading\" data-id=\"b160120\" data-element_type=\"widget\" data-e-type=\"widget\" data-widget_type=\"heading.default\">\n\t\t\t\t<div class=\"elementor-widget-container\">\n\t\t\t\t\t<h1 class=\"elementor-heading-title elementor-size-medium\">Hist\u00f3rico do curso<\/h1>\t\t\t\t<\/div>\n\t\t\t\t<\/div>\n\t\t\t\t\t<\/div>\n\t\t<\/div>\n\t\t\t\t<div class=\"elementor-column elementor-col-50 elementor-top-column elementor-element elementor-element-b60f904\" data-id=\"b60f904\" data-element_type=\"column\" data-e-type=\"column\">\n\t\t\t<div class=\"elementor-widget-wrap elementor-element-populated\">\n\t\t\t\t\t\t<div class=\"elementor-element elementor-element-1459e3f elementor-widget elementor-widget-text-editor\" data-id=\"1459e3f\" data-element_type=\"widget\" data-e-type=\"widget\" data-widget_type=\"text-editor.default\">\n\t\t\t\t<div class=\"elementor-widget-container\">\n\t\t\t\t\t\t\t\t\t<p>O Curso de Design de Moda tem sua origem no Curso de Forma\u00e7\u00e3o T\u00e9cnica &amp; Extens\u00e3o em Estilismo e Modelagem de Vestu\u00e1rio, desenvolvido em 1984 por Eduardo Luppi, objetivava um curso com dura\u00e7\u00e3o de 4 anos, com uma carga hor\u00e1ria total de 1.444 horas\/aula e 600 horas de est\u00e1gio orientado. Alguns professores que licenciaram no curso foram: Dulce, Rosvita, D\u00e9cio, Marta Neves, Maisa e Cl\u00e1udia. Al\u00e9m do mais, vale ressaltar que muitos alunos da \u00e9poca comp\u00f5em o corpo docente do Curso de Design de Moda hoje, como a Prof\u00aa\u00a0Ang\u00e9lica e a Prof\u00aa\u00a0Lucia.<\/p><p>\u00c0 vista disso, o curso de extens\u00e3o<strong><b>\u00a0<\/b><\/strong>foi mantido at\u00e9 o ano de 2008, pois em 2007 a Escola de Belas Artes aprovou atrav\u00e9s do REUNI o Curso de Bacharelado de Design de Moda. Assim sendo, desde 2009 acontece o ingresso anual ao Curso por meio do Vestibular de Habilidades.<\/p>\t\t\t\t\t\t\t\t<\/div>\n\t\t\t\t<\/div>\n\t\t\t\t\t<\/div>\n\t\t<\/div>\n\t\t\t\t\t<\/div>\n\t\t<\/section>\n\t\t\t\t<section class=\"elementor-section elementor-top-section elementor-element elementor-element-ddf5929 elementor-section-boxed elementor-section-height-default elementor-section-height-default\" data-id=\"ddf5929\" data-element_type=\"section\" data-e-type=\"section\">\n\t\t\t\t\t\t<div class=\"elementor-container elementor-column-gap-default\">\n\t\t\t\t\t<div class=\"elementor-column elementor-col-100 elementor-top-column elementor-element elementor-element-b343a26\" data-id=\"b343a26\" data-element_type=\"column\" data-e-type=\"column\">\n\t\t\t<div class=\"elementor-widget-wrap elementor-element-populated\">\n\t\t\t\t\t\t<div class=\"elementor-element elementor-element-ef791f3 elementor-widget-divider--view-line elementor-widget elementor-widget-divider\" data-id=\"ef791f3\" data-element_type=\"widget\" data-e-type=\"widget\" data-widget_type=\"divider.default\">\n\t\t\t\t<div class=\"elementor-widget-container\">\n\t\t\t\t\t\t\t<div class=\"elementor-divider\">\n\t\t\t<span class=\"elementor-divider-separator\">\n\t\t\t\t\t\t<\/span>\n\t\t<\/div>\n\t\t\t\t\t\t<\/div>\n\t\t\t\t<\/div>\n\t\t\t\t\t<\/div>\n\t\t<\/div>\n\t\t\t\t\t<\/div>\n\t\t<\/section>\n\t\t\t\t<section class=\"elementor-section elementor-top-section elementor-element elementor-element-16a7ce6 elementor-section-boxed elementor-section-height-default elementor-section-height-default\" data-id=\"16a7ce6\" data-element_type=\"section\" data-e-type=\"section\">\n\t\t\t\t\t\t<div class=\"elementor-container elementor-column-gap-default\">\n\t\t\t\t\t<div class=\"elementor-column elementor-col-50 elementor-top-column elementor-element elementor-element-9ae104c\" data-id=\"9ae104c\" data-element_type=\"column\" data-e-type=\"column\">\n\t\t\t<div class=\"elementor-widget-wrap elementor-element-populated\">\n\t\t\t\t\t\t<div class=\"elementor-element elementor-element-110d835 elementor-widget elementor-widget-heading\" data-id=\"110d835\" data-element_type=\"widget\" data-e-type=\"widget\" data-widget_type=\"heading.default\">\n\t\t\t\t<div class=\"elementor-widget-container\">\n\t\t\t\t\t<h1 class=\"elementor-heading-title elementor-size-medium\">Infraestrutura \u200b<\/h1>\t\t\t\t<\/div>\n\t\t\t\t<\/div>\n\t\t\t\t\t<\/div>\n\t\t<\/div>\n\t\t\t\t<div class=\"elementor-column elementor-col-50 elementor-top-column elementor-element elementor-element-ee0a434\" data-id=\"ee0a434\" data-element_type=\"column\" data-e-type=\"column\">\n\t\t\t<div class=\"elementor-widget-wrap elementor-element-populated\">\n\t\t\t\t\t\t<div class=\"elementor-element elementor-element-0b349e2 elementor-widget elementor-widget-text-editor\" data-id=\"0b349e2\" data-element_type=\"widget\" data-e-type=\"widget\" data-widget_type=\"text-editor.default\">\n\t\t\t\t<div class=\"elementor-widget-container\">\n\t\t\t\t\t\t\t\t\t<p>O Curso de Bacharelado em Design de Moda est\u00e1 localizado na Escola de Belas Artes (EBA), inclu\u00eddo no Campus Pampulha da Universidade Federal de Minas Gerais \u2013 UFMG, encontra-se instalado nas estruturas f\u00edsicas e did\u00e1ticas do Pr\u00e9dio da Escola de Belas Artes, mas tamb\u00e9m utiliza do Centro de Atividades Did\u00e1ticas 2 (CAD 2), edif\u00edcio compartilhado por diversos cursos das \u00e1reas de artes e humanidades, o qual disp\u00f5e de 51 salas de aula, quatro laborat\u00f3rios de Inform\u00e1tica e dois audit\u00f3rios. Ambos est\u00e3o localizados no Campus Pampulha, na Avenida Presidente Ant\u00f4nio Carlos n\u00b0 6627, Pampulha, Belo Horizonte, Brasil.<\/p><p>Al\u00e9m dos espa\u00e7os apresentados, o Curso ainda conta com laborat\u00f3rios dedicados \u00e0s disciplinas te\u00f3rico-pr\u00e1ticas no Pr\u00e9dio sede da EBA: Desenho Digital (Inform\u00e1tica) (Sala C-103), Escrit\u00f3rio da Mude! Empresa Junior (Sala C-104), e o Laborat\u00f3rio de Ilustra\u00e7\u00e3o (Sala C-106). No 2\u00ba andar do Bloco 2, Anexo G da Escola de Belas Artes, est\u00e3o alocados os demais laborat\u00f3rios, considerados o n\u00facleo duro da Moda: Laborat\u00f3rio de Modelagem e Moulage (G-201), Laborat\u00f3rio de Tecnologia T\u00eaxtil (G-202), Laborat\u00f3rio de Costura (G-203), Laborat\u00f3rios de Projetos (G-211 e G-212) e Laborat\u00f3rio de Estamparia (G-213).<\/p>\t\t\t\t\t\t\t\t<\/div>\n\t\t\t\t<\/div>\n\t\t\t\t\t<\/div>\n\t\t<\/div>\n\t\t\t\t\t<\/div>\n\t\t<\/section>\n\t\t\t\t<\/div>\n\t\t","protected":false},"excerpt":{"rendered":"<p>Bacharelado em Design de Moda Sobre o Curso O Curso de Bacharelado em Design de Moda da EBA-UFMG \u00e9 um curso noturno, com dura\u00e7\u00e3o padr\u00e3o de 8 semestres e ingresso [&hellip;]<\/p>\n","protected":false},"author":1,"featured_media":0,"parent":0,"menu_order":0,"comment_status":"closed","ping_status":"closed","template":"","meta":{"ngg_post_thumbnail":0,"footnotes":""},"class_list":["post-151","page","type-page","status-publish","hentry","rishi-post","no-post-thumbnail"],"rishi__cb_customizer_meta":"","_links":{"self":[{"href":"https:\/\/grad.eba.ufmg.br\/designdemoda\/index.php\/wp-json\/wp\/v2\/pages\/151","targetHints":{"allow":["GET"]}}],"collection":[{"href":"https:\/\/grad.eba.ufmg.br\/designdemoda\/index.php\/wp-json\/wp\/v2\/pages"}],"about":[{"href":"https:\/\/grad.eba.ufmg.br\/designdemoda\/index.php\/wp-json\/wp\/v2\/types\/page"}],"author":[{"embeddable":true,"href":"https:\/\/grad.eba.ufmg.br\/designdemoda\/index.php\/wp-json\/wp\/v2\/users\/1"}],"replies":[{"embeddable":true,"href":"https:\/\/grad.eba.ufmg.br\/designdemoda\/index.php\/wp-json\/wp\/v2\/comments?post=151"}],"version-history":[{"count":83,"href":"https:\/\/grad.eba.ufmg.br\/designdemoda\/index.php\/wp-json\/wp\/v2\/pages\/151\/revisions"}],"predecessor-version":[{"id":2762,"href":"https:\/\/grad.eba.ufmg.br\/designdemoda\/index.php\/wp-json\/wp\/v2\/pages\/151\/revisions\/2762"}],"wp:attachment":[{"href":"https:\/\/grad.eba.ufmg.br\/designdemoda\/index.php\/wp-json\/wp\/v2\/media?parent=151"}],"curies":[{"name":"wp","href":"https:\/\/api.w.org\/{rel}","templated":true}]}}