{"id":1045,"date":"2023-02-03T15:22:47","date_gmt":"2023-02-03T18:22:47","guid":{"rendered":"https:\/\/grad.eba.ufmg.br\/designdemoda\/?page_id=1045"},"modified":"2024-10-17T16:29:46","modified_gmt":"2024-10-17T19:29:46","slug":"instrucoes-para-aproveitamento-de-creditos-em-atividades-complementaresaacc","status":"publish","type":"page","link":"https:\/\/grad.eba.ufmg.br\/designdemoda\/index.php\/instrucoes-para-aproveitamento-de-creditos-em-atividades-complementaresaacc\/","title":{"rendered":"Aproveitamento de cr\u00e9ditos em Atividades Complementares (AACC)"},"content":{"rendered":"\t\t<div data-elementor-type=\"wp-page\" data-elementor-id=\"1045\" class=\"elementor elementor-1045\">\n\t\t\t\t\t\t<section class=\"elementor-section elementor-top-section elementor-element elementor-element-89578a1 elementor-section-boxed elementor-section-height-default elementor-section-height-default\" data-id=\"89578a1\" data-element_type=\"section\" data-e-type=\"section\">\n\t\t\t\t\t\t<div class=\"elementor-container elementor-column-gap-default\">\n\t\t\t\t\t<div class=\"elementor-column elementor-col-100 elementor-top-column elementor-element elementor-element-22db1b3\" data-id=\"22db1b3\" data-element_type=\"column\" data-e-type=\"column\">\n\t\t\t<div class=\"elementor-widget-wrap elementor-element-populated\">\n\t\t\t\t\t\t<div class=\"elementor-element elementor-element-9372063 elementor-widget elementor-widget-heading\" data-id=\"9372063\" data-element_type=\"widget\" data-e-type=\"widget\" data-widget_type=\"heading.default\">\n\t\t\t\t<div class=\"elementor-widget-container\">\n\t\t\t\t\t<h2 class=\"elementor-heading-title elementor-size-default\">INSTRU\u00c7\u00d5ES PARA APROVEITAMENTO DE CR\u00c9DITOS EM AACC<\/h2>\t\t\t\t<\/div>\n\t\t\t\t<\/div>\n\t\t\t\t\t<\/div>\n\t\t<\/div>\n\t\t\t\t\t<\/div>\n\t\t<\/section>\n\t\t\t\t<section class=\"elementor-section elementor-top-section elementor-element elementor-element-63559eb elementor-section-boxed elementor-section-height-default elementor-section-height-default\" data-id=\"63559eb\" data-element_type=\"section\" data-e-type=\"section\">\n\t\t\t\t\t\t<div class=\"elementor-container elementor-column-gap-default\">\n\t\t\t\t\t<div class=\"elementor-column elementor-col-100 elementor-top-column elementor-element elementor-element-2467aeb\" data-id=\"2467aeb\" data-element_type=\"column\" data-e-type=\"column\">\n\t\t\t<div class=\"elementor-widget-wrap elementor-element-populated\">\n\t\t\t\t\t\t<div class=\"elementor-element elementor-element-2cde3a4 elementor-widget elementor-widget-spacer\" data-id=\"2cde3a4\" data-element_type=\"widget\" data-e-type=\"widget\" data-widget_type=\"spacer.default\">\n\t\t\t\t<div class=\"elementor-widget-container\">\n\t\t\t\t\t\t\t<div class=\"elementor-spacer\">\n\t\t\t<div class=\"elementor-spacer-inner\"><\/div>\n\t\t<\/div>\n\t\t\t\t\t\t<\/div>\n\t\t\t\t<\/div>\n\t\t\t\t\t<\/div>\n\t\t<\/div>\n\t\t\t\t\t<\/div>\n\t\t<\/section>\n\t\t\t\t<section class=\"elementor-section elementor-top-section elementor-element elementor-element-1cfcbb0 elementor-section-boxed elementor-section-height-default elementor-section-height-default\" data-id=\"1cfcbb0\" data-element_type=\"section\" data-e-type=\"section\">\n\t\t\t\t\t\t<div class=\"elementor-container elementor-column-gap-default\">\n\t\t\t\t\t<div class=\"elementor-column elementor-col-100 elementor-top-column elementor-element elementor-element-10cdcd3\" data-id=\"10cdcd3\" data-element_type=\"column\" data-e-type=\"column\">\n\t\t\t<div class=\"elementor-widget-wrap elementor-element-populated\">\n\t\t\t\t\t\t<div class=\"elementor-element elementor-element-1f1bb83 elementor-widget elementor-widget-text-editor\" data-id=\"1f1bb83\" data-element_type=\"widget\" data-e-type=\"widget\" data-widget_type=\"text-editor.default\">\n\t\t\t\t<div class=\"elementor-widget-container\">\n\t\t\t\t\t\t\t\t\t<div><span class=\"\"><strong>O per\u00edodo\u00a0para envio do formul\u00e1rio de solicita\u00e7\u00e3o de AACCs ser\u00e1 informado via e-mail.<\/strong><\/span><\/div><div>\u00a0<\/div><div>Atividades Acad\u00eamico-Cient\u00edfico-Culturais s\u00e3o atividades primordiais para a forma\u00e7\u00e3o acad\u00eamica dos estudantes, que s\u00e3o desenvolvidas durante sua trajet\u00f3ria acad\u00eamica e que podem ser integralizadas no hist\u00f3rico acad\u00eamico dos estudantes, rendendo cr\u00e9ditos em carga hor\u00e1ria de atividades optativas.<\/div><div>\u00a0<\/div><div>Abaixo est\u00e1 a resolu\u00e7\u00e3o das Atividades Acad\u00eamico-Cient\u00edfico-Culturais (ainda hoje, no nosso curso referidas como Atividades Complementares) para o curso de Design de Moda.<\/div>\t\t\t\t\t\t\t\t<\/div>\n\t\t\t\t<\/div>\n\t\t\t\t<div class=\"elementor-element elementor-element-9df0dd2 elementor-align-center elementor-widget elementor-widget-elementskit-button\" data-id=\"9df0dd2\" data-element_type=\"widget\" data-e-type=\"widget\" data-widget_type=\"elementskit-button.default\">\n\t\t\t\t<div class=\"elementor-widget-container\">\n\t\t\t\t\t<div class=\"ekit-wid-con\" >\t\t<div class=\"ekit-btn-wraper\">\n\t\t\t\t\t\t\t<a href=\"https:\/\/drive.google.com\/drive\/folders\/12swFEteLgjaCEpefIT6ijxa16KnLpuo-?usp=sharing\" class=\"elementskit-btn  whitespace--normal\" id=\"\">\n\t\t\t\t\tResolu\u00e7\u00e3o \u2013 01-2023 \u2013 Atividades complementares  <i class=\"fas fa-external-link-alt\"><\/i>\t\t\t\t<\/a>\n\t\t\t\t\t<\/div>\n        <\/div>\t\t\t\t<\/div>\n\t\t\t\t<\/div>\n\t\t\t\t\t<\/div>\n\t\t<\/div>\n\t\t\t\t\t<\/div>\n\t\t<\/section>\n\t\t\t\t<section class=\"elementor-section elementor-top-section elementor-element elementor-element-9ed2947 elementor-section-boxed elementor-section-height-default elementor-section-height-default\" data-id=\"9ed2947\" data-element_type=\"section\" data-e-type=\"section\">\n\t\t\t\t\t\t<div class=\"elementor-container elementor-column-gap-default\">\n\t\t\t\t\t<div class=\"elementor-column elementor-col-100 elementor-top-column elementor-element elementor-element-adee121\" data-id=\"adee121\" data-element_type=\"column\" data-e-type=\"column\">\n\t\t\t<div class=\"elementor-widget-wrap elementor-element-populated\">\n\t\t\t\t\t\t<div class=\"elementor-element elementor-element-ceed620 elementor-widget elementor-widget-spacer\" data-id=\"ceed620\" data-element_type=\"widget\" data-e-type=\"widget\" data-widget_type=\"spacer.default\">\n\t\t\t\t<div class=\"elementor-widget-container\">\n\t\t\t\t\t\t\t<div class=\"elementor-spacer\">\n\t\t\t<div class=\"elementor-spacer-inner\"><\/div>\n\t\t<\/div>\n\t\t\t\t\t\t<\/div>\n\t\t\t\t<\/div>\n\t\t\t\t\t<\/div>\n\t\t<\/div>\n\t\t\t\t\t<\/div>\n\t\t<\/section>\n\t\t\t\t<section class=\"elementor-section elementor-top-section elementor-element elementor-element-3999df5 elementor-section-boxed elementor-section-height-default elementor-section-height-default\" data-id=\"3999df5\" data-element_type=\"section\" data-e-type=\"section\">\n\t\t\t\t\t\t<div class=\"elementor-container elementor-column-gap-default\">\n\t\t\t\t\t<div class=\"elementor-column elementor-col-100 elementor-top-column elementor-element elementor-element-820a51a\" data-id=\"820a51a\" data-element_type=\"column\" data-e-type=\"column\">\n\t\t\t<div class=\"elementor-widget-wrap elementor-element-populated\">\n\t\t\t\t\t\t<div class=\"elementor-element elementor-element-e95066b elementor-widget elementor-widget-spacer\" data-id=\"e95066b\" data-element_type=\"widget\" data-e-type=\"widget\" data-widget_type=\"spacer.default\">\n\t\t\t\t<div class=\"elementor-widget-container\">\n\t\t\t\t\t\t\t<div class=\"elementor-spacer\">\n\t\t\t<div class=\"elementor-spacer-inner\"><\/div>\n\t\t<\/div>\n\t\t\t\t\t\t<\/div>\n\t\t\t\t<\/div>\n\t\t\t\t\t<\/div>\n\t\t<\/div>\n\t\t\t\t\t<\/div>\n\t\t<\/section>\n\t\t\t\t<section class=\"elementor-section elementor-top-section elementor-element elementor-element-49bf561 elementor-section-boxed elementor-section-height-default elementor-section-height-default\" data-id=\"49bf561\" data-element_type=\"section\" data-e-type=\"section\">\n\t\t\t\t\t\t<div class=\"elementor-container elementor-column-gap-default\">\n\t\t\t\t\t<div class=\"elementor-column elementor-col-100 elementor-top-column elementor-element elementor-element-0c21399\" data-id=\"0c21399\" data-element_type=\"column\" data-e-type=\"column\">\n\t\t\t<div class=\"elementor-widget-wrap elementor-element-populated\">\n\t\t\t\t\t\t<div class=\"elementor-element elementor-element-c48bc43 elementor-widget elementor-widget-heading\" data-id=\"c48bc43\" data-element_type=\"widget\" data-e-type=\"widget\" data-widget_type=\"heading.default\">\n\t\t\t\t<div class=\"elementor-widget-container\">\n\t\t\t\t\t<h2 class=\"elementor-heading-title elementor-size-default\">Como solicitar a integraliza\u00e7\u00e3o de AACCs<\/h2>\t\t\t\t<\/div>\n\t\t\t\t<\/div>\n\t\t\t\t\t<\/div>\n\t\t<\/div>\n\t\t\t\t\t<\/div>\n\t\t<\/section>\n\t\t\t\t<section class=\"elementor-section elementor-top-section elementor-element elementor-element-da3556c elementor-section-boxed elementor-section-height-default elementor-section-height-default\" data-id=\"da3556c\" data-element_type=\"section\" data-e-type=\"section\">\n\t\t\t\t\t\t<div class=\"elementor-container elementor-column-gap-default\">\n\t\t\t\t\t<div class=\"elementor-column elementor-col-100 elementor-top-column elementor-element elementor-element-bd213d4\" data-id=\"bd213d4\" data-element_type=\"column\" data-e-type=\"column\">\n\t\t\t<div class=\"elementor-widget-wrap elementor-element-populated\">\n\t\t\t\t\t\t<div class=\"elementor-element elementor-element-61eff2a elementor-widget elementor-widget-text-editor\" data-id=\"61eff2a\" data-element_type=\"widget\" data-e-type=\"widget\" data-widget_type=\"text-editor.default\">\n\t\t\t\t<div class=\"elementor-widget-container\">\n\t\t\t\t\t\t\t\t\t<ol id=\"yui_3_17_2_1_1729192839642_175\"><li>O aluno deve recolher todos os certificados e documentos comprobat\u00f3rios das atividades realizadas, digitaliz\u00e1-los (quando for o caso),\u00a0<span class=\"\"><strong>organizar os documentos por data e inserir todos\u00a0<\/strong><\/span><strong><span class=\"\">em um \u00fanico documento de PDF<\/span><\/strong>.\u00a0<\/li><li>Anexar o pdf no formul\u00e1rio disponibilizado no Moodle do Colegiado.\u00a0<strong>Aten\u00e7\u00e3o<\/strong>:\u00a0<u>o formul\u00e1rio fica aberto apenas uma vez por semestre e por tempo determinado, gentileza atentar-se ao prazo.<\/u><\/li><\/ol>\t\t\t\t\t\t\t\t<\/div>\n\t\t\t\t<\/div>\n\t\t\t\t\t<\/div>\n\t\t<\/div>\n\t\t\t\t\t<\/div>\n\t\t<\/section>\n\t\t\t\t<section class=\"elementor-section elementor-top-section elementor-element elementor-element-6a7a03b elementor-section-boxed elementor-section-height-default elementor-section-height-default\" data-id=\"6a7a03b\" data-element_type=\"section\" data-e-type=\"section\">\n\t\t\t\t\t\t<div class=\"elementor-container elementor-column-gap-default\">\n\t\t\t\t\t<div class=\"elementor-column elementor-col-100 elementor-top-column elementor-element elementor-element-3358612\" data-id=\"3358612\" data-element_type=\"column\" data-e-type=\"column\">\n\t\t\t<div class=\"elementor-widget-wrap elementor-element-populated\">\n\t\t\t\t\t\t<div class=\"elementor-element elementor-element-516e8aa elementor-widget elementor-widget-text-editor\" data-id=\"516e8aa\" data-element_type=\"widget\" data-e-type=\"widget\" data-widget_type=\"text-editor.default\">\n\t\t\t\t<div class=\"elementor-widget-container\">\n\t\t\t\t\t\t\t\t\t<p><strong>Observa\u00e7\u00f5es:<\/strong><\/p><ul><li>Para integraliza\u00e7\u00e3o de est\u00e1gio, deve ser enviado ao Colegiado do Termo de Rescis\u00e3o (quando for o caso) e o Relat\u00f3rio Final de Atividades. Em casos de trabalho com registro na Carteira de Trabalho e Previd\u00eancia Social (CTPS), dever\u00e1 ser anexada a c\u00f3pia da carteira da trabalho (da p\u00e1gina de identifica\u00e7\u00e3o at\u00e9 a p\u00e1gina de contrato de trabalho).<\/li><li>O limite m\u00ednimo de carga hor\u00e1ria a ser aproveitada \u00e9 de 15h e o m\u00e1ximo \u00e9 de 360h.<\/li><li>O processo de avalia\u00e7\u00e3o dos documentos e processamento dos cr\u00e9ditos leva em m\u00e9dia 7 dias, e o aluno pode conferir a efetiva\u00e7\u00e3o em seu hist\u00f3rico escolar ou extrato de integraliza\u00e7\u00e3o. <span style=\"text-decoration: underline;\">Aten\u00e7\u00e3o:<\/span> em per\u00edodos de f\u00e9rias acad\u00eamicas, ou em f\u00e9rias do secret\u00e1rio ou coordenador, o prazo poder\u00e1 ser estendido at\u00e9 que a situa\u00e7\u00e3o normal de trabalho se restabele\u00e7a.<\/li><\/ul>\t\t\t\t\t\t\t\t<\/div>\n\t\t\t\t<\/div>\n\t\t\t\t\t<\/div>\n\t\t<\/div>\n\t\t\t\t\t<\/div>\n\t\t<\/section>\n\t\t\t\t<\/div>\n\t\t","protected":false},"excerpt":{"rendered":"<p>INSTRU\u00c7\u00d5ES PARA APROVEITAMENTO DE CR\u00c9DITOS EM AACC O per\u00edodo\u00a0para envio do formul\u00e1rio de solicita\u00e7\u00e3o de AACCs ser\u00e1 informado via e-mail.\u00a0Atividades Acad\u00eamico-Cient\u00edfico-Culturais s\u00e3o atividades primordiais para a forma\u00e7\u00e3o acad\u00eamica dos estudantes, [&hellip;]<\/p>\n","protected":false},"author":1,"featured_media":0,"parent":0,"menu_order":0,"comment_status":"closed","ping_status":"closed","template":"","meta":{"ngg_post_thumbnail":0,"footnotes":""},"class_list":["post-1045","page","type-page","status-publish","hentry","rishi-post","no-post-thumbnail"],"rishi__cb_customizer_meta":"","_links":{"self":[{"href":"https:\/\/grad.eba.ufmg.br\/designdemoda\/index.php\/wp-json\/wp\/v2\/pages\/1045","targetHints":{"allow":["GET"]}}],"collection":[{"href":"https:\/\/grad.eba.ufmg.br\/designdemoda\/index.php\/wp-json\/wp\/v2\/pages"}],"about":[{"href":"https:\/\/grad.eba.ufmg.br\/designdemoda\/index.php\/wp-json\/wp\/v2\/types\/page"}],"author":[{"embeddable":true,"href":"https:\/\/grad.eba.ufmg.br\/designdemoda\/index.php\/wp-json\/wp\/v2\/users\/1"}],"replies":[{"embeddable":true,"href":"https:\/\/grad.eba.ufmg.br\/designdemoda\/index.php\/wp-json\/wp\/v2\/comments?post=1045"}],"version-history":[{"count":51,"href":"https:\/\/grad.eba.ufmg.br\/designdemoda\/index.php\/wp-json\/wp\/v2\/pages\/1045\/revisions"}],"predecessor-version":[{"id":2589,"href":"https:\/\/grad.eba.ufmg.br\/designdemoda\/index.php\/wp-json\/wp\/v2\/pages\/1045\/revisions\/2589"}],"wp:attachment":[{"href":"https:\/\/grad.eba.ufmg.br\/designdemoda\/index.php\/wp-json\/wp\/v2\/media?parent=1045"}],"curies":[{"name":"wp","href":"https:\/\/api.w.org\/{rel}","templated":true}]}}