{"id":61,"date":"2014-05-29T03:29:30","date_gmt":"2014-05-29T03:29:30","guid":{"rendered":"https:\/\/grad.eba.ufmg.br\/conservacao\/?page_id=61"},"modified":"2026-01-26T16:28:04","modified_gmt":"2026-01-26T19:28:04","slug":"estrutura-curricular","status":"publish","type":"page","link":"https:\/\/grad.eba.ufmg.br\/conservacao\/?page_id=61","title":{"rendered":"Estrutura Curricular"},"content":{"rendered":"\t\t<div data-elementor-type=\"wp-page\" data-elementor-id=\"61\" class=\"elementor elementor-61\">\n\t\t\t\t<div class=\"elementor-element elementor-element-84ffa66 e-flex e-con-boxed e-con e-parent\" data-id=\"84ffa66\" data-element_type=\"container\">\n\t\t\t\t\t<div class=\"e-con-inner\">\n\t\t<div class=\"elementor-element elementor-element-31371ba e-con-full e-flex e-con e-child\" data-id=\"31371ba\" data-element_type=\"container\" data-settings=\"{&quot;background_background&quot;:&quot;classic&quot;}\">\n\t\t\t\t<div class=\"elementor-element elementor-element-5002d55 elementor-widget elementor-widget-heading\" data-id=\"5002d55\" data-element_type=\"widget\" data-widget_type=\"heading.default\">\n\t\t\t\t\t<h2 class=\"elementor-heading-title elementor-size-default\">Estrutura Curricular<\/h2>\t\t\t\t<\/div>\n\t\t\t\t<\/div>\n\t\t\t\t<div class=\"elementor-element elementor-element-2fee1a12 elementor-widget elementor-widget-text-editor\" data-id=\"2fee1a12\" data-element_type=\"widget\" data-widget_type=\"text-editor.default\">\n\t\t\t\t\t\t\t\t\t<blockquote><p align=\"justify\">O curr\u00edculo foi elaborado para oferecer ao aluno orienta\u00e7\u00e3o para definir o seu percurso na UFMG, aproveitando v\u00e1rias atividades acad\u00eamicas para fins de integraliza\u00e7\u00e3o curricular, portanto, oferecendo condi\u00e7\u00f5es de acesso simult\u00e2neo ao conhecimento, \u00e0s habilidades espec\u00edficas e a atitudes formativas na \u00e1rea.<\/p><\/blockquote><p style=\"text-align: justify;\" align=\"justify\">A primeira etapa \u00e9 composta pelos per\u00edodos iniciais, 1\u00ba ao 4\u00ba, nos quais os estudantes cursam disciplinas obrigat\u00f3rias, que s\u00e3o essenciais para a forma\u00e7\u00e3o do conservador-restaurador. Esses per\u00edodos s\u00e3o dedicados \u00e0 forma\u00e7\u00e3o b\u00e1sica de instrumenta\u00e7\u00e3o e de sensibiliza\u00e7\u00e3o, voltados para a prepara\u00e7\u00e3o acad\u00eamica do aluno para alcan\u00e7ar os objetivos propostos pelo curso. No final do 4\u00ba per\u00edodo o aluno dever\u00e1 formalizar oficialmente a escolha do percurso curricular pretendido junto ao colegiado do curso.<\/p><p style=\"text-align: justify;\">A segunda etapa \u00e9 composta pelo 5\u00ba, 6\u00ba e 7\u00ba per\u00edodos que ser\u00e3o dedicados \u00e0s \u00e1reas espec\u00edficas da forma\u00e7\u00e3o do conservador-restaurador. O aluno dever\u00e1 optar por cursar disciplinas dos 4 Grupos entre os sugeridos.<\/p><p>Os Grupos sugeridos s\u00e3o:<\/p><p><strong>Grupo 1<\/strong>\u2013 Conserva\u00e7\u00e3o-Restaura\u00e7\u00e3o de Esculturas.<br \/><strong>Grupo 2<\/strong>\u2013 Conserva\u00e7\u00e3o-Restaura\u00e7\u00e3o Documentos Gr\u00e1ficos.<br \/><strong>Grupo 3<\/strong>\u2013 Conserva\u00e7\u00e3o-Restaura\u00e7\u00e3o de Pinturas.<br \/><strong>Grupo 4<\/strong>\u2013 Conserva\u00e7\u00e3o Preventiva.<\/p><p style=\"text-align: justify;\">O aluno ter\u00e1 liberdade na composi\u00e7\u00e3o do seu curr\u00edculo, n\u00e3o possuindo disciplinas ou atividades obrigat\u00f3rias e montar\u00e1 sua grade curricular de acordo com sua necessidade ou seu interesse.<\/p><p style=\"text-align: justify;\">A terceira etapa \u00e9 composta pelo oitavo per\u00edodo que ser\u00e1 dedicado \u00e0 elabora\u00e7\u00e3o do Trabalho de Conclus\u00e3o de Curso (TCC), um dos requisitos para a obten\u00e7\u00e3o do diploma de Bacharel em Conserva\u00e7\u00e3o-Restaura\u00e7\u00e3o de Bens Culturais M\u00f3veis.<\/p><p style=\"text-align: justify;\">O tempo m\u00ednimo para integraliza\u00e7\u00e3o \u00e9 de 8 per\u00edodos e o m\u00e1ximo de 14 per\u00edodos letivos.<\/p>\t\t\t\t\t\t\t\t<\/div>\n\t\t\t\t\t<\/div>\n\t\t\t\t<\/div>\n\t\t\t\t<\/div>\n\t\t","protected":false},"excerpt":{"rendered":"<p>Estrutura Curricular O curr\u00edculo foi elaborado para oferecer ao aluno orienta\u00e7\u00e3o para definir o seu percurso na UFMG, aproveitando v\u00e1rias atividades acad\u00eamicas para fins de integraliza\u00e7\u00e3o curricular, portanto, oferecendo condi\u00e7\u00f5es de acesso simult\u00e2neo ao conhecimento, \u00e0s habilidades espec\u00edficas e a atitudes formativas na \u00e1rea. A primeira etapa \u00e9 composta pelos per\u00edodos iniciais, 1\u00ba ao 4\u00ba,&hellip;&nbsp;<a href=\"https:\/\/grad.eba.ufmg.br\/conservacao\/?page_id=61\" rel=\"bookmark\"><span class=\"screen-reader-text\">Estrutura Curricular<\/span><\/a><\/p>\n","protected":false},"author":1,"featured_media":0,"parent":0,"menu_order":0,"comment_status":"closed","ping_status":"open","template":"","meta":{"neve_meta_sidebar":"","neve_meta_container":"","neve_meta_enable_content_width":"","neve_meta_content_width":0,"neve_meta_title_alignment":"","neve_meta_author_avatar":"","neve_post_elements_order":"","neve_meta_disable_header":"","neve_meta_disable_footer":"","neve_meta_disable_title":"","_themeisle_gutenberg_block_has_review":false,"footnotes":""},"class_list":["post-61","page","type-page","status-publish","hentry"],"_links":{"self":[{"href":"https:\/\/grad.eba.ufmg.br\/conservacao\/index.php?rest_route=\/wp\/v2\/pages\/61","targetHints":{"allow":["GET"]}}],"collection":[{"href":"https:\/\/grad.eba.ufmg.br\/conservacao\/index.php?rest_route=\/wp\/v2\/pages"}],"about":[{"href":"https:\/\/grad.eba.ufmg.br\/conservacao\/index.php?rest_route=\/wp\/v2\/types\/page"}],"author":[{"embeddable":true,"href":"https:\/\/grad.eba.ufmg.br\/conservacao\/index.php?rest_route=\/wp\/v2\/users\/1"}],"replies":[{"embeddable":true,"href":"https:\/\/grad.eba.ufmg.br\/conservacao\/index.php?rest_route=%2Fwp%2Fv2%2Fcomments&post=61"}],"version-history":[{"count":15,"href":"https:\/\/grad.eba.ufmg.br\/conservacao\/index.php?rest_route=\/wp\/v2\/pages\/61\/revisions"}],"predecessor-version":[{"id":2569,"href":"https:\/\/grad.eba.ufmg.br\/conservacao\/index.php?rest_route=\/wp\/v2\/pages\/61\/revisions\/2569"}],"wp:attachment":[{"href":"https:\/\/grad.eba.ufmg.br\/conservacao\/index.php?rest_route=%2Fwp%2Fv2%2Fmedia&parent=61"}],"curies":[{"name":"wp","href":"https:\/\/api.w.org\/{rel}","templated":true}]}}