{"id":577,"date":"2021-02-10T23:03:26","date_gmt":"2021-02-11T02:03:26","guid":{"rendered":"https:\/\/grad.eba.ufmg.br\/conservacao\/?page_id=577"},"modified":"2025-12-23T14:36:38","modified_gmt":"2025-12-23T17:36:38","slug":"outros-links","status":"publish","type":"page","link":"https:\/\/grad.eba.ufmg.br\/conservacao\/?page_id=577","title":{"rendered":"Outros links"},"content":{"rendered":"<h2><b>Canais de v\u00eddeos<\/b><\/h2>\n<p><strong><strong>\u00a0<\/strong><\/strong><\/p>\n<ul>\n<li><span style=\"font-weight: 400;\"><a title=\"gradua\u00e7\u00e3o UFRJ\" href=\"https:\/\/www.youtube.com\/watch?v=OGcgFhp1CxM\" target=\"_blank\">10 anos &#8211; Gradua\u00e7\u00e3o em Conserva\u00e7\u00e3o e Restaura\u00e7\u00e3o<\/a><br \/>\nUFRJ &#8211; Universidade Federal do Rio de Janeiro<\/span><\/li>\n<\/ul>\n<ul>\n<li><span style=\"font-weight: 400;\"><a title=\"ACCR\" href=\"https:\/\/www.youtube.com\/watch?v=VoYiBFOmShg\" target=\"_blank\">ACCR<\/a><br \/>\n<\/span>Associa\u00e7\u00e3o Catarinense de Conservadores e Restauradores de Bens Culturais<\/li>\n<\/ul>\n<ul>\n<li><span style=\"font-weight: 400;\"><a title=\"APOYO\" href=\"https:\/\/www.youtube.com\/channel\/UC5RPiMdrQce4zCtOLjX6GqA\" target=\"_blank\">APOYO<\/a><br \/>\nAssocia\u00e7\u00e3o para a Preserva\u00e7\u00e3o do Patrim\u00f4nio nas Americas<\/span><\/li>\n<\/ul>\n<ul>\n<li><span style=\"font-weight: 400;\"><a title=\"Biblioteca Universitaria UFMG\" href=\"https:\/\/www.youtube.com\/channel\/UC4evowoUs6BjrXztl3sgJ_w\" target=\"_blank\">Biblioteca Universit\u00e1ria UFMG<\/a><\/span><\/li>\n<\/ul>\n<ul>\n<li><span style=\"font-weight: 400;\"><a title=\"FAIC AIC\" href=\"https:\/\/www.youtube.com\/watch?v=DDRsr5qB95M\" target=\"_blank\">FAIC AIC<\/a><br \/>\nAmerican Institute for Conservation of Historic and Artistic Works\u00a0<\/span><\/li>\n<\/ul>\n<ul>\n<li><span style=\"font-weight: 400;\"><a title=\"Funda\u00e7\u00e3o Casa de Rui Barbosa\" href=\"https:\/\/www.youtube.com\/user\/canalfcrb\/videos\" target=\"_blank\">Funda\u00e7\u00e3o de Casa de Rui Barbosa<\/a><\/span><\/li>\n<\/ul>\n<ul>\n<li><span style=\"font-weight: 400;\"><a title=\"Getty Conservation Institute\" href=\"https:\/\/www.youtube.com\/c\/GettyConservationInstitute\/videos\" target=\"_blank\">Getty Conservation Institute<\/a><\/span><\/li>\n<\/ul>\n<ul>\n<li><a title=\"ICOM\" href=\"https:\/\/www.youtube.com\/c\/ICOMInternationalCouncilofMuseums\/videos\" target=\"_blank\">ICOM<\/a><br \/>\nInternational Council of Museums (Conselho Internacional de Museus)<\/li>\n<\/ul>\n<ul>\n<li><span style=\"font-weight: 400;\"><a title=\"Icon\" href=\"https:\/\/www.youtube.com\/user\/IconBPG\/videos\" target=\"_blank\">ICON Book and paper group<\/a><br \/>\nInstitute of conservation<\/span><\/li>\n<\/ul>\n<ul>\n<li><span style=\"font-weight: 400;\"><a title=\"IIC\" href=\"https:\/\/www.youtube.com\/user\/IIConservation\/videos\" target=\"_blank\">IIC<\/a><br \/>\nInternational Institute for Conservation of Historic and Artistic Works<\/span><\/li>\n<\/ul>\n<ul>\n<li><span style=\"font-weight: 400;\"><a title=\"Imagem e Preserva\u00e7\u00e3o\" href=\"https:\/\/www.youtube.com\/watch?v=trEb97pyF9U\" target=\"_blank\">IMAGEM E PRESERVA\u00c7\u00c3O CNPq* UFMG<\/a><\/span><\/li>\n<\/ul>\n<ul>\n<li><span style=\"font-weight: 400;\"><a title=\"IPHAN\" href=\"https:\/\/www.youtube.com\/user\/Iphangovbr\" target=\"_blank\">IPHAN Gov Br<\/a><br \/>\nInstituto do Patrim\u00f4nio Hist\u00f3rico e Art\u00edstico Nacional<\/span><\/li>\n<\/ul>\n<ul>\n<li><span style=\"font-weight: 400;\"><a title=\"LACICOR\" href=\"https:\/\/www.youtube.com\/channel\/UCXlG0I9ml7eFSehsjPs_RlQ\" target=\"_blank\">LACICOR<\/a><br \/>\nLaborat\u00f3rio de Ci\u00eancia da Conserva\u00e7\u00e3o<\/span><\/li>\n<\/ul>\n<ul>\n<li><span style=\"font-weight: 400;\"><a title=\"Materialidade Iluminuras\" href=\"https:\/\/www.youtube.com\/watch?v=DKYMfrw13x8&amp;feature=emb_title\" target=\"_blank\">Materialidade Iluminuras &#8211; UFMG<\/a><\/span><\/li>\n<\/ul>\n<ul>\n<li><span style=\"font-weight: 400;\"><a title=\"Museum Conservation Institute\" href=\"https:\/\/www.youtube.com\/user\/MCISmithsonian\/videos\" target=\"_blank\">Museum Conservation Institute Smithsonian<\/a><\/span><\/li>\n<\/ul>\n<ul>\n<li><span style=\"font-weight: 400;\"><a title=\"PET UFPel\" href=\"https:\/\/www.youtube.com\/channel\/UCaTvJZIAef5T9F0QK0NyZ8Q\/videos\" target=\"_blank\">PET Conserva\u00e7\u00e3o e Restauro<\/a><br \/>\n<\/span>UFPel &#8211; Universidade Federal de Pelotas<\/li>\n<\/ul>\n<ul>\n<li><span style=\"font-weight: 400;\"><a title=\"Preservando o ef\u00eamero\" href=\"https:\/\/www.youtube.com\/channel\/UCgtPPSwFyn5RKlQGr1hhA5w\" target=\"_blank\">Preservando o ef\u00eamero<br \/>\n<\/a>UFRJ &#8211; Universidade Federal do Rio de Janeiro<\/span><\/li>\n<\/ul>\n<ul>\n<li><span style=\"font-weight: 400;\"><a title=\"Pro Reitoria UFPel\" href=\"https:\/\/www.youtube.com\/watch?v=anfGsQ7CP6w\" target=\"_blank\">Pr\u00f3-Reitoria de Extens\u00e3o e Cultura da UFPel<\/a><br \/>\nUFPel &#8211; Universidade Federal de Pelotas<\/span><\/li>\n<\/ul>\n<ul>\n<li><span style=\"font-weight: 400;\"><a title=\"RE ORG\" href=\"https:\/\/www.youtube.com\/channel\/UCJCKqPYjvLi9jJqnjROUzIQ\/videos\" target=\"_blank\">RE-ORG<\/a><br \/>\nM\u00e9todo de Reorganiza\u00e7\u00e3o de acervos do ICCROM &#8211; International Centre for the Study of the Preservation and Restoration of Cultural Property<\/span><\/li>\n<\/ul>\n<ul>\n<li><span style=\"font-weight: 400;\"><a title=\"Saber Museu\" href=\"https:\/\/www.youtube.com\/c\/SaberMuseu\/videos\" target=\"_blank\">Saber Museu<\/a><br \/>\nIBRAM &#8211;\u00a0Instituto Brasileiro de Museus<\/span><\/li>\n<\/ul>\n<ul>\n<li><span style=\"font-weight: 400;\"><a title=\"SISEM\" href=\"https:\/\/www.youtube.com\/channel\/UC6Kco064ia5bBDArFGq3qgA\/videos\" target=\"_blank\">SISEM<\/a><br \/>\nSistema Estadual de Museus de S\u00e3o Paulo<\/span><\/li>\n<\/ul>\n<ul>\n<li><span style=\"font-weight: 400;\"><a title=\"WEBConf PET UFPel\" href=\"https:\/\/webconf.ufpel.edu.br\/b\/and-p9j-h3z\" target=\"_blank\">WEBConf PET UFPel palestras<\/a><br \/>\nUFPel &#8211; Universidade Federal de Pelotas<br \/>\n<\/span><\/li>\n<\/ul>\n<p>&nbsp;<\/p>\n<h2><b>Podcasts<\/b><\/h2>\n<p><strong><strong>\u00a0<\/strong><\/strong><\/p>\n<ul>\n<li><span style=\"font-weight: 400;\"><a title=\"En Conserva\" href=\"https:\/\/open.spotify.com\/show\/2F4FD5D0vwZ9I22eFDkUOt\" target=\"_blank\">En Conserva Podcast (Espanhol)<\/a><\/span><\/li>\n<\/ul>\n<ul>\n<li><span style=\"font-weight: 400;\"><a title=\"Saber Museu\" href=\"https:\/\/open.spotify.com\/show\/0mI9t3qDLjuAdTycXF6JNg\" target=\"_blank\">Saber Museu &#8211; Ibram (Portugu\u00eas)<\/a><\/span><\/li>\n<\/ul>\n<ul>\n<li><a title=\"The C Word\" href=\"https:\/\/thecword.show\/\" target=\"_blank\"><span style=\"font-weight: 400;\">The C Word &#8211; The Conservators Podcast (Ingl\u00eas)<\/span><\/a><\/li>\n<\/ul>\n<p>&nbsp;<\/p>\n<p>&nbsp;<\/p>\n","protected":false},"excerpt":{"rendered":"<p>Canais de v\u00eddeos \u00a0 10 anos &#8211; Gradua\u00e7\u00e3o em Conserva\u00e7\u00e3o e Restaura\u00e7\u00e3o UFRJ &#8211; Universidade Federal do Rio de Janeiro ACCR Associa\u00e7\u00e3o Catarinense de Conservadores e Restauradores de Bens Culturais APOYO Associa\u00e7\u00e3o para a Preserva\u00e7\u00e3o do Patrim\u00f4nio nas Americas Biblioteca Universit\u00e1ria UFMG FAIC AIC American Institute for Conservation of Historic and Artistic Works\u00a0 Funda\u00e7\u00e3o de&hellip;&nbsp;<a href=\"https:\/\/grad.eba.ufmg.br\/conservacao\/?page_id=577\" rel=\"bookmark\"><span class=\"screen-reader-text\">Outros links<\/span><\/a><\/p>\n","protected":false},"author":1,"featured_media":0,"parent":0,"menu_order":0,"comment_status":"closed","ping_status":"closed","template":"","meta":{"neve_meta_sidebar":"","neve_meta_container":"","neve_meta_enable_content_width":"","neve_meta_content_width":0,"neve_meta_title_alignment":"","neve_meta_author_avatar":"","neve_post_elements_order":"","neve_meta_disable_header":"","neve_meta_disable_footer":"","neve_meta_disable_title":"","_themeisle_gutenberg_block_has_review":false,"footnotes":""},"class_list":["post-577","page","type-page","status-publish","hentry"],"_links":{"self":[{"href":"https:\/\/grad.eba.ufmg.br\/conservacao\/index.php?rest_route=\/wp\/v2\/pages\/577","targetHints":{"allow":["GET"]}}],"collection":[{"href":"https:\/\/grad.eba.ufmg.br\/conservacao\/index.php?rest_route=\/wp\/v2\/pages"}],"about":[{"href":"https:\/\/grad.eba.ufmg.br\/conservacao\/index.php?rest_route=\/wp\/v2\/types\/page"}],"author":[{"embeddable":true,"href":"https:\/\/grad.eba.ufmg.br\/conservacao\/index.php?rest_route=\/wp\/v2\/users\/1"}],"replies":[{"embeddable":true,"href":"https:\/\/grad.eba.ufmg.br\/conservacao\/index.php?rest_route=%2Fwp%2Fv2%2Fcomments&post=577"}],"version-history":[{"count":2,"href":"https:\/\/grad.eba.ufmg.br\/conservacao\/index.php?rest_route=\/wp\/v2\/pages\/577\/revisions"}],"predecessor-version":[{"id":587,"href":"https:\/\/grad.eba.ufmg.br\/conservacao\/index.php?rest_route=\/wp\/v2\/pages\/577\/revisions\/587"}],"wp:attachment":[{"href":"https:\/\/grad.eba.ufmg.br\/conservacao\/index.php?rest_route=%2Fwp%2Fv2%2Fmedia&parent=577"}],"curies":[{"name":"wp","href":"https:\/\/api.w.org\/{rel}","templated":true}]}}