{"id":572,"date":"2021-02-10T22:16:41","date_gmt":"2021-02-11T01:16:41","guid":{"rendered":"https:\/\/grad.eba.ufmg.br\/conservacao\/?page_id=572"},"modified":"2025-12-23T14:36:37","modified_gmt":"2025-12-23T17:36:37","slug":"associacoes-e-instituicoes","status":"publish","type":"page","link":"https:\/\/grad.eba.ufmg.br\/conservacao\/?page_id=572","title":{"rendered":"Associa\u00e7\u00f5es e Institui\u00e7\u00f5es"},"content":{"rendered":"<h2><strong>Associa\u00e7\u00f5es e Institui\u00e7\u00f5es Nacionais<\/strong><\/h2>\n<p><strong><strong>\u00a0<\/strong><\/strong><\/p>\n<h4>\u00a0 \u00a0 \u00a0 \u00a0 Associa\u00e7\u00f5es<\/h4>\n<p>&nbsp;<\/p>\n<ul>\n<li><a title=\"ABRACOR\" href=\"https:\/\/www.facebook.com\/assbrasileiradeconservadoresrestauradores\/?ref=page_internal\" target=\"_blank\">ABRACOR<\/a><br \/>\nAssocia\u00e7\u00e3o Brasileira de Conservadores-Restauradores de Bens Culturais<\/li>\n<\/ul>\n<ul>\n<li><a title=\"AMCOR\" href=\"https:\/\/amcorbh.wixsite.com\/amcor?fbclid=IwAR0FgdPI9uBnsJpAxcyy6fBNcXv5in5OqhM5bcmam-nzahn8yL2NRMxZaJ0\" target=\"_blank\">AMCOR<\/a><br \/>\nAssocia\u00e7\u00e3o Mineira de Conservadores-Restauradores<\/li>\n<\/ul>\n<ul>\n<li><span style=\"font-weight: 400;\"><a title=\"ABER\" href=\"https:\/\/aber.org.br\/\" target=\"_blank\">ABER<\/a><br \/>\n<\/span>Associa\u00e7\u00e3o Brasileira de Encaderna\u00e7\u00e3o e Restauro<\/li>\n<\/ul>\n<ul>\n<li><span style=\"font-weight: 400;\"><a title=\"ACCR\" href=\"http:\/\/accr.org.br\/?fbclid=IwAR0oIBiG2QKc6YgcZ0AB8ayH5mBPxS6sy1IKqzzsQa_4xODk2aNbG-oXB8Q\" target=\"_blank\">ACCR<\/a><br \/>\nAssocia\u00e7\u00e3o Catarinense de Conservadores e Restauradores de Bens Culturais<\/span><\/li>\n<\/ul>\n<ul>\n<li><span style=\"font-weight: 400;\"><a title=\"ANTECIPA\" href=\"http:\/\/lacicor.eba.ufmg.br\/antecipa\/\" target=\"_blank\">ANTECIPA<\/a><br \/>\nAssocia\u00e7\u00e3o Nacional de Pesquisa em Tecnologia e Ci\u00eancia do Patrim\u00f4nio<\/span><\/li>\n<\/ul>\n<ul>\n<li><span style=\"font-weight: 400;\"><a title=\"APCR\" href=\"https:\/\/apcr.sampa.br\/\" target=\"_blank\">APCR<\/a><br \/>\nAssocia\u00e7\u00e3o Paulista de Conservadores Restauradores de Bens Culturais<\/span><\/li>\n<\/ul>\n<ul>\n<li><span style=\"font-weight: 400;\"><a title=\"ARCO IT\" href=\"https:\/\/www.arcoit.com.br\/index.php\" target=\"_blank\">ARCO-IT<\/a><br \/>\nAssocia\u00e7\u00e3o de Restauradores e Conservadores de Bens Culturais &#8211; Paran\u00e1<\/span><\/li>\n<\/ul>\n<ul>\n<li><span style=\"font-weight: 400;\"><a title=\"ARCOR-RS\" href=\"https:\/\/www.acor-rs.org.br\/\" target=\"_blank\">ACOR-RS<\/a><br \/>\n<\/span><span style=\"font-weight: 400;\">Associa\u00e7\u00e3o de Conservadores e Restauradores de Bens Culturais do Rio Grande do Sul\u00a0<\/span><\/li>\n<\/ul>\n<ul>\n<li><span style=\"font-weight: 400;\"><a title=\"CEIB\" href=\"http:\/\/www.ceib.org.br\/\" target=\"_blank\">CEIB<\/a><br \/>\nCentro de estudos da Imagin\u00e1ria Brasileira<\/span><\/li>\n<\/ul>\n<p>&nbsp;<\/p>\n<h4>\u00a0 \u00a0 \u00a0 \u00a0Org\u00e3os do Governo<\/h4>\n<p>&nbsp;<\/p>\n<ul>\n<li>\u00a0<a title=\"IPHAN\" href=\"https:\/\/www.gov.br\/iphan\/pt-br\" target=\"_blank\">IPHAN<br \/>\n<\/a>Instituto do Patrim\u00f4nio Hist\u00f3rico e Art\u00edstico Nacional<\/li>\n<\/ul>\n<ul>\n<li><span style=\"font-weight: 400;\"><span style=\"font-weight: 400;\"><a title=\"IBRAM\" href=\"https:\/\/www.museus.gov.br\/\" target=\"_blank\">IBRAM<\/a><br \/>\nInstituto Brasileiro de Museus<\/p>\n<p><\/span><\/span><\/li>\n<\/ul>\n<ul>\n<li><a title=\"BN\" href=\"https:\/\/www.bn.gov.br\/\" target=\"_blank\">Funda\u00e7\u00e3o Biblioteca Nacional\n<p><\/a><\/li>\n<li><a title=\"arquivo nacional\" href=\"https:\/\/www.gov.br\/arquivonacional\/pt-br\" target=\"_blank\">Arquivo Nacional\n<p><\/a><\/li>\n<li><a title=\"Conarq\" href=\"https:\/\/www.gov.br\/conarq\/pt-br\" target=\"_blank\">CONARQ<br \/>\n<\/a>Conselho Nacional de Arquivos<\/li>\n<\/ul>\n<ul>\n<li><a title=\"BN\" href=\"https:\/\/www.bn.gov.br\/\" target=\"_blank\">Funda\u00e7\u00e3o Casa de Rui Barbosa\n<p><\/a><\/li>\n<li><span style=\"font-weight: 400;\"><span style=\"font-weight: 400;\"><a title=\"IEPHA\" href=\"http:\/\/www.iepha.mg.gov.br\/index.php\" target=\"_blank\">IEPHA<\/a><br \/>\nInstituto Estadual do Patrim\u00f4nio Hist\u00f3rico e Art\u00edstico de Minas Gerais<\/span><\/span><\/li>\n<\/ul>\n<p>&nbsp;<\/p>\n<p>&nbsp;<\/p>\n<p>&nbsp;<\/p>\n<p>&nbsp;<\/p>\n<p>&nbsp;<\/p>\n<p>&nbsp;<\/p>\n<p>&nbsp;<\/p>\n<h2><strong>Associa\u00e7\u00f5es e Institui\u00e7\u00f5es Internacionais<\/strong><\/h2>\n<p><strong><strong>\u00a0<\/strong><\/strong><\/p>\n<ul>\n<li><a title=\"AIC\" href=\"https:\/\/www.culturalheritage.org\/\" target=\"_blank\">AIC<\/a><br \/>\nAmerican Institute for Conservation of Historic and Artistic Works &#8211; Estados Unidos<\/li>\n<\/ul>\n<ul>\n<li><span style=\"font-weight: 400;\"><a title=\"APOYO\" href=\"http:\/\/apoyonline.org\/pt_BR\/\" target=\"_blank\">APOYO<\/a><br \/>\nAssocia\u00e7\u00e3o para a Preserva\u00e7\u00e3o do Patrim\u00f4nio nas Americas<\/span><\/li>\n<\/ul>\n<ul>\n<li><span style=\"font-weight: 400;\"><span style=\"font-weight: 400;\"><a title=\"CCI\" href=\"https:\/\/www.canada.ca\/en\/conservation-institute.html\" target=\"_blank\">CCI<\/a><br \/>\nCanadian Conservation Institute &#8211; Canad\u00e1<\/span><\/span><\/li>\n<li><span style=\"font-weight: 400;\"><a title=\"ICOMOS\" href=\"https:\/\/www.icomos.org\/en\" target=\"_blank\">ICOMOS<\/a><br \/>\nConselho Internacional de Monumentos e S\u00edtios<\/span><\/li>\n<\/ul>\n<ul>\n<li><span style=\"font-weight: 400;\"><a title=\"ECCO\" href=\"http:\/\/www.ecco-eu.org\/\" target=\"_blank\">ECCO<\/a><br \/>\nEuropean Confederation of Conservator-Restorers&#8217; Organisations<\/span><\/li>\n<\/ul>\n<ul>\n<li><span style=\"font-weight: 400;\"><a title=\"Getty Conservation Institute\" href=\"http:\/\/www.getty.edu\/conservation\/about\/index.htm\" target=\"_blank\">Getty Conservation Institute<br \/>\n<\/a>Estados Unidos<\/span><\/li>\n<\/ul>\n<ul>\n<li><a title=\"ICCROM\" href=\"https:\/\/www.iccrom.org\/\" target=\"_blank\">ICCROM<\/a><br \/>\nInternational Centre for the Study of the Preservation and Restoration of Cultural Property &#8211; It\u00e1lia<\/li>\n<\/ul>\n<ul>\n<li><span style=\"font-weight: 400;\"><a title=\"IIC\" href=\"http:\/\/iiconservation.org\/\" target=\"_blank\">IIC<\/a><br \/>\nInternational Institute for Conservation of Historic and Artistic Works &#8211; Estados Unidos<\/span><\/li>\n<\/ul>\n<ul>\n<li><span style=\"font-weight: 400;\"><a title=\"ICOM\" href=\"https:\/\/icom.museum\/en\/\" target=\"_blank\">ICOM<\/a>\u00a0\/ <a title=\"icom brasil\" href=\"https:\/\/www.icom.org.br\/\" target=\"_blank\">ICOM Brasil<\/a><br \/>\nInternational Council of Museums (Conselho Internacional de Museus)<\/span><\/li>\n<\/ul>\n<ul>\n<li><span style=\"font-weight: 400;\"><span style=\"font-weight: 400;\"><a title=\"ICOM CC\" href=\"http:\/\/www.icom-cc.org\/\" target=\"_blank\">ICOM-CC<\/a><br \/>\nInternational Council of Museums (Conselho Internacional de Museus) &#8211; Comit\u00ea de Conserva\u00e7\u00e3o<\/span><\/span><\/li>\n<li><a title=\"ICOMOS\" href=\"https:\/\/www.icomos.org\/en\" target=\"_blank\">ICOMOS<\/a><br \/>\nInternational Council on Monuments and Sites (Conselho Internacional de Monumentos e Sites)<\/li>\n<\/ul>\n<ul>\n<li><span style=\"font-weight: 400;\"><a title=\"Icon\" href=\"https:\/\/icon.org.uk\/\" target=\"_blank\">Icon<\/a><br \/>\nInstitute of conservation &#8211; Reino Unido<\/span><\/li>\n<\/ul>\n","protected":false},"excerpt":{"rendered":"<p>Associa\u00e7\u00f5es e Institui\u00e7\u00f5es Nacionais \u00a0 \u00a0 \u00a0 \u00a0 \u00a0 Associa\u00e7\u00f5es &nbsp; ABRACOR Associa\u00e7\u00e3o Brasileira de Conservadores-Restauradores de Bens Culturais AMCOR Associa\u00e7\u00e3o Mineira de Conservadores-Restauradores ABER Associa\u00e7\u00e3o Brasileira de Encaderna\u00e7\u00e3o e Restauro ACCR Associa\u00e7\u00e3o Catarinense de Conservadores e Restauradores de Bens Culturais ANTECIPA Associa\u00e7\u00e3o Nacional de Pesquisa em Tecnologia e Ci\u00eancia do Patrim\u00f4nio APCR Associa\u00e7\u00e3o Paulista&hellip;&nbsp;<a href=\"https:\/\/grad.eba.ufmg.br\/conservacao\/?page_id=572\" rel=\"bookmark\"><span class=\"screen-reader-text\">Associa\u00e7\u00f5es e Institui\u00e7\u00f5es<\/span><\/a><\/p>\n","protected":false},"author":1,"featured_media":0,"parent":0,"menu_order":0,"comment_status":"closed","ping_status":"closed","template":"","meta":{"neve_meta_sidebar":"","neve_meta_container":"","neve_meta_enable_content_width":"","neve_meta_content_width":0,"neve_meta_title_alignment":"","neve_meta_author_avatar":"","neve_post_elements_order":"","neve_meta_disable_header":"","neve_meta_disable_footer":"","neve_meta_disable_title":"","_themeisle_gutenberg_block_has_review":false,"footnotes":""},"class_list":["post-572","page","type-page","status-publish","hentry"],"_links":{"self":[{"href":"https:\/\/grad.eba.ufmg.br\/conservacao\/index.php?rest_route=\/wp\/v2\/pages\/572","targetHints":{"allow":["GET"]}}],"collection":[{"href":"https:\/\/grad.eba.ufmg.br\/conservacao\/index.php?rest_route=\/wp\/v2\/pages"}],"about":[{"href":"https:\/\/grad.eba.ufmg.br\/conservacao\/index.php?rest_route=\/wp\/v2\/types\/page"}],"author":[{"embeddable":true,"href":"https:\/\/grad.eba.ufmg.br\/conservacao\/index.php?rest_route=\/wp\/v2\/users\/1"}],"replies":[{"embeddable":true,"href":"https:\/\/grad.eba.ufmg.br\/conservacao\/index.php?rest_route=%2Fwp%2Fv2%2Fcomments&post=572"}],"version-history":[{"count":10,"href":"https:\/\/grad.eba.ufmg.br\/conservacao\/index.php?rest_route=\/wp\/v2\/pages\/572\/revisions"}],"predecessor-version":[{"id":719,"href":"https:\/\/grad.eba.ufmg.br\/conservacao\/index.php?rest_route=\/wp\/v2\/pages\/572\/revisions\/719"}],"wp:attachment":[{"href":"https:\/\/grad.eba.ufmg.br\/conservacao\/index.php?rest_route=%2Fwp%2Fv2%2Fmedia&parent=572"}],"curies":[{"name":"wp","href":"https:\/\/api.w.org\/{rel}","templated":true}]}}