{"id":562,"date":"2021-02-10T20:53:58","date_gmt":"2021-02-10T23:53:58","guid":{"rendered":"https:\/\/grad.eba.ufmg.br\/conservacao\/?page_id=562"},"modified":"2026-03-26T10:59:53","modified_gmt":"2026-03-26T13:59:53","slug":"publicacoes-e-periodicos","status":"publish","type":"page","link":"https:\/\/grad.eba.ufmg.br\/conservacao\/?page_id=562","title":{"rendered":"Publica\u00e7\u00f5es e Peri\u00f3dicos"},"content":{"rendered":"<h2><strong>Publica\u00e7\u00f5es e Peri\u00f3dicos Nacionais<\/strong><\/h2>\n<p><strong><strong>\u00a0<\/strong><\/strong><\/p>\n<ul>\n<li><a href=\"https:\/\/grad.eba.ufmg.br\/conservacao\/?p=2625&amp;preview_id=2625\">Caderno de Resumos &#8211; I Jornada da Conserva\u00e7\u00e3o da UFMG 2026. &#8220;Preservando Trajet\u00f3rias: a forma\u00e7\u00e3o do conservador-restaurador em movimento&#8221;<\/a><\/li>\n<li><span style=\"font-weight: 400;\"><a title=\"Acervo - arquivo nacional\" href=\"http:\/\/revista.arquivonacional.gov.br\/index.php\/revistaacervo\/issue\/archive\" target=\"_blank\" rel=\"noopener\">Acervo<\/a><br \/>\n<\/span>Revista do Arquivo Nacional<\/li>\n<\/ul>\n<ul>\n<li><a title=\"Anais do Museu Paulista\" href=\"https:\/\/www.revistas.usp.br\/anaismp\/index\" target=\"_blank\" rel=\"noopener\"><span style=\"font-weight: 400;\">Anais do Museu Paulista: Hist\u00f3ria e Cultura Materi<\/span><\/a><span style=\"font-weight: 400;\"><a title=\"Anais do Museu Paulista\" href=\"http:\/\/https:\/\/www.revistas.usp.br\/anaismp\/index\" target=\"_blank\" rel=\"noopener\">al<\/a><br \/>\n<\/span>Museu Paulista &#8211; USP<\/li>\n<\/ul>\n<ul>\n<li><span style=\"font-weight: 400;\"><a title=\"Cadernos do Patrim\u00f4nio\" href=\"http:\/\/www.iepha.mg.gov.br\/index.php\/publicacoes\/cadernos-do-patrimonio\" target=\"_blank\" rel=\"noopener\">Cadernos do Patrim\u00f4nio<\/a><br \/>\n<\/span>IEPHA &#8211; Instituto Estadual do Patrim\u00f4nio Hist\u00f3rico e Art\u00edstico de Minas Gerais<\/li>\n<\/ul>\n<ul>\n<li><a title=\"IPHAN Publica\u00e7\u00f5es\" href=\"http:\/\/portal.iphan.gov.br\/publicacoes\/lista?categoria=29&amp;busca=\" target=\"_blank\" rel=\"noopener\">IPHAN publica\u00e7\u00f5es<br \/>\n<\/a>IPHAN &#8211; Instituto do Patrim\u00f4nio Hist\u00f3rico e Art\u00edstico Nacional<\/li>\n<\/ul>\n<ul>\n<li><span style=\"font-weight: 400;\"><a title=\"Periodicos Capes \" href=\"http:\/\/www-periodicos-capes-gov-br.ezl.periodicos.capes.gov.br\/\" target=\"_blank\" rel=\"noopener\">Portal de Peri\u00f3dicos CAPES\/MEC<\/a><\/span><\/li>\n<\/ul>\n<ul>\n<li><span style=\"font-weight: 400;\"><a title=\"Biblioteca Nacional\" href=\"https:\/\/www.bn.gov.br\/producao\/publicacoes\" target=\"_blank\" rel=\"noopener\">Portal de publica\u00e7\u00f5es da Biblioteca Nacional\u00a0<\/a><br \/>\nBN &#8211; Biblioteca Nacional<\/span><\/li>\n<\/ul>\n<ul>\n<li><span style=\"font-weight: 400;\"><a href=\"https:\/\/www.revistas.usp.br\/cpc\/index\" target=\"_blank\" rel=\"noopener\">Revista CPC<\/a><br \/>\nCPC &#8211; Centro de Preserva\u00e7\u00e3o Cultural USP<\/span><\/li>\n<\/ul>\n<ul>\n<li><span style=\"font-weight: 400;\"><a title=\"Revista Mem\u00f3ria em Rede\" href=\"https:\/\/periodicos.ufpel.edu.br\/ojs2\/index.php\/Memoria\/issue\/archive\" target=\"_blank\" rel=\"noopener\">Revista Mem\u00f3ria em Rede<\/a><br \/>\n<\/span>UFPel &#8211; Universidade Federal de Pelotas &#8211; RS<\/li>\n<\/ul>\n<ul>\n<li><span style=\"font-weight: 400;\"><a title=\"Revista MAE USP\" href=\"http:\/\/mae.usp.br\/revista-do-mae\/\" target=\"_blank\" rel=\"noopener\">Revista do Museu de Arqueologia e Etnologia<\/a><br \/>\n<\/span>MAE USP &#8211;\u00a0Museu de Arqueologia e Etnologia<\/li>\n<\/ul>\n<ul>\n<li><span style=\"font-weight: 400;\"><span style=\"font-weight: 400;\"><span style=\"font-weight: 400;\"><a title=\"Revista P\u00f3s UFMG\" href=\"https:\/\/periodicos.ufmg.br\/index.php\/revistapos\/index\" target=\"_blank\" rel=\"noopener\">Revista P\u00f3s<\/a><br \/>\nUFMG &#8211; Universidade Federal de Minas Gerais<\/span><\/span><\/span><\/li>\n<li><a title=\"Revista Restauro\" href=\"http:\/\/web.revistarestauro.com.br\/\" target=\"_blank\" rel=\"noopener\">Revista Restauro<\/a><\/li>\n<\/ul>\n<h2><b>Publica\u00e7\u00f5es e Peri\u00f3dicos\u00a0Internacionais<\/b><\/h2>\n<h4>\u00a0Em portugu\u00eas<\/h4>\n<ul>\n<li><a title=\"Conservar Patrim\u00f4nio\" href=\"https:\/\/conservarpatrimonio.pt\/index\" target=\"_blank\" rel=\"noopener\">Conservar Patrim\u00f3nio<br \/>\n<\/a>ARP &#8211; Associa\u00e7\u00e3o Profissional de Conservadores-Restauradores de Portugal<\/li>\n<\/ul>\n<ul>\n<li><span style=\"font-weight: 400;\"><a title=\"Revista ECR\" href=\"https:\/\/revistas.ucp.pt\/index.php\/ecr\/index\" target=\"_blank\" rel=\"noopener\">ECR &#8211; Estudos de Conserva\u00e7\u00e3o e Restauro<\/a><br \/>\n<\/span>Universidade Cat\u00f3lica do Porto &#8211; Portugal<\/li>\n<\/ul>\n<h4>Em espanhol<\/h4>\n<ul>\n<li><a title=\"Ge - Conservaci\u00f3n\" href=\"https:\/\/www.ge-iic.com\/ojs\/index.php\/revista\/issue\/archive\" target=\"_blank\" rel=\"noopener\">Ge-Conservaci\u00f3n<\/a><br \/>\nGrupo Espa\u00f1ol de Conservaci\u00f3n &#8211; International Institute of Conservation &#8211; Espanha<\/li>\n<\/ul>\n<ul>\n<li><a title=\"Revista Conserva\" href=\"https:\/\/www.cncr.gob.cl\/sitio\/Secciones\/Revista-Conserva\/Numeros-publicados\/\" target=\"_blank\" rel=\"noopener\">Revista Conserva<\/a><br \/>\nRevista Anual do Centro Nacional de Conserva\u00e7\u00e3o e Restaura\u00e7\u00e3o &#8211; Chile<\/li>\n<\/ul>\n<ul>\n<li><a href=\"https:\/\/conservacion.inah.gob.mx\/index.php\/2018-publicaciones\/\" target=\"_blank\" rel=\"noopener\">Revista de Conservaci\u00f3n Conversaciones<\/a><br \/>\nInstituto Nacional de Antropologia e Historia &#8211; Coordenaci\u00f3n Nacional de Conservati\u00f3n del Patrimonio Cultural &#8211; M\u00e9xico<\/li>\n<\/ul>\n<ul>\n<li><a href=\"https:\/\/ilamdocs.org\/cat\/640\/\" target=\"_blank\" rel=\"noopener\">Revista CR &#8211; Conservaci\u00f3n y Restauraci\u00f3n<\/a><br \/>\nCoordinaci\u00f3n Nacional de Conservaci\u00f3n del Patrimonio Cultural &#8211; Costa Rica<\/li>\n<\/ul>\n<ul>\n<li><a title=\"Revista Intervenci\u00f3n\" href=\"https:\/\/revistaintervencion.inah.gob.mx\/index.php\/intervencion\/index\" target=\"_blank\" rel=\"noopener\">Revista Intervenci\u00f3n<\/a><br \/>\nRevista Internacional de Conservaci\u00f3n, Restauraci\u00f3n y Museologia &#8211; M\u00e9xico<\/li>\n<\/ul>\n<h4>Em ingl\u00eas<\/h4>\n<ul>\n<li><span style=\"font-weight: 400;\"><a title=\"AATA online\" href=\"https:\/\/aata.getty.edu\/primo-explore\/search?vid=AATA\" target=\"_blank\" rel=\"noopener\">AATA Online<\/a><br \/>\n<\/span>Banco de dados de pesquisa do Getty Institute<\/li>\n<\/ul>\n<ul>\n<li><span style=\"font-weight: 400;\"><a title=\"AIC conservation wiki\" href=\"http:\/\/www.conservation-wiki.com\/wiki\/Main_Page\" target=\"_blank\" rel=\"noopener\">Conservation Wiki<\/a><br \/>\nAIC &#8211; American Institute for Conservation\u00a0<\/span><\/li>\n<\/ul>\n<ul>\n<li><span style=\"font-weight: 400;\"><a title=\"CoOL Conservation Online\" href=\"https:\/\/cool.culturalheritage.org\/search.html\" target=\"_blank\" rel=\"noopener\">CoOL Conservation Online<\/a><br \/>\nFAIC &#8211;\u00a0Foundation for Advancement in Conservation<\/span><\/li>\n<\/ul>\n<ul>\n<li><span style=\"font-weight: 400;\"><a title=\"Conservation Perspectives\" href=\"https:\/\/www.getty.edu\/conservation\/publications_resources\/newsletters\/\" target=\"_blank\" rel=\"noopener\">Conservation Perspectives, The GCI Newsletter<\/a><br \/>\n<\/span>Getty conservation Institute &#8211; Estados Unidos<\/li>\n<\/ul>\n<ul>\n<li><span style=\"font-weight: 400;\"><a title=\"CGI Bulletin\" href=\"https:\/\/www.getty.edu\/conservation\/publications_resources\/bulletin\/index.html\" target=\"_blank\" rel=\"noopener\">CGI Bulletin<\/a><br \/>\n<\/span>Getty Conservation Institute &#8211; Estados Unidos<\/li>\n<\/ul>\n<ul>\n<li><a title=\"Journal of Conservation UCL\" href=\"https:\/\/www.jcms-journal.com\/\" target=\"_blank\" rel=\"noopener\">Journal of Conservation and Museum Studies<\/a><br \/>\nInstitute of Archeology &#8211; University College of London &#8211; Reino Unido<\/li>\n<\/ul>\n<ul>\n<li><span style=\"font-weight: 400;\"><a title=\"News in Conservation\" href=\"http:\/\/iiconservation.org\/publications\/nic\" target=\"_blank\" rel=\"noopener\">News in conservation<\/a><br \/>\n<\/span>IIC &#8211; International Institute of Conservation &#8211; Reino Unido<br \/>\n<span style=\"font-weight: 400;\"><a title=\"Ge - Conservaci\u00f3n\" href=\"https:\/\/www.ge-iic.com\/ojs\/index.php\/revista\/issue\/archive\" target=\"_blank\" rel=\"noopener\"><br \/>\n<\/a><\/span><\/li>\n<li><a title=\"Studies in Conservation\" href=\"http:\/\/iiconservation.org\/publications\/sic\" target=\"_blank\" rel=\"noopener\">Studies in Conservation<\/a><br \/>\nIIC &#8211; International Institute of Conservation &#8211; Reino Unido<\/li>\n<\/ul>\n","protected":false},"excerpt":{"rendered":"<p>Publica\u00e7\u00f5es e Peri\u00f3dicos Nacionais \u00a0 Caderno de Resumos &#8211; I Jornada da Conserva\u00e7\u00e3o da UFMG 2026. &#8220;Preservando Trajet\u00f3rias: a forma\u00e7\u00e3o do conservador-restaurador em movimento&#8221; Acervo Revista do Arquivo Nacional Anais do Museu Paulista: Hist\u00f3ria e Cultura Material Museu Paulista &#8211; USP Cadernos do Patrim\u00f4nio IEPHA &#8211; Instituto Estadual do Patrim\u00f4nio Hist\u00f3rico e Art\u00edstico de Minas&hellip;&nbsp;<a href=\"https:\/\/grad.eba.ufmg.br\/conservacao\/?page_id=562\" rel=\"bookmark\"><span class=\"screen-reader-text\">Publica\u00e7\u00f5es e Peri\u00f3dicos<\/span><\/a><\/p>\n","protected":false},"author":1,"featured_media":0,"parent":0,"menu_order":0,"comment_status":"closed","ping_status":"closed","template":"","meta":{"neve_meta_sidebar":"","neve_meta_container":"","neve_meta_enable_content_width":"","neve_meta_content_width":0,"neve_meta_title_alignment":"","neve_meta_author_avatar":"","neve_post_elements_order":"","neve_meta_disable_header":"","neve_meta_disable_footer":"","neve_meta_disable_title":"","_themeisle_gutenberg_block_has_review":false,"footnotes":""},"class_list":["post-562","page","type-page","status-publish","hentry"],"_links":{"self":[{"href":"https:\/\/grad.eba.ufmg.br\/conservacao\/index.php?rest_route=\/wp\/v2\/pages\/562","targetHints":{"allow":["GET"]}}],"collection":[{"href":"https:\/\/grad.eba.ufmg.br\/conservacao\/index.php?rest_route=\/wp\/v2\/pages"}],"about":[{"href":"https:\/\/grad.eba.ufmg.br\/conservacao\/index.php?rest_route=\/wp\/v2\/types\/page"}],"author":[{"embeddable":true,"href":"https:\/\/grad.eba.ufmg.br\/conservacao\/index.php?rest_route=\/wp\/v2\/users\/1"}],"replies":[{"embeddable":true,"href":"https:\/\/grad.eba.ufmg.br\/conservacao\/index.php?rest_route=%2Fwp%2Fv2%2Fcomments&post=562"}],"version-history":[{"count":9,"href":"https:\/\/grad.eba.ufmg.br\/conservacao\/index.php?rest_route=\/wp\/v2\/pages\/562\/revisions"}],"predecessor-version":[{"id":2631,"href":"https:\/\/grad.eba.ufmg.br\/conservacao\/index.php?rest_route=\/wp\/v2\/pages\/562\/revisions\/2631"}],"wp:attachment":[{"href":"https:\/\/grad.eba.ufmg.br\/conservacao\/index.php?rest_route=%2Fwp%2Fv2%2Fmedia&parent=562"}],"curies":[{"name":"wp","href":"https:\/\/api.w.org\/{rel}","templated":true}]}}