{"id":463,"date":"2021-01-25T13:19:06","date_gmt":"2021-01-25T16:19:06","guid":{"rendered":"https:\/\/grad.eba.ufmg.br\/conservacao\/?page_id=463"},"modified":"2026-01-26T16:42:47","modified_gmt":"2026-01-26T19:42:47","slug":"laconpre","status":"publish","type":"page","link":"https:\/\/grad.eba.ufmg.br\/conservacao\/?page_id=463","title":{"rendered":"LACONPRE"},"content":{"rendered":"\t\t<div data-elementor-type=\"wp-page\" data-elementor-id=\"463\" class=\"elementor elementor-463\">\n\t\t\t\t<div class=\"elementor-element elementor-element-32913b7d e-flex e-con-boxed e-con e-parent\" data-id=\"32913b7d\" data-element_type=\"container\" data-settings=\"{&quot;background_background&quot;:&quot;classic&quot;}\">\n\t\t\t\t\t<div class=\"e-con-inner\">\n\t\t\t\t<div class=\"elementor-element elementor-element-16eaaa9b elementor-widget elementor-widget-heading\" data-id=\"16eaaa9b\" data-element_type=\"widget\" data-widget_type=\"heading.default\">\n\t\t\t\t\t<h2 class=\"elementor-heading-title elementor-size-default\">LACONPRE<\/h2>\t\t\t\t<\/div>\n\t\t\t\t\t<\/div>\n\t\t\t\t<\/div>\n\t\t<div class=\"elementor-element elementor-element-4c6b0679 e-flex e-con-boxed e-con e-parent\" data-id=\"4c6b0679\" data-element_type=\"container\">\n\t\t\t\t\t<div class=\"e-con-inner\">\n\t\t\t\t<div class=\"elementor-element elementor-element-6828d946 elementor-widget elementor-widget-heading\" data-id=\"6828d946\" data-element_type=\"widget\" data-widget_type=\"heading.default\">\n\t\t\t\t\t<h1 class=\"elementor-heading-title elementor-size-default\"><h3><span style=\"font-weight: normal\">LABORAT\u00d3RIO DE CONSERVA\u00c7\u00c3O PREVENTIVA<span style=\"font-size: 36px\"><\/span><\/span><\/h3><\/h1>\t\t\t\t<\/div>\n\t\t\t\t<div class=\"elementor-element elementor-element-23b50e0e elementor-widget elementor-widget-text-editor\" data-id=\"23b50e0e\" data-element_type=\"widget\" data-widget_type=\"text-editor.default\">\n\t\t\t\t\t\t\t\t\t<p style=\"text-align: center;\"><span lang=\"pt-BR\">LOCALIZA\u00c7\u00c3O: 2\u00b0 andar CECOR\/EBA\/UFMG<\/span><\/p><p style=\"text-align: center;\"><span lang=\"pt-BR\">COORDENADOR: Prof. Willi de Barros Gon\u00e7alves<\/span><\/p><p style=\"text-align: center;\"><span lang=\"pt-BR\">DOCENTES: Prof. Willi de Barros Gon\u00e7alves, Prof. Luiz Ant\u00f4nio Cruz Souza,<\/span><\/p><p style=\"text-align: center;\"><span lang=\"pt-BR\">Profa. Yacy-Ara Froner Gon\u00e7alves, Profa. Alessandra\u00a0 Rosado, Profa. Magali Melleu Sehn.<\/span><\/p><p style=\"text-align: center;\"><span lang=\"pt-BR\">MONITORES: estudantes a partir do 4\u00ba per\u00edodo vinculados a projetos de ensino, pesquisa e extens\u00e3o<\/span><\/p>\t\t\t\t\t\t\t\t<\/div>\n\t\t\t\t<div class=\"elementor-element elementor-element-44d8082a elementor-widget elementor-widget-heading\" data-id=\"44d8082a\" data-element_type=\"widget\" data-widget_type=\"heading.default\">\n\t\t\t\t\t<h1 class=\"elementor-heading-title elementor-size-default\"><span style=\"font-weight: 400\">Objetivo<\/span><\/h1>\t\t\t\t<\/div>\n\t\t\t\t<div class=\"elementor-element elementor-element-32220804 elementor-widget elementor-widget-text-editor\" data-id=\"32220804\" data-element_type=\"widget\" data-widget_type=\"text-editor.default\">\n\t\t\t\t\t\t\t\t\t<p>Desenvolver atividades de Ensino, Pesquisa e Extens\u00e3o na \u00e1rea de Conserva\u00e7\u00e3o Preventiva e\u00a0 Gerenciamento de Riscos ao Patrim\u00f4nio Cultural, trabalhando de forma inter e transdisciplinar e integrada aos outros laborat\u00f3rios do CCRBCM do CECOR, outras unidades da UFMG e institui\u00e7\u00f5es da \u00e1rea de Preserva\u00e7\u00e3o do Patrim\u00f4nio Cultural.<\/p>\t\t\t\t\t\t\t\t<\/div>\n\t\t\t\t<div class=\"elementor-element elementor-element-2d7977e7 elementor-widget elementor-widget-heading\" data-id=\"2d7977e7\" data-element_type=\"widget\" data-widget_type=\"heading.default\">\n\t\t\t\t\t<h1 class=\"elementor-heading-title elementor-size-default\"><span style=\"font-weight: 400\">Ensino<\/span><\/h1>\t\t\t\t<\/div>\n\t\t\t\t<div class=\"elementor-element elementor-element-1759e7b elementor-widget elementor-widget-text-editor\" data-id=\"1759e7b\" data-element_type=\"widget\" data-widget_type=\"text-editor.default\">\n\t\t\t\t\t\t\t\t\t<p style=\"text-align: center;\"><span style=\"font-weight: 400;\">O LaGRAFI apoia e subsidia, nos \u00e2mbitos material, f\u00edsico e t\u00e9cnico-cient\u00edfico, diferentes projetos de pesquisa desenvolvidos pelos docentes do Curso de Conserva\u00e7\u00e3o-Restaura\u00e7\u00e3o de Bens Culturais M\u00f3veis, abrangendo, igualmente, a\u00e7\u00f5es dos grupos de pesquisa vinculados, propostas de inicia\u00e7\u00e3o cient\u00edfica e pesquisas de discentes de p\u00f3s-gradua\u00e7\u00e3o. A abordagem interdisciplinar se expressa na participa\u00e7\u00e3o dos professores do Laborat\u00f3rio em grupos de pesquisa vinculados a outras unidades da UFMG, e em pesquisas dos demais laborat\u00f3rios do curso.<\/span><\/p><p style=\"text-align: center;\"><span style=\"font-weight: 400;\">O LaGRAFI pretende ainda desenvolver atividade editorial sob a forma de cadernos t\u00e9cnicos, material did\u00e1tico, livros e revistas que contribuir\u00e3o para a divulga\u00e7\u00e3o das pesquisas desenvolvidas pelos docentes e discentes que integram o seu projeto acad\u00eamico-cient\u00edfico, al\u00e9m de produzir e divulgar material audiovisual que permitir\u00e1 o uso na plataforma virtual moodle e em outros espa\u00e7os, como ferramenta de ensino e apoio ao docente.<\/span><\/p><p style=\"text-align: center;\"><span style=\"font-weight: 400;\">Projeto \u201cA produ\u00e7\u00e3o de manuscritos pintados no s\u00e9culo XVIII\u201d, com apoio da FAPEMIG e CNPq, com a participa\u00e7\u00e3o de alunos atrav\u00e9s de bolsas de Inicia\u00e7\u00e3o Cient\u00edfica.<\/span><\/p><p><span style=\"font-weight: 400;\">Projeto \u201cA materialidade dos documentos pintados\u201d, com apoio da CAPES, que prev\u00ea, al\u00e9m da reflex\u00e3o te\u00f3rico-metodol\u00f3gica, a restaura\u00e7\u00e3o de acervos documentais como ferramenta de pesquisa.<\/span><\/p><p><span style=\"font-weight: 400;\">Projeto \u201cMem\u00f3ria do P\u00e3o de Santo Ant\u00f4nio: imprensa tipogr\u00e1fica em Diamantina\u201d, financiado pela Associa\u00e7\u00e3o do P\u00e3o de Santo Ant\u00f4nio\/Petrobras\/FUNDEP, com a participa\u00e7\u00e3o de alunos do curso de Conserva\u00e7\u00e3o-Restaura\u00e7\u00e3o atrav\u00e9s de est\u00e1gios e bolsa de Inicia\u00e7\u00e3o Cient\u00edfica.<\/span><\/p><p><span style=\"font-weight: 400;\">Projeto Hist\u00f3ria do Livro e Conserva\u00e7\u00e3o-Restaura\u00e7\u00e3o de Acervos bibliogr\u00e1ficos: um invent\u00e1rio de bibliografia material (s\u00e9c. XV-XIX), com o apoio do CNPq e com a participa\u00e7\u00e3o de alunos atrav\u00e9s de bolsa de Inicia\u00e7\u00e3o Cient\u00edfica.<\/span><\/p><p><span style=\"font-weight: 400;\">Projeto Laborat\u00f3rio Mem\u00f3ria e Cinema: Conserva\u00e7\u00e3o preventiva e Gerenciamento da Informa\u00e7\u00e3o, com o apoio da FAPEMIG e bolsistas de Inicia\u00e7\u00e3o Cient\u00edfica.<\/span><\/p><p style=\"text-align: center;\" align=\"justify\">IN2PAST.BR\u00a0\u00a0Instituto Nacional de Pesquisa em Hist\u00f3ria Natural, Patrim\u00f4nio Cultural, Artes, Sustentabilidade e Territ\u00f3rio.<\/p>\t\t\t\t\t\t\t\t<\/div>\n\t\t\t\t<div class=\"elementor-element elementor-element-6116248d elementor-widget elementor-widget-heading\" data-id=\"6116248d\" data-element_type=\"widget\" data-widget_type=\"heading.default\">\n\t\t\t\t\t<h1 class=\"elementor-heading-title elementor-size-default\"><span style=\"font-weight: 400\">Disciplinas<\/span><\/h1>\t\t\t\t<\/div>\n\t\t\t\t<div class=\"elementor-element elementor-element-696ed1bf elementor-widget elementor-widget-text-editor\" data-id=\"696ed1bf\" data-element_type=\"widget\" data-widget_type=\"text-editor.default\">\n\t\t\t\t\t\t\t\t\t<table><tbody><tr valign=\"top\"><td bgcolor=\"#acb9ca\" width=\"81\"><p style=\"text-align: center;\" align=\"justify\"><span lang=\"pt-BR\">C\u00d3D.<\/span><\/p><\/td><td bgcolor=\"#acb9ca\"><p style=\"text-align: center;\" align=\"justify\"><span lang=\"pt-BR\">NOME<\/span><\/p><\/td><td bgcolor=\"#acb9ca\" width=\"142\"><p align=\"center\"><span lang=\"pt-BR\">CARGA HOR\u00c1RIA<\/span><\/p><\/td><td bgcolor=\"#acb9ca\"><p style=\"text-align: center;\" align=\"justify\"><span lang=\"pt-BR\">PER\u00cdODO<\/span><\/p><\/td><\/tr><tr><td style=\"text-align: center;\">APL058<\/td><td>Conserva\u00e7\u00e3o preventiva<\/td><td style=\"text-align: center;\">75h<\/td><td style=\"text-align: center;\">4\u00ba per\u00edodo<\/td><\/tr><tr><td style=\"text-align: center;\">APL060<\/td><td>Causas de deteriora\u00e7\u00e3o de bens culturais<\/td><td style=\"text-align: center;\">45h<\/td><td style=\"text-align: center;\">4\u00ba per\u00edodo<\/td><\/tr><tr><td style=\"text-align: center;\">EBA032<\/td><td>Trabalho de Conclus\u00e3o de Curso<\/td><td style=\"text-align: center;\">120h<\/td><td style=\"text-align: center;\">8\u00ba per\u00edodo<\/td><\/tr><tr><td style=\"text-align: center;\">APL069<\/td><td>Vulnerabilidade de Materiais \u00e0 Degrada\u00e7\u00e3o<\/td><td style=\"text-align: center;\">45h<\/td><td style=\"text-align: center;\">Optativas 5\u00ba, 6\u00ba, 7\u00ba per\u00edodos<\/td><\/tr><tr><td style=\"text-align: center;\">APL078<\/td><td>Mobili\u00e1rio de Reservas T\u00e9cnicas e Sistemas de Embalagem, Transporte e Exposi\u00e7\u00e3o<\/td><td style=\"text-align: center;\">45h<\/td><td style=\"text-align: center;\">Optativas 5\u00ba, 6\u00ba, 7\u00ba per\u00edodos<\/td><\/tr><tr><td style=\"text-align: center;\">APL087<\/td><td>Gerenciamento de Conserva\u00e7\u00e3o<\/td><td style=\"text-align: center;\">45h<\/td><td style=\"text-align: center;\">Optativas 5\u00ba, 6\u00ba, 7\u00ba per\u00edodos<\/td><\/tr><\/tbody><\/table><h4>\u00a0<\/h4>\t\t\t\t\t\t\t\t<\/div>\n\t\t\t\t<div class=\"elementor-element elementor-element-10c5a41b elementor-widget elementor-widget-heading\" data-id=\"10c5a41b\" data-element_type=\"widget\" data-widget_type=\"heading.default\">\n\t\t\t\t\t<h1 class=\"elementor-heading-title elementor-size-default\"><span style=\"font-weight: 400\">Pesquisa<\/span><\/h1>\t\t\t\t<\/div>\n\t\t\t\t<div class=\"elementor-element elementor-element-417333a3 elementor-widget elementor-widget-text-editor\" data-id=\"417333a3\" data-element_type=\"widget\" data-widget_type=\"text-editor.default\">\n\t\t\t\t\t\t\t\t\t<p>O LACONPRE d\u00e1 apoio a atividades de projetos de pesquisa dos docentes vinculados ao\u00a0 Laborat\u00f3rio, em conformidade com o seu objetivo.<\/p><p>Cabe destacar que atualmente os docentes t\u00eam v\u00ednculo e colabora\u00e7\u00f5es com diversos grupos de\u00a0 pesquisa da UFMG formalmente cadastrados e coordenam projetos com financiamento de diversas\u00a0 ag\u00eancias, como Prpq\/UFMG, CNPq, FAPEMIG, e Getty Conservation Institute (EUA). Vale tamb\u00e9m ressaltar que quatro dos docentes fazem parte da diretoria e conselhos da ANTECIPA \u2013 Associa\u00e7\u00e3o Nacional de Pesquisa em Tecnologia e Ci\u00eancia do Patrim\u00f4nio.<\/p><p>V\u00ednculo e colabora\u00e7\u00f5es com grupos de pesquisa cadastrados:<br \/>RECICOR \u2013 Rede Ci\u00eancias, Tecnologia e Conserva\u00e7\u00e3o Integrada de Bens Culturais (em processo de\u00a0 reativa\u00e7\u00e3o pelo coordenador Prof. Luiz Ant\u00f4nio Cruz Souza junto ao CNPq);<\/p><p>ArCHE \u2013 Ambientes \u2013 Arte, Conserva\u00e7\u00e3o e Hist\u00f3ria (em processo de reativa\u00e7\u00e3o pela coordenadora\u00a0 Profa. Yacy Ara Froner Gon\u00e7alves junto ao CNPq);<\/p><p>IGNIS: Grupo de Pesquisa em Tecnologia e Ci\u00eancia do Inc\u00eandio \u2013 Coordenador Prof. Paulo Kruger\u00a0 \u2013 EA\/UFMG;<\/p><p>Imagem Cient\u00edfica \u2013 Coordenador Prof. Alexandre Le\u00e3o \u2013 EBA\/UFMG;<\/p><p>Rochas Ornamentais \u2013 Coordenador Prof. Ant\u00f4nio Gilberto Costa \u2013 IGC\/UFMG.<\/p>\t\t\t\t\t\t\t\t<\/div>\n\t\t\t\t<div class=\"elementor-element elementor-element-5948aa95 elementor-widget elementor-widget-heading\" data-id=\"5948aa95\" data-element_type=\"widget\" data-widget_type=\"heading.default\">\n\t\t\t\t\t<h1 class=\"elementor-heading-title elementor-size-default\"><span style=\"font-weight: 400\">Extens\u00e3o<\/span><\/h1>\t\t\t\t<\/div>\n\t\t\t\t<div class=\"elementor-element elementor-element-71b2b240 elementor-widget elementor-widget-text-editor\" data-id=\"71b2b240\" data-element_type=\"widget\" data-widget_type=\"text-editor.default\">\n\t\t\t\t\t\t\t\t\t<p>O LACONPRE d\u00e1 apoio a atividades de projetos de extens\u00e3o dos docentes vinculados ao\u00a0 Laborat\u00f3rio, em conformidade com o seu objetivo.<\/p><p>Diversos projetos coordenados pelos docentes do Laborat\u00f3rio nos \u00faltimos anos v\u00eam promovendo a\u00a0 intera\u00e7\u00e3o entre a Universidade, a sociedade e a cidade, e atuando tamb\u00e9m na presta\u00e7\u00e3o de servi\u00e7os t\u00e9cnicos especializados, cabendo destacar:<br \/><br \/><\/p><p>Consultorias t\u00e9cnicas na \u00e1rea de Conserva\u00e7\u00e3o Preventiva e Gerenciamento de riscos \u2013 IBRAM,\u00a0 Museu Lasar Segall, Casa Fiat de Cultura, Museu de Arte Assis Chateaubriand, Funda\u00e7\u00e3o Iber\u00ea Camargo, Base 7 Projetos Culturais, Rede de Museus da UFMG;<br \/><br \/>Colabora\u00e7\u00e3o e parcerias com institui\u00e7\u00f5es da \u00e1rea da Preserva\u00e7\u00e3o do Patrim\u00f4nio Cultural: IPHAN,\u00a0 IBRAM, SUMAV-SECULT\/MG, CBBM-MG;<br \/><br \/>Eventos t\u00e9cnico-cient\u00edficos: Encontro da ANTECIPA (2018); International Symposium on Heritage\u00a0 Science: the Role of Research Infrastructures (2018); International Workshop \u201cManaging Indoor Climate Risks\u201d (2016); Semin\u00e1rio Patrim\u00f4nio Cultural \u2013 Perspectivas (2016).<\/p>\t\t\t\t\t\t\t\t<\/div>\n\t\t\t\t\t<\/div>\n\t\t\t\t<\/div>\n\t\t\t\t<\/div>\n\t\t","protected":false},"excerpt":{"rendered":"<p>LACONPRE LABORAT\u00d3RIO DE CONSERVA\u00c7\u00c3O PREVENTIVA LOCALIZA\u00c7\u00c3O: 2\u00b0 andar CECOR\/EBA\/UFMG COORDENADOR: Prof. Willi de Barros Gon\u00e7alves DOCENTES: Prof. Willi de Barros Gon\u00e7alves, Prof. Luiz Ant\u00f4nio Cruz Souza, Profa. Yacy-Ara Froner Gon\u00e7alves, Profa. Alessandra\u00a0 Rosado, Profa. Magali Melleu Sehn. MONITORES: estudantes a partir do 4\u00ba per\u00edodo vinculados a projetos de ensino, pesquisa e extens\u00e3o Objetivo Desenvolver atividades&hellip;&nbsp;<a href=\"https:\/\/grad.eba.ufmg.br\/conservacao\/?page_id=463\" rel=\"bookmark\"><span class=\"screen-reader-text\">LACONPRE<\/span><\/a><\/p>\n","protected":false},"author":1,"featured_media":0,"parent":0,"menu_order":0,"comment_status":"closed","ping_status":"closed","template":"","meta":{"neve_meta_sidebar":"","neve_meta_container":"","neve_meta_enable_content_width":"","neve_meta_content_width":0,"neve_meta_title_alignment":"","neve_meta_author_avatar":"","neve_post_elements_order":"","neve_meta_disable_header":"","neve_meta_disable_footer":"","neve_meta_disable_title":"","_themeisle_gutenberg_block_has_review":false,"footnotes":""},"class_list":["post-463","page","type-page","status-publish","hentry"],"_links":{"self":[{"href":"https:\/\/grad.eba.ufmg.br\/conservacao\/index.php?rest_route=\/wp\/v2\/pages\/463","targetHints":{"allow":["GET"]}}],"collection":[{"href":"https:\/\/grad.eba.ufmg.br\/conservacao\/index.php?rest_route=\/wp\/v2\/pages"}],"about":[{"href":"https:\/\/grad.eba.ufmg.br\/conservacao\/index.php?rest_route=\/wp\/v2\/types\/page"}],"author":[{"embeddable":true,"href":"https:\/\/grad.eba.ufmg.br\/conservacao\/index.php?rest_route=\/wp\/v2\/users\/1"}],"replies":[{"embeddable":true,"href":"https:\/\/grad.eba.ufmg.br\/conservacao\/index.php?rest_route=%2Fwp%2Fv2%2Fcomments&post=463"}],"version-history":[{"count":26,"href":"https:\/\/grad.eba.ufmg.br\/conservacao\/index.php?rest_route=\/wp\/v2\/pages\/463\/revisions"}],"predecessor-version":[{"id":2595,"href":"https:\/\/grad.eba.ufmg.br\/conservacao\/index.php?rest_route=\/wp\/v2\/pages\/463\/revisions\/2595"}],"wp:attachment":[{"href":"https:\/\/grad.eba.ufmg.br\/conservacao\/index.php?rest_route=%2Fwp%2Fv2%2Fmedia&parent=463"}],"curies":[{"name":"wp","href":"https:\/\/api.w.org\/{rel}","templated":true}]}}