{"id":420,"date":"2020-12-22T16:45:03","date_gmt":"2020-12-22T16:45:03","guid":{"rendered":"https:\/\/grad.eba.ufmg.br\/conservacao\/?page_id=420"},"modified":"2025-12-23T14:36:38","modified_gmt":"2025-12-23T17:36:38","slug":"estagio","status":"publish","type":"page","link":"https:\/\/grad.eba.ufmg.br\/conservacao\/?page_id=420","title":{"rendered":"Est\u00e1gio"},"content":{"rendered":"<p>Informamos que os procedimentos para formalizar o\u00a0<b>Est\u00e1gio n\u00e3o obrigat\u00f3rio<\/b>\u00a0para os cursos de gradua\u00e7\u00e3o da UFMG ocorrer\u00e3o por meio do Sistema Eletr\u00f4nico de Informa\u00e7\u00f5es (SEI\/UFMG) conforme orienta\u00e7\u00e3o da Pr\u00f3-Reitoria de Gradua\u00e7\u00e3o (Prograd) da UFMG.<br \/><br \/>Salientamos que esses procedimentos vigorar\u00e3o\u00a0<b>a partir de 05\/05\/2025<\/b>\u00a0para os est\u00e1gios n\u00e3o obrigat\u00f3rios do Curso de Gradua\u00e7\u00e3o de Conserva\u00e7\u00e3o e Restaura\u00e7\u00e3o de Bens Culturais M\u00f3veis. Os est\u00e1gios n\u00e3o obrigat\u00f3rios que forem enviados antes dessa data, ser\u00e3o tramitados conforme procedimento anterior.<br \/><br \/>Seguem as orienta\u00e7\u00f5es referente \u00e0 documenta\u00e7\u00e3o e \u00e0 tramita\u00e7\u00e3o desse processo:<br \/><br \/>1. O(a) estudante, o(a) representante da empresa (campo de est\u00e1gio) e o(a) supervisor(a) de est\u00e1gio dever\u00e3o solicitar o cadastro como usu\u00e1rio externo do SEI\/UFMG de acordo com as orienta\u00e7\u00f5es dispon\u00edveis no link<a href=\"https:\/\/sei.ufmg.br\/index.php\/acesse-o-sei\/\"><u>\u00a0https:\/\/sei.ufmg.br\/index.php\/acesse-o-sei\/<\/u><\/a>;<br \/>2.\u00a0A documenta\u00e7\u00e3o de est\u00e1gio* dever\u00e1 ser enviada\u00a0<b>pelo(a) estudante<\/b>\u00a0para a Secretaria desse colegiado\u00a0em formato edit\u00e1vel (docx. ou doc.) atrav\u00e9s do e-mail\u00a0<a href=\"mailto:colconserv@eba.ufmg.br\"><u>colconserv@eba.ufmg.br<\/u><\/a>, para confer\u00eancia desse setor, com,\u00a0<b>no m\u00ednimo, 15 (quinze) dias de anteced\u00eancia da data prevista para in\u00edcio do est\u00e1gio<\/b>. Salientamos que\u00a0<b>n\u00e3o<\/b>\u00a0ser\u00e3o assinados documentos com data retroativa. Ressaltamos que caso seja necess\u00e1ria alguma corre\u00e7\u00e3o e\/ou a documenta\u00e7\u00e3o esteja incompleta, a Secretaria desse Colegiado comunicar\u00e1 para o e-mail remetente com a indica\u00e7\u00e3o da necessidade de corre\u00e7\u00e3o e\/ou a solicita\u00e7\u00e3o de documentos pendentes. O prazo ser\u00e1 contado a partir do envio da documenta\u00e7\u00e3o correta e\/ou completa. A documenta\u00e7\u00e3o correta ser\u00e1 inserida SEI e disponibilizada para assinatura dos(as) interessados(as). Destacamos que a ap\u00f3lice de SEGURO para Est\u00e1gio n\u00e3o obrigat\u00f3rio \u00e9 de responsabilidade do campo de est\u00e1gio;<br \/>3. Ap\u00f3s a realiza\u00e7\u00e3o do cadastro usu\u00e1rio externo no SEI,\u00a0os(as) interessados(as) dever\u00e3o informar \u00e0 Secretaria desse Colegiado por e-mail a efetiva\u00e7\u00e3o desse cadastro para que o Colegiado possa liberar as assinaturas nos documentos. Gentileza enviar\u00a0os nomes e os respectivos e-mails cadastrados no SEI;<br \/>4.\u00a0As partes devem assinar os documentos no SEI.<br \/><br \/>S\u00e3o interessados(as) envolvidos(as) nas assinaturas dos documentos de est\u00e1gio n\u00e3o obrigat\u00f3rio:<br \/><br \/>a) o(a) estudante;<br \/>b) o(a) representante da empresa (campo de est\u00e1gio);<br \/>c) o(a) supervisor(a) no campo de est\u00e1gio;<br \/>d) a Coordena\u00e7\u00e3o do Colegiado.<br \/><b><br \/>\u00c9 fundamental que o(a) estudante encaminhe a documenta\u00e7\u00e3o de seu est\u00e1gio em formato edit\u00e1vel para que possamos anex\u00e1-lo no SEI. N\u00e3o devem ser enviados arquivos em PDF e tamb\u00e9m n\u00e3o devem ser disponibilizados documentos na nuvem (Google drive, Onedrive, etc.).<\/b><\/p>\n<p>*\u00a0Documenta\u00e7\u00e3o de est\u00e1gio:<\/p>\n<p>Observar os documentos solicitados para cada tipo de processo:<\/p>\n<p>&nbsp;<\/p>\n<ul>\u00b7\u00a0Novo est\u00e1gio (in\u00edcio de est\u00e1gio):<\/ul>\n<p><br \/>I. Termo de Compromisso (O modelo de Termo de Compromisso dever\u00e1 ser\u00a0<b><u>Colegiado de Curso \u2013 Sem vincula\u00e7\u00e3o<\/u><\/b><b>\u00a0ou\u00a0<\/b><b><u>Com interveni\u00eancia\/anu\u00eancia de Agente de Integra\u00e7\u00e3o \u2013 Colegiado de Curso);<\/u><\/b><\/p>\n<p>II. Plano de Est\u00e1gio.<\/p>\n<p>&nbsp;<\/p>\n<ul>\u00b7\u00a0Prorroga\u00e7\u00e3o e outras altera\u00e7\u00f5es no est\u00e1gio:<\/ul>\n<p><br \/>I. Termo Aditivo (<b><u>Termo Aditivo do Termo de Compromisso de Est\u00e1gio<\/u><\/b><b>\u00a0ou\u00a0<\/b><b><u>Termo Aditivo do Termo de Compromisso de Est\u00e1gio \u2013 (Com interveni\u00eancia\/anu\u00eancia de Agente de Integra\u00e7\u00e3o \u2013 Colegiado de Curso);<\/u><\/b><\/p>\n<p>II. Plano de Est\u00e1gio (com datas de in\u00edcio e t\u00e9rmino referente \u00e0s do Termo Aditivo).<\/p>\n<p>&nbsp;<\/p>\n<ul>\u00b7\u00a0Rescis\u00e3o do est\u00e1gio<\/ul>\n<p><br \/>I. Termo de Rescis\u00e3o de Termo de Compromisso;<\/p>\n<p>II. Relat\u00f3rio de Est\u00e1gio.<\/p>\n<p>&nbsp;<\/p>\n<ul>\u00b7\u00a0Avalia\u00e7\u00e3o semestral de est\u00e1gio<\/ul>\n<p><br \/>I. Relat\u00f3rio de Est\u00e1gio.<\/p>\n<p>&nbsp;<\/p>\n<p>A documenta\u00e7\u00e3o de est\u00e1gio e as orienta\u00e7\u00f5es est\u00e3o dispon\u00edveis em\u00a0<a href=\"https:\/\/www.ufmg.br\/prograd\/instrumentos-juridicos-estagios\/\"><u>https:\/\/www.ufmg.br\/prograd\/instrumentos-juridicos-estagios\/<\/u><\/a>\u00a0e\u00a0<a href=\"https:\/\/www.ufmg.br\/prograd\/estagio-2\/\"><u>https:\/\/www.ufmg.br\/prograd\/estagio-2\/<\/u><\/a><\/p>\n<p>&nbsp;<\/p>\n<p>Lembramos que todo o processo de est\u00e1gio \u00e9 regulamentado por normas gerais e da pr\u00f3pria UFMG. Recomendamos que realizem uma leitura atenta das normativas em anexo:\u00a0<a href=\"http:\/\/www.planalto.gov.br\/ccivil_03\/_Ato2007-2010\/2008\/Lei\/L11788.htm\"><u>Lei N\u00b0 11.788, de 25 de setembro de 2008<\/u><\/a>,\u00a0<a href=\"https:\/\/www.ufmg.br\/prograd\/wp-content\/uploads\/2022\/01\/Cartilha.pdf\"><u>Nova Cartilha Esclarecedora sobre a Lei de Est\u00e1gio, elaborada pelo MTE<\/u><\/a>, \u00a0<a href=\"https:\/\/www2.ufmg.br\/sods\/content\/download\/1497\/12053\/version\/2\/file\/02rescepe2009+est%C3%A1gio.pdf\"><u>Resolu\u00e7\u00e3o 02\/2009 do CEPE<\/u><\/a>\u00a0e\u00a0<a href=\"http:\/\/www.ufmg.br\/prograd\/arquivos\/estagio\/port1042006Estagio.pdf\"><u>Portaria n\u00ba104\/2006 \u2013 Determina os instrumentos jur\u00eddicos de Est\u00e1gio da UFMG<\/u><\/a><\/p>\n<p><br \/>A Base de Conhecimento do SEI\/UFMG tem como objetivo apresentar de forma resumida o que \u00e9 a atividade de Est\u00e1gio n\u00e3o obrigat\u00f3rio e as atribui\u00e7\u00f5es dos(as) interessados(as) envolvidos(as) no procedimento de formaliza\u00e7\u00e3o do est\u00e1gio n\u00e3o obrigat\u00f3rio, al\u00e9m de conter todas as informa\u00e7\u00f5es necess\u00e1rias para os(as) estudantes e os(as) representantes dos campos de est\u00e1gio, incluindo links de acesso.<\/p>\n<p>Segue o link da Base de Conhecimento do SEI\/UFMG:\u00a0<a href=\"https:\/\/sei.ufmg.br\/index.php\/2019\/08\/28\/base-de-conhecimento\/?id_procedimento=100000659&amp;id_base=527\"><u>https:\/\/sei.ufmg.br\/index.php\/2019\/08\/28\/base-de-conhecimento\/?id_procedimento=100000659&amp;id_base=527<\/u><\/a>\u00a0<\/p>\n<p>&nbsp;<\/p>\n<p>&nbsp;<\/p>\n<p style=\"text-align: left;\">As regras para a realiza\u00e7\u00e3o de est\u00e1gios na UFMG est\u00e3o dispon\u00edveis no link:<\/p>\n<p style=\"text-align: left;\"><a title=\"Est\u00e1gio - Informa\u00e7\u00f5es\" href=\"https:\/\/www.ufmg.br\/prograd\/estagio-2\/\" target=\"_blank\" rel=\"noopener\">Est\u00e1gio\u00a0\u2014 informa\u00e7\u00f5es<\/a><\/p>\n<p style=\"text-align: justify;\">Por meio do Of\u00edcio Circular N\u00ba 6\/2020\/PROGRAD, a PROGRAD informou aos Colegiados as condi\u00e7\u00f5es para realiza\u00e7\u00e3o das atividades acad\u00eamicas curriculares do tipo est\u00e1gio durante per\u00edodo de vig\u00eancia da Portaria UFMG N\u00ba 1819, considerando a possibilidade de adapta\u00e7\u00e3o das atividades realizadas no campo de est\u00e1gio por atividades em regime remoto.<\/p>\n<p style=\"text-align: justify;\">A tramita\u00e7\u00e3o dos documentos de est\u00e1gio \u00e9 toda eletr\u00f4nica via SEI\/UFMG. Todos os documentos solicitados na Resolu\u00e7\u00e3o 02\/2012 devem ser enviados pelo(a) estudante para o e-mail colconserv@eba.ufmg.br. N\u00e3o \u00e9 necess\u00e1rio entregar documentos impressos no colegiado. Todo o procedimento de formaliza\u00e7\u00e3o do est\u00e1gio via SEI\/UFMG \u00e9 realizado pelo pr\u00f3prio colegiado cabendo ao estudante apenas envi\u00e1-los por e-mail.<\/p>\n<p style=\"text-align: justify;\">Ao final do Est\u00e1gio, para integralizar os cr\u00e9ditos, o estudante deve enviar ao Colegiado o formul\u00e1rio abaixo. Juntamente com o formul\u00e1rio, \u00e9 necess\u00e1rio o Relat\u00f3rio Final de Est\u00e1gio, feito pelo aluno e assinado pela institui\u00e7\u00e3o onde realizou o est\u00e1gio.<\/p>\n<p style=\"text-align: justify;\"><a title=\"Solicita\u00e7\u00e3o de Integraliza\u00e7\u00e3o Curricular de Est\u00e1gios\" href=\"https:\/\/grad.eba.ufmg.br\/conservacao\/wp-content\/uploads\/2020\/12\/ESTAGIO-requerimento-integralizacao-curricular.pdf\" target=\"_blank\" rel=\"noopener\">Solicita\u00e7\u00e3o de Integraliza\u00e7\u00e3o Curricular de Est\u00e1gios<\/a>\u00a0\u2014 formul\u00e1rio<\/p>\n<p style=\"text-align: justify;\"><a title=\"Resolu\u00e7\u00e3o 02\/2012\" href=\"https:\/\/grad.eba.ufmg.br\/conservacao\/wp-content\/uploads\/2020\/12\/ESTAGIO-Resolucao_002-2012_14-12-2012.pdf\" target=\"_blank\" rel=\"noopener\">Resolu\u00e7\u00e3o 02\/2012<\/a>\u00a0\u2014 normas e procedimentos para a obten\u00e7\u00e3o de cr\u00e9ditos nas disciplinas Est\u00e1gio em Conserva\u00e7\u00e3o e Est\u00e1gio em Restaura\u00e7\u00e3o.<\/p>\n\n\n<p><\/p>\n","protected":false},"excerpt":{"rendered":"<p>Informamos que os procedimentos para formalizar o\u00a0Est\u00e1gio n\u00e3o obrigat\u00f3rio\u00a0para os cursos de gradua\u00e7\u00e3o da UFMG ocorrer\u00e3o por meio do Sistema Eletr\u00f4nico de Informa\u00e7\u00f5es (SEI\/UFMG) conforme orienta\u00e7\u00e3o da Pr\u00f3-Reitoria de Gradua\u00e7\u00e3o (Prograd) da UFMG. Salientamos que esses procedimentos vigorar\u00e3o\u00a0a partir de 05\/05\/2025\u00a0para os est\u00e1gios n\u00e3o obrigat\u00f3rios do Curso de Gradua\u00e7\u00e3o de Conserva\u00e7\u00e3o e Restaura\u00e7\u00e3o de Bens&hellip;&nbsp;<a href=\"https:\/\/grad.eba.ufmg.br\/conservacao\/?page_id=420\" rel=\"bookmark\"><span class=\"screen-reader-text\">Est\u00e1gio<\/span><\/a><\/p>\n","protected":false},"author":1,"featured_media":0,"parent":0,"menu_order":0,"comment_status":"closed","ping_status":"closed","template":"","meta":{"neve_meta_sidebar":"","neve_meta_container":"","neve_meta_enable_content_width":"","neve_meta_content_width":0,"neve_meta_title_alignment":"","neve_meta_author_avatar":"","neve_post_elements_order":"","neve_meta_disable_header":"","neve_meta_disable_footer":"","neve_meta_disable_title":"","_themeisle_gutenberg_block_has_review":false,"footnotes":""},"class_list":["post-420","page","type-page","status-publish","hentry"],"_links":{"self":[{"href":"https:\/\/grad.eba.ufmg.br\/conservacao\/index.php?rest_route=\/wp\/v2\/pages\/420","targetHints":{"allow":["GET"]}}],"collection":[{"href":"https:\/\/grad.eba.ufmg.br\/conservacao\/index.php?rest_route=\/wp\/v2\/pages"}],"about":[{"href":"https:\/\/grad.eba.ufmg.br\/conservacao\/index.php?rest_route=\/wp\/v2\/types\/page"}],"author":[{"embeddable":true,"href":"https:\/\/grad.eba.ufmg.br\/conservacao\/index.php?rest_route=\/wp\/v2\/users\/1"}],"replies":[{"embeddable":true,"href":"https:\/\/grad.eba.ufmg.br\/conservacao\/index.php?rest_route=%2Fwp%2Fv2%2Fcomments&post=420"}],"version-history":[{"count":14,"href":"https:\/\/grad.eba.ufmg.br\/conservacao\/index.php?rest_route=\/wp\/v2\/pages\/420\/revisions"}],"predecessor-version":[{"id":1412,"href":"https:\/\/grad.eba.ufmg.br\/conservacao\/index.php?rest_route=\/wp\/v2\/pages\/420\/revisions\/1412"}],"wp:attachment":[{"href":"https:\/\/grad.eba.ufmg.br\/conservacao\/index.php?rest_route=%2Fwp%2Fv2%2Fmedia&parent=420"}],"curies":[{"name":"wp","href":"https:\/\/api.w.org\/{rel}","templated":true}]}}