{"id":308,"date":"2015-08-27T02:29:49","date_gmt":"2015-08-27T02:29:49","guid":{"rendered":"https:\/\/grad.eba.ufmg.br\/conservacao\/?page_id=308"},"modified":"2026-01-26T16:41:38","modified_gmt":"2026-01-26T19:41:38","slug":"lacicor","status":"publish","type":"page","link":"https:\/\/grad.eba.ufmg.br\/conservacao\/?page_id=308","title":{"rendered":"LACICOR"},"content":{"rendered":"\t\t<div data-elementor-type=\"wp-page\" data-elementor-id=\"308\" class=\"elementor elementor-308\">\n\t\t\t\t<div class=\"elementor-element elementor-element-72b0ffed e-flex e-con-boxed e-con e-parent\" data-id=\"72b0ffed\" data-element_type=\"container\" data-settings=\"{&quot;background_background&quot;:&quot;classic&quot;}\">\n\t\t\t\t\t<div class=\"e-con-inner\">\n\t\t\t\t<div class=\"elementor-element elementor-element-1739416a elementor-widget elementor-widget-heading\" data-id=\"1739416a\" data-element_type=\"widget\" data-widget_type=\"heading.default\">\n\t\t\t\t\t<h2 class=\"elementor-heading-title elementor-size-default\">LACICOR<\/h2>\t\t\t\t<\/div>\n\t\t\t\t\t<\/div>\n\t\t\t\t<\/div>\n\t\t<div class=\"elementor-element elementor-element-7e4e59a2 e-flex e-con-boxed e-con e-parent\" data-id=\"7e4e59a2\" data-element_type=\"container\">\n\t\t\t\t\t<div class=\"e-con-inner\">\n\t\t\t\t<div class=\"elementor-element elementor-element-77053807 elementor-widget elementor-widget-heading\" data-id=\"77053807\" data-element_type=\"widget\" data-widget_type=\"heading.default\">\n\t\t\t\t\t<h1 class=\"elementor-heading-title elementor-size-default\"><span style=\"font-weight: normal\">LABORAT\u00d3RIO DE CI\u00caNCIA DA CONSERVA\u00c7\u00c3O<\/span><\/h1>\t\t\t\t<\/div>\n\t\t\t\t<div class=\"elementor-element elementor-element-203b04d9 elementor-widget elementor-widget-text-editor\" data-id=\"203b04d9\" data-element_type=\"widget\" data-widget_type=\"text-editor.default\">\n\t\t\t\t\t\t\t\t\t<p style=\"text-align: center;\"><span lang=\"pt-BR\">LOCALIZA\u00c7\u00c3O:\u00a0<\/span>1\u00b0 andar CECOR\/EBA\/UFMG<\/p><p style=\"text-align: center;\"><span lang=\"pt-BR\">COORDENADOR: <span lang=\"pt-BR\" style=\"font-style: normal;\">Prof. Luiz Antonio Cruz Souza<\/span><\/span><\/p><p style=\"text-align: center;\"><span lang=\"pt-BR\">DOCENTES: <span lang=\"pt-BR\" style=\"font-style: normal;\">Prof. Luiz Antonio Cruz Souza, Profa. Alessandra Rosado,<\/span><\/span><\/p><p style=\"text-align: center;\"><span lang=\"pt-BR\"><span lang=\"pt-BR\" style=\"font-style: normal;\">Prof. Jo\u00e3o Cura D\u2019ars F. J\u00fanior, <\/span><\/span><span lang=\"pt-BR\"><span lang=\"pt-BR\" style=\"font-style: normal;\">Prof. Willi de Barros Gon\u00e7alves, Prof. Alexandre Le\u00e3o,<\/span><\/span><\/p><p style=\"text-align: center;\"><span lang=\"pt-BR\"><span lang=\"pt-BR\" style=\"font-style: normal;\">Profa. Yacy-Ara Froner, Profa. Magali Melleu Sehn, Profa. Giulia Villela Giovani.<\/span><\/span><\/p><p style=\"text-align: center;\"><span lang=\"pt-BR\">T\u00c9CNICOS: <\/span><span lang=\"pt-BR\" style=\"font-style: normal;\">Selma Ot\u00edlia e Jos\u00e9 Castro J\u00fanior<\/span><\/p><p style=\"text-align: center;\"><span lang=\"pt-BR\">MONITORES: <span lang=\"pt-BR\" style=\"font-style: normal;\">do 5\u00ba per\u00edodo do Curso<\/span><\/span><\/p>\t\t\t\t\t\t\t\t<\/div>\n\t\t\t\t<div class=\"elementor-element elementor-element-da9ac37 elementor-widget elementor-widget-heading\" data-id=\"da9ac37\" data-element_type=\"widget\" data-widget_type=\"heading.default\">\n\t\t\t\t\t<h1 class=\"elementor-heading-title elementor-size-default\"><span style=\"font-weight: 400\">Grupos de Pesquisa<\/span><\/h1>\t\t\t\t<\/div>\n\t\t\t\t<div class=\"elementor-element elementor-element-62a6037b elementor-widget elementor-widget-text-editor\" data-id=\"62a6037b\" data-element_type=\"widget\" data-widget_type=\"text-editor.default\">\n\t\t\t\t\t\t\t\t\t<p style=\"text-align: center;\"><span lang=\"pt-BR\">Rede Ci\u00eancias, Tecnologia e Conserva\u00e7\u00e3o Integrada de Bens Culturais (RECICOR);<\/span><\/p><p style=\"text-align: center;\"><span lang=\"pt-BR\"><span lang=\"en-US\">Parceiro latino-americano do Cultural Heritage Advanced Research Infrastructures: Synergy for a Multidisciplinary Approach to Conservation\/Restoration (CHARISMA).<\/span><\/span><\/p><p style=\"text-align: center;\"><span lang=\"pt-BR\"><span lang=\"fr-FR\"><strong>Site:<\/strong> <a href=\"http:\/\/www.lacicor.org\">http:\/\/www.lacicor.org<\/a><\/span><\/span><\/p>\t\t\t\t\t\t\t\t<\/div>\n\t\t\t\t<div class=\"elementor-element elementor-element-fb2a25d elementor-widget elementor-widget-heading\" data-id=\"fb2a25d\" data-element_type=\"widget\" data-widget_type=\"heading.default\">\n\t\t\t\t\t<h1 class=\"elementor-heading-title elementor-size-default\"><span style=\"font-weight: 400\">Objetivo<\/span><\/h1>\t\t\t\t<\/div>\n\t\t\t\t<div class=\"elementor-element elementor-element-2e9ff8c elementor-widget elementor-widget-text-editor\" data-id=\"2e9ff8c\" data-element_type=\"widget\" data-widget_type=\"text-editor.default\">\n\t\t\t\t\t\t\t\t\t<p>Desenvolver atividades de Ensino, Pesquisa e Extens\u00e3o na \u00e1rea de conserva\u00e7\u00e3o-restaura\u00e7\u00e3o de bens culturais m\u00f3veis e im\u00f3veis, trabalhando de forma interdisciplinar e integrada aos outros laborat\u00f3rios do Curso de Gradua\u00e7\u00e3o em Conserva\u00e7\u00e3o-Restaura\u00e7\u00e3o de Bens Culturais M\u00f3veis, do CECOR\/EBA, e dos laborat\u00f3rios da rede RECICOR e laborat\u00f3rios do SMAArt (It\u00e1lia) e C2RMF (Fran\u00e7a).<\/p>\t\t\t\t\t\t\t\t<\/div>\n\t\t\t\t<div class=\"elementor-element elementor-element-2a7d8709 elementor-widget elementor-widget-heading\" data-id=\"2a7d8709\" data-element_type=\"widget\" data-widget_type=\"heading.default\">\n\t\t\t\t\t<h1 class=\"elementor-heading-title elementor-size-default\"><span style=\"font-weight: 400\">Ensino<\/span><\/h1>\t\t\t\t<\/div>\n\t\t\t\t<div class=\"elementor-element elementor-element-4a1aa58e elementor-widget elementor-widget-text-editor\" data-id=\"4a1aa58e\" data-element_type=\"widget\" data-widget_type=\"text-editor.default\">\n\t\t\t\t\t\t\t\t\t<p>O Lacicor colabora com os Trabalhos de Conclus\u00e3o de Curso (TCC) \u2013 da Gradua\u00e7\u00e3o em Conserva\u00e7\u00e3o-Restaura\u00e7\u00e3o de Bens Culturais M\u00f3veis, com as pesquisas desenvolvidas na P\u00f3s-Gradua\u00e7\u00e3o da EBA\/UFMG, e concursos de P\u00f3s-Gradua\u00e7\u00e3o de outras Unidades da UFMG bem como de outras Universidades Federais de Ensino.<\/p>\t\t\t\t\t\t\t\t<\/div>\n\t\t\t\t<div class=\"elementor-element elementor-element-710f50ad elementor-widget elementor-widget-heading\" data-id=\"710f50ad\" data-element_type=\"widget\" data-widget_type=\"heading.default\">\n\t\t\t\t\t<h1 class=\"elementor-heading-title elementor-size-default\"><span style=\"font-weight: 400\">Disciplinas<\/span><\/h1>\t\t\t\t<\/div>\n\t\t\t\t<div class=\"elementor-element elementor-element-652011f4 elementor-widget elementor-widget-text-editor\" data-id=\"652011f4\" data-element_type=\"widget\" data-widget_type=\"text-editor.default\">\n\t\t\t\t\t\t\t\t\t<table width=\"100%\" cellspacing=\"0\" cellpadding=\"7\">\n<colgroup>\n<col width=\"56\">\n<col width=\"190\">\n<col width=\"143\">\n<col width=\"127\"> <\/colgroup>\n<tbody>\n<tr valign=\"top\">\n<td bgcolor=\"#acb9ca\" width=\"56\">\n<p style=\"text-align: center;\"><span lang=\"pt-BR\">COD<\/span><\/p>\n<\/td>\n<td bgcolor=\"#acb9ca\" width=\"190\">\n<p style=\"text-align: center;\"><span lang=\"pt-BR\">NOME<\/span><\/p>\n<\/td>\n<td style=\"text-align: center;\" bgcolor=\"#acb9ca\" width=\"143\"><span lang=\"pt-BR\">CARGA HOR\u00c1RIA<\/span><\/td>\n<td style=\"text-align: center;\" bgcolor=\"#acb9ca\" width=\"127\"><span lang=\"pt-BR\">PER\u00cdODO<\/span><\/td>\n<\/tr>\n<tr valign=\"top\">\n<td width=\"56\"><span lang=\"pt-BR\">APL 056<\/span><\/td>\n<td width=\"190\"><span lang=\"pt-BR\">Fundamentos cient\u00edficos da restaura\u00e7\u00e3o<\/span><\/td>\n<td width=\"143\">\n<p align=\"center\"><span lang=\"pt-BR\">60h<\/span><\/p>\n<\/td>\n<td width=\"127\">\n<p align=\"center\"><span lang=\"pt-BR\">3 \u00ba Per\u00edodo<\/span><\/p>\n<\/td>\n<\/tr>\n<tr valign=\"top\">\n<td width=\"56\"><span lang=\"pt-BR\">APL 058<\/span><\/td>\n<td width=\"190\">\n<p align=\"justify\"><span lang=\"pt-BR\">Conserva\u00e7\u00e3o preventiva <\/span><\/p>\n<\/td>\n<td width=\"143\">\n<p align=\"center\"><span lang=\"pt-BR\">75h<\/span><\/p>\n<\/td>\n<td width=\"127\">\n<p align=\"center\"><span lang=\"pt-BR\">4 \u00ba Per\u00edodo<\/span><\/p>\n<\/td>\n<\/tr>\n<tr valign=\"top\">\n<td width=\"56\">\n<p align=\"justify\"><span lang=\"pt-BR\">APL 059<\/span><\/p>\n<\/td>\n<td width=\"190\">\n<p align=\"justify\"><span lang=\"pt-BR\">An\u00e1lise cient\u00edfica da obra de arte<\/span><\/p>\n<\/td>\n<td width=\"143\">\n<p align=\"center\"><span lang=\"pt-BR\">60h<\/span><\/p>\n<\/td>\n<td width=\"127\">\n<p align=\"center\"><span lang=\"pt-BR\">4 \u00ba Per\u00edodo<\/span><\/p>\n<\/td>\n<\/tr>\n<tr valign=\"top\">\n<td width=\"56\">\n<p align=\"justify\"><span lang=\"pt-BR\">APL 060<\/span><\/p>\n<\/td>\n<td width=\"190\">\n<p align=\"justify\"><span lang=\"pt-BR\">Causas de deteriora\u00e7\u00e3o de bens culturais <\/span><\/p>\n<\/td>\n<td width=\"143\">\n<p align=\"center\"><span lang=\"pt-BR\">45h<\/span><\/p>\n<\/td>\n<td width=\"127\">\n<p align=\"center\"><span lang=\"pt-BR\">4 \u00ba Per\u00edodo<\/span><\/p>\n<\/td>\n<\/tr>\n<tr valign=\"top\">\n<td width=\"56\">\n<p align=\"justify\"><span lang=\"pt-BR\">EBA 032<\/span><\/p>\n<\/td>\n<td width=\"190\">\n<p align=\"justify\"><span lang=\"pt-BR\">Trabalho de Conclus\u00e3o de Curso <\/span><\/p>\n<\/td>\n<td width=\"143\">\n<p align=\"center\"><span lang=\"pt-BR\">120h<\/span><\/p>\n<\/td>\n<td width=\"127\">\n<p align=\"center\"><span lang=\"pt-BR\">8 \u00ba Per\u00edodo<\/span><\/p>\n<\/td>\n<\/tr>\n<tr valign=\"top\">\n<td width=\"56\">\n<p align=\"justify\"><span lang=\"pt-BR\">APL067<\/span><\/p>\n<\/td>\n<td width=\"190\">\n<p align=\"justify\"><span lang=\"pt-BR\">Exames Especiais <\/span><\/p>\n<\/td>\n<td width=\"143\">\n<p align=\"center\"><span lang=\"pt-BR\">30h<\/span><\/p>\n<\/td>\n<td width=\"127\">\n<p align=\"justify\"><span lang=\"pt-BR\">Optativas \u2013 distribu\u00eddas ao longo do 5\u00ba, 6\u00ba, 7\u00ba, conforme \u00e1rea pretendida de aprofundamento<\/span><\/p>\n<\/td>\n<\/tr>\n<tr valign=\"top\">\n<td width=\"56\">\n<p align=\"justify\"><span lang=\"pt-BR\">APL069<\/span><\/p>\n<\/td>\n<td width=\"190\">\n<p align=\"justify\"><span lang=\"pt-BR\">Vulnerabilidade de Materiais \u00e0 Degrada\u00e7\u00e3o<\/span><\/p>\n<\/td>\n<td width=\"143\">\n<p align=\"center\"><span lang=\"pt-BR\">45h<\/span><\/p>\n<\/td>\n<td width=\"127\">\n<p align=\"justify\"><span lang=\"pt-BR\">Optativas \u2013 distribu\u00eddas ao longo do 5\u00ba, 6\u00ba, 7\u00ba<\/span><\/p>\n<\/td>\n<\/tr>\n<tr valign=\"top\">\n<td width=\"56\">\n<p align=\"justify\"><span lang=\"pt-BR\">APL 078<\/span><\/p>\n<\/td>\n<td width=\"190\">\n<p align=\"justify\"><span lang=\"pt-BR\">Mobili\u00e1rio de Reservas T\u00e9cnicas e Sistemas de Embalagem, Transporte e Exposi\u00e7\u00e3o<\/span><\/p>\n<\/td>\n<td width=\"143\">\n<p align=\"center\"><span lang=\"pt-BR\">45h<\/span><\/p>\n<\/td>\n<td width=\"127\">\n<p align=\"justify\"><span lang=\"pt-BR\">Optativas \u2013 distribu\u00eddas ao longo do 5\u00ba, 6\u00ba, 7\u00ba<\/span><\/p>\n<\/td>\n<\/tr>\n<tr valign=\"top\">\n<td width=\"56\">\n<p align=\"justify\"><span lang=\"pt-BR\">APL087<\/span><\/p>\n<\/td>\n<td width=\"190\">\n<p align=\"justify\"><span lang=\"pt-BR\">Gerenciamento de Conserva\u00e7\u00e3o <\/span><\/p>\n<\/td>\n<td width=\"143\">\n<p align=\"center\"><span lang=\"pt-BR\">45h<\/span><\/p>\n<\/td>\n<td width=\"127\">\n<p align=\"justify\"><span lang=\"pt-BR\">Optativas \u2013 distribu\u00eddas ao longo do 5\u00ba, 6\u00ba, 7\u00ba<\/span><\/p>\n<\/td>\n<\/tr>\n<tr valign=\"top\">\n<td width=\"56\">\n<p align=\"justify\"><span lang=\"pt-BR\">APL088<\/span><\/p>\n<\/td>\n<td width=\"190\">\n<p align=\"justify\"><span lang=\"pt-BR\">Pratica de Conserva\u00e7\u00e3o <\/span><\/p>\n<\/td>\n<td width=\"143\">\n<p align=\"center\"><span lang=\"pt-BR\">60h<\/span><\/p>\n<\/td>\n<td width=\"127\">\n<p align=\"justify\"><span lang=\"pt-BR\">Optativas \u2013 distribu\u00eddas ao longo do 5\u00ba, 6\u00ba, 7\u00ba<\/span><\/p>\n<\/td>\n<\/tr>\n<\/tbody>\n<\/table>\n<h4 style=\"text-align: justify;\"><br><\/h4>\n<h4>&nbsp;<\/h4>\t\t\t\t\t\t\t\t<\/div>\n\t\t\t\t<div class=\"elementor-element elementor-element-3b2b494a elementor-widget elementor-widget-heading\" data-id=\"3b2b494a\" data-element_type=\"widget\" data-widget_type=\"heading.default\">\n\t\t\t\t\t<h1 class=\"elementor-heading-title elementor-size-default\"><span style=\"font-weight: 400\">Pesquisa<\/span><\/h1>\t\t\t\t<\/div>\n\t\t\t\t<div class=\"elementor-element elementor-element-27044dc3 elementor-widget elementor-widget-text-editor\" data-id=\"27044dc3\" data-element_type=\"widget\" data-widget_type=\"text-editor.default\">\n\t\t\t\t\t\t\t\t\t<p style=\"text-align: center;\" align=\"justify\"><span lang=\"pt-BR\">O Lacicor incorporou a pr\u00e1xis da Hist\u00f3ria da Arte T\u00e9cnica nos seus principais campos de a\u00e7\u00e3o: conserva\u00e7\u00e3o-restaura\u00e7\u00e3o, autentica\u00e7\u00e3o, caracteriza\u00e7\u00e3o e identifica\u00e7\u00e3o dos materiais e t\u00e9cnicas de obras de arte brasileiras e estrangeiras. Al\u00e9m disso, integra nesse campo de pesquisa, a metodologia da conserva\u00e7\u00e3o preventiva com o prop\u00f3sito de ampliar a interpreta\u00e7\u00e3o dos resultados e tamb\u00e9m para assegurar o controle de risco durante as opera\u00e7\u00f5es de pesquisa em campo e nos laborat\u00f3rios.<\/span><\/p><p style=\"text-align: center;\" align=\"justify\"><span lang=\"pt-BR\">Essa atua\u00e7\u00e3o interdisciplinar foi definitivamente operacionalizada em 2001 com a cria\u00e7\u00e3o da Rede Ci\u00eancias, Tecnologia e Conserva\u00e7\u00e3o Integrada de Bens Culturais (RECICOR). A rede possibilitou a interc\u00e2mbio de metodologias, informa\u00e7\u00f5es, experi\u00eancias e resultados de pesquisas entre os integrantes do grupo.<\/span><\/p><p style=\"text-align: center;\" align=\"justify\"><span lang=\"pt-BR\">Atrav\u00e9s, por exemplo, do projeto de pesquisa, financiado pelo CNPQ, dos materiais e t\u00e9cnicas do pintor Candido Portinari, o Laborat\u00f3rio firmou parceria com o SMAArt, que \u00e9 uma rede de coopera\u00e7\u00e3o de ci\u00eancia e tecnologia para conserva\u00e7\u00e3o de bens culturais pela Uni\u00e3o Europeia, consolidando seu papel de refer\u00eancia como centro de pesquisa nas linhas de preserva\u00e7\u00e3o e pesquisa de materiais e t\u00e9cnicas pict\u00f3ricas no pa\u00eds.<\/span><\/p>\t\t\t\t\t\t\t\t<\/div>\n\t\t\t\t<div class=\"elementor-element elementor-element-3ac0a1af elementor-widget elementor-widget-heading\" data-id=\"3ac0a1af\" data-element_type=\"widget\" data-widget_type=\"heading.default\">\n\t\t\t\t\t<h1 class=\"elementor-heading-title elementor-size-default\"><span style=\"font-weight: 400\">Extens\u00e3o<\/span><\/h1>\t\t\t\t<\/div>\n\t\t\t\t<div class=\"elementor-element elementor-element-1984bf6b elementor-widget elementor-widget-text-editor\" data-id=\"1984bf6b\" data-element_type=\"widget\" data-widget_type=\"text-editor.default\">\n\t\t\t\t\t\t\t\t\t<p style=\"text-align: center;\" align=\"justify\"><span lang=\"pt-BR\">O Lacicor atua com consultorias t\u00e9cnicas de conserva\u00e7\u00e3o-restaura\u00e7\u00e3o de bens culturais m\u00f3veis e im\u00f3veis. Execu\u00e7\u00e3o de projetos de conserva\u00e7\u00e3o-restaura\u00e7\u00e3o de bens culturais m\u00f3veis e im\u00f3veis. Estudo dos materiais e t\u00e9cnicas de obras de arte.<br><\/span><br>Projeto junto ao antigo Departamento de Museus e Centros Culturais (DEMU), do Instituto do Patrim\u00f4nio Hist\u00f3rico Art\u00edstico Nacional (IPHAN), atualmente Instituto Brasileiro de Museus, IBRAM, que ofereceu oficinas de forma\u00e7\u00e3o e capacita\u00e7\u00e3o museol\u00f3gica para profissionais que atuam nessas institui\u00e7\u00f5es. Nesse trabalho tamb\u00e9m foram desenvolvidos pelos pesquisadores 10 Cadernos T\u00e9cnicos com conte\u00fados sobre gest\u00e3o patrimonial e conserva\u00e7\u00e3o preventiva que foram distribu\u00eddos as institui\u00e7\u00f5es museol\u00f3gicas; Datas<br><br>Documenta\u00e7\u00e3o Cient\u00edfica por imagem e an\u00e1lises f\u00edsico qu\u00edmicas da obra de Nicolas Poussin, junto com o iLAB, intitulada Hymeneus travestido assistindo a uma dan\u00e7a em honra a Pr\u00edapo, pertencente ao acervo do MASP Museu de Arte de S\u00e3o Paulo Assis Chateaubriand. Esse trabalho foi desenvolvido no ano de 2009, no \u00e2mbito das comemora\u00e7\u00f5es do Ano da Fran\u00e7a no Brasil, em colabora\u00e7\u00e3o com o C2RMF Centre de Recherche ET Restauration d\u00eas Mus\u00e9es de France. Os resultados desse trabalho foram imprescind\u00edveis no suporte ao processo de restaura\u00e7\u00e3o da obra;<br><br>An\u00e1lise dos materiais e t\u00e9cnicas empregados por Portinari nos murais Guerra e Paz. Essas an\u00e1lises possibilitaram o diagn\u00f3stico de uma tipologia espec\u00edfica de deteriora\u00e7\u00e3o provocada pelo emprego do pigmento branco de tit\u00e2nio anat\u00e1sio. Esse trabalho envolveu alunos da gradua\u00e7\u00e3o do curso de Conserva\u00e7\u00e3o-Restaura\u00e7\u00e3o de Bens Culturais M\u00f3veis e alunos da p\u00f3s- gradua\u00e7\u00e3o em Artes;<br><br>Conserva\u00e7\u00e3o-restaura\u00e7\u00e3o e transposi\u00e7\u00e3o dos murais intitulados \u201cDo descobrimento do Brasil ao ciclo mineiro do Caf\u00e9\u201d da Artista mineira Yara Tupinamb\u00e1, com a participa\u00e7\u00e3o de alunos da gradua\u00e7\u00e3o. Esse acervo pertence \u00e0 Assembleia Legislativa de Minas Gerais. As atividades desenvolvidas durante todo o processo documentaram uma pr\u00e1tica in\u00e9dita em Minas Gerais: a transposi\u00e7\u00e3o de um mural em azulejo. Considera-se que esse ineditismo e o sucesso dos resultados alcan\u00e7ados ir\u00e3o refletir positivamente na conscientiza\u00e7\u00e3o sobre a necessidade da prote\u00e7\u00e3o do patrim\u00f4nio azulejar mineiro constitu\u00eddo, em grande parte, por obras da segunda metade do s\u00e9culo XX.<br><\/p>\t\t\t\t\t\t\t\t<\/div>\n\t\t\t\t\t<\/div>\n\t\t\t\t<\/div>\n\t\t\t\t<\/div>\n\t\t","protected":false},"excerpt":{"rendered":"<p>LACICOR LABORAT\u00d3RIO DE CI\u00caNCIA DA CONSERVA\u00c7\u00c3O LOCALIZA\u00c7\u00c3O:\u00a01\u00b0 andar CECOR\/EBA\/UFMG COORDENADOR: Prof. Luiz Antonio Cruz Souza DOCENTES: Prof. Luiz Antonio Cruz Souza, Profa. Alessandra Rosado, Prof. Jo\u00e3o Cura D\u2019ars F. J\u00fanior, Prof. Willi de Barros Gon\u00e7alves, Prof. Alexandre Le\u00e3o, Profa. Yacy-Ara Froner, Profa. Magali Melleu Sehn, Profa. Giulia Villela Giovani. T\u00c9CNICOS: Selma Ot\u00edlia e Jos\u00e9 Castro&hellip;&nbsp;<a href=\"https:\/\/grad.eba.ufmg.br\/conservacao\/?page_id=308\" rel=\"bookmark\"><span class=\"screen-reader-text\">LACICOR<\/span><\/a><\/p>\n","protected":false},"author":1,"featured_media":0,"parent":0,"menu_order":0,"comment_status":"closed","ping_status":"open","template":"","meta":{"neve_meta_sidebar":"","neve_meta_container":"","neve_meta_enable_content_width":"","neve_meta_content_width":0,"neve_meta_title_alignment":"","neve_meta_author_avatar":"","neve_post_elements_order":"","neve_meta_disable_header":"","neve_meta_disable_footer":"","neve_meta_disable_title":"","_themeisle_gutenberg_block_has_review":false,"footnotes":""},"class_list":["post-308","page","type-page","status-publish","hentry"],"_links":{"self":[{"href":"https:\/\/grad.eba.ufmg.br\/conservacao\/index.php?rest_route=\/wp\/v2\/pages\/308","targetHints":{"allow":["GET"]}}],"collection":[{"href":"https:\/\/grad.eba.ufmg.br\/conservacao\/index.php?rest_route=\/wp\/v2\/pages"}],"about":[{"href":"https:\/\/grad.eba.ufmg.br\/conservacao\/index.php?rest_route=\/wp\/v2\/types\/page"}],"author":[{"embeddable":true,"href":"https:\/\/grad.eba.ufmg.br\/conservacao\/index.php?rest_route=\/wp\/v2\/users\/1"}],"replies":[{"embeddable":true,"href":"https:\/\/grad.eba.ufmg.br\/conservacao\/index.php?rest_route=%2Fwp%2Fv2%2Fcomments&post=308"}],"version-history":[{"count":25,"href":"https:\/\/grad.eba.ufmg.br\/conservacao\/index.php?rest_route=\/wp\/v2\/pages\/308\/revisions"}],"predecessor-version":[{"id":2592,"href":"https:\/\/grad.eba.ufmg.br\/conservacao\/index.php?rest_route=\/wp\/v2\/pages\/308\/revisions\/2592"}],"wp:attachment":[{"href":"https:\/\/grad.eba.ufmg.br\/conservacao\/index.php?rest_route=%2Fwp%2Fv2%2Fmedia&parent=308"}],"curies":[{"name":"wp","href":"https:\/\/api.w.org\/{rel}","templated":true}]}}