{"id":295,"date":"2015-08-27T02:15:43","date_gmt":"2015-08-27T02:15:43","guid":{"rendered":"https:\/\/grad.eba.ufmg.br\/conservacao\/?page_id=295"},"modified":"2026-01-26T16:40:22","modified_gmt":"2026-01-26T19:40:22","slug":"labore","status":"publish","type":"page","link":"https:\/\/grad.eba.ufmg.br\/conservacao\/?page_id=295","title":{"rendered":"LaboRE"},"content":{"rendered":"\t\t<div data-elementor-type=\"wp-page\" data-elementor-id=\"295\" class=\"elementor elementor-295\">\n\t\t\t\t<div class=\"elementor-element elementor-element-c6e1f5c e-flex e-con-boxed e-con e-parent\" data-id=\"c6e1f5c\" data-element_type=\"container\" data-settings=\"{&quot;background_background&quot;:&quot;classic&quot;}\">\n\t\t\t\t\t<div class=\"e-con-inner\">\n\t\t\t\t<div class=\"elementor-element elementor-element-5e203def elementor-widget elementor-widget-heading\" data-id=\"5e203def\" data-element_type=\"widget\" data-widget_type=\"heading.default\">\n\t\t\t\t\t<h2 class=\"elementor-heading-title elementor-size-default\">LaboRE<\/h2>\t\t\t\t<\/div>\n\t\t\t\t\t<\/div>\n\t\t\t\t<\/div>\n\t\t<div class=\"elementor-element elementor-element-1e4c5449 e-flex e-con-boxed e-con e-parent\" data-id=\"1e4c5449\" data-element_type=\"container\">\n\t\t\t\t\t<div class=\"e-con-inner\">\n\t\t\t\t<div class=\"elementor-element elementor-element-7f0b1d0 elementor-widget elementor-widget-heading\" data-id=\"7f0b1d0\" data-element_type=\"widget\" data-widget_type=\"heading.default\">\n\t\t\t\t\t<h1 class=\"elementor-heading-title elementor-size-default\"><span style=\"font-weight: normal\">LABORAT\u00d3RIO DE CONSERVA\u00c7\u00c3O-RESTAURA\u00c7\u00c3O DE ESCULTURA\n<\/span><\/h1>\t\t\t\t<\/div>\n\t\t\t\t<div class=\"elementor-element elementor-element-7d5be50b elementor-widget elementor-widget-text-editor\" data-id=\"7d5be50b\" data-element_type=\"widget\" data-widget_type=\"text-editor.default\">\n\t\t\t\t\t\t\t\t\t<p style=\"text-align: center;\"><span lang=\"pt-BR\">LOCALIZA\u00c7\u00c3O: 1\u00b0 andar CECOR\/EBA\/UFMG<\/span><\/p><p style=\"text-align: center;\"><span lang=\"pt-BR\">COORDENADOR: Prof.\u00a0<\/span>Alessandra Rosado<\/p><p style=\"text-align: center;\">DOCENTES:<\/p><p style=\"text-align: center;\" align=\"justify\"><span lang=\"pt-BR\">Profa. Lucienne Elias, Profa. Luciana Bonadio, Profa. Yacy-Ara Froner, <\/span><span lang=\"pt-BR\">Profa. Amanda Cordeiro,<\/span><\/p><p style=\"text-align: center;\" align=\"justify\"><span lang=\"pt-BR\">Profa. Giulia Villela Giovani, Profa. Maria Alice Hon\u00f3rio Sanna Castello Branco.<\/span><\/p><p style=\"text-align: center;\"><span lang=\"pt-BR\">MONITORES: a partir do 5\u00ba per\u00edodo<\/span><\/p>\t\t\t\t\t\t\t\t<\/div>\n\t\t\t\t<div class=\"elementor-element elementor-element-6c53f3fb elementor-widget elementor-widget-heading\" data-id=\"6c53f3fb\" data-element_type=\"widget\" data-widget_type=\"heading.default\">\n\t\t\t\t\t<h1 class=\"elementor-heading-title elementor-size-default\"><span style=\"font-weight: 400\">Grupos de Pesquisa CNPq<\/span><\/h1>\t\t\t\t<\/div>\n\t\t\t\t<div class=\"elementor-element elementor-element-0d20674 elementor-widget-mobile__width-initial elementor-widget elementor-widget-text-editor\" data-id=\"0d20674\" data-element_type=\"widget\" data-widget_type=\"text-editor.default\">\n\t\t\t\t\t\t\t\t\t<p style=\"text-align: center;\" align=\"justify\"><span lang=\"pt-BR\">Imagem e Preserva\u00e7\u00e3o<\/span><\/p><p>http:\/\/dgp.cnpq.br\/buscaoperacional\/detalhepesq.jsp?pesq=1943960329335593<\/p><p style=\"text-align: center;\" align=\"justify\"><span lang=\"pt-BR\">Associa\u00e7\u00e3o: Centro de Estudos da Imagin\u00e1ria Brasileira &#8211; CEIB<\/span><\/p><p><span lang=\"pt-BR\">http:\/\/www.ceib.org.br\/<\/span><\/p><p><span lang=\"pt-BR\">https:\/\/www.facebook.com\/centrodeestudosdaimaginariabrasileira<\/span><\/p>\t\t\t\t\t\t\t\t<\/div>\n\t\t\t\t<div class=\"elementor-element elementor-element-75fea9f elementor-widget elementor-widget-heading\" data-id=\"75fea9f\" data-element_type=\"widget\" data-widget_type=\"heading.default\">\n\t\t\t\t\t<h1 class=\"elementor-heading-title elementor-size-default\"><span style=\"font-weight: 400\">Objetivo<\/span><\/h1>\t\t\t\t<\/div>\n\t\t\t\t<div class=\"elementor-element elementor-element-d619c3c elementor-widget elementor-widget-text-editor\" data-id=\"d619c3c\" data-element_type=\"widget\" data-widget_type=\"text-editor.default\">\n\t\t\t\t\t\t\t\t\t<p style=\"text-align: center;\" align=\"justify\"><span lang=\"pt-BR\">Desenvolver atividades de Ensino, Pesquisa e Extens\u00e3o na \u00e1rea de conserva\u00e7\u00e3o-restaura\u00e7\u00e3o de Esculturas, trabalhando de forma interdisciplinar e integrada aos outros laborat\u00f3rios do Curso\/CECOR, outras unidades, Grupo de Pesquisa, Associa\u00e7\u00f5es e institui\u00e7\u00f5es. Promover Projetos e Conv\u00eanios para receber obras did\u00e1ticas para o curso junto \u00e0s arquidioceses, institui\u00e7\u00f5es p\u00fablicas de patrim\u00f4nio e institui\u00e7\u00f5es p\u00fablicas museol\u00f3gicas. Promover integra\u00e7\u00e3o com o Programa de P\u00f3s-gradua\u00e7\u00e3o da Escola de Belas Artes.<\/span><\/p>\t\t\t\t\t\t\t\t<\/div>\n\t\t\t\t<div class=\"elementor-element elementor-element-57598d70 elementor-widget elementor-widget-heading\" data-id=\"57598d70\" data-element_type=\"widget\" data-widget_type=\"heading.default\">\n\t\t\t\t\t<h1 class=\"elementor-heading-title elementor-size-default\"><span style=\"font-weight: 400\">Ensino<\/span><\/h1>\t\t\t\t<\/div>\n\t\t\t\t<div class=\"elementor-element elementor-element-2f881af4 elementor-widget elementor-widget-text-editor\" data-id=\"2f881af4\" data-element_type=\"widget\" data-widget_type=\"text-editor.default\">\n\t\t\t\t\t\t\t\t\t<p>Atende \u00e0s demandas das disciplinas da \u00e1rea de escultura do Curso de Conserva\u00e7\u00e3o-Restaura\u00e7\u00e3o de Bens Culturais M\u00f3veis trabalhando com docentes, discentes e monitores. O laborat\u00f3rio tamb\u00e9m fornece infraestrutura para Estagio Doc\u00eancia dos alunos de p\u00f3s-gradua\u00e7\u00e3o.<\/p><p>O Convenio com a Arquidiocese de Belo Horizonte e com o Instituto Estadual do Patrim\u00f4nio Hist\u00f3rico e Art\u00edstico \u2013 IEPHA \u2013 vem possibilitando a conserva\u00e7\u00e3o-restaura\u00e7\u00e3o de obras atrav\u00e9s das disciplinas dos 5\u00ba, 6\u00ba e 7\u00ba per\u00edodos e dos (Trabalhos de Conclus\u00e3o de Curso) TCC. Esta coopera\u00e7\u00e3o tem salvado obras do patrim\u00f4nio cultural de Minas gerais que necessitavam urgentemente de preserva\u00e7\u00e3o, especialmente aquelas resgatadas pelo Minist\u00e9rio P\u00fablico e Pol\u00edcia Federal.<\/p><p>O ensino da conserva\u00e7\u00e3o-restaura\u00e7\u00e3o da escultura tem recentemente ampliado seu campo de atua\u00e7\u00e3o em obras modernas e contempor\u00e2neas, abordando materiais e t\u00e9cnicas diversas como gesso, metal, cer\u00e2mica, argamassas e outros.<\/p><p>A parceria com o CEIB possibilita aos alunos participa\u00e7\u00e3o em suas atividades, est\u00e1gios junto \u00e0 diretoria e j\u00e1 intermediou a conserva\u00e7\u00e3o restaura\u00e7\u00e3o de obras importantes do patrim\u00f4nio, como esculturas de Aleijadinho, que receberam tratamentos de conserva\u00e7\u00e3o-restaura\u00e7\u00e3o durante Trabalhos de Conclus\u00e3o de Curso (TCC).\u00a0<\/p>\t\t\t\t\t\t\t\t<\/div>\n\t\t\t\t<div class=\"elementor-element elementor-element-9880a10 elementor-widget elementor-widget-heading\" data-id=\"9880a10\" data-element_type=\"widget\" data-widget_type=\"heading.default\">\n\t\t\t\t\t<h1 class=\"elementor-heading-title elementor-size-default\"><span style=\"font-weight: 400\">Disciplinas<\/span><\/h1>\t\t\t\t<\/div>\n\t\t\t\t<div class=\"elementor-element elementor-element-26e49f1a elementor-widget elementor-widget-text-editor\" data-id=\"26e49f1a\" data-element_type=\"widget\" data-widget_type=\"text-editor.default\">\n\t\t\t\t\t\t\t\t\t<table width=\"100%\" cellspacing=\"0\" cellpadding=\"7\"><colgroup> <col width=\"81\" \/> <col width=\"190\" \/> <col width=\"142\" \/> <col width=\"128\" \/> <\/colgroup><tbody><tr valign=\"top\"><td bgcolor=\"#acb9ca\" width=\"81\"><p style=\"text-align: center;\" align=\"justify\"><span lang=\"pt-BR\">COD<\/span><\/p><\/td><td bgcolor=\"#acb9ca\" width=\"190\"><p style=\"text-align: center;\" align=\"justify\"><span lang=\"pt-BR\">NOME<\/span><\/p><\/td><td bgcolor=\"#acb9ca\" width=\"142\"><p align=\"center\"><span lang=\"pt-BR\">CARGA HOR\u00c1RIA<\/span><\/p><\/td><td bgcolor=\"#acb9ca\" width=\"128\"><p style=\"text-align: center;\" align=\"justify\"><span lang=\"pt-BR\">PER\u00cdODO<\/span><\/p><\/td><\/tr><tr valign=\"top\"><td width=\"81\"><p align=\"center\"><span lang=\"pt-BR\">APL061<\/span><\/p><\/td><td width=\"190\"><p align=\"justify\"><span lang=\"pt-BR\">Consolida\u00e7\u00e3o de Policromias<\/span><\/p><\/td><td width=\"142\"><p align=\"center\"><span lang=\"pt-BR\">45h<\/span><\/p><\/td><td width=\"128\"><p style=\"text-align: center;\" align=\"justify\"><span lang=\"pt-BR\">5\u00ba per\u00edodo<\/span><\/p><\/td><\/tr><tr valign=\"top\"><td width=\"81\"><p align=\"center\"><span lang=\"pt-BR\">APL062<\/span><\/p><\/td><td width=\"190\"><p align=\"justify\"><span lang=\"pt-BR\">T\u00e9cnicas e Materiais em Escultura Policromada<\/span><\/p><\/td><td width=\"142\"><p align=\"center\"><span lang=\"pt-BR\">45h<\/span><\/p><\/td><td width=\"128\"><p style=\"text-align: center;\" align=\"justify\"><span lang=\"pt-BR\">5\u00ba per\u00edodo<\/span><\/p><\/td><\/tr><tr valign=\"top\"><td width=\"81\"><p align=\"center\"><span lang=\"pt-BR\">APL063<\/span><\/p><\/td><td width=\"190\"><p align=\"justify\"><span lang=\"pt-BR\">Semin\u00e1rio &#8211; Bot\u00e2nica<\/span><\/p><\/td><td width=\"142\"><p align=\"center\"><span lang=\"pt-BR\">30h<\/span><\/p><\/td><td width=\"128\"><p style=\"text-align: center;\" align=\"justify\"><span lang=\"pt-BR\">5\u00ba per\u00edodo<\/span><\/p><\/td><\/tr><tr valign=\"top\"><td width=\"81\"><p align=\"center\"><span lang=\"pt-BR\">APL080<\/span><\/p><\/td><td width=\"190\"><p align=\"justify\"><span lang=\"pt-BR\">T\u00e9cnicas e Materiais de Douramento<\/span><\/p><\/td><td width=\"142\"><p align=\"center\"><span lang=\"pt-BR\">45h<\/span><\/p><\/td><td width=\"128\"><p style=\"text-align: center;\" align=\"justify\"><span lang=\"pt-BR\">5\u00ba per\u00edodo<\/span><\/p><\/td><\/tr><tr valign=\"top\"><td width=\"81\"><p align=\"center\"><span lang=\"pt-BR\">APL071<\/span><\/p><\/td><td width=\"190\"><p align=\"justify\"><span lang=\"pt-BR\">Consolida\u00e7\u00e3o de Suporte de esculturas<\/span><\/p><\/td><td width=\"142\"><p align=\"center\"><span lang=\"pt-BR\">45h<\/span><\/p><\/td><td width=\"128\"><p style=\"text-align: center;\" align=\"justify\"><span lang=\"pt-BR\">6\u00ba per\u00edodo<\/span><\/p><\/td><\/tr><tr valign=\"top\"><td width=\"81\"><p align=\"center\"><span lang=\"pt-BR\">APL079<\/span><\/p><\/td><td width=\"190\"><p align=\"justify\"><span lang=\"pt-BR\">Reintegra\u00e7\u00e3o de Lacunas em Esculturas<\/span><\/p><\/td><td width=\"142\"><p align=\"center\"><span lang=\"pt-BR\">60h<\/span><\/p><\/td><td width=\"128\"><p style=\"text-align: center;\" align=\"justify\"><span lang=\"pt-BR\">6\u00ba per\u00edodo<\/span><\/p><\/td><\/tr><tr valign=\"top\"><td width=\"81\"><p align=\"center\"><span lang=\"pt-BR\">APL072<\/span><\/p><\/td><td width=\"190\"><p align=\"justify\"><span lang=\"pt-BR\">Tratamento Pict\u00f3rico em Escultura<\/span><\/p><\/td><td width=\"142\"><p align=\"center\"><span lang=\"pt-BR\">60h<\/span><\/p><\/td><td width=\"128\"><p style=\"text-align: center;\" align=\"justify\"><span lang=\"pt-BR\">7\u00ba per\u00edodo<\/span><\/p><\/td><\/tr><tr valign=\"top\"><td width=\"81\"><p align=\"center\"><span lang=\"pt-BR\">APL070<\/span><\/p><\/td><td width=\"190\"><p align=\"justify\"><span lang=\"pt-BR\">Iconografia Religiosa<\/span><\/p><\/td><td width=\"142\"><p align=\"center\"><span lang=\"pt-BR\">45h<\/span><\/p><\/td><td width=\"128\"><p style=\"text-align: center;\" align=\"justify\"><span lang=\"pt-BR\">7\u00ba per\u00edodo<\/span><\/p><\/td><\/tr><tr valign=\"top\"><td width=\"81\"><p align=\"center\"><span lang=\"pt-BR\">APL081<\/span><\/p><\/td><td width=\"190\"><p align=\"justify\"><span lang=\"pt-BR\">Materiais Complementares na Escultura<\/span><\/p><\/td><td width=\"142\"><p align=\"center\"><span lang=\"pt-BR\">30h<\/span><\/p><\/td><td width=\"128\"><p style=\"text-align: center;\" align=\"justify\"><span lang=\"pt-BR\">7\u00ba per\u00edodo<\/span><\/p><\/td><\/tr><tr valign=\"top\"><td width=\"81\"><p align=\"center\"><span lang=\"pt-BR\">APL089<\/span><\/p><\/td><td width=\"190\"><p align=\"justify\"><span lang=\"pt-BR\">Pr\u00e1tica de Restaura\u00e7\u00e3o<\/span><\/p><\/td><td width=\"142\"><p align=\"center\"><span lang=\"pt-BR\">60h<\/span><\/p><\/td><td width=\"128\"><p style=\"text-align: center;\" align=\"justify\"><span lang=\"pt-BR\">7\u00baper\u00edodo<\/span><\/p><\/td><\/tr><tr valign=\"top\"><td width=\"81\"><p align=\"center\"><span lang=\"pt-BR\">EBA 032<\/span><\/p><\/td><td width=\"190\"><p align=\"justify\"><span lang=\"pt-BR\">Trabalho de Conclus\u00e3o de Curso &#8211; TCC<\/span><\/p><\/td><td width=\"142\"><p align=\"center\"><span lang=\"pt-BR\">120h<\/span><\/p><\/td><td width=\"128\"><p align=\"center\"><span lang=\"pt-BR\">8 \u00ba Per\u00edodo<\/span><\/p><\/td><\/tr><\/tbody><\/table>\t\t\t\t\t\t\t\t<\/div>\n\t\t\t\t<div class=\"elementor-element elementor-element-28c2179e elementor-widget elementor-widget-heading\" data-id=\"28c2179e\" data-element_type=\"widget\" data-widget_type=\"heading.default\">\n\t\t\t\t\t<h1 class=\"elementor-heading-title elementor-size-default\"><span style=\"font-weight: 400\">Pesquisa<\/span><\/h1>\t\t\t\t<\/div>\n\t\t\t\t<div class=\"elementor-element elementor-element-f136e21 elementor-widget elementor-widget-text-editor\" data-id=\"f136e21\" data-element_type=\"widget\" data-widget_type=\"text-editor.default\">\n\t\t\t\t\t\t\t\t\t<p>O LaboRE oferece apoio aos grupos de pesquisa dos docentes, bem como \u00e0s pesquisas relacionadas \u00e0 Inicia\u00e7\u00e3o Cientifica e projetos de P\u00f3s-Gradua\u00e7\u00e3o \u2013 Mestrado e Doutorado \u2013, desenvolvidas por docentes e discentes, contribuindo para o desenvolvimento da \u00e1rea de Conserva\u00e7\u00e3o-Restaura\u00e7\u00e3o de Esculturas. O LaboRE trabalha integrado com o Grupo de Pesquisa \u201cImagem e Preserva\u00e7\u00e3o\u201d e com o Centro de Estudos da Imagin\u00e1ria Brasileira &#8211; CEIB -, e \u00e9 respons\u00e1vel pela organiza\u00e7\u00e3o de Congressos Internacionais (http:\/\/www.ceib.org.br\/) e pela publica\u00e7\u00e3o da Revista Imagem Brasileira (ISBN- 1519-6283) e do Boletim do Ceib (ISSN-1806-2237).<\/p><p>P\u00f3s &#8211; Doutoramento da Professora Maria Regina Emery Quites na Universidade de S\u00e3o Paulo-USP (2015\/2016) sobre o tema: Conserva\u00e7\u00e3o-Restaura\u00e7\u00e3o de imagens devocionais: reflex\u00f5es te\u00f3rico-conceituais e metodol\u00f3gicas<\/p><p>Publica\u00e7\u00e3o em 2014 do livro did\u00e1tico Estudo da Escultura Devocional em Madeira, das professoras: Em\u00e9rita Beatriz Coelho e Maria Regina Emery Quites, (Editora Fino Tra\u00e7o, ISBN: 978-85-8054-218-9), fruto de v\u00e1rios anos de trabalho, entre as duas pesquisadoras, e refer\u00eancia para v\u00e1rias disciplinas da \u00e1rea.<\/p><p>Publica\u00e7\u00e3o em 2013 e 2015, em Portugal e no Chile, os resultados da pesquisa sobre A Imagin\u00e1ria Devocional de Gesso em Minas Gerais, financiada pelo CNPq (bolsa de Inicia\u00e7\u00e3o Cientifica) e FAPEMIG (Demanda Universal). Bolsistas envolvidas: Nelyane Santos e Maria Clara de Assis.<\/p><p>Pesquisa em andamento sobre o \u201cPinho-de-Riga\u201d em esculturas policromadas: identifica\u00e7\u00e3o de madeiras e tr\u00e2nsito entre os continentes. Inicia\u00e7\u00e3o Cientifica Volunt\u00e1ria &#8211; ICV. Bolsista envolvida: Silvana Mary Bettio<\/p><p>Pesquisa sobre Crit\u00e9rios de Conserva\u00e7\u00e3o Restaura\u00e7\u00e3o de Esculturas Policromadas com bolsa da CAPES (PJT- Jovens Talentos para a Ci\u00eancia) Aluna: Aline Cristina Gomes Ramos.<\/p><p>Pesquisa \u201cBustos Relic\u00e1rios do Mestre Aleijadinho: estudo t\u00e9cnico\u2010cient\u00edfico de obras completas e inacabadas como elementos de caracteriza\u00e7\u00e3o da t\u00e9cnica e materiais do artista\u201d, atrav\u00e9s do Projeto de Pesquisa Cient\u00edfica e Tecnol\u00f3gica da FAPEMIG &#8211; Demanda Universal \/ APQ 0248-7-12.<\/p><p>Projetos interdisciplinares, com enfoque na Hist\u00f3ria da Arte T\u00e9cnica e na interse\u00e7\u00e3o existente entre material, t\u00e9cnica e estilo dos objetos escult\u00f3ricos.<\/p><p>Pesquisa sobre o comportamento do cedro (madeira que foi comumente empregada como suporte para esculturas, talhas e ret\u00e1bulos setecentistas brasileiros).<\/p><p>Colabora\u00e7\u00e3o no projeto de an\u00e1lise cient\u00edfica e tratamento biocida dos Profetas de Congonhas com participa\u00e7\u00e3o atuante de alunos do Curso (envolvendo UFMG, IPHAN, UNESCO).<\/p><p>Desenvolvimento e an\u00e1lise de metodologias e materiais espec\u00edficos aplic\u00e1veis na conserva\u00e7\u00e3o e restaura\u00e7\u00e3o de acervos compostos por materiais diversos como metal e cer\u00e2mica.<\/p>\t\t\t\t\t\t\t\t<\/div>\n\t\t\t\t<div class=\"elementor-element elementor-element-f6c3d4 elementor-widget elementor-widget-heading\" data-id=\"f6c3d4\" data-element_type=\"widget\" data-widget_type=\"heading.default\">\n\t\t\t\t\t<h1 class=\"elementor-heading-title elementor-size-default\"><span style=\"font-weight: 400\">Extens\u00e3o<\/span><\/h1>\t\t\t\t<\/div>\n\t\t\t\t<div class=\"elementor-element elementor-element-64919e2b elementor-widget elementor-widget-text-editor\" data-id=\"64919e2b\" data-element_type=\"widget\" data-widget_type=\"text-editor.default\">\n\t\t\t\t\t\t\t\t\t<p>Apresenta\u00e7\u00e3o dos TRABALHOS DE CONCLUS\u00c3O DE CURSO \u2013 TCC, para as comunidades detentoras do acervo:<\/p><p>Comunidade da Matriz Nossa Senhora do Bom Sucesso, Caet\u00e9. Conserva\u00e7\u00e3o-Restaura\u00e7\u00e3o das Imagens atribu\u00eddas \u00e0 Ant\u00f4nio Francisco Lisboa \u2013 o Aleijadinho, pelas Alunas Grasiela Nolasco e Cristina Neres. 2013<\/p><p>Comunidade da Igreja Matriz de Nossa Senhora de Nazar\u00e9, Morro Vermelho\/Caet\u00e9. Conserva\u00e7\u00e3o-Restaura\u00e7\u00e3o das imagens de S\u00e3o Bento e S\u00e3o Vicente de Paula, restauradas pelas alunas Jussara Maria Rocha Alves e Luzia Marta Marques Gon\u00e7alves e apresentada \u00e0 comunidade com conferencia para os devotos. 2014.<\/p><p>Atua\u00e7\u00e3o em projetos que envolvem per\u00edcia e an\u00e1lise t\u00e9cnico-cient\u00edfica de bens culturais, junto \u00e0 Promotoria Estadual de Defesa do Patrim\u00f4nio Cultural e Tur\u00edstico do Minist\u00e9rio P\u00fablico de Minas Gerais, MPMG.<\/p>\t\t\t\t\t\t\t\t<\/div>\n\t\t\t\t\t<\/div>\n\t\t\t\t<\/div>\n\t\t\t\t<\/div>\n\t\t","protected":false},"excerpt":{"rendered":"<p>LaboRE LABORAT\u00d3RIO DE CONSERVA\u00c7\u00c3O-RESTAURA\u00c7\u00c3O DE ESCULTURA LOCALIZA\u00c7\u00c3O: 1\u00b0 andar CECOR\/EBA\/UFMG COORDENADOR: Prof.\u00a0Alessandra Rosado DOCENTES: Profa. Lucienne Elias, Profa. Luciana Bonadio, Profa. Yacy-Ara Froner, Profa. Amanda Cordeiro, Profa. Giulia Villela Giovani, Profa. Maria Alice Hon\u00f3rio Sanna Castello Branco. MONITORES: a partir do 5\u00ba per\u00edodo Grupos de Pesquisa CNPq Imagem e Preserva\u00e7\u00e3o http:\/\/dgp.cnpq.br\/buscaoperacional\/detalhepesq.jsp?pesq=1943960329335593 Associa\u00e7\u00e3o: Centro de Estudos&hellip;&nbsp;<a href=\"https:\/\/grad.eba.ufmg.br\/conservacao\/?page_id=295\" rel=\"bookmark\"><span class=\"screen-reader-text\">LaboRE<\/span><\/a><\/p>\n","protected":false},"author":1,"featured_media":0,"parent":0,"menu_order":0,"comment_status":"closed","ping_status":"open","template":"","meta":{"neve_meta_sidebar":"","neve_meta_container":"","neve_meta_enable_content_width":"","neve_meta_content_width":0,"neve_meta_title_alignment":"","neve_meta_author_avatar":"","neve_post_elements_order":"","neve_meta_disable_header":"","neve_meta_disable_footer":"","neve_meta_disable_title":"","_themeisle_gutenberg_block_has_review":false,"footnotes":""},"class_list":["post-295","page","type-page","status-publish","hentry"],"_links":{"self":[{"href":"https:\/\/grad.eba.ufmg.br\/conservacao\/index.php?rest_route=\/wp\/v2\/pages\/295","targetHints":{"allow":["GET"]}}],"collection":[{"href":"https:\/\/grad.eba.ufmg.br\/conservacao\/index.php?rest_route=\/wp\/v2\/pages"}],"about":[{"href":"https:\/\/grad.eba.ufmg.br\/conservacao\/index.php?rest_route=\/wp\/v2\/types\/page"}],"author":[{"embeddable":true,"href":"https:\/\/grad.eba.ufmg.br\/conservacao\/index.php?rest_route=\/wp\/v2\/users\/1"}],"replies":[{"embeddable":true,"href":"https:\/\/grad.eba.ufmg.br\/conservacao\/index.php?rest_route=%2Fwp%2Fv2%2Fcomments&post=295"}],"version-history":[{"count":40,"href":"https:\/\/grad.eba.ufmg.br\/conservacao\/index.php?rest_route=\/wp\/v2\/pages\/295\/revisions"}],"predecessor-version":[{"id":2586,"href":"https:\/\/grad.eba.ufmg.br\/conservacao\/index.php?rest_route=\/wp\/v2\/pages\/295\/revisions\/2586"}],"wp:attachment":[{"href":"https:\/\/grad.eba.ufmg.br\/conservacao\/index.php?rest_route=%2Fwp%2Fv2%2Fmedia&parent=295"}],"curies":[{"name":"wp","href":"https:\/\/api.w.org\/{rel}","templated":true}]}}