{"id":1335,"date":"2025-05-29T15:23:03","date_gmt":"2025-05-29T18:23:03","guid":{"rendered":"https:\/\/grad.eba.ufmg.br\/conservacao\/?page_id=1335"},"modified":"2025-12-23T14:36:38","modified_gmt":"2025-12-23T17:36:38","slug":"disciplinas-optativas","status":"publish","type":"page","link":"https:\/\/grad.eba.ufmg.br\/conservacao\/?page_id=1335","title":{"rendered":"Disciplinas Optativas"},"content":{"rendered":"\n<figure class=\"wp-block-table is-style-stripes\"><table class=\"has-fixed-layout\"><tbody><tr><td><strong>OPTATIVAS \u2013 DISTRIBUIDAS AO LONGO DOS 5\u00ba, 6\u00ba E 7\u00ba PER\u00cdODOS, CONFORME \u00c1REA PRETENDIDA DE APROFUNDAMENTO<\/strong><br><br><strong>1. ESPEC\u00cdFICAS DA FORMA\u00c7\u00c3O &#8211; CONSERVA\u00c7\u00c3O-RESTAURA\u00c7\u00c3O PINTURA, ESCULTURA E PAPEL; CI\u00caNCIA DA CONSERVA\u00c7\u00c3O E CONSERVA\u00c7\u00c3O PREVENTIVA<br><\/strong><a href=\"https:\/\/drive.google.com\/file\/d\/1BVWreBzPJw-OLemEBzBzG6MWbfmbTXQ8\/view?usp=drive_link\" target=\"_blank\" rel=\"noreferrer noopener\">Ementa.pdf<\/a><strong><br>2. DISCIPLINAS DE CONTE\u00daDO VARI\u00c1VEL OFERTADAS REGULARMENTE<\/strong><br><a href=\"https:\/\/drive.google.com\/file\/d\/1c4s5GB5cPAjn9VB9cS9meQGSdwOBGTrd\/view?usp=drive_link\" target=\"_blank\" rel=\"noreferrer noopener\">Ementa.pdf<\/a><br><strong>3. DISCIPLINAS POR \u00c1REA DO CONHECIMENTO<\/strong><br>a. <a href=\"https:\/\/drive.google.com\/file\/d\/1roF1kDZW0fgMSn5RFGwmck0dSwzwTtVk\/view?usp=drive_link\" target=\"_blank\" rel=\"noreferrer noopener\">Artes visuais <\/a><br>b. <a href=\"https:\/\/drive.google.com\/file\/d\/1VgXSifMMwRJvhxKk_mfMeT4OK5GTBdbs\/view?usp=drive_link\" target=\"_blank\" rel=\"noreferrer noopener\">Arquitetura<\/a><br>c. <a href=\"https:\/\/drive.google.com\/file\/d\/1ojWCLIJqTaEV4Qz0BFS7RirpmbnI0ZAG\/view?usp=drive_link\" target=\"_blank\" rel=\"noreferrer noopener\">Ci\u00eancias humanas e sociais<\/a><br>d. <a href=\"https:\/\/drive.google.com\/file\/d\/1kCjwfL659HmCxQVw-3Zq3umXeiw4gytp\/view?usp=drive_link\" target=\"_blank\" rel=\"noreferrer noopener\">Metodologia de pesquisa cientifica<\/a><br>e. <a href=\"https:\/\/drive.google.com\/file\/d\/1xp5sQwx_fgDXeRNto_zcffndA5Sj2sxk\/view?usp=drive_link\" target=\"_blank\" rel=\"noreferrer noopener\">Ci\u00eancia da informa\u00e7\u00e3o<\/a><br>f. <a href=\"https:\/\/drive.google.com\/file\/d\/19oVHA6UyvPo8LAoE2SfrD1SpAFoFmF-u\/view?usp=drive_link\" target=\"_blank\" rel=\"noreferrer noopener\">F\u00edsica\u00a0\u00a0<\/a><br>g. <a href=\"https:\/\/drive.google.com\/file\/d\/1CGXVTv6RKeIRjabTBX8MUet0bK1rb7TT\/view?usp=drive_link\" target=\"_blank\" rel=\"noreferrer noopener\">Qu\u00edmica\u00a0<\/a><br>h. <a href=\"https:\/\/drive.google.com\/file\/d\/19zipXCkL_PRhLdOioP6-M0q8ZxqEeaDB\/view?usp=drive_link\" target=\"_blank\" rel=\"noreferrer noopener\">Biologia<\/a><br> i. <a href=\"https:\/\/drive.google.com\/file\/d\/1EnTuZjIOTjMUXU41ML1tDNFnSdI3Mlv1\/view?usp=drive_link\" target=\"_blank\" rel=\"noreferrer noopener\">Educa\u00e7\u00e3o F\u00edsica<\/a> <br><br><\/td><\/tr><\/tbody><\/table><\/figure>\n\n\n\n<p><\/p>\n","protected":false},"excerpt":{"rendered":"<p>OPTATIVAS \u2013 DISTRIBUIDAS AO LONGO DOS 5\u00ba, 6\u00ba E 7\u00ba PER\u00cdODOS, CONFORME \u00c1REA PRETENDIDA DE APROFUNDAMENTO 1. ESPEC\u00cdFICAS DA FORMA\u00c7\u00c3O &#8211; CONSERVA\u00c7\u00c3O-RESTAURA\u00c7\u00c3O PINTURA, ESCULTURA E PAPEL; CI\u00caNCIA DA CONSERVA\u00c7\u00c3O E CONSERVA\u00c7\u00c3O PREVENTIVAEmenta.pdf2. DISCIPLINAS DE CONTE\u00daDO VARI\u00c1VEL OFERTADAS REGULARMENTEEmenta.pdf3. DISCIPLINAS POR \u00c1REA DO CONHECIMENTOa. Artes visuais b. Arquiteturac. Ci\u00eancias humanas e sociaisd. Metodologia de pesquisa cientificae.&hellip;&nbsp;<a href=\"https:\/\/grad.eba.ufmg.br\/conservacao\/?page_id=1335\" rel=\"bookmark\"><span class=\"screen-reader-text\">Disciplinas Optativas<\/span><\/a><\/p>\n","protected":false},"author":1,"featured_media":0,"parent":0,"menu_order":0,"comment_status":"closed","ping_status":"closed","template":"","meta":{"neve_meta_sidebar":"","neve_meta_container":"","neve_meta_enable_content_width":"","neve_meta_content_width":0,"neve_meta_title_alignment":"","neve_meta_author_avatar":"","neve_post_elements_order":"","neve_meta_disable_header":"","neve_meta_disable_footer":"","neve_meta_disable_title":"","_themeisle_gutenberg_block_has_review":false,"footnotes":""},"class_list":["post-1335","page","type-page","status-publish","hentry"],"_links":{"self":[{"href":"https:\/\/grad.eba.ufmg.br\/conservacao\/index.php?rest_route=\/wp\/v2\/pages\/1335","targetHints":{"allow":["GET"]}}],"collection":[{"href":"https:\/\/grad.eba.ufmg.br\/conservacao\/index.php?rest_route=\/wp\/v2\/pages"}],"about":[{"href":"https:\/\/grad.eba.ufmg.br\/conservacao\/index.php?rest_route=\/wp\/v2\/types\/page"}],"author":[{"embeddable":true,"href":"https:\/\/grad.eba.ufmg.br\/conservacao\/index.php?rest_route=\/wp\/v2\/users\/1"}],"replies":[{"embeddable":true,"href":"https:\/\/grad.eba.ufmg.br\/conservacao\/index.php?rest_route=%2Fwp%2Fv2%2Fcomments&post=1335"}],"version-history":[{"count":11,"href":"https:\/\/grad.eba.ufmg.br\/conservacao\/index.php?rest_route=\/wp\/v2\/pages\/1335\/revisions"}],"predecessor-version":[{"id":1403,"href":"https:\/\/grad.eba.ufmg.br\/conservacao\/index.php?rest_route=\/wp\/v2\/pages\/1335\/revisions\/1403"}],"wp:attachment":[{"href":"https:\/\/grad.eba.ufmg.br\/conservacao\/index.php?rest_route=%2Fwp%2Fv2%2Fmedia&parent=1335"}],"curies":[{"name":"wp","href":"https:\/\/api.w.org\/{rel}","templated":true}]}}