{"id":1329,"date":"2025-05-27T15:08:31","date_gmt":"2025-05-27T18:08:31","guid":{"rendered":"https:\/\/grad.eba.ufmg.br\/conservacao\/?page_id=1329"},"modified":"2025-12-23T14:36:38","modified_gmt":"2025-12-23T17:36:38","slug":"disciplinas-do-primeiro-periodo","status":"publish","type":"page","link":"https:\/\/grad.eba.ufmg.br\/conservacao\/?page_id=1329","title":{"rendered":"Disciplinas obrigat\u00f3rias"},"content":{"rendered":"\n<figure class=\"wp-block-table is-style-regular\"><table class=\"has-fixed-layout\"><tbody><tr><td><strong>1\u00b0 Per\u00edodo<\/strong><br>HIST\u00d3RIA E TEORIA DA RESTAURA\u00c7\u00c3O \u2013 APL 050<br>ARTES VISUAIS I \u2013 APL 051<br>MICROBIOLOGIA APLICADA A BENS CULTURAIS \u2013 MIC 024<br>FOTOGRAFIA A \u2013 FTC 601&nbsp; (turma A e B)<\/td><\/tr><\/tbody><\/table><\/figure>\n\n\n\n<div class=\"wp-block-group\"><div class=\"wp-block-group__inner-container is-layout-constrained wp-block-group-is-layout-constrained\">\n<details class=\"wp-block-details is-layout-flow wp-block-details-is-layout-flow\"><summary>Ementas &#8211; 1\u00b0 per\u00edodo<\/summary>\n<div data-wp-interactive=\"core\/file\" class=\"wp-block-file\"><object data-wp-bind--hidden=\"!state.hasPdfPreview\" hidden class=\"wp-block-file__embed\" data=\"https:\/\/grad.eba.ufmg.br\/conservacao\/wp-content\/uploads\/2025\/05\/1_-PERIODO-4.pdf\" type=\"application\/pdf\" style=\"width:100%;height:600px\" aria-label=\"Incorporado de 1_ PERIODO.\"><\/object><a id=\"wp-block-file--media-6c557f03-37ac-4c6b-9ca2-2a46b92b544e\" href=\"https:\/\/grad.eba.ufmg.br\/conservacao\/wp-content\/uploads\/2025\/05\/1_-PERIODO-4.pdf\">1_ PERIODO<\/a><a href=\"https:\/\/grad.eba.ufmg.br\/conservacao\/wp-content\/uploads\/2025\/05\/1_-PERIODO-4.pdf\" class=\"wp-block-file__button wp-element-button\" download aria-describedby=\"wp-block-file--media-6c557f03-37ac-4c6b-9ca2-2a46b92b544e\">Baixar<\/a><\/div>\n<\/details>\n<\/div><\/div>\n\n\n\n<figure class=\"wp-block-table\"><table class=\"has-fixed-layout\"><tbody><tr><td><strong>2\u00b0 Per\u00edodo<\/strong><br>T\u00c9CNICAS E MATERIAIS DE BENS CULTURAIS \u2013 APL052<br>ARTES VISUAIS II \u2013 APL 053<br>QU\u00cdMICA PARA RESTAURADORES &#8211; APL 054<br>CLIMATOLOGIA \u2013 GEO 608<br>SEMIN\u00c1RIO: INSETOS \u2013 APL 055<\/td><\/tr><\/tbody><\/table><\/figure>\n\n\n\n<details class=\"wp-block-details is-layout-flow wp-block-details-is-layout-flow\"><summary>Ementas &#8211; 2\u00b0 per\u00edodo<\/summary>\n<div data-wp-interactive=\"core\/file\" class=\"wp-block-file\"><object data-wp-bind--hidden=\"!state.hasPdfPreview\" hidden class=\"wp-block-file__embed\" data=\"https:\/\/grad.eba.ufmg.br\/conservacao\/wp-content\/uploads\/2025\/05\/2-_PERIODO-1.pdf\" type=\"application\/pdf\" style=\"width:100%;height:600px\" aria-label=\"Incorporado de 2 _PERIODO.\"><\/object><a id=\"wp-block-file--media-f9e671d2-1adc-4300-a300-5d5dc5210839\" href=\"https:\/\/grad.eba.ufmg.br\/conservacao\/wp-content\/uploads\/2025\/05\/2-_PERIODO-1.pdf\">2 _PERIODO<\/a><a href=\"https:\/\/grad.eba.ufmg.br\/conservacao\/wp-content\/uploads\/2025\/05\/2-_PERIODO-1.pdf\" class=\"wp-block-file__button wp-element-button\" download aria-describedby=\"wp-block-file--media-f9e671d2-1adc-4300-a300-5d5dc5210839\">Baixar<\/a><\/div>\n<\/details>\n\n\n\n<figure class=\"wp-block-table\"><table class=\"has-fixed-layout\"><tbody><tr><td><strong>3\u00b0 Per\u00edodo<\/strong><br>ARTES VISUAIS NO BRASIL I \u2013 APL 021<br>PATRIM\u00d4NIO CULTURAL \u2013 ACR 023<br>COR I \u2013 APL 601<br>FUNDAMENTOS CIENT\u00cdFICOS DA RESTAURA\u00c7\u00c3O \u2013 APL 056<\/td><\/tr><\/tbody><\/table><\/figure>\n\n\n\n<details class=\"wp-block-details is-layout-flow wp-block-details-is-layout-flow\"><summary>Ementas &#8211; 3\u00b0 per\u00edodo<\/summary>\n<div data-wp-interactive=\"core\/file\" class=\"wp-block-file\"><object data-wp-bind--hidden=\"!state.hasPdfPreview\" hidden class=\"wp-block-file__embed\" data=\"https:\/\/grad.eba.ufmg.br\/conservacao\/wp-content\/uploads\/2025\/05\/3_PERIODO.pdf\" type=\"application\/pdf\" style=\"width:100%;height:600px\" aria-label=\"Incorporado de 3_PERIODO.\"><\/object><a id=\"wp-block-file--media-029947fa-7eea-4416-aa54-698d1771df53\" href=\"https:\/\/grad.eba.ufmg.br\/conservacao\/wp-content\/uploads\/2025\/05\/3_PERIODO.pdf\">3_PERIODO<\/a><a href=\"https:\/\/grad.eba.ufmg.br\/conservacao\/wp-content\/uploads\/2025\/05\/3_PERIODO.pdf\" class=\"wp-block-file__button wp-element-button\" download aria-describedby=\"wp-block-file--media-029947fa-7eea-4416-aa54-698d1771df53\">Baixar<\/a><\/div>\n<\/details>\n\n\n\n<figure class=\"wp-block-table\"><table class=\"has-fixed-layout\"><tbody><tr><td><strong>4\u00b0 Per\u00edodo<br><\/strong>ARTES VISUAIS NO BRASIL II \u2013 APL 029<br>ARQUITETURA E CULTURA BRASILEIRA \u2013 ACR 021<br>SEMIN\u00c1RIO SOCIOLOGIA \u2013 APL057<br>CONSERVA\u00c7\u00c3O PREVENTIVA \u2013 APL 058<br>AN\u00c1LISE CIENT\u00cdFICA DA OBRA DE ARTE \u2013 APL 059<br>CAUSAS DE DETERIORA\u00c7\u00c3O DE BENS CULTURAIS \u2013 APL 060<\/td><\/tr><\/tbody><\/table><\/figure>\n\n\n\n<details class=\"wp-block-details is-layout-flow wp-block-details-is-layout-flow\"><summary>Ementas &#8211; 4\u00b0 per\u00edodo<\/summary>\n<div data-wp-interactive=\"core\/file\" class=\"wp-block-file\"><object data-wp-bind--hidden=\"!state.hasPdfPreview\" hidden class=\"wp-block-file__embed\" data=\"https:\/\/grad.eba.ufmg.br\/conservacao\/wp-content\/uploads\/2025\/05\/4_PERIODO.pdf\" type=\"application\/pdf\" style=\"width:100%;height:600px\" aria-label=\"Incorporado de 4_PERIODO.\"><\/object><a id=\"wp-block-file--media-9a173db0-859a-4de1-9126-6a8da3bab956\" href=\"https:\/\/grad.eba.ufmg.br\/conservacao\/wp-content\/uploads\/2025\/05\/4_PERIODO.pdf\">4_PERIODO<\/a><a href=\"https:\/\/grad.eba.ufmg.br\/conservacao\/wp-content\/uploads\/2025\/05\/4_PERIODO.pdf\" class=\"wp-block-file__button wp-element-button\" download aria-describedby=\"wp-block-file--media-9a173db0-859a-4de1-9126-6a8da3bab956\">Baixar<\/a><\/div>\n<\/details>\n\n\n\n<figure class=\"wp-block-table\"><table class=\"has-fixed-layout\"><tbody><tr><td><strong>8\u00b0 Per\u00edodo<\/strong><br>Trabalho de Conclus\u00e3o de Curso \u2013 EBA 032<\/td><\/tr><\/tbody><\/table><\/figure>\n\n\n\n<details class=\"wp-block-details is-layout-flow wp-block-details-is-layout-flow\"><summary>Ementa &#8211; 8\u00b0 per\u00edodo<\/summary>\n<div data-wp-interactive=\"core\/file\" class=\"wp-block-file\"><object data-wp-bind--hidden=\"!state.hasPdfPreview\" hidden class=\"wp-block-file__embed\" data=\"https:\/\/grad.eba.ufmg.br\/conservacao\/wp-content\/uploads\/2025\/05\/8_PERIODO.pdf\" type=\"application\/pdf\" style=\"width:100%;height:600px\" aria-label=\"Incorporado de 8_PERIODO.\"><\/object><a id=\"wp-block-file--media-370618e4-0733-42ce-af0c-2c08ed9729d4\" href=\"https:\/\/grad.eba.ufmg.br\/conservacao\/wp-content\/uploads\/2025\/05\/8_PERIODO.pdf\">8_PERIODO<\/a><a href=\"https:\/\/grad.eba.ufmg.br\/conservacao\/wp-content\/uploads\/2025\/05\/8_PERIODO.pdf\" class=\"wp-block-file__button wp-element-button\" download aria-describedby=\"wp-block-file--media-370618e4-0733-42ce-af0c-2c08ed9729d4\">Baixar<\/a><\/div>\n<\/details>\n\n\n\n<p><\/p>\n","protected":false},"excerpt":{"rendered":"<p>1\u00b0 Per\u00edodoHIST\u00d3RIA E TEORIA DA RESTAURA\u00c7\u00c3O \u2013 APL 050ARTES VISUAIS I \u2013 APL 051MICROBIOLOGIA APLICADA A BENS CULTURAIS \u2013 MIC 024FOTOGRAFIA A \u2013 FTC 601&nbsp; (turma A e B) 2\u00b0 Per\u00edodoT\u00c9CNICAS E MATERIAIS DE BENS CULTURAIS \u2013 APL052ARTES VISUAIS II \u2013 APL 053QU\u00cdMICA PARA RESTAURADORES &#8211; APL 054CLIMATOLOGIA \u2013 GEO 608SEMIN\u00c1RIO: INSETOS \u2013 APL 055&hellip;&nbsp;<a href=\"https:\/\/grad.eba.ufmg.br\/conservacao\/?page_id=1329\" rel=\"bookmark\"><span class=\"screen-reader-text\">Disciplinas obrigat\u00f3rias<\/span><\/a><\/p>\n","protected":false},"author":1,"featured_media":0,"parent":0,"menu_order":0,"comment_status":"closed","ping_status":"closed","template":"","meta":{"neve_meta_sidebar":"","neve_meta_container":"","neve_meta_enable_content_width":"","neve_meta_content_width":0,"neve_meta_title_alignment":"","neve_meta_author_avatar":"","neve_post_elements_order":"","neve_meta_disable_header":"","neve_meta_disable_footer":"","neve_meta_disable_title":"","_themeisle_gutenberg_block_has_review":false,"footnotes":""},"class_list":["post-1329","page","type-page","status-publish","hentry"],"_links":{"self":[{"href":"https:\/\/grad.eba.ufmg.br\/conservacao\/index.php?rest_route=\/wp\/v2\/pages\/1329","targetHints":{"allow":["GET"]}}],"collection":[{"href":"https:\/\/grad.eba.ufmg.br\/conservacao\/index.php?rest_route=\/wp\/v2\/pages"}],"about":[{"href":"https:\/\/grad.eba.ufmg.br\/conservacao\/index.php?rest_route=\/wp\/v2\/types\/page"}],"author":[{"embeddable":true,"href":"https:\/\/grad.eba.ufmg.br\/conservacao\/index.php?rest_route=\/wp\/v2\/users\/1"}],"replies":[{"embeddable":true,"href":"https:\/\/grad.eba.ufmg.br\/conservacao\/index.php?rest_route=%2Fwp%2Fv2%2Fcomments&post=1329"}],"version-history":[{"count":11,"href":"https:\/\/grad.eba.ufmg.br\/conservacao\/index.php?rest_route=\/wp\/v2\/pages\/1329\/revisions"}],"predecessor-version":[{"id":1402,"href":"https:\/\/grad.eba.ufmg.br\/conservacao\/index.php?rest_route=\/wp\/v2\/pages\/1329\/revisions\/1402"}],"wp:attachment":[{"href":"https:\/\/grad.eba.ufmg.br\/conservacao\/index.php?rest_route=%2Fwp%2Fv2%2Fmedia&parent=1329"}],"curies":[{"name":"wp","href":"https:\/\/api.w.org\/{rel}","templated":true}]}}