{"id":101,"date":"2014-05-29T04:26:49","date_gmt":"2014-05-29T04:26:49","guid":{"rendered":"https:\/\/grad.eba.ufmg.br\/conservacao\/?page_id=101"},"modified":"2026-01-26T16:47:56","modified_gmt":"2026-01-26T19:47:56","slug":"selecao","status":"publish","type":"page","link":"https:\/\/grad.eba.ufmg.br\/conservacao\/?page_id=101","title":{"rendered":"Sele\u00e7\u00e3o"},"content":{"rendered":"\t\t<div data-elementor-type=\"wp-page\" data-elementor-id=\"101\" class=\"elementor elementor-101\">\n\t\t\t\t<div class=\"elementor-element elementor-element-37278565 e-flex e-con-boxed e-con e-parent\" data-id=\"37278565\" data-element_type=\"container\">\n\t\t\t\t\t<div class=\"e-con-inner\">\n\t\t<div class=\"elementor-element elementor-element-224afba e-con-full e-flex e-con e-child\" data-id=\"224afba\" data-element_type=\"container\" data-settings=\"{&quot;background_background&quot;:&quot;classic&quot;}\">\n\t\t\t\t<div class=\"elementor-element elementor-element-6da444a elementor-widget elementor-widget-heading\" data-id=\"6da444a\" data-element_type=\"widget\" data-widget_type=\"heading.default\">\n\t\t\t\t\t<h2 class=\"elementor-heading-title elementor-size-default\">Sele\u00e7\u00e3o<\/h2>\t\t\t\t<\/div>\n\t\t\t\t<\/div>\n\t\t\t\t<div class=\"elementor-element elementor-element-14aba6db elementor-widget elementor-widget-text-editor\" data-id=\"14aba6db\" data-element_type=\"widget\" data-widget_type=\"text-editor.default\">\n\t\t\t\t\t\t\t\t\t<p>\u00a0<\/p><p>De acordo com o Regimento Geral da UFMG, a admiss\u00e3o dos alunos da gradua\u00e7\u00e3o ocorre mediante processo seletivo de acordo com as normas estabelecidas pelo Conselho de Ensino, Pesquisa e Extens\u00e3o (CEPE), por meio do Sistema de Sele\u00e7\u00e3o Unificada (SiSU) do MEC, baseado no resultado do Exame Nacional de Ensino M\u00e9dio (Enem).<\/p><p>O Curso oferece trinta vagas com uma entrada anual no primeiro semestre.<\/p><p><a href=\"https:\/\/www.ufmg.br\/sisu\">SiSU UFMG<\/a><\/p><p><a href=\"https:\/\/www.ufmg.br\/seriadoufmg\/\">Seriado UFMG<\/a><\/p><p>Outras informa\u00e7\u00f5es sobre processos seletivos para ingresso na UFMG podem ser encontradas no site do <a href=\"https:\/\/www2.ufmg.br\/drca\/drca\/Home\/Graduacao\/Processos-Seletivos\">DRCA<\/a> (Departamento de Registro e Controle Acad\u00eamico).<\/p>\t\t\t\t\t\t\t\t<\/div>\n\t\t\t\t\t<\/div>\n\t\t\t\t<\/div>\n\t\t\t\t<\/div>\n\t\t","protected":false},"excerpt":{"rendered":"<p>Sele\u00e7\u00e3o \u00a0 De acordo com o Regimento Geral da UFMG, a admiss\u00e3o dos alunos da gradua\u00e7\u00e3o ocorre mediante processo seletivo de acordo com as normas estabelecidas pelo Conselho de Ensino, Pesquisa e Extens\u00e3o (CEPE), por meio do Sistema de Sele\u00e7\u00e3o Unificada (SiSU) do MEC, baseado no resultado do Exame Nacional de Ensino M\u00e9dio (Enem). O&hellip;&nbsp;<a href=\"https:\/\/grad.eba.ufmg.br\/conservacao\/?page_id=101\" rel=\"bookmark\"><span class=\"screen-reader-text\">Sele\u00e7\u00e3o<\/span><\/a><\/p>\n","protected":false},"author":1,"featured_media":0,"parent":0,"menu_order":0,"comment_status":"closed","ping_status":"open","template":"","meta":{"neve_meta_sidebar":"","neve_meta_container":"","neve_meta_enable_content_width":"","neve_meta_content_width":0,"neve_meta_title_alignment":"","neve_meta_author_avatar":"","neve_post_elements_order":"","neve_meta_disable_header":"","neve_meta_disable_footer":"","neve_meta_disable_title":"","_themeisle_gutenberg_block_has_review":false,"footnotes":""},"class_list":["post-101","page","type-page","status-publish","hentry"],"_links":{"self":[{"href":"https:\/\/grad.eba.ufmg.br\/conservacao\/index.php?rest_route=\/wp\/v2\/pages\/101","targetHints":{"allow":["GET"]}}],"collection":[{"href":"https:\/\/grad.eba.ufmg.br\/conservacao\/index.php?rest_route=\/wp\/v2\/pages"}],"about":[{"href":"https:\/\/grad.eba.ufmg.br\/conservacao\/index.php?rest_route=\/wp\/v2\/types\/page"}],"author":[{"embeddable":true,"href":"https:\/\/grad.eba.ufmg.br\/conservacao\/index.php?rest_route=\/wp\/v2\/users\/1"}],"replies":[{"embeddable":true,"href":"https:\/\/grad.eba.ufmg.br\/conservacao\/index.php?rest_route=%2Fwp%2Fv2%2Fcomments&post=101"}],"version-history":[{"count":22,"href":"https:\/\/grad.eba.ufmg.br\/conservacao\/index.php?rest_route=\/wp\/v2\/pages\/101\/revisions"}],"predecessor-version":[{"id":2613,"href":"https:\/\/grad.eba.ufmg.br\/conservacao\/index.php?rest_route=\/wp\/v2\/pages\/101\/revisions\/2613"}],"wp:attachment":[{"href":"https:\/\/grad.eba.ufmg.br\/conservacao\/index.php?rest_route=%2Fwp%2Fv2%2Fmedia&parent=101"}],"curies":[{"name":"wp","href":"https:\/\/api.w.org\/{rel}","templated":true}]}}