{"id":7468,"date":"2025-11-24T14:28:43","date_gmt":"2025-11-24T17:28:43","guid":{"rendered":"https:\/\/grad.eba.ufmg.br\/caad\/?page_id=7468"},"modified":"2025-11-24T14:28:43","modified_gmt":"2025-11-24T17:28:43","slug":"revista-quadros-chave","status":"publish","type":"page","link":"https:\/\/grad.eba.ufmg.br\/caad\/index.php\/revista-quadros-chave\/","title":{"rendered":"Revista Quadros-Chave"},"content":{"rendered":"\n<figure class=\"wp-block-image size-full is-resized\"><img loading=\"lazy\" decoding=\"async\" width=\"788\" height=\"287\" src=\"https:\/\/grad.eba.ufmg.br\/caad\/wp-content\/uploads\/2025\/11\/image.png\" alt=\"\" class=\"wp-image-7469\" style=\"width:873px;height:auto\" srcset=\"https:\/\/grad.eba.ufmg.br\/caad\/wp-content\/uploads\/2025\/11\/image.png 788w, https:\/\/grad.eba.ufmg.br\/caad\/wp-content\/uploads\/2025\/11\/image-300x109.png 300w, https:\/\/grad.eba.ufmg.br\/caad\/wp-content\/uploads\/2025\/11\/image-768x280.png 768w\" sizes=\"auto, (max-width: 788px) 100vw, 788px\" \/><\/figure>\n\n\n\n<p><strong>A Revista Quadros-Chave est\u00e1 no ar!<\/strong><\/p>\n\n\n\n<p>A revista digital do <strong>CAAD\/UFMG<\/strong> acaba de ser lan\u00e7ada! Ela \u00e9 um espa\u00e7o da nossa comunidade para divulgar pesquisas, artigos, processos de cria\u00e7\u00e3o, experimenta\u00e7\u00f5es e reflex\u00f5es em <strong>Cinema de Anima\u00e7\u00e3o e Artes Digitais<\/strong>.<\/p>\n\n\n\n<p>A Quadros-Chave recebe <strong>submiss\u00f5es em fluxo cont\u00ednuo<\/strong>: artigos, an\u00e1lises, relatos de produ\u00e7\u00e3o, TCCs e outros textos que contribuam para o pensamento e a pr\u00e1tica da anima\u00e7\u00e3o. Para enviar seu trabalho, basta acessar a \u00e1rea de submiss\u00f5es no site e seguir o template indicado.<\/p>\n\n\n\n<p class=\"has-text-align-center\"><a href=\"https:\/\/sites.google.com\/view\/revistaquadroschave\"><strong>https:\/\/sites.google.com\/view\/revistaquadroschave<\/strong><\/a><\/p>\n\n\n\n<p>A revista \u00e9 nossa \u2014 feita por e para a comunidade do CAAD.<br>Confira o site e venha construir esse movimento com a gente:<\/p>\n\n\n\n<p><br><\/p>\n","protected":false},"excerpt":{"rendered":"<p>A Revista Quadros-Chave est\u00e1 no ar! A revista digital do CAAD\/UFMG acaba de ser lan\u00e7ada! Ela \u00e9 um espa\u00e7o da nossa comunidade para divulgar pesquisas, [&#8230;]<\/p>\n","protected":false},"author":1,"featured_media":0,"parent":0,"menu_order":0,"comment_status":"closed","ping_status":"closed","template":"","meta":{"footnotes":""},"class_list":["post-7468","page","type-page","status-publish","hentry"],"_links":{"self":[{"href":"https:\/\/grad.eba.ufmg.br\/caad\/index.php\/wp-json\/wp\/v2\/pages\/7468","targetHints":{"allow":["GET"]}}],"collection":[{"href":"https:\/\/grad.eba.ufmg.br\/caad\/index.php\/wp-json\/wp\/v2\/pages"}],"about":[{"href":"https:\/\/grad.eba.ufmg.br\/caad\/index.php\/wp-json\/wp\/v2\/types\/page"}],"author":[{"embeddable":true,"href":"https:\/\/grad.eba.ufmg.br\/caad\/index.php\/wp-json\/wp\/v2\/users\/1"}],"replies":[{"embeddable":true,"href":"https:\/\/grad.eba.ufmg.br\/caad\/index.php\/wp-json\/wp\/v2\/comments?post=7468"}],"version-history":[{"count":1,"href":"https:\/\/grad.eba.ufmg.br\/caad\/index.php\/wp-json\/wp\/v2\/pages\/7468\/revisions"}],"predecessor-version":[{"id":7470,"href":"https:\/\/grad.eba.ufmg.br\/caad\/index.php\/wp-json\/wp\/v2\/pages\/7468\/revisions\/7470"}],"wp:attachment":[{"href":"https:\/\/grad.eba.ufmg.br\/caad\/index.php\/wp-json\/wp\/v2\/media?parent=7468"}],"curies":[{"name":"wp","href":"https:\/\/api.w.org\/{rel}","templated":true}]}}