{"id":7373,"date":"2025-07-01T09:51:45","date_gmt":"2025-07-01T12:51:45","guid":{"rendered":"https:\/\/grad.eba.ufmg.br\/caad\/?page_id=7373"},"modified":"2025-07-04T11:51:43","modified_gmt":"2025-07-04T14:51:43","slug":"pesquisas-em-animacao","status":"publish","type":"page","link":"https:\/\/grad.eba.ufmg.br\/caad\/index.php\/pesquisas-em-animacao\/","title":{"rendered":"Pesquisas em anima\u00e7\u00e3o"},"content":{"rendered":"\n<p>J\u00e1 est\u00e1 dispon\u00edvel na integra o livro <\/p>\n\n\n\n<p><strong><a href=\"http:\/\/hdl.handle.net\/1843\/44345\" target=\"_blank\" rel=\"noreferrer noopener\">Pesquisas em anima\u00e7\u00e3o: cinema e po\u00e9ticas tecnol\u00f3gicas<\/a> <\/strong>Volume 1<\/p>\n\n\n\n<p><strong><a href=\"https:\/\/drive.google.com\/file\/d\/19rjkSeSiJkgXxJJFjvb6WybppBY_s9g-\/view?usp=sharing\" target=\"_blank\" rel=\"noreferrer noopener\">Pesquisas em anima\u00e7\u00e3o: conex\u00f5es internacionais<\/a><\/strong> Volume 2<\/p>\n\n\n\n<p>Organizadores: Mariana Ribeiro da Silva Tavares, Maur\u00edcio Silva Gino, Marcos Magalh\u00e3es, Arttur Ricardo de Ara\u00fajo Espindula.<br>Este livro traz uma sele\u00e7\u00e3o dos trabalhos apresentados nos 1 \u00ba e 2\u00ba Semin\u00e1rios Internacional Pesquisas em Anima\u00e7\u00e3o: Cinema &amp; Po\u00e9ticas Tecnol\u00f3gicas e conex\u00f5es internacionais realizados em 2018 e 2021 respectivamente.<\/p>\n\n\n\n<p>Conhe\u00e7a tamb\u00e9m um pouco da hist\u00f3ria da Escola de Belas Artes no livro<\/p>\n\n\n\n<p><strong><a href=\"https:\/\/drive.google.com\/file\/d\/1XONFPR1OAF0hH9PAbA14wDNULCcPLbKk\/view?usp=sharing\" target=\"_blank\" rel=\"noreferrer noopener\">Escola de Belas Artes &#8211; UFMG: 65 anos de Ensino-Aprendizagem em Artes<\/a><\/strong><\/p>\n\n\n\n<p>Organizadores: Lucia Gouv\u00eaa Pimentel, Marina Ribeiro Silva Tavares e Evandro Jos\u00e9 Lemos Cunha.<\/p>\n","protected":false},"excerpt":{"rendered":"<p>J\u00e1 est\u00e1 dispon\u00edvel na integra o livro Pesquisas em anima\u00e7\u00e3o: cinema e po\u00e9ticas tecnol\u00f3gicas Volume 1 Pesquisas em anima\u00e7\u00e3o: conex\u00f5es internacionais Volume 2 Organizadores: Mariana [&#8230;]<\/p>\n","protected":false},"author":1,"featured_media":0,"parent":0,"menu_order":0,"comment_status":"closed","ping_status":"closed","template":"","meta":{"footnotes":""},"class_list":["post-7373","page","type-page","status-publish","hentry"],"_links":{"self":[{"href":"https:\/\/grad.eba.ufmg.br\/caad\/index.php\/wp-json\/wp\/v2\/pages\/7373","targetHints":{"allow":["GET"]}}],"collection":[{"href":"https:\/\/grad.eba.ufmg.br\/caad\/index.php\/wp-json\/wp\/v2\/pages"}],"about":[{"href":"https:\/\/grad.eba.ufmg.br\/caad\/index.php\/wp-json\/wp\/v2\/types\/page"}],"author":[{"embeddable":true,"href":"https:\/\/grad.eba.ufmg.br\/caad\/index.php\/wp-json\/wp\/v2\/users\/1"}],"replies":[{"embeddable":true,"href":"https:\/\/grad.eba.ufmg.br\/caad\/index.php\/wp-json\/wp\/v2\/comments?post=7373"}],"version-history":[{"count":4,"href":"https:\/\/grad.eba.ufmg.br\/caad\/index.php\/wp-json\/wp\/v2\/pages\/7373\/revisions"}],"predecessor-version":[{"id":7382,"href":"https:\/\/grad.eba.ufmg.br\/caad\/index.php\/wp-json\/wp\/v2\/pages\/7373\/revisions\/7382"}],"wp:attachment":[{"href":"https:\/\/grad.eba.ufmg.br\/caad\/index.php\/wp-json\/wp\/v2\/media?parent=7373"}],"curies":[{"name":"wp","href":"https:\/\/api.w.org\/{rel}","templated":true}]}}