{"id":4728,"date":"2023-06-27T16:32:46","date_gmt":"2023-06-27T19:32:46","guid":{"rendered":"https:\/\/grad.eba.ufmg.br\/caad\/?page_id=4728"},"modified":"2026-01-22T07:48:22","modified_gmt":"2026-01-22T10:48:22","slug":"ofertas","status":"publish","type":"page","link":"https:\/\/grad.eba.ufmg.br\/caad\/index.php\/ofertas\/","title":{"rendered":"Ofertas 1.2026"},"content":{"rendered":"\n<p><strong>ATEN\u00c7\u00c3O: <\/strong><\/p>\n\n\n\n<p>Est\u00e1 dispon\u00edvel a <strong><a href=\"https:\/\/docs.google.com\/spreadsheets\/d\/1uJh9EEibxn0VtxckY41AMa01M8ucCl5GSaZ5O1WhFvg\/edit?usp=sharing\">Quadro de ofertas para o primeiro semestre de 2026<\/a><\/strong><\/p>\n\n\n\n<p>Os estudantes da vers\u00e3o curricular 2017 poder\u00e3o conferir sua situa\u00e7\u00e3o neste link <strong><a href=\"https:\/\/docs.google.com\/spreadsheets\/d\/1W0AzYhBNSi9zxvSy4ZRExHjat00kKtK6H_iAIyOMFDY\/edit?usp=sharing\" target=\"_blank\" rel=\"noreferrer noopener\">SITUA\u00c7\u00c3O DE CADA ESTUDANTE<\/a><\/strong>. Este semestre algumas disciplinas da vers\u00e3o curricular 2025 ter\u00e3o equival\u00eancia na antiga grade assim, \u00e9 poss\u00edvel conferir no quadro de ofertas qual \u00e9 a equival\u00eancia na vers\u00e3o curricular 2017 para a disciplina solicitada.<\/p>\n\n\n\n<p>Neste link voc\u00eas podem consultar tamb\u00e9m a lista de disciplinas da antiga grade com equival\u00eancia na nova grade &#8211; <strong><a href=\"https:\/\/drive.google.com\/file\/d\/16IJx4nTj5RaRB91gfjC8etkXAa7uu9U5\/view?usp=sharing\" target=\"_blank\" rel=\"noreferrer noopener\">Equival\u00eancias<\/a><\/strong><\/p>\n\n\n\n<p>Os estudantes que est\u00e3o na vers\u00e3o nova devem se atentar as regras dos grupos de optativas, ou seja, nas atividades de qual grupo ele deve priorizar<\/p>\n\n\n\n<ul class=\"wp-block-list\">\n<li><strong>G1 &#8211; Teoria e Cr\u00edtica<\/strong> (m\u00ednimo de 120 horas); <\/li>\n\n\n\n<li><strong>G2 &#8211; T\u00e9cnicas e processos<\/strong> (m\u00ednimo de 120 horas);<\/li>\n\n\n\n<li><strong>G3 &#8211; Po\u00e9tica e experimenta\u00e7\u00e3o<\/strong> (m\u00ednimo de 60 horas); <\/li>\n\n\n\n<li><strong>G4 &#8211;  Projeto, pesquisa e realiza\u00e7\u00e3o<\/strong> (m\u00ednimo de 0horas);<\/li>\n\n\n\n<li><strong>G5 &#8211; Optativas gerais<\/strong>  (m\u00ednimo de 0horas);<\/li>\n\n\n\n<li><strong>G6 &#8211; Atividades Acad\u00eamicas complementares<\/strong>  (m\u00ednimo de 0horas).<\/li>\n<\/ul>\n\n\n\n<p>OBS: A carga hor\u00e1ria m\u00e1xima em cada grupo depende se o estudante estiver no percurso com ou sem o n\u00facleo complementar<\/p>\n\n\n\n<p><\/p>\n\n\n\n<p><\/p>\n","protected":false},"excerpt":{"rendered":"<p>ATEN\u00c7\u00c3O: Est\u00e1 dispon\u00edvel a Quadro de ofertas para o primeiro semestre de 2026 Os estudantes da vers\u00e3o curricular 2017 poder\u00e3o conferir sua situa\u00e7\u00e3o neste link [&#8230;]<\/p>\n","protected":false},"author":1,"featured_media":0,"parent":0,"menu_order":0,"comment_status":"closed","ping_status":"closed","template":"","meta":{"footnotes":""},"class_list":["post-4728","page","type-page","status-publish","hentry"],"_links":{"self":[{"href":"https:\/\/grad.eba.ufmg.br\/caad\/index.php\/wp-json\/wp\/v2\/pages\/4728","targetHints":{"allow":["GET"]}}],"collection":[{"href":"https:\/\/grad.eba.ufmg.br\/caad\/index.php\/wp-json\/wp\/v2\/pages"}],"about":[{"href":"https:\/\/grad.eba.ufmg.br\/caad\/index.php\/wp-json\/wp\/v2\/types\/page"}],"author":[{"embeddable":true,"href":"https:\/\/grad.eba.ufmg.br\/caad\/index.php\/wp-json\/wp\/v2\/users\/1"}],"replies":[{"embeddable":true,"href":"https:\/\/grad.eba.ufmg.br\/caad\/index.php\/wp-json\/wp\/v2\/comments?post=4728"}],"version-history":[{"count":37,"href":"https:\/\/grad.eba.ufmg.br\/caad\/index.php\/wp-json\/wp\/v2\/pages\/4728\/revisions"}],"predecessor-version":[{"id":7494,"href":"https:\/\/grad.eba.ufmg.br\/caad\/index.php\/wp-json\/wp\/v2\/pages\/4728\/revisions\/7494"}],"wp:attachment":[{"href":"https:\/\/grad.eba.ufmg.br\/caad\/index.php\/wp-json\/wp\/v2\/media?parent=4728"}],"curies":[{"name":"wp","href":"https:\/\/api.w.org\/{rel}","templated":true}]}}