{"id":4655,"date":"2023-06-10T15:52:11","date_gmt":"2023-06-10T18:52:11","guid":{"rendered":"https:\/\/grad.eba.ufmg.br\/caad\/?page_id=4655"},"modified":"2025-11-28T18:04:07","modified_gmt":"2025-11-28T21:04:07","slug":"defesas-de-tcc","status":"publish","type":"page","link":"https:\/\/grad.eba.ufmg.br\/caad\/index.php\/defesas-de-tcc\/","title":{"rendered":"TCCs"},"content":{"rendered":"\n<p>No CAAD o Trabalho de Conclus\u00e3o de Curso &#8211; TCC  \u00e9 uma atividade acad\u00eamica curricular obrigat\u00f3ria que ocorre no oitavo per\u00edodo. Podendo ser relacionado a algum projeto desenvolvido pelo estudante ao longo do curso ou sobre um tema de seu interesse. A suarealiza\u00e7\u00e3 o poder\u00e1 ser realizada em tr\u00eas formatos:<\/p>\n\n\n\n<p>Quer assistir a uma defesa de TCC? Click no link abaixo para ver os trabalhos a serem apresentados no atual semestre:<\/p>\n\n\n\n<p class=\"has-text-align-center has-medium-font-size\"><strong><a href=\"https:\/\/docs.google.com\/spreadsheets\/d\/1UUn0fzIjLwpfh73Jt6tT6fV62GtkbcoamSA-6MGMr6k\/edit?usp=sharing\" target=\"_blank\" rel=\"noreferrer noopener\">ACOMPANHE AS DEFESAS EM ANDAMENTO<\/a><\/strong><\/p>\n\n\n\n<p><strong> 1 &#8211;  MEMORIAL ACAD\u00caMICO<\/strong>: texto reflexivo e cr\u00edtico que aborda e aprofunda as experi\u00eancias e produ\u00e7\u00f5es pr\u00e1ticas e te\u00f3ricas do aluno ao longo do curso de Cinema de Anima\u00e7\u00e3o e Artes Digitais.<\/p>\n\n\n\n<p><strong>2 &#8211; MONOGRAFIA:<\/strong> texto dissertativo, apresentado segundo normas acad\u00eamicas, que aborda pesquisa fundamentada acerca de um ponto espec\u00edfico de assunto relacionado ao campo do Cinema de Anima\u00e7\u00e3o e das Artes Digitais.<\/p>\n\n\n\n<p><strong>3 &#8211; ARTIGO:<\/strong> texto acad\u00eamico que apresenta, de forma sint\u00e9tica, pesquisa fundamentada acerca de um ponto espec\u00edfico de assunto relacionado ao campo do Cinema de Anima\u00e7\u00e3o e das Artes Digitais.<\/p>\n\n\n\n<p><strong>ORIENTA\u00c7\u00c3O PARA PROFESSORES E ESTUDANTES DO CAAD<\/strong><\/p>\n\n\n\n<p><strong>1. Divulga\u00e7\u00e3o das defesas<\/strong><br>Ap\u00f3s definir o dia, hor\u00e1rio e local da defesa, o(a) orientador(a) dever\u00e1 informar os dados para divulga\u00e7\u00e3o aos demais estudantes por meio do <strong><a href=\"https:\/\/forms.gle\/9bhsrdBgQJzhaQCL6\" target=\"_blank\" rel=\"noreferrer noopener\">formul\u00e1rio de marca\u00e7\u00e3o de TCC<\/a><\/strong>.<\/p>\n\n\n\n<p><strong>2. Envio da Ata de Defesa<\/strong><br>Logo ap\u00f3s a defesa, o(a) orientador(a) dever\u00e1 enviar a Ata da Defesa, devidamente preenchida, para o e-mail do Colegiado (<a href=\"mailto:caad@eba.ufmg.br\" target=\"_blank\" rel=\"noreferrer noopener\"><u>caad@eba.ufmg.br<\/u><\/a>). O documento est\u00e1 dispon\u00edvel aqui: <strong><a href=\"https:\/\/docs.google.com\/document\/d\/1XhZ7_QjzdtZDO0a6e9i3iCr0DqCCVWtX\/edit\" target=\"_blank\" rel=\"noreferrer noopener\">MODELO DE ATA DE DEFESA<\/a><\/strong><\/p>\n\n\n\n<p>Em seguida, o Colegiado far\u00e1 a transfer\u00eancia da Ata para o SEI\/UFMG, para que o(a) orientador(a) e os demais membros da banca realizem a assinatura. Pedimos especial aten\u00e7\u00e3o para que quaisquer membros externos \u00e0 UFMG realizem previamente o cadastro no SEI\/UFMG.<br><br><strong>3. Inser\u00e7\u00e3o da Ata no trabalho final<\/strong><br>As Atas de Defesa passar\u00e3o a integrar a vers\u00e3o final dos trabalhos encaminhados \u00e0 Biblioteca.<\/p>\n\n\n\n<p><strong>4. Pontua\u00e7\u00e3o do TCC<\/strong><br>A Resolu\u00e7\u00e3o do Colegiado estabelece a seguinte distribui\u00e7\u00e3o de pontos: 40 atribu\u00eddos pelo orientador e 60 pelos membros da banca (orientador e examinador convidado). Contudo, considerando que as Atas ser\u00e3o incorporadas aos TCCs enviados \u00e0 Biblioteca, o colegiado sugere que a Ata j\u00e1 registre a nota final da disciplina de TCC, com base no total de 100 pontos atribu\u00eddos no semestre, a fim de evitar interpreta\u00e7\u00f5es equivocadas por parte do p\u00fablico que vier a consultar os trabalhos disponibilizados no reposit\u00f3rio da Biblioteca.<\/p>\n\n\n\n<p><strong>4. Envio da vers\u00e3o final <\/strong><strong><u>pelo estudante<\/u><\/strong><br>O estudante tem at\u00e9 5 dias para realizar as corre\u00e7\u00f5es e encaminhar a vers\u00e3o final ao Colegiado. Por isso, solicitamos que a Ata seja enviada ao Colegiado t\u00e3o logo seja conclu\u00edda a defesa, de forma que possamos encaminh\u00e1-la ao estudante dentro dos 5 dias.<\/p>\n\n\n\n<p>Ap\u00f3s a coleta de assinaturas no SEI\/UFMG, a Ata ser\u00e1 devolvida pelo Colegiado ao estudante para que ele a insira no trabalho final. Quando tamb\u00e9m ser\u00e1 enviado o termo de autoriza\u00e7\u00e3o para publica\u00e7\u00e3o na Biblioteca.<\/p>\n\n\n\n<p>Por fim, o estudante dever\u00e1 enviar ao Colegiado o arquivo final do TCC, com a respectiva Ata e <strong><a href=\"https:\/\/drive.google.com\/file\/d\/1ri7B3jJUuHv-FROJBTCgt2rxhBcjEgrr\/view?usp=sharing\" target=\"_blank\" rel=\"noreferrer noopener\">AUTORIZA\u00c7\u00c3O PARA PUBLICA\u00c7\u00c3O NA BIBLIOTECA DA UFMG<\/a><\/strong>.<\/p>\n\n\n\n<p><\/p>\n\n\n\n<p>Achou interessante? Veja no link a seguir os TCCs do curso de Cinema de anima\u00e7\u00e3o e artes digitais &#8211; CAAD dos antos anteriores.<\/p>\n\n\n\n<p class=\"has-text-align-center has-medium-font-size\"> <strong><a href=\"https:\/\/docs.google.com\/spreadsheets\/d\/11eo8NH82RyYM4OdPOvaSOVjOVtYCZZ0Npmvg08CPg7s\/edit?usp=sharing\" target=\"_blank\" rel=\"noreferrer noopener\">TCCs DO CURSO DE CINEMA DE ANIMA\u00c7\u00c3O E ARTES DIGITAIS<\/a><\/strong><\/p>\n","protected":false},"excerpt":{"rendered":"<p>No CAAD o Trabalho de Conclus\u00e3o de Curso &#8211; TCC \u00e9 uma atividade acad\u00eamica curricular obrigat\u00f3ria que ocorre no oitavo per\u00edodo. Podendo ser relacionado a [&#8230;]<\/p>\n","protected":false},"author":1,"featured_media":0,"parent":0,"menu_order":0,"comment_status":"closed","ping_status":"closed","template":"","meta":{"footnotes":""},"class_list":["post-4655","page","type-page","status-publish","hentry"],"_links":{"self":[{"href":"https:\/\/grad.eba.ufmg.br\/caad\/index.php\/wp-json\/wp\/v2\/pages\/4655","targetHints":{"allow":["GET"]}}],"collection":[{"href":"https:\/\/grad.eba.ufmg.br\/caad\/index.php\/wp-json\/wp\/v2\/pages"}],"about":[{"href":"https:\/\/grad.eba.ufmg.br\/caad\/index.php\/wp-json\/wp\/v2\/types\/page"}],"author":[{"embeddable":true,"href":"https:\/\/grad.eba.ufmg.br\/caad\/index.php\/wp-json\/wp\/v2\/users\/1"}],"replies":[{"embeddable":true,"href":"https:\/\/grad.eba.ufmg.br\/caad\/index.php\/wp-json\/wp\/v2\/comments?post=4655"}],"version-history":[{"count":16,"href":"https:\/\/grad.eba.ufmg.br\/caad\/index.php\/wp-json\/wp\/v2\/pages\/4655\/revisions"}],"predecessor-version":[{"id":7481,"href":"https:\/\/grad.eba.ufmg.br\/caad\/index.php\/wp-json\/wp\/v2\/pages\/4655\/revisions\/7481"}],"wp:attachment":[{"href":"https:\/\/grad.eba.ufmg.br\/caad\/index.php\/wp-json\/wp\/v2\/media?parent=4655"}],"curies":[{"name":"wp","href":"https:\/\/api.w.org\/{rel}","templated":true}]}}