{"id":4461,"date":"2023-04-25T16:55:32","date_gmt":"2023-04-25T19:55:32","guid":{"rendered":"https:\/\/grad.eba.ufmg.br\/caad\/?page_id=4461"},"modified":"2025-01-07T00:21:04","modified_gmt":"2025-01-07T03:21:04","slug":"estagio-nao-obrigatorio","status":"publish","type":"page","link":"https:\/\/grad.eba.ufmg.br\/caad\/index.php\/estagio-nao-obrigatorio\/","title":{"rendered":"Est\u00e1gio n\u00e3o obrigat\u00f3rio"},"content":{"rendered":"\n<p><strong>1 &#8211;<\/strong> Informamos que para celebrar o contrato de\u00a0<strong>est\u00e1gio n\u00e3o obrigat\u00f3rio<\/strong>\u00a0em primeiro lugar os representantes da empresa, voc\u00ea  (estagi\u00e1rio)\u00a0 e o supervisor de est\u00e1gio (que ser\u00e1 respons\u00e1vel por acompanhar suas atividades) dever\u00e3o realizar o cadastro no\u00a0 Sistema Eletr\u00f4nico de Informa\u00e7\u00f5es &#8211; SEI. <strong><a href=\"https:\/\/www.ufmg.br\/sisu-antigo\/wp-content\/uploads\/2020\/11\/ROTEIRO-PARA-CADASTRO-COMO-USU%C3%81RIO-EXTERNO-DO-SEI-UFMG.pdf\" target=\"_blank\" rel=\"noreferrer noopener\">COMO FAZER O CADASTRO DO SEI<\/a><\/strong><\/p>\n\n\n\n<p><strong>2 &#8211;<\/strong> Ap\u00f3s a realiza\u00e7\u00e3o do cadastro no SEI, a empresa<strong>\u00a0<\/strong>dever\u00e1 preencher o <strong>termo de compromisso<\/strong> e o <strong>plano de atividades<\/strong> (no formato edit\u00e1vel .doc e .docx), <strong>ap\u00f3lice de SEGURO<\/strong> e os <strong>nomes e respectivos e-mail cadastrados no SEI<\/strong> para o e-mail do colegiado (<strong>caad@eba.ufmg.br<\/strong>) para verifica\u00e7\u00e3o. Acesse os modelos do <strong><a href=\"http:\/\/docs.google.com\/document\/d\/1aw_C55cavjQR0Oz_Hro9oOMHqZcq2BGPF4gBw18WD4Y\/edit?usp=sharing\" target=\"_blank\" rel=\"noreferrer noopener\">TERMO E COMPROMISSO<\/a><\/strong> e <strong><a href=\"http:\/\/docs.google.com\/document\/d\/1LoW5bLBiLSN7rs8ECiN8RgIbnxOLLDIEL-2pdGbtO74\/edit?usp=sharing\" target=\"_blank\" rel=\"noreferrer noopener\">PLANO DE ATIVIDADES<\/a><\/strong><\/p>\n\n\n\n<p><strong>3 &#8211;<\/strong> Ap\u00f3s a confer\u00eancia realizada pelo Colegiado ser\u00e3o liberados os acessos no SEI para que os representantes da empresa, o estagi\u00e1rio, o supervisor respons\u00e1vel por suas atividades e o Coordenador do curso CAAD assinem todos os termos pertinentes. Esse processo demanda em torno de 15 dias \u00fateis, a depender do envio dos documentos da empresa e do cadastro de todos os envolvidos.<\/p>\n\n\n\n<p><strong>Documentos referentes a rescis\u00e3o e continuidade de est\u00e1gio caso ocorram<\/strong><\/p>\n\n\n\n<p><a href=\"https:\/\/docs.google.com\/document\/d\/1PjAnKYEaU3Hjij3d00L19TcOOQf8OQKzUMAP6MS_0WU\/edit?usp=sharing\" target=\"_blank\" rel=\"noreferrer noopener\"><strong>TERMO DE RESCIS\u00c3O DE ESTAGIO<\/strong><\/a><\/p>\n\n\n\n<p><a href=\"https:\/\/docs.google.com\/document\/d\/1um8UudAjCSzipu7efUa-_3fpVrBT_dkYl1g0C2fkQaU\/edit?usp=sharing\" target=\"_blank\" rel=\"noreferrer noopener\"><strong>TERMO ADITIVO DE ESTAGIO<\/strong><\/a><\/p>\n\n\n\n<p>Lembramos que todo o processo de est\u00e1gio \u00e9 regulamentado por normas gerais e da pr\u00f3pria Universidade.\u00a0<strong>Recomendamos que realizem uma leitura atenta<\/strong>\u00a0das normativas em anexo:\u00a0<a href=\"http:\/\/www.planalto.gov.br\/ccivil_03\/_Ato2007-2010\/2008\/Lei\/L11788.htm\" target=\"_blank\" rel=\"noreferrer noopener\">Lei N\u00b0 11.788, de 25 de setembro de 2008<\/a>, <a href=\"https:\/\/www.ufmg.br\/prograd\/wp-content\/uploads\/2022\/01\/Cartilha.pdf\" target=\"_blank\" rel=\"noreferrer noopener\">Nova Cartilha Esclarecedora sobre a Lei de Est\u00e1gio, elaborada pelo MTE<\/a>, \u00a0<a href=\"https:\/\/www2.ufmg.br\/sods\/content\/download\/1497\/12053\/version\/2\/file\/02rescepe2009+est%C3%A1gio.pdf\" target=\"_blank\" rel=\"noreferrer noopener\">Resolu\u00e7\u00e3o 02\/2009 do CEPE<\/a> e <a href=\"http:\/\/www.ufmg.br\/prograd\/arquivos\/estagio\/port1042006Estagio.pdf\" target=\"_blank\" rel=\"noreferrer noopener\">Portaria n\u00ba104\/2006 &#8211; Determina os instrumentos jur\u00eddicos de Est\u00e1gio da UFMG<\/a><\/p>\n","protected":false},"excerpt":{"rendered":"<p>1 &#8211; Informamos que para celebrar o contrato de\u00a0est\u00e1gio n\u00e3o obrigat\u00f3rio\u00a0em primeiro lugar os representantes da empresa, voc\u00ea (estagi\u00e1rio)\u00a0 e o supervisor de est\u00e1gio (que [&#8230;]<\/p>\n","protected":false},"author":2,"featured_media":0,"parent":0,"menu_order":0,"comment_status":"closed","ping_status":"closed","template":"","meta":{"footnotes":""},"class_list":["post-4461","page","type-page","status-publish","hentry"],"_links":{"self":[{"href":"https:\/\/grad.eba.ufmg.br\/caad\/index.php\/wp-json\/wp\/v2\/pages\/4461","targetHints":{"allow":["GET"]}}],"collection":[{"href":"https:\/\/grad.eba.ufmg.br\/caad\/index.php\/wp-json\/wp\/v2\/pages"}],"about":[{"href":"https:\/\/grad.eba.ufmg.br\/caad\/index.php\/wp-json\/wp\/v2\/types\/page"}],"author":[{"embeddable":true,"href":"https:\/\/grad.eba.ufmg.br\/caad\/index.php\/wp-json\/wp\/v2\/users\/2"}],"replies":[{"embeddable":true,"href":"https:\/\/grad.eba.ufmg.br\/caad\/index.php\/wp-json\/wp\/v2\/comments?post=4461"}],"version-history":[{"count":4,"href":"https:\/\/grad.eba.ufmg.br\/caad\/index.php\/wp-json\/wp\/v2\/pages\/4461\/revisions"}],"predecessor-version":[{"id":6923,"href":"https:\/\/grad.eba.ufmg.br\/caad\/index.php\/wp-json\/wp\/v2\/pages\/4461\/revisions\/6923"}],"wp:attachment":[{"href":"https:\/\/grad.eba.ufmg.br\/caad\/index.php\/wp-json\/wp\/v2\/media?parent=4461"}],"curies":[{"name":"wp","href":"https:\/\/api.w.org\/{rel}","templated":true}]}}