{"id":4405,"date":"2023-04-18T17:09:36","date_gmt":"2023-04-18T20:09:36","guid":{"rendered":"https:\/\/grad.eba.ufmg.br\/caad\/?page_id=4405"},"modified":"2025-03-26T11:52:16","modified_gmt":"2025-03-26T14:52:16","slug":"projetoitnerdisciplinar","status":"publish","type":"page","link":"https:\/\/grad.eba.ufmg.br\/caad\/index.php\/projetoitnerdisciplinar\/","title":{"rendered":"Projeto interdisciplinar orientado"},"content":{"rendered":"\n<p>A atividade acad\u00eamica Projeto interdisciplinar orientado &#8211;  FTC382 \u00e9 uma Atividade Acad\u00eamica Acad\u00eamica Cientifico Cultural permite que qualquer estudante regularmente matriculado no curso de Cinema de Anima\u00e7\u00e3o e Artes Digitais &#8211; CAAD possa desenvolver projetos diversos, independente da grade de disciplinas do curso<\/p>\n\n\n\n<p><strong>O procedimento para que o a(s) estudante(s) possa(m) requerer a atividade acad\u00eamica  Projeto interdisciplinar orientado &#8211;  FTC382<\/strong> <strong> se d\u00e1 da seguinte maneira:<\/strong><\/p>\n\n\n\n<p>1 &#8211; O(A)s estudante(s) dever\u00e1(\u00e3o) ter uma proposta de projeto ou parte de um projeto que seja execut\u00e1vel em um semestre;<\/p>\n\n\n\n<p>2 &#8211; Um professor do CAAD dever\u00e1 ser escolhido como orientador do projeto proposto;<\/p>\n\n\n\n<p>3 &#8211; Informar ao colegiado pelo e-mail &#8211; caad@eba.ufmg.br &#8211; sobre o interesse em participar do Laborat\u00f3rio CAAD j\u00e1 indicando quem \u00e9 o professor orientador. N\u00e3o \u00e9 necess\u00e1rio matricula pr\u00e9vio pois \u00e9 uma <strong>AACCs &#8211; Atividades<a href=\"https:\/\/www.google.com\/url?sa=t&amp;source=web&amp;rct=j&amp;opi=89978449&amp;url=https:\/\/grad.letras.ufmg.br\/curso\/atividades-academico-cientifico-culturais&amp;ved=2ahUKEwjCw6vOqdKLAxVeHrkGHdfuBpgQFnoECBUQAQ&amp;usg=AOvVaw3lvM6SSszhiGTX5oH37q6t\"> <\/a>Acad\u00eamico Cient\u00edfico Culturais<\/strong>;<\/p>\n\n\n\n<p>4 &#8211; O estudante ou a equipe de estudantes executora projeto dever\u00e1 elaborar um cronograma de execu\u00e7\u00e3o junto ao professor orientador, definindo o que ser\u00e1 entregue no final do semestre;<\/p>\n\n\n\n<p>5 &#8211; No final do semestre o professor orientador dever\u00e1 preencher, assinar e encaminhar a declara\u00e7\u00e3o de Orienta\u00e7\u00e3o em <a href=\"https:\/\/docs.google.com\/document\/d\/15bECi2aAaw2lsIkZ17ErxFm7zEwdBgIYFDf2A95tnho\/edit\" target=\"_blank\" rel=\"noreferrer noopener\"><strong> Projeto interdisciplinar orientado &#8211;  FTC382<\/strong><\/a>  para o colegiado lan\u00e7ar os cr\u00e9ditos de optativa de acordo com o indicado no formul\u00e1rio preenchido pelo(a) professor(a) orientador(a) do projeto. <\/p>\n\n\n\n<p>6 &#8211; Poder\u00e1 ser atribu\u00eddo de 15 a 60 horas ( 1 a 4 cr\u00e9ditos) de optativa optativa por semestre, totalizando 120 horas &#8211; 8 cr\u00e9ditos durante todo curso <strong> (optativas gerais &#8211; grupo G5)<\/strong><\/p>\n\n\n\n<p><\/p>\n\n\n\n<p><\/p>\n","protected":false},"excerpt":{"rendered":"<p>A atividade acad\u00eamica Projeto interdisciplinar orientado &#8211; FTC382 \u00e9 uma Atividade Acad\u00eamica Acad\u00eamica Cientifico Cultural permite que qualquer estudante regularmente matriculado no curso de Cinema [&#8230;]<\/p>\n","protected":false},"author":1,"featured_media":0,"parent":0,"menu_order":0,"comment_status":"closed","ping_status":"closed","template":"","meta":{"footnotes":""},"class_list":["post-4405","page","type-page","status-publish","hentry"],"_links":{"self":[{"href":"https:\/\/grad.eba.ufmg.br\/caad\/index.php\/wp-json\/wp\/v2\/pages\/4405","targetHints":{"allow":["GET"]}}],"collection":[{"href":"https:\/\/grad.eba.ufmg.br\/caad\/index.php\/wp-json\/wp\/v2\/pages"}],"about":[{"href":"https:\/\/grad.eba.ufmg.br\/caad\/index.php\/wp-json\/wp\/v2\/types\/page"}],"author":[{"embeddable":true,"href":"https:\/\/grad.eba.ufmg.br\/caad\/index.php\/wp-json\/wp\/v2\/users\/1"}],"replies":[{"embeddable":true,"href":"https:\/\/grad.eba.ufmg.br\/caad\/index.php\/wp-json\/wp\/v2\/comments?post=4405"}],"version-history":[{"count":9,"href":"https:\/\/grad.eba.ufmg.br\/caad\/index.php\/wp-json\/wp\/v2\/pages\/4405\/revisions"}],"predecessor-version":[{"id":7100,"href":"https:\/\/grad.eba.ufmg.br\/caad\/index.php\/wp-json\/wp\/v2\/pages\/4405\/revisions\/7100"}],"wp:attachment":[{"href":"https:\/\/grad.eba.ufmg.br\/caad\/index.php\/wp-json\/wp\/v2\/media?parent=4405"}],"curies":[{"name":"wp","href":"https:\/\/api.w.org\/{rel}","templated":true}]}}