{"id":210,"date":"2018-12-10T15:36:21","date_gmt":"2018-12-10T17:36:21","guid":{"rendered":"https:\/\/www.eba.ufmg.br\/caad\/?page_id=210"},"modified":"2025-01-07T00:29:22","modified_gmt":"2025-01-07T03:29:22","slug":"ppc-projeto-pedagogico","status":"publish","type":"page","link":"https:\/\/grad.eba.ufmg.br\/caad\/index.php\/sobre-o-curso\/ppc-projeto-pedagogico\/","title":{"rendered":"Projeto Pedag\u00f3gico e Regulamento"},"content":{"rendered":"\n<p><strong>Projeto Pedag\u00f3gico do Curso &#8211; PPC<\/strong> \u00e9 o documento oficial que cont\u00e9m as diretrizes pedag\u00f3gicas que o curso se prop\u00f5e.<\/p>\n\n\n\n<p><a href=\"https:\/\/drive.google.com\/file\/d\/15GiOMi8vivCr4CllRkKXrfR3ez7AkmLK\/view?usp=sharing\" target=\"_blank\" rel=\"noreferrer noopener\"><strong>PROJETO PEDAG\u00d3GICO DO CAAD<\/strong><\/a><\/p>\n\n\n\n<p>O <strong>Regulamento do curso<\/strong> \u00e9 o documento que re\u00fane as resolu\u00e7\u00f5es do curso de Cinema de Anima\u00e7\u00e3o e Artes Digitais &#8211; CAAD.<\/p>\n\n\n\n<p><a href=\"https:\/\/drive.google.com\/file\/d\/113aDGHo7e2IOIfsJAaBP3av-Si-QhDRs\/view?usp=sharing\" target=\"_blank\" rel=\"noreferrer noopener\"><strong>REGULAMENTO CAA<\/strong><\/a><a href=\"https:\/\/drive.google.com\/file\/d\/113aDGHo7e2IOIfsJAaBP3av-Si-QhDRs\/view?usp=sharing\"><strong>D<\/strong><\/a><\/p>\n","protected":false},"excerpt":{"rendered":"<p>Projeto Pedag\u00f3gico do Curso &#8211; PPC \u00e9 o documento oficial que cont\u00e9m as diretrizes pedag\u00f3gicas que o curso se prop\u00f5e. PROJETO PEDAG\u00d3GICO DO CAAD O [&#8230;]<\/p>\n","protected":false},"author":1,"featured_media":0,"parent":36,"menu_order":0,"comment_status":"closed","ping_status":"closed","template":"","meta":{"footnotes":""},"class_list":["post-210","page","type-page","status-publish","hentry"],"_links":{"self":[{"href":"https:\/\/grad.eba.ufmg.br\/caad\/index.php\/wp-json\/wp\/v2\/pages\/210","targetHints":{"allow":["GET"]}}],"collection":[{"href":"https:\/\/grad.eba.ufmg.br\/caad\/index.php\/wp-json\/wp\/v2\/pages"}],"about":[{"href":"https:\/\/grad.eba.ufmg.br\/caad\/index.php\/wp-json\/wp\/v2\/types\/page"}],"author":[{"embeddable":true,"href":"https:\/\/grad.eba.ufmg.br\/caad\/index.php\/wp-json\/wp\/v2\/users\/1"}],"replies":[{"embeddable":true,"href":"https:\/\/grad.eba.ufmg.br\/caad\/index.php\/wp-json\/wp\/v2\/comments?post=210"}],"version-history":[{"count":18,"href":"https:\/\/grad.eba.ufmg.br\/caad\/index.php\/wp-json\/wp\/v2\/pages\/210\/revisions"}],"predecessor-version":[{"id":6927,"href":"https:\/\/grad.eba.ufmg.br\/caad\/index.php\/wp-json\/wp\/v2\/pages\/210\/revisions\/6927"}],"up":[{"embeddable":true,"href":"https:\/\/grad.eba.ufmg.br\/caad\/index.php\/wp-json\/wp\/v2\/pages\/36"}],"wp:attachment":[{"href":"https:\/\/grad.eba.ufmg.br\/caad\/index.php\/wp-json\/wp\/v2\/media?parent=210"}],"curies":[{"name":"wp","href":"https:\/\/api.w.org\/{rel}","templated":true}]}}