{"id":188,"date":"2018-12-10T15:02:58","date_gmt":"2018-12-10T17:02:58","guid":{"rendered":"https:\/\/www.eba.ufmg.br\/caad\/?page_id=188"},"modified":"2024-12-10T10:36:48","modified_gmt":"2024-12-10T13:36:48","slug":"formas-de-ingresso","status":"publish","type":"page","link":"https:\/\/grad.eba.ufmg.br\/caad\/index.php\/sobre-o-curso\/formas-de-ingresso\/","title":{"rendered":"Formas de Ingresso"},"content":{"rendered":"<p>O Curso de Cinema de Anima\u00e7\u00e3o e Artes Digitais possui quatro formas de ingresso<\/p>\n<ol>\n<li><strong>Processo Seletivo, que consiste no Vestibular (prova de habilidades) e ENEM<\/strong><\/li>\n<li>Obten\u00e7\u00e3o de Novo T\u00edtulo;<\/li>\n<li>Transfer\u00eancia;<\/li>\n<li>Refugiado Pol\u00edtico;<\/li>\n<\/ol>\n<p>O Vestibular de Habilidades \u00e9 aplicado para candidatos a vagas nos cursos de Artes Visuais, Cinema de Anima\u00e7\u00e3o e Artes Digitais, Dan\u00e7a, Design de Moda, M\u00fasica Bacharelado, M\u00fasica Licenciatura e Teatro.<\/p>\n<p>Para participar, o candidato ao CAAD deve realizar o ENEM &#8211; Exame Nacional de Ensino M\u00e9dio\u00a0<strong> (Aten\u00e7\u00e3o!!! N\u00e3o h\u00e1 inscri\u00e7\u00e3o direto pelo Sisu) <\/strong>e se inscrever no processo seletivo da prova de habilidades da UFMG por meio da <a href=\"https:\/\/www.ufmg.br\/copeve\/site_novo\/\">Copeve &#8211; Comiss\u00e3o Permanente do Vestibular da UFMG<\/a>.<\/p>\n<p>Fiquem atentos!!!\u00a0 Geralmente as inscri\u00e7\u00f5es ocorrem entre os per\u00edodos de <strong>Novembro<\/strong> a <strong>Dezembro<\/strong> e as provas ocorrem entre o final de <strong>Janeiro<\/strong> e in\u00edcio de <strong>Fevereiro<\/strong>.<\/p>\n<h3><a href=\"https:\/\/www.ufmg.br\/copeve\/site_novo\/\" target=\"_blank\" rel=\"noopener\"><strong>Copeve<\/strong><\/a><\/h3>\n<p>Telefones: (31) 3409-4408 \/ 3409-4409<br \/>\nAv. Pres. Ant\u00f4nio Carlos, 6627 &#8211; Unidade Administrativa III<br \/>\nCampus Pampulha &#8211; Belo Horizonte &#8211; MG<br \/>\nCEP 31270-901<\/p>\n<p>Mais informa\u00e7\u00f5es sobre ingresso no <a href=\"https:\/\/ufmg.br\/cursos\/formas-de-ingresso\/ingresso-em-graduacao\">Site da UFMG<\/a><\/p>\n<p>Em 28 de Agosto de 2017, o aluno Heitor Coelho do CAAD, fez um <a href=\"https:\/\/www.youtube.com\/watch?v=sFEt276jjh4\">v\u00eddeo independente<\/a> que explica o processo de entrada da UFMG. Este v\u00eddeo n\u00e3o \u00e9 oficial do curso e n\u00e3o nos responsabilizamos por altera\u00e7\u00f5es no processo atual que estejam incompat\u00edveis com o mesmo, mas pode servir de apoio aqueles que desejam uma informa\u00e7\u00e3o n\u00e3o oficial.<\/p>\n","protected":false},"excerpt":{"rendered":"<p>O Curso de Cinema de Anima\u00e7\u00e3o e Artes Digitais possui quatro formas de ingresso Processo Seletivo, que consiste no Vestibular (prova de habilidades) e ENEM [&#8230;]<\/p>\n","protected":false},"author":1,"featured_media":0,"parent":36,"menu_order":0,"comment_status":"closed","ping_status":"closed","template":"","meta":{"footnotes":""},"class_list":["post-188","page","type-page","status-publish","hentry"],"_links":{"self":[{"href":"https:\/\/grad.eba.ufmg.br\/caad\/index.php\/wp-json\/wp\/v2\/pages\/188","targetHints":{"allow":["GET"]}}],"collection":[{"href":"https:\/\/grad.eba.ufmg.br\/caad\/index.php\/wp-json\/wp\/v2\/pages"}],"about":[{"href":"https:\/\/grad.eba.ufmg.br\/caad\/index.php\/wp-json\/wp\/v2\/types\/page"}],"author":[{"embeddable":true,"href":"https:\/\/grad.eba.ufmg.br\/caad\/index.php\/wp-json\/wp\/v2\/users\/1"}],"replies":[{"embeddable":true,"href":"https:\/\/grad.eba.ufmg.br\/caad\/index.php\/wp-json\/wp\/v2\/comments?post=188"}],"version-history":[{"count":7,"href":"https:\/\/grad.eba.ufmg.br\/caad\/index.php\/wp-json\/wp\/v2\/pages\/188\/revisions"}],"predecessor-version":[{"id":6841,"href":"https:\/\/grad.eba.ufmg.br\/caad\/index.php\/wp-json\/wp\/v2\/pages\/188\/revisions\/6841"}],"up":[{"embeddable":true,"href":"https:\/\/grad.eba.ufmg.br\/caad\/index.php\/wp-json\/wp\/v2\/pages\/36"}],"wp:attachment":[{"href":"https:\/\/grad.eba.ufmg.br\/caad\/index.php\/wp-json\/wp\/v2\/media?parent=188"}],"curies":[{"name":"wp","href":"https:\/\/api.w.org\/{rel}","templated":true}]}}