{"id":1491,"date":"2020-09-30T10:00:08","date_gmt":"2020-09-30T13:00:08","guid":{"rendered":"https:\/\/www.eba.ufmg.br\/caad\/?page_id=1491"},"modified":"2025-01-07T00:17:57","modified_gmt":"2025-01-07T03:17:57","slug":"prova-de-habilidades-2021","status":"publish","type":"page","link":"https:\/\/grad.eba.ufmg.br\/caad\/index.php\/prova-de-habilidades-2021\/","title":{"rendered":"Cola\u00e7\u00e3o de Grau"},"content":{"rendered":"<div>\u00a0<\/div>\n\n\n<p>A Se\u00e7\u00e3o de Ensino da Escola de Belas Artes solicitar\u00e1 ao prov\u00e1vel formando o preenchimento do <a href=\"https:\/\/drive.google.com\/file\/d\/1nrkJos84H3HS2GcC-RsPEvclBfkeuqkn\/view?usp=sharing\"><strong>FORMUL\u00c1RIO DE COLA\u00c7\u00c3O DE GRAU<\/strong>.<\/a> Assim, recomendamos que o formando mantenha atualizado o seu e-mail no SIGA. <\/p>\n\n\n\n<p>Duvidas gerais basta encaminhar um e-mail para (sensino@eba.ufmg.br)<\/p>\n","protected":false},"excerpt":{"rendered":"<p>\u00a0 A Se\u00e7\u00e3o de Ensino da Escola de Belas Artes solicitar\u00e1 ao prov\u00e1vel formando o preenchimento do FORMUL\u00c1RIO DE COLA\u00c7\u00c3O DE GRAU. Assim, recomendamos que [&#8230;]<\/p>\n","protected":false},"author":1,"featured_media":0,"parent":0,"menu_order":0,"comment_status":"closed","ping_status":"closed","template":"","meta":{"footnotes":""},"class_list":["post-1491","page","type-page","status-publish","hentry"],"_links":{"self":[{"href":"https:\/\/grad.eba.ufmg.br\/caad\/index.php\/wp-json\/wp\/v2\/pages\/1491","targetHints":{"allow":["GET"]}}],"collection":[{"href":"https:\/\/grad.eba.ufmg.br\/caad\/index.php\/wp-json\/wp\/v2\/pages"}],"about":[{"href":"https:\/\/grad.eba.ufmg.br\/caad\/index.php\/wp-json\/wp\/v2\/types\/page"}],"author":[{"embeddable":true,"href":"https:\/\/grad.eba.ufmg.br\/caad\/index.php\/wp-json\/wp\/v2\/users\/1"}],"replies":[{"embeddable":true,"href":"https:\/\/grad.eba.ufmg.br\/caad\/index.php\/wp-json\/wp\/v2\/comments?post=1491"}],"version-history":[{"count":19,"href":"https:\/\/grad.eba.ufmg.br\/caad\/index.php\/wp-json\/wp\/v2\/pages\/1491\/revisions"}],"predecessor-version":[{"id":6922,"href":"https:\/\/grad.eba.ufmg.br\/caad\/index.php\/wp-json\/wp\/v2\/pages\/1491\/revisions\/6922"}],"wp:attachment":[{"href":"https:\/\/grad.eba.ufmg.br\/caad\/index.php\/wp-json\/wp\/v2\/media?parent=1491"}],"curies":[{"name":"wp","href":"https:\/\/api.w.org\/{rel}","templated":true}]}}