{"id":127,"date":"2018-12-06T09:48:38","date_gmt":"2018-12-06T11:48:38","guid":{"rendered":"https:\/\/www.eba.ufmg.br\/caad\/?page_id=127"},"modified":"2025-06-02T15:23:16","modified_gmt":"2025-06-02T18:23:16","slug":"docentes","status":"publish","type":"page","link":"https:\/\/grad.eba.ufmg.br\/caad\/index.php\/sobre-o-curso\/docentes\/","title":{"rendered":"Docentes"},"content":{"rendered":"<p>O CAAD \u00e9 constitu\u00eddo por professores regulares e substitutos em caso de afastamento tempor\u00e1rio de um de seus docentes.<\/p>\n<ol>\n<li><a href=\"http:\/\/somos.ufmg.br\/professor\/ana-lucia-menezes-de-andrade\">Ana L\u00facia Menezes de Andrade<\/a> (doutora)<\/li>\n<li><a href=\"http:\/\/somos.ufmg.br\/professor\/angelica-beatriz-castro-guimaraes\">Ang\u00e9lica Beatriz Castro Guimar\u00e3es<\/a> (doutora)<\/li>\n<li><a href=\"http:\/\/somos.ufmg.br\/professor\/antonio-cesar-fialho-de-sousa\">Antonio C\u00e9sar Fialho de Sousa<\/a> (doutor)<\/li>\n<li><a href=\"http:\/\/somos.ufmg.br\/professor\/carlos-henrique-rezende-falci\">Carlos Henrique Rezende Falci<\/a> (doutor)<\/li>\n<li><a href=\"http:\/\/somos.ufmg.br\/professor\/daniel-leal-werneck\">Daniel Leal Werneck<\/a> (doutor)<\/li>\n<li><a href=\"http:\/\/somos.ufmg.br\/professor\/jalver-machado-bethonico\">Jalver Machado Beth\u00f4nico<\/a> (doutor)<\/li>\n<li><a href=\"http:\/\/somos.ufmg.br\/professor\/leonardo-alvares-vidigal\">Leonardo Alvares Vidigal<\/a> (doutor)<\/li>\n<li><a href=\"http:\/\/lattes.cnpq.br\/6960868651558296\">Luhan Dias Souza<\/a> (doutor)<\/li>\n<li><a href=\"http:\/\/somos.ufmg.br\/professor\/luis-moraes-coelho\">Luis Moraes Coelho<\/a> (doutor)<\/li>\n<li><a href=\"http:\/\/somos.ufmg.br\/professor\/luiz-roberto-pinto-nazario\">Luiz Roberto Pinto Nazario<\/a> (doutor)<\/li>\n<li><a href=\"http:\/\/somos.ufmg.br\/professor\/mauricio-silva-gino\">Maur\u00edcio Silva Gino<\/a> (doutor)<\/li>\n<li><a href=\"http:\/\/lattes.cnpq.br\/9111926749049248\">Pedro Cardoso Aspahan<\/a> (doutor)<\/li>\n<li><a href=\"http:\/\/somos.ufmg.br\/professor\/rosilane-ribeiro-da-mota\">Rosilane Ribeiro da Mota<\/a> (doutora)<\/li>\n<li><a href=\"http:\/\/somos.ufmg.br\/professor\/simon-pedro-brethe\">Simon Pedro Breth\u00e9<\/a> (doutor)<\/li>\n<li><a href=\"http:\/\/lattes.cnpq.br\/1087880025710247\">Wagner Rodrigues Miranda<\/a> (mestre)<\/li>\n<\/ol>\n","protected":false},"excerpt":{"rendered":"<p>O CAAD \u00e9 constitu\u00eddo por professores regulares e substitutos em caso de afastamento tempor\u00e1rio de um de seus docentes. Ana L\u00facia Menezes de Andrade (doutora) [&#8230;]<\/p>\n","protected":false},"author":1,"featured_media":0,"parent":36,"menu_order":0,"comment_status":"closed","ping_status":"closed","template":"","meta":{"footnotes":""},"class_list":["post-127","page","type-page","status-publish","hentry"],"_links":{"self":[{"href":"https:\/\/grad.eba.ufmg.br\/caad\/index.php\/wp-json\/wp\/v2\/pages\/127","targetHints":{"allow":["GET"]}}],"collection":[{"href":"https:\/\/grad.eba.ufmg.br\/caad\/index.php\/wp-json\/wp\/v2\/pages"}],"about":[{"href":"https:\/\/grad.eba.ufmg.br\/caad\/index.php\/wp-json\/wp\/v2\/types\/page"}],"author":[{"embeddable":true,"href":"https:\/\/grad.eba.ufmg.br\/caad\/index.php\/wp-json\/wp\/v2\/users\/1"}],"replies":[{"embeddable":true,"href":"https:\/\/grad.eba.ufmg.br\/caad\/index.php\/wp-json\/wp\/v2\/comments?post=127"}],"version-history":[{"count":14,"href":"https:\/\/grad.eba.ufmg.br\/caad\/index.php\/wp-json\/wp\/v2\/pages\/127\/revisions"}],"predecessor-version":[{"id":7350,"href":"https:\/\/grad.eba.ufmg.br\/caad\/index.php\/wp-json\/wp\/v2\/pages\/127\/revisions\/7350"}],"up":[{"embeddable":true,"href":"https:\/\/grad.eba.ufmg.br\/caad\/index.php\/wp-json\/wp\/v2\/pages\/36"}],"wp:attachment":[{"href":"https:\/\/grad.eba.ufmg.br\/caad\/index.php\/wp-json\/wp\/v2\/media?parent=127"}],"curies":[{"name":"wp","href":"https:\/\/api.w.org\/{rel}","templated":true}]}}