{"id":975,"date":"2024-05-24T13:56:59","date_gmt":"2024-05-24T16:56:59","guid":{"rendered":"https:\/\/grad.eba.ufmg.br\/artesvisuais\/?page_id=975"},"modified":"2024-07-17T15:55:57","modified_gmt":"2024-07-17T18:55:57","slug":"moodle","status":"publish","type":"page","link":"https:\/\/grad.eba.ufmg.br\/artesvisuais\/index.php\/moodle\/","title":{"rendered":"Moodle do Colegiado"},"content":{"rendered":"\n<div class=\"wp-block-group is-vertical is-layout-flex wp-container-core-group-is-layout-8cf370e7 wp-block-group-is-layout-flex\">\n<p class=\"small-caps\">O que \u00e9 o Moodle do Colegiado?<\/p>\n\n\n\n<p class=\"yuri-cl\">\u00c9 uma ferramenta utilizada para facilitar o acesso, a comunica\u00e7\u00e3o e a troca de informa\u00e7\u00f5es entre os estudantes matriculados no curso e o Colegiado. Atrav\u00e9s do Moodle, estabelecemos datas para entrega de documentos relativos \u00e0 vida acad\u00eamica do estudante, dispomos informa\u00e7\u00f5es relativas ao calend\u00e1rio da Universidade, entre outros.<\/p>\n\n\n\n<p class=\"yuri-cl\">Confira como acessar a plataforma atrav\u00e9s deste <a href=\"https:\/\/grad.eba.ufmg.br\/artesvisuais\/wp-content\/uploads\/2024\/06\/Como-acessar-o-Moodle-do-Colegiado.pdf\" target=\"_blank\" rel=\"noreferrer noopener\">passo a passo<\/a>.<\/p>\n<\/div>\n","protected":false},"excerpt":{"rendered":"<p>O que \u00e9 o Moodle do Colegiado? \u00c9 uma ferramenta utilizada para facilitar o acesso, a comunica\u00e7\u00e3o e a troca de informa\u00e7\u00f5es entre os estudantes matriculados no curso e o Colegiado. Atrav\u00e9s do Moodle, estabelecemos datas para entrega de documentos relativos \u00e0 vida acad\u00eamica do estudante, dispomos informa\u00e7\u00f5es relativas ao calend\u00e1rio da Universidade, entre outros. &hellip; <\/p>\n<p class=\"link-more\"><a href=\"https:\/\/grad.eba.ufmg.br\/artesvisuais\/index.php\/moodle\/\" class=\"more-link\">Continue lendo<span class=\"screen-reader-text\"> &#8220;Moodle do Colegiado&#8221;<\/span><\/a><\/p>\n","protected":false},"author":1,"featured_media":0,"parent":0,"menu_order":0,"comment_status":"closed","ping_status":"closed","template":"","meta":{"footnotes":""},"class_list":["post-975","page","type-page","status-publish","hentry"],"_links":{"self":[{"href":"https:\/\/grad.eba.ufmg.br\/artesvisuais\/index.php\/wp-json\/wp\/v2\/pages\/975","targetHints":{"allow":["GET"]}}],"collection":[{"href":"https:\/\/grad.eba.ufmg.br\/artesvisuais\/index.php\/wp-json\/wp\/v2\/pages"}],"about":[{"href":"https:\/\/grad.eba.ufmg.br\/artesvisuais\/index.php\/wp-json\/wp\/v2\/types\/page"}],"author":[{"embeddable":true,"href":"https:\/\/grad.eba.ufmg.br\/artesvisuais\/index.php\/wp-json\/wp\/v2\/users\/1"}],"replies":[{"embeddable":true,"href":"https:\/\/grad.eba.ufmg.br\/artesvisuais\/index.php\/wp-json\/wp\/v2\/comments?post=975"}],"version-history":[{"count":3,"href":"https:\/\/grad.eba.ufmg.br\/artesvisuais\/index.php\/wp-json\/wp\/v2\/pages\/975\/revisions"}],"predecessor-version":[{"id":1610,"href":"https:\/\/grad.eba.ufmg.br\/artesvisuais\/index.php\/wp-json\/wp\/v2\/pages\/975\/revisions\/1610"}],"wp:attachment":[{"href":"https:\/\/grad.eba.ufmg.br\/artesvisuais\/index.php\/wp-json\/wp\/v2\/media?parent=975"}],"curies":[{"name":"wp","href":"https:\/\/api.w.org\/{rel}","templated":true}]}}