{"id":71,"date":"2018-08-01T02:58:09","date_gmt":"2018-08-01T02:58:09","guid":{"rendered":"https:\/\/www.eba.ufmg.br\/artesvisuais\/?page_id=71"},"modified":"2024-11-11T14:30:41","modified_gmt":"2024-11-11T17:30:41","slug":"nde","status":"publish","type":"page","link":"https:\/\/grad.eba.ufmg.br\/artesvisuais\/index.php\/nde\/","title":{"rendered":"N\u00facleo Docente Estruturante (NDE)"},"content":{"rendered":"\n<div class=\"wp-block-group is-vertical is-layout-flex wp-container-core-group-is-layout-8cf370e7 wp-block-group-is-layout-flex\">\n<p class=\"small-caps\">N\u00facleo Docente Estruturante (NDE)<\/p>\n\n\n\n<p>\u00c9 uma inst\u00e2ncia de car\u00e1ter consultivo, para acompanhamento do curso, &nbsp;visando \u00e0 cont\u00ednua promo\u00e7\u00e3o de sua qualidade.<\/p>\n\n\n\n<p class=\"yuri-cl\"><strong>Para mais informa\u00e7\u00f5es:<\/strong> <a href=\"https:\/\/grad.eba.ufmg.br\/artesvisuais\/wp-content\/uploads\/2024\/06\/Resolucao-10-2018.pdf\" data-type=\"link\" data-id=\"https:\/\/grad.eba.ufmg.br\/artesvisuais\/wp-content\/uploads\/2024\/06\/Resolucao-10-2018.pdf\" target=\"_blank\" rel=\"noreferrer noopener\">Resolu\u00e7\u00e3o N\u00ba 10\/2018 (NDE)<\/a><\/p>\n<\/div>\n\n\n\n<div style=\"height:20px\" aria-hidden=\"true\" class=\"wp-block-spacer\"><\/div>\n\n\n\n<div class=\"wp-block-group is-vertical is-layout-flex wp-container-core-group-is-layout-8cf370e7 wp-block-group-is-layout-flex\">\n<p class=\"has-text-align-left small-caps\">Composi\u00e7\u00e3o atual<\/p>\n\n\n\n<p class=\"yuri-cl\"><a href=\"https:\/\/grad.eba.ufmg.br\/artesvisuais\/index.php\/corpo-docente\/#wagner-viana\" data-type=\"page\" data-id=\"70\" target=\"_blank\" rel=\"noreferrer noopener\">Prof. Wagner Leite Viana<\/a><br><strong>Presidente do NDE<\/strong><\/p>\n\n\n\n<p class=\"yuri-cl\"><a href=\"https:\/\/grad.eba.ufmg.br\/artesvisuais\/index.php\/corpo-docente\/#helio-passos\" target=\"_blank\" rel=\"noreferrer noopener\">Prof. H\u00e9lio Passos Rezende<\/a><br><strong>Coordenador do Colegiado<\/strong><\/p>\n\n\n\n<p class=\"yuri-cl\"><a href=\"https:\/\/grad.eba.ufmg.br\/artesvisuais\/index.php\/corpo-docente\/#fernanda-goulart\" data-type=\"page\" data-id=\"70\" target=\"_blank\" rel=\"noreferrer noopener\">Prof.\u00aa Fernanda Guimar\u00e3es Goulart<\/a><br>\u00c1rea de <strong>Artes Gr\u00e1ficas<\/strong><\/p>\n\n\n\n<p class=\"yuri-cl\"><a href=\"https:\/\/grad.eba.ufmg.br\/artesvisuais\/index.php\/corpo-docente\/#camila-cruz\" data-type=\"page\" data-id=\"70\" target=\"_blank\" rel=\"noreferrer noopener\">Prof.\u00aa Camila Rodrigues Moreira Cruz<br><\/a>\u00c1rea de <strong>Desenho<\/strong><\/p>\n\n\n\n<p class=\"yuri-cl\"><a href=\"https:\/\/grad.eba.ufmg.br\/artesvisuais\/index.php\/corpo-docente\/#mayana-redin\" target=\"_blank\" rel=\"noreferrer noopener\">Prof.\u00aa Mayana Martins Redin<\/a><br>\u00c1rea de <strong>Escultura<\/strong><\/p>\n\n\n\n<p class=\"yuri-cl\"><a href=\"https:\/\/grad.eba.ufmg.br\/artesvisuais\/index.php\/corpo-docente\/#eduardo-queiroga\" data-type=\"page\" data-id=\"70\" target=\"_blank\" rel=\"noreferrer noopener\">Prof. Eduardo Queiroga<\/a><br>\u00c1rea de <strong>Fotografia e Cinema<\/strong><\/p>\n\n\n\n<p class=\"yuri-cl\"><a href=\"https:\/\/grad.eba.ufmg.br\/artesvisuais\/index.php\/corpo-docente\/#eliana-ambrosio\" data-type=\"page\" data-id=\"70\" target=\"_blank\" rel=\"noreferrer noopener\">Prof.\u00aa Eliana Ribeiro Ambr\u00f3sio Miyoshi<\/a><br>\u00c1rea de <strong>Gravura<\/strong><\/p>\n\n\n\n<p class=\"yuri-cl\"><a href=\"https:\/\/grad.eba.ufmg.br\/artesvisuais\/index.php\/corpo-docente\/#wagner-viana\" data-type=\"page\" data-id=\"70\" target=\"_blank\" rel=\"noreferrer noopener\">Prof. Wagner Leite Viana<\/a><br>\u00c1rea de <strong>Licenciatura<\/strong><\/p>\n\n\n\n<p class=\"yuri-cl\"><a href=\"https:\/\/grad.eba.ufmg.br\/artesvisuais\/index.php\/corpo-docente\/#alan-borges\" data-type=\"page\" data-id=\"70\" target=\"_blank\" rel=\"noreferrer noopener\">Prof. Alan Fontes Borges<\/a><br>\u00c1rea de <strong>Pintura<\/strong><\/p>\n\n\n\n<p class=\"yuri-cl\"><a href=\"https:\/\/grad.eba.ufmg.br\/artesvisuais\/index.php\/corpo-docente\/#guilherme-bueno\" data-type=\"page\" data-id=\"70\" target=\"_blank\" rel=\"noreferrer noopener\">Prof. Guilherme da Silva Bueno<\/a><br>\u00c1rea de <strong>Teoria, Cr\u00edtica e Hist\u00f3ria das Artes Visuais<\/strong><\/p>\n<\/div>\n","protected":false},"excerpt":{"rendered":"<p>N\u00facleo Docente Estruturante (NDE) \u00c9 uma inst\u00e2ncia de car\u00e1ter consultivo, para acompanhamento do curso, &nbsp;visando \u00e0 cont\u00ednua promo\u00e7\u00e3o de sua qualidade. Para mais informa\u00e7\u00f5es: Resolu\u00e7\u00e3o N\u00ba 10\/2018 (NDE) Composi\u00e7\u00e3o atual Prof. Wagner Leite VianaPresidente do NDE Prof. H\u00e9lio Passos RezendeCoordenador do Colegiado Prof.\u00aa Fernanda Guimar\u00e3es Goulart\u00c1rea de Artes Gr\u00e1ficas Prof.\u00aa Camila Rodrigues Moreira Cruz\u00c1rea de &hellip; <\/p>\n<p class=\"link-more\"><a href=\"https:\/\/grad.eba.ufmg.br\/artesvisuais\/index.php\/nde\/\" class=\"more-link\">Continue lendo<span class=\"screen-reader-text\"> &#8220;N\u00facleo Docente Estruturante (NDE)&#8221;<\/span><\/a><\/p>\n","protected":false},"author":1,"featured_media":0,"parent":0,"menu_order":0,"comment_status":"closed","ping_status":"closed","template":"","meta":{"footnotes":""},"class_list":["post-71","page","type-page","status-publish","hentry"],"_links":{"self":[{"href":"https:\/\/grad.eba.ufmg.br\/artesvisuais\/index.php\/wp-json\/wp\/v2\/pages\/71","targetHints":{"allow":["GET"]}}],"collection":[{"href":"https:\/\/grad.eba.ufmg.br\/artesvisuais\/index.php\/wp-json\/wp\/v2\/pages"}],"about":[{"href":"https:\/\/grad.eba.ufmg.br\/artesvisuais\/index.php\/wp-json\/wp\/v2\/types\/page"}],"author":[{"embeddable":true,"href":"https:\/\/grad.eba.ufmg.br\/artesvisuais\/index.php\/wp-json\/wp\/v2\/users\/1"}],"replies":[{"embeddable":true,"href":"https:\/\/grad.eba.ufmg.br\/artesvisuais\/index.php\/wp-json\/wp\/v2\/comments?post=71"}],"version-history":[{"count":34,"href":"https:\/\/grad.eba.ufmg.br\/artesvisuais\/index.php\/wp-json\/wp\/v2\/pages\/71\/revisions"}],"predecessor-version":[{"id":1804,"href":"https:\/\/grad.eba.ufmg.br\/artesvisuais\/index.php\/wp-json\/wp\/v2\/pages\/71\/revisions\/1804"}],"wp:attachment":[{"href":"https:\/\/grad.eba.ufmg.br\/artesvisuais\/index.php\/wp-json\/wp\/v2\/media?parent=71"}],"curies":[{"name":"wp","href":"https:\/\/api.w.org\/{rel}","templated":true}]}}