{"id":70,"date":"2018-08-01T02:58:09","date_gmt":"2018-08-01T02:58:09","guid":{"rendered":"https:\/\/www.eba.ufmg.br\/artesvisuais\/?page_id=70"},"modified":"2024-11-11T14:30:29","modified_gmt":"2024-11-11T17:30:29","slug":"corpo-docente","status":"publish","type":"page","link":"https:\/\/grad.eba.ufmg.br\/artesvisuais\/index.php\/corpo-docente\/","title":{"rendered":"Corpo Docente"},"content":{"rendered":"\n<div class=\"wp-block-group is-vertical is-layout-flex wp-container-core-group-is-layout-8cf370e7 wp-block-group-is-layout-flex\">\n<p class=\"has-text-align-left small-caps\"><span style=\"vertical-align: inherit;\"><span style=\"vertical-align: inherit;\">Docentes em atividade<\/span><\/span><\/p>\n\n\n\n<div class=\"wp-block-group yuri-cl is-horizontal is-content-justification-left is-layout-flex wp-container-core-group-is-layout-330e958a wp-block-group-is-layout-flex\" style=\"line-height:1.8\">\n<p><a href=\"https:\/\/somos.ufmg.br\/professor\/adolfo-enrique-cifuentes\" target=\"_blank\" rel=\"noreferrer noopener\">Adolfo Enrique Cifuentes<\/a><\/p>\n\n\n\n<p id=\"alan-borges\"><a href=\"https:\/\/somos.ufmg.br\/professor\/alan-fontes-borges\" data-type=\"link\" data-id=\"https:\/\/somos.ufmg.br\/professor\/alan-fontes-borges\" target=\"_blank\" rel=\"noreferrer noopener\">Alan Fontes Borges<\/a><\/p>\n\n\n\n<p><a href=\"https:\/\/somos.ufmg.br\/professor\/alexandre-cruz-leao\" target=\"_blank\" rel=\"noreferrer noopener\">Alexandre Cruz Le\u00e3o<\/a><\/p>\n\n\n\n<p><a href=\"https:\/\/somos.ufmg.br\/professor\/amir-brito-cador\" data-type=\"link\" data-id=\"https:\/\/somos.ufmg.br\/professor\/amir-brito-cador\" target=\"_blank\" rel=\"noreferrer noopener\">Amir Brito Cad\u00f4r<\/a><\/p>\n\n\n\n<p id=\"andrea-vilela\"><a href=\"https:\/\/somos.ufmg.br\/professor\/andrea-de-paula-xavier-vilela\" target=\"_blank\" rel=\"noreferrer noopener\">Andr\u00e9a de Paula Xavier Vilela<\/a><\/p>\n\n\n\n<p id=\"anna-karina\"><a href=\"https:\/\/somos.ufmg.br\/professor\/anna-karina-castanheira-bartolomeu\" target=\"_blank\" rel=\"noreferrer noopener\">Anna Karina Castanheira Bartolomeu<\/a><\/p>\n\n\n\n<p><a href=\"https:\/\/somos.ufmg.br\/professor\/antonio-milton-signorini\" data-type=\"link\" data-id=\"https:\/\/somos.ufmg.br\/professor\/antonio-milton-signorini\" target=\"_blank\" rel=\"noreferrer noopener\">Antonio Milton Signorini<\/a><\/p>\n\n\n\n<p id=\"brigida-campbell\"><a href=\"https:\/\/somos.ufmg.br\/professor\/brigida-moura-campbell-paes\" target=\"_blank\" rel=\"noreferrer noopener\">Brigida Moura Campbell Paes<\/a><\/p>\n\n\n\n<p id=\"camila-cruz\"><a href=\"https:\/\/somos.ufmg.br\/professor\/camila-rodrigues-moreira-cruz\" target=\"_blank\" rel=\"noreferrer noopener\">Camila Rodrigues Moreira Cruz<\/a><\/p>\n\n\n\n<p><a href=\"https:\/\/somos.ufmg.br\/professor\/carolina-ruoso\" target=\"_blank\" rel=\"noreferrer noopener\">Carolina Ruoso<\/a><\/p>\n\n\n\n<p><a href=\"https:\/\/somos.ufmg.br\/professor\/christiana-quady-firmato-brant\" target=\"_blank\" rel=\"noreferrer noopener\">Christiana Quady Firmato Brant<\/a><\/p>\n\n\n\n<p id=\"cleber-barreto\"><a href=\"https:\/\/somos.ufmg.br\/professor\/cleber-augusto-barreto-correa\" target=\"_blank\" rel=\"noreferrer noopener\">Cleber Augusto Barreto Corr\u00eaa<\/a><\/p>\n\n\n\n<p><a href=\"https:\/\/somos.ufmg.br\/professor\/cristiano-gurgel-bickel\" target=\"_blank\" rel=\"noreferrer noopener\">Cristiano Gurgel Bickel<\/a><\/p>\n\n\n\n<p id=\"daniele-alves\"><a href=\"https:\/\/somos.ufmg.br\/professor\/daniele-de-sa-alves\" target=\"_blank\" rel=\"noreferrer noopener\">Daniele de S\u00e1 Alves<\/a><\/p>\n\n\n\n<p id=\"eduardo-queiroga\"><a href=\"https:\/\/somos.ufmg.br\/professor\/eduardo-queiroga\" target=\"_blank\" rel=\"noreferrer noopener\">Eduardo Queiroga<\/a><\/p>\n\n\n\n<p id=\"eliana-ambrosio\"><a href=\"https:\/\/somos.ufmg.br\/professor\/eliana-ribeiro-ambrosio\" data-type=\"link\" data-id=\"https:\/\/somos.ufmg.br\/professor\/eliana-ribeiro-ambrosio\" target=\"_blank\" rel=\"noreferrer noopener\">Eliana Ribeiro Ambr\u00f3sio<\/a><\/p>\n\n\n\n<p><a href=\"https:\/\/somos.ufmg.br\/professor\/eugenio-paccelli-da-silva-horta\" target=\"_blank\" rel=\"noreferrer noopener\">Eug\u00eanio Paccelli da Silva Horta<\/a><\/p>\n\n\n\n<p><a href=\"https:\/\/somos.ufmg.br\/professor\/fabricio-jose-fernandino\" target=\"_blank\" rel=\"noreferrer noopener\">Fabr\u00edcio Jos\u00e9 Fernandino<\/a><\/p>\n\n\n\n<p id=\"fernanda-goulart\"><a href=\"https:\/\/somos.ufmg.br\/professor\/fernanda-guimaraes-goulart\" target=\"_blank\" rel=\"noreferrer noopener\">Fernanda Guimar\u00e3es Goulart<\/a><\/p>\n\n\n\n<p><a href=\"https:\/\/somos.ufmg.br\/professor\/george-rembrandt-gutlich\" target=\"_blank\" rel=\"noreferrer noopener\">George Rembrandt Gutlich<\/a><\/p>\n\n\n\n<p><a href=\"https:\/\/somos.ufmg.br\/professor\/geraldo-freire-loyola\" target=\"_blank\" rel=\"noreferrer noopener\">Geraldo Freire Loyola<\/a><\/p>\n\n\n\n<p id=\"giovanna-martins\"><a href=\"https:\/\/somos.ufmg.br\/professor\/giovanna-viana-martins\" target=\"_blank\" rel=\"noreferrer noopener\">Giovanna Viana Martins<\/a><\/p>\n\n\n\n<p id=\"guilherme-bueno\"><a href=\"https:\/\/somos.ufmg.br\/professor\/guilherme-da-silva-bueno\" target=\"_blank\" rel=\"noreferrer noopener\">Guilherme da Silva Bueno<\/a><\/p>\n\n\n\n<p id=\"helio-passos\"><a href=\"https:\/\/somos.ufmg.br\/professor\/helio-passos-rezende\" target=\"_blank\" rel=\"noreferrer noopener\">H\u00e9lio Passos Rezende<\/a><\/p>\n\n\n\n<p><a href=\"https:\/\/somos.ufmg.br\/professor\/hugo-maria-de-mendonca-houayek\" data-type=\"link\" data-id=\"https:\/\/somos.ufmg.br\/professor\/hugo-maria-de-mendonca-houayek\" target=\"_blank\" rel=\"noreferrer noopener\">Hugo Maria de Mendon\u00e7a Houayek<\/a><\/p>\n\n\n\n<p id=\"isabela-prado\"><a href=\"https:\/\/somos.ufmg.br\/professor\/isabela-sales-prado\" target=\"_blank\" rel=\"noreferrer noopener\">Isabela Sales Prado<\/a><\/p>\n\n\n\n<p><a href=\"https:\/\/somos.ufmg.br\/professor\/janaina-barros-silva-viana\" target=\"_blank\" rel=\"noreferrer noopener\">Janaina Barros Silva Viana<\/a><\/p>\n\n\n\n<p><a href=\"https:\/\/somos.ufmg.br\/professor\/janaina-thais-rodrigues-luiz\" target=\"_blank\" rel=\"noreferrer noopener\">Janaina Thais Rodrigues Luiz<\/a><\/p>\n\n\n\n<p><a href=\"https:\/\/somos.ufmg.br\/professor\/joao-augusto-cristeli-de-oliveira\" target=\"_blank\" rel=\"noreferrer noopener\">Jo\u00e3o Augusto Cristeli de Oliveira<\/a><\/p>\n\n\n\n<p><a href=\"https:\/\/somos.ufmg.br\/professor\/joice-saturnino-de-oliveira\" target=\"_blank\" rel=\"noreferrer noopener\">Joice Saturnino de Oliveira<\/a><\/p>\n\n\n\n<p id=\"juliana-gouthier\"><a href=\"https:\/\/somos.ufmg.br\/professor\/juliana-gouthier-macedo\" target=\"_blank\" rel=\"noreferrer noopener\">Juliana Gouthier Macedo<\/a><\/p>\n\n\n\n<p><a href=\"https:\/\/somos.ufmg.br\/professor\/leonora-weissmann\" target=\"_blank\" rel=\"noreferrer noopener\">Leonora Lobo Weissmann Serpa de Andrade<\/a><\/p>\n\n\n\n<p><a href=\"https:\/\/somos.ufmg.br\/professor\/lincoln-volpini-spolaor\" data-type=\"link\" data-id=\"https:\/\/somos.ufmg.br\/professor\/lincoln-volpini-spolaor\" target=\"_blank\" rel=\"noreferrer noopener\">Lincoln Volpini Spolaor<\/a><\/p>\n\n\n\n<p id=\"luis-moraes\"><a href=\"https:\/\/somos.ufmg.br\/professor\/luis-moraes-coelho\" data-type=\"link\" data-id=\"https:\/\/somos.ufmg.br\/professor\/luis-moraes-coelho\" target=\"_blank\" rel=\"noreferrer noopener\">Luis Moraes Coelho<\/a><\/p>\n\n\n\n<p id=\"marcelo-drummond\"><a href=\"https:\/\/somos.ufmg.br\/professor\/marcelo-drummond-lage\" data-type=\"link\" data-id=\"https:\/\/somos.ufmg.br\/professor\/marcelo-drummond-lage\" target=\"_blank\" rel=\"noreferrer noopener\">Marcelo Drummond Lage<\/a><\/p>\n\n\n\n<p><a href=\"https:\/\/somos.ufmg.br\/professor\/marcio-andre-diegues\" data-type=\"link\" data-id=\"https:\/\/somos.ufmg.br\/professor\/marcio-andre-diegues\" target=\"_blank\" rel=\"noreferrer noopener\">M\u00e1rcio Andre Diegues<\/a><\/p>\n\n\n\n<p><a href=\"https:\/\/somos.ufmg.br\/professor\/maria-do-carmo-de-freitas-veneroso\" data-type=\"link\" data-id=\"https:\/\/somos.ufmg.br\/professor\/maria-do-carmo-de-freitas-veneroso\" target=\"_blank\" rel=\"noreferrer noopener\">Maria do Carmo de Freitas Veneroso<\/a><\/p>\n\n\n\n<p id=\"elisa-campos\"><a href=\"https:\/\/somos.ufmg.br\/professor\/maria-elisa-martins-campos-do-amaral\" target=\"_blank\" rel=\"noreferrer noopener\">Maria Elisa Martins Campos do Amaral<\/a><\/p>\n\n\n\n<p id=\"liliza\"><a href=\"https:\/\/somos.ufmg.br\/professor\/maria-elisa-mendes-miranda\" target=\"_blank\" rel=\"noreferrer noopener\">Maria Elisa Mendes Miranda<\/a><\/p>\n\n\n\n<p><a href=\"https:\/\/somos.ufmg.br\/professor\/marina-romagnoli-bethonico\" data-type=\"link\" data-id=\"https:\/\/somos.ufmg.br\/professor\/marina-romagnoli-bethonico\" target=\"_blank\" rel=\"noreferrer noopener\">Marina Romagnoli Beth\u00f4nico<\/a><\/p>\n\n\n\n<p id=\"mayana-redin\"><a href=\"http:\/\/lattes.cnpq.br\/0613410645953025\" target=\"_blank\" rel=\"noreferrer noopener\">Mayana Martins Redin<\/a><\/p>\n\n\n\n<p><a href=\"https:\/\/somos.ufmg.br\/professor\/patricia-de-paula-pereira\" data-type=\"link\" data-id=\"https:\/\/somos.ufmg.br\/professor\/patricia-de-paula-pereira\" target=\"_blank\" rel=\"noreferrer noopener\">Patr\u00edcia de Paula Pereira<\/a><\/p>\n\n\n\n<p><a href=\"https:\/\/somos.ufmg.br\/professor\/patricia-dias-franca-huchet\" data-type=\"link\" data-id=\"https:\/\/somos.ufmg.br\/professor\/patricia-dias-franca-huchet\" target=\"_blank\" rel=\"noreferrer noopener\">Patr\u00edcia Dias Franca-Huchet<\/a><\/p>\n\n\n\n<p><a href=\"https:\/\/somos.ufmg.br\/professor\/patricia-azevedo\" data-type=\"link\" data-id=\"https:\/\/somos.ufmg.br\/professor\/patricia-azevedo\" target=\"_blank\" rel=\"noreferrer noopener\">Patr\u00edcia Gomes de Azevedo<\/a><\/p>\n\n\n\n<p id=\"rachel-cecilia\"><a href=\"https:\/\/somos.ufmg.br\/professor\/rachel-cecilia-de-oliveira-costa\" target=\"_blank\" rel=\"noreferrer noopener\">Rachel Cec\u00edlia de Oliveira Costa<\/a><\/p>\n\n\n\n<p><a href=\"https:\/\/somos.ufmg.br\/professor\/rita-lages-rodrigues\" target=\"_blank\" rel=\"noreferrer noopener\">Rita Lages Rodrigues<\/a><\/p>\n\n\n\n<p><a href=\"https:\/\/somos.ufmg.br\/professor\/roberto-bethonico-figueiredo\" data-type=\"link\" data-id=\"https:\/\/somos.ufmg.br\/professor\/roberto-bethonico-figueiredo\" target=\"_blank\" rel=\"noreferrer noopener\">Roberto Bethonico Figueiredo<\/a><\/p>\n\n\n\n<p><a href=\"https:\/\/somos.ufmg.br\/professor\/rodrigo-borges-coelho\" target=\"_blank\" rel=\"noreferrer noopener\">Rodrigo Borges Coelho<\/a><\/p>\n\n\n\n<p><a href=\"https:\/\/somos.ufmg.br\/professor\/rodrigo-vivas-andrade\" target=\"_blank\" rel=\"noreferrer noopener\">Rodrigo Vivas Andrade<\/a><\/p>\n\n\n\n<p id=\"rosvita-kolb\"><a href=\"https:\/\/somos.ufmg.br\/professor\/rosvita-kolb-bernardes\" target=\"_blank\" rel=\"noreferrer noopener\">Rosvita Kolb Bernardes<\/a><\/p>\n\n\n\n<p id=\"sandro-ka\"><a href=\"https:\/\/somos.ufmg.br\/professor\/sandro-ouriques-cardoso-sandro-ka\" data-type=\"link\" data-id=\"https:\/\/somos.ufmg.br\/professor\/sandro-ouriques-cardoso-sandro-ka\" target=\"_blank\" rel=\"noreferrer noopener\">Sandro Ouriques Cardoso<\/a><\/p>\n\n\n\n<p><a href=\"https:\/\/somos.ufmg.br\/professor\/tania-de-castro-araujo\" target=\"_blank\" rel=\"noreferrer noopener\">T\u00e2nia de Castro Ara\u00fajo<\/a><\/p>\n\n\n\n<p id=\"wagner-viana\"><a href=\"https:\/\/somos.ufmg.br\/professor\/wagner-leite-viana\" target=\"_blank\" rel=\"noreferrer noopener\">Wagner Leite Viana<\/a><\/p>\n\n\n\n<p><a href=\"https:\/\/somos.ufmg.br\/professor\/yacy-ara-froner-goncalves\" target=\"_blank\" rel=\"noreferrer noopener\">Yacy Ara Froner Gon\u00e7alves<\/a><\/p>\n<\/div>\n<\/div>\n","protected":false},"excerpt":{"rendered":"<p>Docentes em atividade Adolfo Enrique Cifuentes Alan Fontes Borges Alexandre Cruz Le\u00e3o Amir Brito Cad\u00f4r Andr\u00e9a de Paula Xavier Vilela Anna Karina Castanheira Bartolomeu Antonio Milton Signorini Brigida Moura Campbell Paes Camila Rodrigues Moreira Cruz Carolina Ruoso Christiana Quady Firmato Brant Cleber Augusto Barreto Corr\u00eaa Cristiano Gurgel Bickel Daniele de S\u00e1 Alves Eduardo Queiroga Eliana &hellip; <\/p>\n<p class=\"link-more\"><a href=\"https:\/\/grad.eba.ufmg.br\/artesvisuais\/index.php\/corpo-docente\/\" class=\"more-link\">Continue lendo<span class=\"screen-reader-text\"> &#8220;Corpo Docente&#8221;<\/span><\/a><\/p>\n","protected":false},"author":1,"featured_media":0,"parent":0,"menu_order":0,"comment_status":"closed","ping_status":"closed","template":"","meta":{"footnotes":""},"class_list":["post-70","page","type-page","status-publish","hentry"],"_links":{"self":[{"href":"https:\/\/grad.eba.ufmg.br\/artesvisuais\/index.php\/wp-json\/wp\/v2\/pages\/70","targetHints":{"allow":["GET"]}}],"collection":[{"href":"https:\/\/grad.eba.ufmg.br\/artesvisuais\/index.php\/wp-json\/wp\/v2\/pages"}],"about":[{"href":"https:\/\/grad.eba.ufmg.br\/artesvisuais\/index.php\/wp-json\/wp\/v2\/types\/page"}],"author":[{"embeddable":true,"href":"https:\/\/grad.eba.ufmg.br\/artesvisuais\/index.php\/wp-json\/wp\/v2\/users\/1"}],"replies":[{"embeddable":true,"href":"https:\/\/grad.eba.ufmg.br\/artesvisuais\/index.php\/wp-json\/wp\/v2\/comments?post=70"}],"version-history":[{"count":39,"href":"https:\/\/grad.eba.ufmg.br\/artesvisuais\/index.php\/wp-json\/wp\/v2\/pages\/70\/revisions"}],"predecessor-version":[{"id":1803,"href":"https:\/\/grad.eba.ufmg.br\/artesvisuais\/index.php\/wp-json\/wp\/v2\/pages\/70\/revisions\/1803"}],"wp:attachment":[{"href":"https:\/\/grad.eba.ufmg.br\/artesvisuais\/index.php\/wp-json\/wp\/v2\/media?parent=70"}],"curies":[{"name":"wp","href":"https:\/\/api.w.org\/{rel}","templated":true}]}}