{"id":68,"date":"2018-08-01T02:58:09","date_gmt":"2018-08-01T02:58:09","guid":{"rendered":"https:\/\/www.eba.ufmg.br\/artesvisuais\/?page_id=68"},"modified":"2025-07-01T15:24:57","modified_gmt":"2025-07-01T18:24:57","slug":"tcc","status":"publish","type":"page","link":"https:\/\/grad.eba.ufmg.br\/artesvisuais\/index.php\/tcc\/","title":{"rendered":"Trabalho de Conclus\u00e3o de Curso (TCC)"},"content":{"rendered":"\n<div class=\"wp-block-group is-vertical is-layout-flex wp-container-core-group-is-layout-8cf370e7 wp-block-group-is-layout-flex\">\n<p class=\"small-caps\">Defesas de TCC<\/p>\n\n\n\n<div class=\"wp-block-group yuri-cl is-nowrap is-layout-flex wp-container-core-group-is-layout-ad2f72ca wp-block-group-is-layout-flex\">\n<p><strong>Semestre atual:<\/strong><\/p>\n\n\n\n<p><a href=\"https:\/\/docs.google.com\/spreadsheets\/d\/1g8j6BNsvN3x7umrFmYvOk547Z05iI8tUdZFMTf1Tm5M\/edit?usp=sharing\" data-type=\"link\" data-id=\"https:\/\/docs.google.com\/spreadsheets\/d\/11M1UigfCfxikBaHzJHF9Oznj0HC7CoKcYlJyjK8mUgY\/edit?usp=sharing\">2025\/1<\/a><\/p>\n<\/div>\n\n\n\n<div class=\"wp-block-group yuri-cl is-layout-flex wp-block-group-is-layout-flex\">\n<p><strong>Semestres anteriores:<\/strong> <a href=\"https:\/\/docs.google.com\/spreadsheets\/d\/11M1UigfCfxikBaHzJHF9Oznj0HC7CoKcYlJyjK8mUgY\/edit?usp=sharing\" data-type=\"link\" data-id=\"https:\/\/docs.google.com\/spreadsheets\/d\/11M1UigfCfxikBaHzJHF9Oznj0HC7CoKcYlJyjK8mUgY\/edit?usp=sharing\">2024\/2<\/a>   <a href=\"https:\/\/docs.google.com\/spreadsheets\/d\/e\/2PACX-1vTQF9CU8hM3RQGalhGyVDOAKgHJdpHREL-MZmuh6ng2AtjCKH2dbbLN3jN0z5NhCPlRVCTB9y_R2JNP\/pubhtml?gid=2069512520&amp;single=true\" target=\"_blank\" rel=\"noreferrer noopener\">2024\/1<\/a><\/p>\n\n\n\n<p><a href=\"https:\/\/grad.eba.ufmg.br\/artesvisuais\/wp-content\/uploads\/2024\/07\/TCC-_-Artes-Visuais-2023-2-Divulgacao-TCCs.pdf\" data-type=\"link\" data-id=\"https:\/\/grad.eba.ufmg.br\/artesvisuais\/wp-content\/uploads\/2024\/07\/TCC-_-Artes-Visuais-2023-2-Divulgacao-TCCs.pdf\" target=\"_blank\" rel=\"noreferrer noopener\">2023\/2<\/a><\/p>\n\n\n\n<p><a href=\"https:\/\/grad.eba.ufmg.br\/artesvisuais\/wp-content\/uploads\/2024\/07\/TCC-_-Artes-Visuais_2023-1-Divulgacao-TCCs.pdf\" data-type=\"link\" data-id=\"https:\/\/grad.eba.ufmg.br\/artesvisuais\/wp-content\/uploads\/2024\/07\/TCC-_-Artes-Visuais_2023-1-Divulgacao-TCCs.pdf\" target=\"_blank\" rel=\"noreferrer noopener\">2023\/1<\/a><\/p>\n<\/div>\n<\/div>\n\n\n\n<div style=\"height:20px;width:0px\" aria-hidden=\"true\" class=\"wp-block-spacer\"><\/div>\n\n\n\n<div class=\"wp-block-group is-vertical is-layout-flex wp-container-core-group-is-layout-8cf370e7 wp-block-group-is-layout-flex\">\n<p class=\"small-caps\">Trabalhos de Conclus\u00e3o de Curso<\/p>\n\n\n\n<div class=\"wp-block-group yuri-cl is-nowrap is-layout-flex wp-container-core-group-is-layout-ad2f72ca wp-block-group-is-layout-flex\">\n<p><strong>Divulga\u00e7\u00e3o<\/strong>:<\/p>\n\n\n\n<p><a href=\"https:\/\/drive.google.com\/drive\/folders\/12_-tfdHJq43YpuaMjOTIeZpTlmRuu34D?usp=sharing\" target=\"_blank\" rel=\"noreferrer noopener\">Documentos \u2013 Trabalho Final<\/a><\/p>\n<\/div>\n<\/div>\n\n\n\n<p><\/p>\n","protected":false},"excerpt":{"rendered":"<p>Defesas de TCC Semestre atual: 2025\/1 Semestres anteriores: 2024\/2 2024\/1 2023\/2 2023\/1 Trabalhos de Conclus\u00e3o de Curso Divulga\u00e7\u00e3o: Documentos \u2013 Trabalho Final<\/p>\n","protected":false},"author":1,"featured_media":0,"parent":0,"menu_order":0,"comment_status":"closed","ping_status":"closed","template":"","meta":{"footnotes":""},"class_list":["post-68","page","type-page","status-publish","hentry"],"_links":{"self":[{"href":"https:\/\/grad.eba.ufmg.br\/artesvisuais\/index.php\/wp-json\/wp\/v2\/pages\/68","targetHints":{"allow":["GET"]}}],"collection":[{"href":"https:\/\/grad.eba.ufmg.br\/artesvisuais\/index.php\/wp-json\/wp\/v2\/pages"}],"about":[{"href":"https:\/\/grad.eba.ufmg.br\/artesvisuais\/index.php\/wp-json\/wp\/v2\/types\/page"}],"author":[{"embeddable":true,"href":"https:\/\/grad.eba.ufmg.br\/artesvisuais\/index.php\/wp-json\/wp\/v2\/users\/1"}],"replies":[{"embeddable":true,"href":"https:\/\/grad.eba.ufmg.br\/artesvisuais\/index.php\/wp-json\/wp\/v2\/comments?post=68"}],"version-history":[{"count":50,"href":"https:\/\/grad.eba.ufmg.br\/artesvisuais\/index.php\/wp-json\/wp\/v2\/pages\/68\/revisions"}],"predecessor-version":[{"id":1833,"href":"https:\/\/grad.eba.ufmg.br\/artesvisuais\/index.php\/wp-json\/wp\/v2\/pages\/68\/revisions\/1833"}],"wp:attachment":[{"href":"https:\/\/grad.eba.ufmg.br\/artesvisuais\/index.php\/wp-json\/wp\/v2\/media?parent=68"}],"curies":[{"name":"wp","href":"https:\/\/api.w.org\/{rel}","templated":true}]}}