{"id":66,"date":"2018-08-01T02:58:08","date_gmt":"2018-08-01T02:58:08","guid":{"rendered":"https:\/\/www.eba.ufmg.br\/artesvisuais\/?page_id=66"},"modified":"2024-07-19T15:03:33","modified_gmt":"2024-07-19T18:03:33","slug":"matriz-curricular","status":"publish","type":"page","link":"https:\/\/grad.eba.ufmg.br\/artesvisuais\/index.php\/matriz-curricular\/","title":{"rendered":"Matriz Curricular"},"content":{"rendered":"\n<div class=\"wp-block-group is-vertical is-layout-flex wp-container-core-group-is-layout-8cf370e7 wp-block-group-is-layout-flex\">\n<p class=\"small-caps\">Disciplinas obrigat\u00f3rias<\/p>\n\n\n\n<p class=\"yuri-cl\">Os programas das disciplinas obrigat\u00f3rias podem ser acessados atrav\u00e9s deste <a href=\"https:\/\/drive.google.com\/drive\/folders\/1OXzEGDH9qzgtvd3ZpPf_MgCe0a7y2IEL?usp=drive_link\" target=\"_blank\" rel=\"noreferrer noopener\">link<\/a>. Na pasta, tamb\u00e9m est\u00e3o disponibilizadas a matriz curricular de cada percurso, desde vers\u00f5es curriculares antigas, at\u00e9 a atual vers\u00e3o do curso.<\/p>\n<\/div>\n\n\n\n<div style=\"height:20px\" aria-hidden=\"true\" class=\"wp-block-spacer\"><\/div>\n\n\n\n<div class=\"wp-block-group is-vertical is-layout-flex wp-container-core-group-is-layout-8cf370e7 wp-block-group-is-layout-flex\">\n<p class=\"small-caps\">Disciplinas optativas<\/p>\n\n\n\n<p>Os programas das disciplinas optativas podem ser acessados atrav\u00e9s deste link. [em constru\u00e7\u00e3o]<\/p>\n<\/div>\n\n\n\n<div style=\"height:30px\" aria-hidden=\"true\" class=\"wp-block-spacer\"><\/div>\n\n\n\n<div class=\"wp-block-group is-vertical is-layout-flex wp-container-core-group-is-layout-8cf370e7 wp-block-group-is-layout-flex\">\n<p class=\"small-caps\" id=\"artes-graficas\">Artes Gr\u00e1ficas<\/p>\n\n\n\n<p>A <strong>habilita\u00e7\u00e3o em Artes Gr\u00e1ficas<\/strong> tem como foco principal a aprendizagem e a compreens\u00e3o dos meios gr\u00e1ficos, a partir da materializa\u00e7\u00e3o de conceitos e dos princ\u00edpios implicados na forma\u00e7\u00e3o da imagem gr\u00e1fica. As disciplinas que comp\u00f5em a habilita\u00e7\u00e3o em Artes Gr\u00e1ficas propiciam a elabora\u00e7\u00e3o de conceitos inovadores comprometidos com a explora\u00e7\u00e3o das possibilidades dos meios gr\u00e1ficos. O incentivo \u00e0 experimenta\u00e7\u00e3o e \u00e0 criatividade \u00e9 processado a partir do estudo de procedimentos alternativos e contempor\u00e2neos associados \u00e0s outras m\u00eddias. A cria\u00e7\u00e3o de interfaces entre as artes gr\u00e1ficas e outras \u00e1reas poder\u00e1 ser efetivada atrav\u00e9s das disciplinas optativas acess\u00edveis na rede curricular do Curso de Artes Visuais.<\/p>\n<\/div>\n\n\n\n<div style=\"height:20px\" aria-hidden=\"true\" class=\"wp-block-spacer\"><\/div>\n\n\n\n<div class=\"wp-block-group is-vertical is-layout-flex wp-container-core-group-is-layout-8cf370e7 wp-block-group-is-layout-flex\">\n<p class=\"small-caps\" id=\"desenho\">Desenho<\/p>\n\n\n\n<p>A <strong>habilita\u00e7\u00e3o em Desenho<\/strong> oferece, atrav\u00e9s de ampla forma\u00e7\u00e3o te\u00f3rico-pr\u00e1tica, a aprendizagem e a compreens\u00e3o do desenho como forma de investiga\u00e7\u00e3o e conhecimento, visando ao desenvolvimento de um trabalho autoral em desenho. As disciplinas que comp\u00f5em a habilita\u00e7\u00e3o em Desenho t\u00eam como meta oferecer ao aluno um estudo aprofundado do desenho, criando rela\u00e7\u00f5es com outras \u00e1reas de conhecimento atrav\u00e9s das disciplinas optativas que comp\u00f5em a rede curricular do Curso em Artes Visuais.<\/p>\n<\/div>\n\n\n\n<div style=\"height:20px\" aria-hidden=\"true\" class=\"wp-block-spacer\"><\/div>\n\n\n\n<div class=\"wp-block-group is-vertical is-layout-flex wp-container-core-group-is-layout-8cf370e7 wp-block-group-is-layout-flex\">\n<p class=\"small-caps\" id=\"escultura\">Escultura<\/p>\n\n\n\n<p>A <strong>habilita\u00e7\u00e3o em Escultura<\/strong> oferece tanto as t\u00e9cnicas de escultura cl\u00e1ssicas quanto a possibilidade de combinar antigos e novos processos, al\u00e9m de encorajar a associa\u00e7\u00e3o das diferentes modalidades de escultura. Os alunos poder\u00e3o combinar escultura, pintura, gravura, colagem e outras m\u00eddias, al\u00e9m de poderem explorar t\u00e9cnicas alternativas e novos m\u00e9todos de apresenta\u00e7\u00e3o. As disciplinas que comp\u00f5em a habilita\u00e7\u00e3o em Escultura t\u00eam como meta oferecer ao aluno um estudo aprofundado da escultura, em suas diferentes possibilidades t\u00e9cnicas, al\u00e9m de possibilitar a cria\u00e7\u00e3o de interfaces entre a escultura e outras \u00e1reas art\u00edsticas, atrav\u00e9s das disciplinas optativas.<\/p>\n<\/div>\n\n\n\n<div style=\"height:20px\" aria-hidden=\"true\" class=\"wp-block-spacer\"><\/div>\n\n\n\n<div class=\"wp-block-group is-vertical is-layout-flex wp-container-core-group-is-layout-8cf370e7 wp-block-group-is-layout-flex\">\n<p class=\"small-caps\" id=\"gravura\">Gravura<\/p>\n\n\n\n<p>A <strong>habilita\u00e7\u00e3o em Gravura <\/strong>oferece tanto as t\u00e9cnicas de impress\u00e3o cl\u00e1ssicas quanto a possibilidade de combinar antigos e novos processos, al\u00e9m de encorajar a associa\u00e7\u00e3o das diferentes modalidades de gravura. Os alunos poder\u00e3o combinar gravura, pintura, colagem e outras m\u00eddias, al\u00e9m de poderem explorar t\u00e9cnicas alternativas e novos m\u00e9todos de apresenta\u00e7\u00e3o. As disciplinas que comp\u00f5em a habilita\u00e7\u00e3o em Gravura t\u00eam como meta oferecer ao aluno um estudo aprofundado da gravura, em suas diferentes modalidades (xilogravura, gravura em metal, litografia e serigrafia), al\u00e9m de possibilitar a cria\u00e7\u00e3o de interfaces entre a gravura e outras \u00e1reas art\u00edsticas, atrav\u00e9s das disciplinas optativas.<\/p>\n<\/div>\n\n\n\n<div style=\"height:20px\" aria-hidden=\"true\" class=\"wp-block-spacer\"><\/div>\n\n\n\n<div class=\"wp-block-group is-vertical is-layout-flex wp-container-core-group-is-layout-8cf370e7 wp-block-group-is-layout-flex\">\n<p class=\"small-caps\" id=\"pintura\">Pintura<\/p>\n\n\n\n<p>A <strong>habilita\u00e7\u00e3o em Pintura<\/strong> oferece tanto as t\u00e9cnicas de pintura cl\u00e1ssicas quanto a possibilidade de combinar antigos e novos processos, al\u00e9m de encorajar a associa\u00e7\u00e3o das diferentes modalidades de pintura. Os alunos poder\u00e3o combinar pintura, gravura, colagem e outras m\u00eddias, al\u00e9m de poderem explorar t\u00e9cnicas alternativas e novos m\u00e9todos de apresenta\u00e7\u00e3o. As disciplinas que comp\u00f5em a habilita\u00e7\u00e3o em Pintura t\u00eam como meta oferecer ao aluno um estudo aprofundado da pintura, em suas diferentes possibilidades t\u00e9cnicas, al\u00e9m de possibilitar a cria\u00e7\u00e3o de interfaces entre a pintura e outras \u00e1reas art\u00edsticas, atrav\u00e9s das disciplinas optativas.<\/p>\n<\/div>\n","protected":false},"excerpt":{"rendered":"<p>Disciplinas obrigat\u00f3rias Os programas das disciplinas obrigat\u00f3rias podem ser acessados atrav\u00e9s deste link. Na pasta, tamb\u00e9m est\u00e3o disponibilizadas a matriz curricular de cada percurso, desde vers\u00f5es curriculares antigas, at\u00e9 a atual vers\u00e3o do curso. Disciplinas optativas Os programas das disciplinas optativas podem ser acessados atrav\u00e9s deste link. [em constru\u00e7\u00e3o] Artes Gr\u00e1ficas A habilita\u00e7\u00e3o em Artes &hellip; <\/p>\n<p class=\"link-more\"><a href=\"https:\/\/grad.eba.ufmg.br\/artesvisuais\/index.php\/matriz-curricular\/\" class=\"more-link\">Continue lendo<span class=\"screen-reader-text\"> &#8220;Matriz Curricular&#8221;<\/span><\/a><\/p>\n","protected":false},"author":1,"featured_media":0,"parent":0,"menu_order":0,"comment_status":"closed","ping_status":"closed","template":"","meta":{"footnotes":""},"class_list":["post-66","page","type-page","status-publish","hentry"],"_links":{"self":[{"href":"https:\/\/grad.eba.ufmg.br\/artesvisuais\/index.php\/wp-json\/wp\/v2\/pages\/66","targetHints":{"allow":["GET"]}}],"collection":[{"href":"https:\/\/grad.eba.ufmg.br\/artesvisuais\/index.php\/wp-json\/wp\/v2\/pages"}],"about":[{"href":"https:\/\/grad.eba.ufmg.br\/artesvisuais\/index.php\/wp-json\/wp\/v2\/types\/page"}],"author":[{"embeddable":true,"href":"https:\/\/grad.eba.ufmg.br\/artesvisuais\/index.php\/wp-json\/wp\/v2\/users\/1"}],"replies":[{"embeddable":true,"href":"https:\/\/grad.eba.ufmg.br\/artesvisuais\/index.php\/wp-json\/wp\/v2\/comments?post=66"}],"version-history":[{"count":30,"href":"https:\/\/grad.eba.ufmg.br\/artesvisuais\/index.php\/wp-json\/wp\/v2\/pages\/66\/revisions"}],"predecessor-version":[{"id":1644,"href":"https:\/\/grad.eba.ufmg.br\/artesvisuais\/index.php\/wp-json\/wp\/v2\/pages\/66\/revisions\/1644"}],"wp:attachment":[{"href":"https:\/\/grad.eba.ufmg.br\/artesvisuais\/index.php\/wp-json\/wp\/v2\/media?parent=66"}],"curies":[{"name":"wp","href":"https:\/\/api.w.org\/{rel}","templated":true}]}}