{"id":51,"date":"2018-08-01T01:49:01","date_gmt":"2018-08-01T01:49:01","guid":{"rendered":"https:\/\/www.eba.ufmg.br\/artesvisuais\/?page_id=51"},"modified":"2024-07-25T16:05:16","modified_gmt":"2024-07-25T19:05:16","slug":"atelies-e-laboratorios","status":"publish","type":"page","link":"https:\/\/grad.eba.ufmg.br\/artesvisuais\/index.php\/atelies-e-laboratorios\/","title":{"rendered":"Ateli\u00eas e Laborat\u00f3rios"},"content":{"rendered":"\n<div class=\"wp-block-group is-vertical is-layout-flex wp-container-core-group-is-layout-8cf370e7 wp-block-group-is-layout-flex\">\n<p class=\"small-caps\">Ateli\u00eas<\/p>\n\n\n\n<p><\/p>\n<\/div>\n\n\n\n<div style=\"height:30px\" aria-hidden=\"true\" class=\"wp-block-spacer\"><\/div>\n\n\n\n<div class=\"wp-block-group is-vertical is-layout-flex wp-container-core-group-is-layout-8cf370e7 wp-block-group-is-layout-flex\">\n<p class=\"small-caps\">Laborat\u00f3rios<\/p>\n\n\n\n<p><strong>LIG<\/strong> \u2013 Laborat\u00f3rio de Inform\u00e1tica da Gradua\u00e7\u00e3o da Escola de Belas Artes<\/p>\n\n\n\n<p>O espa\u00e7o do LIG\/EBA \u00e9 usado tanto para o ensino quanto para a pesquisa na gradua\u00e7\u00e3o e conta com bancadas com capacidade para 12 computadores. A coordena\u00e7\u00e3o e monitores do LIG t\u00eam a incumb\u00eancia de participar anualmente dos eventos Semana do Conhecimento e Mostra das Profiss\u00f5es da UFMG. A atua\u00e7\u00e3o conjunta entre coordena\u00e7\u00e3o e monitoria tem por objetivo oferecer e garantir acesso \u00e0s tecnologias contempor\u00e2neas, al\u00e9m de desenvolver projetos que contribuem com atividades docentes e discentes, seja no \u00e2mbito da pr\u00f3pria Unidade ou em parcerias com outras \u00e1reas de conhecimento. Sobre os projetos do LIG, pode-se destacar as seguintes propostas e a\u00e7\u00f5es:<\/p>\n\n\n\n<p>\u2014 Galeria Virtual Imagin\u00e1ria: galeria virtual composta por trabalhos art\u00edsticos das \u00e1reas da Dan\u00e7a, Teatro e Artes Visuais, produzidos pelos pr\u00f3prios alunos da Escola de Belas Artes e divulgados via plataforma Pinterest. A objetivo desse projeto \u00e9 criar um banco de imagens diversificado, como um portf\u00f3lio online, contando com a colabora\u00e7\u00e3o dos pr\u00f3prios alunos para divulgar seus trabalhos e viabilizar poss\u00edveis atua\u00e7\u00f5es colaborativas em pesquisas e\/ou outras possibilidades de desempenho profissional no mercado de Artes visuais. O projeto da galeria Imagin\u00e1ria foi agraciado com o pr\u00eamio Destaque Acad\u00eamico na Semana do Conhecimento em 2016.<br>\u2014 Atendimento cotidiano de inform\u00e1tica e internet aos alunos e professores da EBA.<br>\u2014 Acompanhamento das demandas e registros de imagens de trabalhos dos alunos para a galeria virtual Imagin\u00e1ria.<br>\u2014 Desenvolvimento e acompanhamento de p\u00e1gina eletr\u00f4nica do LIG na rede social Facebook para divulga\u00e7\u00e3o e comunica\u00e7\u00e3o mais din\u00e2mica com a comunidade acad\u00eamica.<br>\u2014 Acompanhamento da p\u00e1gina do Laborat\u00f3rio de Licenciatura \u2013 LicenLab da Escola de Belas Artes.<br>\u2014 Atendimento a demandas de usu\u00e1rios e professores, relacionadas ao uso espec\u00edfico de aplicativos de edi\u00e7\u00f5es de imagens, \u00e1udio e v\u00eddeo e de outros equipamentos e dispositivos de tecnologia.<br>\u2014 Atendimento e aux\u00edlio a professores em reuni\u00f5es agendadas, realiza\u00e7\u00e3o de concursos e em bancas para apresenta\u00e7\u00f5es e defesas de trabalhos acad\u00eamicos dos alunos.<\/p>\n<\/div>\n","protected":false},"excerpt":{"rendered":"<p>Ateli\u00eas Laborat\u00f3rios LIG \u2013 Laborat\u00f3rio de Inform\u00e1tica da Gradua\u00e7\u00e3o da Escola de Belas Artes O espa\u00e7o do LIG\/EBA \u00e9 usado tanto para o ensino quanto para a pesquisa na gradua\u00e7\u00e3o e conta com bancadas com capacidade para 12 computadores. A coordena\u00e7\u00e3o e monitores do LIG t\u00eam a incumb\u00eancia de participar anualmente dos eventos Semana do &hellip; <\/p>\n<p class=\"link-more\"><a href=\"https:\/\/grad.eba.ufmg.br\/artesvisuais\/index.php\/atelies-e-laboratorios\/\" class=\"more-link\">Continue lendo<span class=\"screen-reader-text\"> &#8220;Ateli\u00eas e Laborat\u00f3rios&#8221;<\/span><\/a><\/p>\n","protected":false},"author":1,"featured_media":0,"parent":0,"menu_order":0,"comment_status":"closed","ping_status":"closed","template":"","meta":{"footnotes":""},"class_list":["post-51","page","type-page","status-publish","hentry"],"_links":{"self":[{"href":"https:\/\/grad.eba.ufmg.br\/artesvisuais\/index.php\/wp-json\/wp\/v2\/pages\/51","targetHints":{"allow":["GET"]}}],"collection":[{"href":"https:\/\/grad.eba.ufmg.br\/artesvisuais\/index.php\/wp-json\/wp\/v2\/pages"}],"about":[{"href":"https:\/\/grad.eba.ufmg.br\/artesvisuais\/index.php\/wp-json\/wp\/v2\/types\/page"}],"author":[{"embeddable":true,"href":"https:\/\/grad.eba.ufmg.br\/artesvisuais\/index.php\/wp-json\/wp\/v2\/users\/1"}],"replies":[{"embeddable":true,"href":"https:\/\/grad.eba.ufmg.br\/artesvisuais\/index.php\/wp-json\/wp\/v2\/comments?post=51"}],"version-history":[{"count":11,"href":"https:\/\/grad.eba.ufmg.br\/artesvisuais\/index.php\/wp-json\/wp\/v2\/pages\/51\/revisions"}],"predecessor-version":[{"id":1684,"href":"https:\/\/grad.eba.ufmg.br\/artesvisuais\/index.php\/wp-json\/wp\/v2\/pages\/51\/revisions\/1684"}],"wp:attachment":[{"href":"https:\/\/grad.eba.ufmg.br\/artesvisuais\/index.php\/wp-json\/wp\/v2\/media?parent=51"}],"curies":[{"name":"wp","href":"https:\/\/api.w.org\/{rel}","templated":true}]}}