{"id":18,"date":"2018-03-16T21:37:25","date_gmt":"2018-03-16T21:37:25","guid":{"rendered":"https:\/\/www.eba.ufmg.br\/artesvisuais\/?page_id=18"},"modified":"2024-07-17T16:07:45","modified_gmt":"2024-07-17T19:07:45","slug":"contato","status":"publish","type":"page","link":"https:\/\/grad.eba.ufmg.br\/artesvisuais\/index.php\/contato\/","title":{"rendered":"Contato"},"content":{"rendered":"\n<div class=\"wp-block-group is-vertical is-layout-flex wp-container-core-group-is-layout-8cf370e7 wp-block-group-is-layout-flex\">\n<p class=\"small-caps\">Colegiado de Artes Visuais<\/p>\n\n\n\n<p><strong>Secretaria do Colegiado:<\/strong> Escola de Belas Artes, Anexo F, (Sala F207)<br><strong>Gabinete do Colegiado:<\/strong> Escola de Belas Artes, Anexo F (Sala F208)<br><strong>Hor\u00e1rio de funcionamento:<\/strong> segunda a sexta-feira, de 07:30 \u00e0s 22:00<br><strong>Telefone:<\/strong> (31) 3409-5385<br><strong>E-mail:<\/strong> colarte@eba.ufmg.br<\/p>\n<\/div>\n\n\n\n<div style=\"height:20px\" aria-hidden=\"true\" class=\"wp-block-spacer\"><\/div>\n\n\n\n<div class=\"wp-block-group is-vertical is-layout-flex wp-container-core-group-is-layout-8cf370e7 wp-block-group-is-layout-flex\">\n<p class=\"small-caps\">Se\u00e7\u00e3o de Ensino<\/p>\n\n\n\n<p><strong>Se\u00e7\u00e3o de Ensino:<\/strong> Escola de Belas Artes, Anexo F, (Sala F203)<br><strong>Hor\u00e1rio de funcionamento:<\/strong> segunda a sexta-feira, de 08:30 \u00e0s 11:30; de 13:30 \u00e0s 16:30<br><strong>Telefone:<\/strong> (31) 3409-5269<br><strong>E-mail:<\/strong> sensino@eba.ufmg.br<\/p>\n<\/div>\n\n\n\n<div style=\"height:20px\" aria-hidden=\"true\" class=\"wp-block-spacer\"><\/div>\n\n\n\n<div class=\"wp-block-group is-vertical is-layout-flex wp-container-core-group-is-layout-8cf370e7 wp-block-group-is-layout-flex\">\n<p class=\"small-caps\">Escola de Belas Artes<\/p>\n\n\n\n<p><strong>Endere\u00e7o:<\/strong> Av. Ant\u00f4nio Carlos, 6627, Pampulha, 31270-901, Belo Horizonte \u2013 MG<br><strong>Telefones:<\/strong> (31) 3409-5265 \/ 3409-5261 \/ 3409-5264<\/p>\n\n\n\n<iframe src=\"https:\/\/www.google.com\/maps\/embed?pb=!1m14!1m8!1m3!1d15009.796171666965!2d-43.959631!3d-19.863252!3m2!1i1024!2i768!4f13.1!3m3!1m2!1s0xa690641eb011a5%3A0x298bae318978e99e!2sEscola%20de%20Belas%20Artes!5e0!3m2!1spt-BR!2sus!4v1721238383716!5m2!1spt-BR!2sus\" width=\"500\" height=\"300\" style=\"border: 0; border-radius:30px;\" allowfullscreen=\"\" loading=\"lazy\" referrerpolicy=\"no-referrer-when-downgrade\"><\/iframe>\n<\/div>\n","protected":false},"excerpt":{"rendered":"<p>Colegiado de Artes Visuais Secretaria do Colegiado: Escola de Belas Artes, Anexo F, (Sala F207)Gabinete do Colegiado: Escola de Belas Artes, Anexo F (Sala F208)Hor\u00e1rio de funcionamento: segunda a sexta-feira, de 07:30 \u00e0s 22:00Telefone: (31) 3409-5385E-mail: colarte@eba.ufmg.br Se\u00e7\u00e3o de Ensino Se\u00e7\u00e3o de Ensino: Escola de Belas Artes, Anexo F, (Sala F203)Hor\u00e1rio de funcionamento: segunda a &hellip; <\/p>\n<p class=\"link-more\"><a href=\"https:\/\/grad.eba.ufmg.br\/artesvisuais\/index.php\/contato\/\" class=\"more-link\">Continue lendo<span class=\"screen-reader-text\"> &#8220;Contato&#8221;<\/span><\/a><\/p>\n","protected":false},"author":1,"featured_media":0,"parent":0,"menu_order":0,"comment_status":"closed","ping_status":"closed","template":"","meta":{"footnotes":""},"class_list":["post-18","page","type-page","status-publish","hentry"],"_links":{"self":[{"href":"https:\/\/grad.eba.ufmg.br\/artesvisuais\/index.php\/wp-json\/wp\/v2\/pages\/18","targetHints":{"allow":["GET"]}}],"collection":[{"href":"https:\/\/grad.eba.ufmg.br\/artesvisuais\/index.php\/wp-json\/wp\/v2\/pages"}],"about":[{"href":"https:\/\/grad.eba.ufmg.br\/artesvisuais\/index.php\/wp-json\/wp\/v2\/types\/page"}],"author":[{"embeddable":true,"href":"https:\/\/grad.eba.ufmg.br\/artesvisuais\/index.php\/wp-json\/wp\/v2\/users\/1"}],"replies":[{"embeddable":true,"href":"https:\/\/grad.eba.ufmg.br\/artesvisuais\/index.php\/wp-json\/wp\/v2\/comments?post=18"}],"version-history":[{"count":43,"href":"https:\/\/grad.eba.ufmg.br\/artesvisuais\/index.php\/wp-json\/wp\/v2\/pages\/18\/revisions"}],"predecessor-version":[{"id":1622,"href":"https:\/\/grad.eba.ufmg.br\/artesvisuais\/index.php\/wp-json\/wp\/v2\/pages\/18\/revisions\/1622"}],"wp:attachment":[{"href":"https:\/\/grad.eba.ufmg.br\/artesvisuais\/index.php\/wp-json\/wp\/v2\/media?parent=18"}],"curies":[{"name":"wp","href":"https:\/\/api.w.org\/{rel}","templated":true}]}}