{"id":173,"date":"2018-08-01T18:36:11","date_gmt":"2018-08-01T18:36:11","guid":{"rendered":"https:\/\/www.eba.ufmg.br\/artesvisuais\/?page_id=173"},"modified":"2024-11-08T14:52:51","modified_gmt":"2024-11-08T17:52:51","slug":"colegiado","status":"publish","type":"page","link":"https:\/\/grad.eba.ufmg.br\/artesvisuais\/index.php\/colegiado\/","title":{"rendered":"Colegiado"},"content":{"rendered":"\n<div class=\"wp-block-group is-vertical is-layout-flex wp-container-core-group-is-layout-8cf370e7 wp-block-group-is-layout-flex\">\n<p class=\"small-caps\">Colegiado de Gradua\u00e7\u00e3o<\/p>\n\n\n\n<p>\u00c9 o \u00f3rg\u00e3o respons\u00e1vel pela edi\u00e7\u00e3o das normas que disciplinam quest\u00f5es did\u00e1ticas relativas ao curso de gradua\u00e7\u00e3o. \u00c9 dirigido&nbsp;por dois docentes eleitos como Coordenador e Subcoordenador (com mandato vinculado, eleitos pelo pr\u00f3prio \u00f3rg\u00e3o, por maioria absoluta dos votos, para mandato de 2 (dois) anos, permitida a recondu\u00e7\u00e3o), sendo composto tamb\u00e9m por representantes docentes (Departamentos e FaE \u2013 Faculdade de Educa\u00e7\u00e3o) e representantes discentes.<\/p>\n\n\n\n<p>Entre suas in\u00fameras fun\u00e7\u00f5es, destacam-se: coordenar e orientar as atividades do curso; elaborar pr\u00e9-requisitos, cr\u00e9ditos e disciplinas para o curr\u00edculo do curso; avaliar representa\u00e7\u00f5es e recursos sobre mat\u00e9ria did\u00e1tica; representar ao \u00f3rg\u00e3o competente no caso de infra\u00e7\u00e3o disciplinar e deliberar sobre quest\u00f5es relativas \u00e0 matr\u00edcula, dispensa de disciplinas etc.<\/p>\n\n\n\n<p class=\"yuri-cl\"><strong>Coordenador:<\/strong> <a href=\"https:\/\/grad.eba.ufmg.br\/artesvisuais\/index.php\/corpo-docente\/#helio-passos\" data-type=\"page\" data-id=\"70\" target=\"_blank\" rel=\"noreferrer noopener\">Prof. H\u00e9lio Passos Rezende<\/a> (Departamento de Artes Pl\u00e1sticas)<br><strong>Subcoordenador:<\/strong> <a href=\"https:\/\/grad.eba.ufmg.br\/artesvisuais\/index.php\/corpo-docente\/#brigida-campbell\" data-type=\"page\" data-id=\"70\" target=\"_blank\" rel=\"noreferrer noopener\">Prof.\u00aa Br\u00edgida Moura Campbell Paes<\/a> (Departamento de Desenho)<\/p>\n<\/div>\n\n\n\n<div style=\"height:30px\" aria-hidden=\"true\" class=\"wp-block-spacer\"><\/div>\n\n\n\n<div class=\"wp-block-group yuri-cl is-vertical is-layout-flex wp-container-core-group-is-layout-8cf370e7 wp-block-group-is-layout-flex\">\n<p class=\"small-caps\" id=\"atendimento\">Atendimento \u2013 Coordena\u00e7\u00e3o<\/p>\n\n\n\n<p>As reuni\u00f5es com a Coordena\u00e7\u00e3o s\u00e3o realizadas toda quarta-feira, das 14:00 \u00e0s 16:00, no <a href=\"https:\/\/grad.eba.ufmg.br\/artesvisuais\/index.php\/contato\/\" target=\"_blank\" rel=\"noreferrer noopener\">Gabinete do Colegiado de Artes Visuais<\/a>.<\/p>\n\n\n\n<p>O agendamento deve ser realizado <strong>exclusivamente<\/strong> atrav\u00e9s da p\u00e1gina do <a href=\"https:\/\/calendar.app.google\/wMKit3XrX9r87DLV9\" target=\"_blank\" rel=\"noreferrer noopener\">Google Agenda<\/a>.<\/p>\n<\/div>\n\n\n\n<div style=\"height:30px\" aria-hidden=\"true\" class=\"wp-block-spacer\"><\/div>\n\n\n\n<div class=\"wp-block-group is-vertical is-layout-flex wp-container-core-group-is-layout-8cf370e7 wp-block-group-is-layout-flex\">\n<p class=\"small-caps\">Representa\u00e7\u00f5es atuais<\/p>\n\n\n\n<div class=\"wp-block-group is-vertical is-layout-flex wp-container-core-group-is-layout-8cf370e7 wp-block-group-is-layout-flex\">\n<p class=\"yuri-cl\"><strong>Departamento de Artes Pl\u00e1sticas:<\/strong><br><a href=\"https:\/\/grad.eba.ufmg.br\/artesvisuais\/index.php\/corpo-docente\/#rachel-cecilia\" target=\"_blank\" rel=\"noreferrer noopener\">Prof.\u00aa Rachel Cec\u00edlia de Oliveira Costa<\/a> (Titular)<br><a href=\"https:\/\/grad.eba.ufmg.br\/artesvisuais\/index.php\/corpo-docente\/#rosvita-kolb\" data-type=\"page\" data-id=\"70\" target=\"_blank\" rel=\"noreferrer noopener\">Prof.\u00aa Rosvita Kolb Bernardes<\/a> (Suplente)<br><a href=\"https:\/\/grad.eba.ufmg.br\/artesvisuais\/index.php\/corpo-docente\/#liliza\" target=\"_blank\" rel=\"noreferrer noopener\">Prof.\u00aa Maria Elisa Mendes Miranda<\/a> (Titular)<br><a href=\"https:\/\/grad.eba.ufmg.br\/artesvisuais\/index.php\/corpo-docente\/#giovanna-martins\" target=\"_blank\" rel=\"noreferrer noopener\">Prof.\u00aa Giovanna Viana Martins<\/a> (Suplente)<\/p>\n\n\n\n<p class=\"yuri-cl\"><strong>Departamento de Desenho:<\/strong><br><a href=\"https:\/\/grad.eba.ufmg.br\/artesvisuais\/index.php\/corpo-docente\/#andrea-vilela\" target=\"_blank\" rel=\"noreferrer noopener\">Prof.\u00aa Andr\u00e9a de Paula Xavier Vilela<\/a> (Titular)<br><a href=\"https:\/\/grad.eba.ufmg.br\/artesvisuais\/index.php\/corpo-docente\/#sandro-ka\" data-type=\"page\" data-id=\"70\" target=\"_blank\" rel=\"noreferrer noopener\">Prof. Sandro Ouriques Cardoso<\/a> (Suplente)<br><a href=\"https:\/\/grad.eba.ufmg.br\/artesvisuais\/index.php\/corpo-docente\/#cleber-barreto\" data-type=\"page\" data-id=\"70\" target=\"_blank\" rel=\"noreferrer noopener\">Prof. Cleber Augusto Barreto Corr\u00eaa<\/a> (Titular)<br><a href=\"https:\/\/grad.eba.ufmg.br\/artesvisuais\/index.php\/corpo-docente\/#marcelo-drummond\" data-type=\"page\" data-id=\"70\" target=\"_blank\" rel=\"noreferrer noopener\">Prof. Marcelo Drummond Lage<\/a> (Suplente)<\/p>\n\n\n\n<p class=\"yuri-cl\"><strong>Departamento de Fotografia:<\/strong><br><a href=\"https:\/\/grad.eba.ufmg.br\/artesvisuais\/index.php\/corpo-docente\/#anna-karina\" target=\"_blank\" rel=\"noreferrer noopener\">Prof.\u00aa Anna Karina Castanheira Bartolomeu<\/a> (Titular)<br><a href=\"https:\/\/grad.eba.ufmg.br\/artesvisuais\/index.php\/corpo-docente\/#luis-moraes\" target=\"_blank\" rel=\"noreferrer noopener\">Prof. Luis Moraes Coelho<\/a> (Suplente)<\/p>\n\n\n\n<p class=\"yuri-cl\"><strong>Faculdade de Educa\u00e7\u00e3o:<\/strong><br>Prof.\u00aa Em\u00edlia Maria Chamone de Freitas (Titular)<br>Prof. Vin\u00edcius da Silva L\u00edrio (Suplente)<\/p>\n\n\n\n<p class=\"has-text-align-left\"><strong>Representantes Discentes:<\/strong><br>Danova Cristhian Silva Neres (Titular)<br>Carina Frungillo Obara (Suplente)<br>Cristina Rovesse Azevedo (Titular)<br>A decidir (Suplente)<\/p>\n<\/div>\n<\/div>\n\n\n\n<div style=\"height:30px\" aria-hidden=\"true\" class=\"wp-block-spacer\"><\/div>\n\n\n\n<div class=\"wp-block-group yuri-cl is-vertical is-layout-flex wp-container-core-group-is-layout-8cf370e7 wp-block-group-is-layout-flex\">\n<p class=\"small-caps\">Atas de reuni\u00e3o<\/p>\n\n\n\n<p><\/p>\n<\/div>\n","protected":false},"excerpt":{"rendered":"<p>Colegiado de Gradua\u00e7\u00e3o \u00c9 o \u00f3rg\u00e3o respons\u00e1vel pela edi\u00e7\u00e3o das normas que disciplinam quest\u00f5es did\u00e1ticas relativas ao curso de gradua\u00e7\u00e3o. \u00c9 dirigido&nbsp;por dois docentes eleitos como Coordenador e Subcoordenador (com mandato vinculado, eleitos pelo pr\u00f3prio \u00f3rg\u00e3o, por maioria absoluta dos votos, para mandato de 2 (dois) anos, permitida a recondu\u00e7\u00e3o), sendo composto tamb\u00e9m por representantes &hellip; <\/p>\n<p class=\"link-more\"><a href=\"https:\/\/grad.eba.ufmg.br\/artesvisuais\/index.php\/colegiado\/\" class=\"more-link\">Continue lendo<span class=\"screen-reader-text\"> &#8220;Colegiado&#8221;<\/span><\/a><\/p>\n","protected":false},"author":1,"featured_media":0,"parent":0,"menu_order":0,"comment_status":"closed","ping_status":"closed","template":"","meta":{"footnotes":""},"class_list":["post-173","page","type-page","status-publish","hentry"],"_links":{"self":[{"href":"https:\/\/grad.eba.ufmg.br\/artesvisuais\/index.php\/wp-json\/wp\/v2\/pages\/173","targetHints":{"allow":["GET"]}}],"collection":[{"href":"https:\/\/grad.eba.ufmg.br\/artesvisuais\/index.php\/wp-json\/wp\/v2\/pages"}],"about":[{"href":"https:\/\/grad.eba.ufmg.br\/artesvisuais\/index.php\/wp-json\/wp\/v2\/types\/page"}],"author":[{"embeddable":true,"href":"https:\/\/grad.eba.ufmg.br\/artesvisuais\/index.php\/wp-json\/wp\/v2\/users\/1"}],"replies":[{"embeddable":true,"href":"https:\/\/grad.eba.ufmg.br\/artesvisuais\/index.php\/wp-json\/wp\/v2\/comments?post=173"}],"version-history":[{"count":90,"href":"https:\/\/grad.eba.ufmg.br\/artesvisuais\/index.php\/wp-json\/wp\/v2\/pages\/173\/revisions"}],"predecessor-version":[{"id":1820,"href":"https:\/\/grad.eba.ufmg.br\/artesvisuais\/index.php\/wp-json\/wp\/v2\/pages\/173\/revisions\/1820"}],"wp:attachment":[{"href":"https:\/\/grad.eba.ufmg.br\/artesvisuais\/index.php\/wp-json\/wp\/v2\/media?parent=173"}],"curies":[{"name":"wp","href":"https:\/\/api.w.org\/{rel}","templated":true}]}}