{"id":16,"date":"2018-03-16T21:37:25","date_gmt":"2018-03-16T21:37:25","guid":{"rendered":"https:\/\/www.eba.ufmg.br\/artesvisuais\/?page_id=16"},"modified":"2024-07-17T15:58:35","modified_gmt":"2024-07-17T18:58:35","slug":"apresentacao","status":"publish","type":"page","link":"https:\/\/grad.eba.ufmg.br\/artesvisuais\/index.php\/apresentacao\/","title":{"rendered":"Apresenta\u00e7\u00e3o do Curso"},"content":{"rendered":"\n<div class=\"wp-block-group is-vertical is-layout-flex wp-container-core-group-is-layout-8cf370e7 wp-block-group-is-layout-flex\">\n<p class=\"small-caps\">Artes Visuais<\/p>\n\n\n\n<p>O curso de Artes Visuais abrange o ensino e a aprendizagem das Artes Visuais, buscando formar profissionais envolvidos no processo de produ\u00e7\u00e3o, pesquisa, cr\u00edtica e ensino das Artes Visuais, desafiadores e pesquisadores da produ\u00e7\u00e3o art\u00edstica, do pensamento cr\u00edtico e do ensino de arte, seja pela atividade de Licenciado em Artes Visuais, ou pela de Bacharel em Artes Visuais, nas habilita\u00e7\u00f5es de Artes Gr\u00e1ficas, Desenho, Escultura, Gravura e Pintura.&nbsp;Associa as express\u00f5es tradicionais da forma\u00e7\u00e3o do artista pl\u00e1stico \u00e0s m\u00eddias contempor\u00e2neas, embasando sua forma\u00e7\u00e3o por aprofundada reflex\u00e3o te\u00f3rica e cr\u00edtica, na medida em que as atividades propostas ao longo do curso contemplam o entrela\u00e7amento te\u00f3rico-pr\u00e1tico em todos os per\u00edodos dessa forma\u00e7\u00e3o.<\/p>\n\n\n\n<p><strong>N\u00famero de vagas por semestre:<\/strong> 40<\/p>\n<\/div>\n\n\n\n<div style=\"height:20px\" aria-hidden=\"true\" class=\"wp-block-spacer\"><\/div>\n\n\n\n<div class=\"wp-block-group is-vertical is-layout-flex wp-container-core-group-is-layout-8cf370e7 wp-block-group-is-layout-flex\">\n<p class=\"small-caps\">Bacharelado em&nbsp; Artes&nbsp; Visuais<\/p>\n\n\n\n<div class=\"wp-block-group is-layout-flex wp-block-group-is-layout-flex\">\n<p class=\"yuri-cl\"><strong>Habilita\u00e7\u00f5es:<\/strong><\/p>\n\n\n\n<p class=\"yuri-cl\"><a href=\"https:\/\/grad.eba.ufmg.br\/artesvisuais\/index.php\/matriz-curricular\/#artes-graficas\" data-type=\"page\" data-id=\"66\" target=\"_blank\" rel=\"noreferrer noopener\">Artes Gr\u00e1ficas<\/a><\/p>\n\n\n\n<p class=\"yuri-cl\"><a href=\"https:\/\/grad.eba.ufmg.br\/artesvisuais\/index.php\/matriz-curricular\/#desenho\" data-type=\"page\" data-id=\"66\" target=\"_blank\" rel=\"noreferrer noopener\">Desenho<\/a><\/p>\n\n\n\n<p class=\"yuri-cl\"><a href=\"https:\/\/grad.eba.ufmg.br\/artesvisuais\/index.php\/matriz-curricular\/#escultura\" data-type=\"page\" data-id=\"66\" target=\"_blank\" rel=\"noreferrer noopener\">Escultura<\/a><\/p>\n\n\n\n<p class=\"yuri-cl\"><a href=\"https:\/\/grad.eba.ufmg.br\/artesvisuais\/index.php\/matriz-curricular\/#gravura\" target=\"_blank\" rel=\"noreferrer noopener\">Gravura<\/a><\/p>\n\n\n\n<p class=\"yuri-cl\"><a href=\"https:\/\/grad.eba.ufmg.br\/artesvisuais\/index.php\/matriz-curricular\/#pintura\" data-type=\"page\" data-id=\"66\" target=\"_blank\" rel=\"noreferrer noopener\">Pintura<\/a><\/p>\n<\/div>\n\n\n\n<p>A proposta pedag\u00f3gica do Bacharelado \u00e9 a de um sistema articulado que compreende uma vis\u00e3o geral das express\u00f5es visuais da arte e o aprofundamento sucessivo da(s) express\u00f5es escolhida(s). Esse aprofundamento contempla a constru\u00e7\u00e3o de fazeres e saberes espec\u00edficos, por meio de materiais, t\u00e9cnicas, suportes e o efetivo questionamento de uma ideia pl\u00e1stico\/visual que, ao se processar, se inventa enquanto se forma. Tal campo \u00e9 ampliado pelo conhecimento e forma\u00e7\u00e3o hist\u00f3ricos, te\u00f3ricos e cr\u00edticos da arte, os quais o aluno acessa em seus processos art\u00edsticos. Na forma\u00e7\u00e3o do aluno, a experimenta\u00e7\u00e3o e produ\u00e7\u00e3o se constroem em di\u00e1logo com outras express\u00f5es correlatas e complementares, pelo est\u00edmulo propiciado pelas disciplinas optativas de seu curso, pelas disciplinas eletivas cursadas por meio da escolha de uma forma\u00e7\u00e3o do tipo livre ou complementar.<\/p>\n\n\n\n<p class=\"yuri-cl\">O curso est\u00e1 programado para ser integralizado em oito semestres (4 anos), sendo dois semestres para o ciclo b\u00e1sico e seis para a habilita\u00e7\u00e3o pretendida. O aluno s\u00f3 poder\u00e1 fazer sua op\u00e7\u00e3o em uma modalidade\/habilita\u00e7\u00e3o ap\u00f3s concluir o ciclo b\u00e1sico. S\u00f3 \u00e9 permitido cursar uma habilita\u00e7\u00e3o por vez. Com a passibilidade de integralizar o curso em no m\u00ednimo 8 semestres e no m\u00e1ximo 14 semestres, o estudante graduado, tendo disponibilidade de tempo, poder\u00e1 solicitar <a href=\"https:\/\/www2.ufmg.br\/drca\/drca\/Home\/Graduacao\/Continuidade-de-Estudos\" target=\"_blank\" rel=\"noreferrer noopener\">continuidade de estudos<\/a>, para concluir outra habilita\u00e7\u00e3o ou modalidade.<\/p>\n\n\n\n<p><strong>Modalidade:<\/strong> presencial<br><strong>Turno:<\/strong> diurno<br><strong>Dura\u00e7\u00e3o:<\/strong> m\u00ednimo de 8 semestres, m\u00e1ximo de 14 semestres<\/p>\n<\/div>\n\n\n\n<div style=\"height:20px\" aria-hidden=\"true\" class=\"wp-block-spacer\"><\/div>\n\n\n\n<div class=\"wp-block-group is-vertical is-layout-flex wp-container-core-group-is-layout-8cf370e7 wp-block-group-is-layout-flex\">\n<p class=\"small-caps\">Licenciatura em Artes Visuais<\/p>\n\n\n\n<p>Curso diurno com dura\u00e7\u00e3o prevista de 8 semestres, sendo os primeiros os b\u00e1sicos, comuns tanto ao Bacharelado quanto \u00e0 Licenciatura. Nos 4 semestres finais, o aluno faz disciplinas na EBA e na Faculdade de Educa\u00e7\u00e3o, complementando sua forma\u00e7\u00e3o pedag\u00f3gica.<\/p>\n\n\n\n<p><strong>Modalidade:<\/strong> presencial<br><strong>Turno:<\/strong> diurno<br><strong>Dura\u00e7\u00e3o:<\/strong> m\u00ednimo de 8 semestres, m\u00e1ximo de 14 semestres<\/p>\n<\/div>\n\n\n\n<div style=\"height:20px\" aria-hidden=\"true\" class=\"wp-block-spacer\"><\/div>\n\n\n\n<div class=\"wp-block-group is-vertical is-layout-flex wp-container-core-group-is-layout-8cf370e7 wp-block-group-is-layout-flex\">\n<p class=\"small-caps\">Perfil do egresso<\/p>\n\n\n\n<p>O profissional formado pelo curso de Artes Visuais da UFMG \u00e9 apto a desenvolver atividade art\u00edstica compat\u00edvel com a \u00e1rea\/habilita\u00e7\u00e3o de sua forma\u00e7\u00e3o, sendo igualmente capaz de investir numa forma\u00e7\u00e3o continuada de modo assistem\u00e1tico, como pesquisador em Institui\u00e7\u00f5es de Ensino Superior, ou de forma livre. O bacharel em Artes Visuais formado na EBA\/UFMG pode atuar como artista pl\u00e1stico junto ao mercado de arte ou na ind\u00fastria cultural; em espa\u00e7os art\u00edstico-culturais; em empresas dos meios de comunica\u00e7\u00e3o visual; em funda\u00e7\u00f5es culturais e museus; em galerias de arte. De forma aut\u00f4noma, pode atuar em empresa pr\u00f3pria ou prestando consultoria como ilustrador, desenhista, arte finalista, designer gr\u00e1fico, fot\u00f3grafo, diretor de arte, cen\u00f3grafo, gestor cultural, cr\u00edtico de arte, curador etc. Al\u00e9m disso, como Arte\/Educador pode atuar em espa\u00e7os de educa\u00e7\u00e3o n\u00e3o-formal, como escolas de arte, museus, ateli\u00eas, academias e galerias de arte; em empresas que demandem sua forma\u00e7\u00e3o espec\u00edfica e em institui\u00e7\u00f5es que desenvolvem pesquisas educacionais.<\/p>\n\n\n\n<p>Ao se ensinar e aprender arte, \u00e9 preciso que se assegure continuidade e ruptura, garantindo uma pr\u00e1tica art\u00edstica\/pedag\u00f3gica consistente, respons\u00e1vel e respeit\u00e1vel. O egresso do curso deve ser pessoa inserida no contexto art\u00edstico como forma de viver e ter como componente importante em sua vida cotidiana a experi\u00eancia est\u00e9tica. Em arte, lida-se n\u00e3o somente com conhecimento espec\u00edfico, com sensibilidade e com emo\u00e7\u00e3o, com identidade e com subjetividade, mas tamb\u00e9m, e certamente, com o pensamento. O conhecimento da produ\u00e7\u00e3o humana do tempo passado deve estar comprometido com a produ\u00e7\u00e3o de obras e\/ou de um ensino contempor\u00e2neo, que leve em conta as manifesta\u00e7\u00f5es da arte no \u00e2mbito de nosso tempo e espa\u00e7o, ou seja, do cotidiano social\/cultural\/individual de quem produz, ensina\/aprende.<\/p>\n<\/div>\n","protected":false},"excerpt":{"rendered":"<p>Artes Visuais O curso de Artes Visuais abrange o ensino e a aprendizagem das Artes Visuais, buscando formar profissionais envolvidos no processo de produ\u00e7\u00e3o, pesquisa, cr\u00edtica e ensino das Artes Visuais, desafiadores e pesquisadores da produ\u00e7\u00e3o art\u00edstica, do pensamento cr\u00edtico e do ensino de arte, seja pela atividade de Licenciado em Artes Visuais, ou pela &hellip; <\/p>\n<p class=\"link-more\"><a href=\"https:\/\/grad.eba.ufmg.br\/artesvisuais\/index.php\/apresentacao\/\" class=\"more-link\">Continue lendo<span class=\"screen-reader-text\"> &#8220;Apresenta\u00e7\u00e3o do Curso&#8221;<\/span><\/a><\/p>\n","protected":false},"author":1,"featured_media":0,"parent":0,"menu_order":0,"comment_status":"closed","ping_status":"closed","template":"","meta":{"footnotes":""},"class_list":["post-16","page","type-page","status-publish","hentry"],"_links":{"self":[{"href":"https:\/\/grad.eba.ufmg.br\/artesvisuais\/index.php\/wp-json\/wp\/v2\/pages\/16","targetHints":{"allow":["GET"]}}],"collection":[{"href":"https:\/\/grad.eba.ufmg.br\/artesvisuais\/index.php\/wp-json\/wp\/v2\/pages"}],"about":[{"href":"https:\/\/grad.eba.ufmg.br\/artesvisuais\/index.php\/wp-json\/wp\/v2\/types\/page"}],"author":[{"embeddable":true,"href":"https:\/\/grad.eba.ufmg.br\/artesvisuais\/index.php\/wp-json\/wp\/v2\/users\/1"}],"replies":[{"embeddable":true,"href":"https:\/\/grad.eba.ufmg.br\/artesvisuais\/index.php\/wp-json\/wp\/v2\/comments?post=16"}],"version-history":[{"count":27,"href":"https:\/\/grad.eba.ufmg.br\/artesvisuais\/index.php\/wp-json\/wp\/v2\/pages\/16\/revisions"}],"predecessor-version":[{"id":1612,"href":"https:\/\/grad.eba.ufmg.br\/artesvisuais\/index.php\/wp-json\/wp\/v2\/pages\/16\/revisions\/1612"}],"wp:attachment":[{"href":"https:\/\/grad.eba.ufmg.br\/artesvisuais\/index.php\/wp-json\/wp\/v2\/media?parent=16"}],"curies":[{"name":"wp","href":"https:\/\/api.w.org\/{rel}","templated":true}]}}